{"id":16437,"date":"2024-01-19T15:04:37","date_gmt":"2024-01-19T14:04:37","guid":{"rendered":"https:\/\/carole-pascal.fr\/WORDPRESS\/?page_id=16437"},"modified":"2025-05-03T15:39:16","modified_gmt":"2025-05-03T13:39:16","slug":"malte-novembre-1990","status":"publish","type":"page","link":"https:\/\/carole-pascal.fr\/WORDPRESS\/malte-novembre-1990\/","title":{"rendered":"Malte &#8211; Novembre 1990"},"content":{"rendered":"\t\t<div data-elementor-type=\"wp-page\" data-elementor-id=\"16437\" class=\"elementor elementor-16437\">\n\t\t\t\t<div class=\"elementor-element elementor-element-5e1f0797 e-flex e-con-boxed e-con e-parent\" data-id=\"5e1f0797\" data-element_type=\"container\" data-e-type=\"container\">\n\t\t\t\t\t<div class=\"e-con-inner\">\n\t\t<div class=\"elementor-element elementor-element-35e763d8 e-con-full e-flex e-con e-child\" data-id=\"35e763d8\" data-element_type=\"container\" data-e-type=\"container\">\n\t\t\t\t<div class=\"elementor-element elementor-element-59b3d10c elementor-widget elementor-widget-image\" data-id=\"59b3d10c\" data-element_type=\"widget\" data-e-type=\"widget\" data-widget_type=\"image.default\">\n\t\t\t\t<div class=\"elementor-widget-container\">\n\t\t\t\t\t\t\t\t\t\t\t\t\t\t\t<img  title=\"Malte\" alt=\"Malte\" loading=\"lazy\" \/ class=\"lws-optimize-lazyload\" data-src=\"https:\/\/carole-pascal.fr\/WORDPRESS\/wp-content\/uploads\/elementor\/thumbs\/Malte-qije4ibqws8sql8jw9min3yi7p0a619s6hy1wbuozo.gif\">\t\t\t\t\t\t\t\t\t\t\t\t\t\t\t<\/div>\n\t\t\t\t<\/div>\n\t\t\t\t<\/div>\n\t\t<div class=\"elementor-element elementor-element-25fe05e8 e-con-full e-flex e-con e-child\" data-id=\"25fe05e8\" data-element_type=\"container\" data-e-type=\"container\">\n\t\t\t\t<div class=\"elementor-element elementor-element-34bd6c89 elementor-align-center elementor-widget elementor-widget-button\" data-id=\"34bd6c89\" data-element_type=\"widget\" data-e-type=\"widget\" data-widget_type=\"button.default\">\n\t\t\t\t<div class=\"elementor-widget-container\">\n\t\t\t\t\t\t\t\t\t<div class=\"elementor-button-wrapper\">\n\t\t\t\t\t<a class=\"elementor-button elementor-button-link elementor-size-sm\" href=\"https:\/\/carole-pascal.fr\/WORDPRESS\/malte-novembre-1990-photos\/\">\n\t\t\t\t\t\t<span class=\"elementor-button-content-wrapper\">\n\t\t\t\t\t\t\t\t\t<span class=\"elementor-button-text\">Photos<\/span>\n\t\t\t\t\t<\/span>\n\t\t\t\t\t<\/a>\n\t\t\t\t<\/div>\n\t\t\t\t\t\t\t\t<\/div>\n\t\t\t\t<\/div>\n\t\t\t\t<\/div>\n\t\t\t\t\t<\/div>\n\t\t\t\t<\/div>\n\t\t<div class=\"elementor-element elementor-element-2639c5b0 e-flex e-con-boxed e-con e-parent\" data-id=\"2639c5b0\" data-element_type=\"container\" data-e-type=\"container\">\n\t\t\t\t\t<div class=\"e-con-inner\">\n\t\t<div class=\"elementor-element elementor-element-7a5343ff e-con-full e-flex e-con e-child\" data-id=\"7a5343ff\" data-element_type=\"container\" data-e-type=\"container\">\n\t\t\t\t<div class=\"elementor-element elementor-element-6f0e3a63 elementor-widget-divider--separator-type-pattern elementor-widget-divider--no-spacing elementor-widget-divider--view-line elementor-widget elementor-widget-divider\" data-id=\"6f0e3a63\" data-element_type=\"widget\" data-e-type=\"widget\" data-widget_type=\"divider.default\">\n\t\t\t\t<div class=\"elementor-widget-container\">\n\t\t\t\t\t\t\t<div class=\"elementor-divider\" style=\"--divider-pattern-url: url(&quot;data:image\/svg+xml,%3Csvg xmlns=&#039;http:\/\/www.w3.org\/2000\/svg&#039; preserveAspectRatio=&#039;xMidYMid meet&#039; overflow=&#039;visible&#039; height=&#039;100%&#039; viewBox=&#039;0 0 121 26&#039; fill=&#039;black&#039; stroke=&#039;none&#039;%3E%3Cpath d=&#039;M29.6,10.3l2.1,2.2l-3.6,3.3h7v2.9h-7l3.6,3.5l-2.1,1.7l-5.2-5.2h-5.8v-2.9h5.8L29.6,10.3z M70.9,9.6l2.1,1.7l-3.6,3.5h7v2.9h-7l3.6,3.3l-2.1,2.2l-5.2-5.5h-5.8v-2.9h5.8L70.9,9.6z M111.5,9.6l2.1,1.7l-3.6,3.5h7v2.9h-7l3.6,3.3l-2.1,2.2l-5.2-5.5h-5.8v-2.9h5.8L111.5,9.6z M50.2,2.7l2.1,1.7l-3.6,3.5h7v2.9h-7l3.6,3.3l-2.1,2.2L45,10.7h-5.8V7.9H45L50.2,2.7z M11,2l2.1,1.7L9.6,7.2h7V10h-7l3.6,3.3L11,15.5L5.8,10H0V7.2h5.8L11,2z M91.5,2l2.1,2.2l-3.6,3.3h7v2.9h-7l3.6,3.5l-2.1,1.7l-5.2-5.2h-5.8V7.5h5.8L91.5,2z&#039;\/%3E%3C\/svg%3E&quot;);\">\n\t\t\t<span class=\"elementor-divider-separator\">\n\t\t\t\t\t\t<\/span>\n\t\t<\/div>\n\t\t\t\t\t\t<\/div>\n\t\t\t\t<\/div>\n\t\t\t\t<\/div>\n\t\t<div class=\"elementor-element elementor-element-43617e56 e-con-full e-flex e-con e-child\" data-id=\"43617e56\" data-element_type=\"container\" data-e-type=\"container\">\n\t\t\t\t<div class=\"elementor-element elementor-element-1aa8c9c9 elementor-widget elementor-widget-text-editor\" data-id=\"1aa8c9c9\" data-element_type=\"widget\" data-e-type=\"widget\" data-widget_type=\"text-editor.default\">\n\t\t\t\t<div class=\"elementor-widget-container\">\n\t\t\t\t\t\t\t\t\t<p>01 novembre 1990 : D\u00e9part en avion de l&rsquo;a\u00e9roport d&rsquo;Orly. Arriv\u00e9e \u00e0 Malte \u00e0 23h15. Transfert \u00e0 notre h\u00f4tel, le Jerma Palace \u00e0 Marsascala (Brochure sur Malte <a href=\"https:\/\/carole-pascal.fr\/WORDPRESS\/wp-content\/uploads\/2024\/01\/Malte.pdf\" target=\"_blank\" rel=\"noopener\">1<\/a> &#8211; <a href=\"https:\/\/carole-pascal.fr\/WORDPRESS\/wp-content\/uploads\/2024\/01\/Malte2.pdf\" target=\"_blank\" rel=\"noopener\">2<\/a>)<br \/>02 novembre 1990 : Visite de la ville de La Valette (cath\u00e9drale, vieille ville). Tour en bateau dans le port. Retour \u00e0 l&rsquo;hotel en bus local.<br \/>03 novembre 1990: Visite des villes de Mdina et Rabat. Visite d&rsquo;un atelier de souffleur<br \/>04 novembre 1990 : Visite du petit port de Marsaxlokk. Visite de Sliema<\/p>\t\t\t\t\t\t\t\t<\/div>\n\t\t\t\t<\/div>\n\t\t\t\t<\/div>\n\t\t<div class=\"elementor-element elementor-element-198dd897 e-con-full e-flex e-con e-child\" data-id=\"198dd897\" data-element_type=\"container\" data-e-type=\"container\">\n\t\t\t\t<div class=\"elementor-element elementor-element-2e48e5ee elementor-widget elementor-widget-image\" data-id=\"2e48e5ee\" data-element_type=\"widget\" data-e-type=\"widget\" data-widget_type=\"image.default\">\n\t\t\t\t<div class=\"elementor-widget-container\">\n\t\t\t\t\t\t\t\t\t\t\t\t\t\t\t<img fetchpriority=\"high\" width=\"196\" height=\"300\"  class=\"attachment-medium size-medium wp-image-16395 lws-optimize-lazyload\" alt=\"\" srcset=\"https:\/\/carole-pascal.fr\/WORDPRESS\/wp-content\/uploads\/2024\/01\/Vol2-196x300.jpg 196w, https:\/\/carole-pascal.fr\/WORDPRESS\/wp-content\/uploads\/2024\/01\/Vol2-670x1024.jpg 670w, https:\/\/carole-pascal.fr\/WORDPRESS\/wp-content\/uploads\/2024\/01\/Vol2.jpg 696w\" sizes=\"(max-width: 196px) 100vw, 196px\" \/ data-src=\"https:\/\/carole-pascal.fr\/WORDPRESS\/wp-content\/uploads\/2024\/01\/Vol2-196x300.jpg\">\t\t\t\t\t\t\t\t\t\t\t\t\t\t\t<\/div>\n\t\t\t\t<\/div>\n\t\t\t\t<\/div>\n\t\t<div class=\"elementor-element elementor-element-3d0c8966 e-con-full e-flex e-con e-child\" data-id=\"3d0c8966\" data-element_type=\"container\" data-e-type=\"container\">\n\t\t\t\t<div class=\"elementor-element elementor-element-263d1764 elementor-widget-divider--separator-type-pattern elementor-widget-divider--no-spacing elementor-widget-divider--view-line elementor-widget elementor-widget-divider\" data-id=\"263d1764\" data-element_type=\"widget\" data-e-type=\"widget\" data-widget_type=\"divider.default\">\n\t\t\t\t<div class=\"elementor-widget-container\">\n\t\t\t\t\t\t\t<div class=\"elementor-divider\" style=\"--divider-pattern-url: url(&quot;data:image\/svg+xml,%3Csvg xmlns=&#039;http:\/\/www.w3.org\/2000\/svg&#039; preserveAspectRatio=&#039;xMidYMid meet&#039; overflow=&#039;visible&#039; height=&#039;100%&#039; viewBox=&#039;0 0 121 26&#039; fill=&#039;black&#039; stroke=&#039;none&#039;%3E%3Cpath d=&#039;M29.6,10.3l2.1,2.2l-3.6,3.3h7v2.9h-7l3.6,3.5l-2.1,1.7l-5.2-5.2h-5.8v-2.9h5.8L29.6,10.3z M70.9,9.6l2.1,1.7l-3.6,3.5h7v2.9h-7l3.6,3.3l-2.1,2.2l-5.2-5.5h-5.8v-2.9h5.8L70.9,9.6z M111.5,9.6l2.1,1.7l-3.6,3.5h7v2.9h-7l3.6,3.3l-2.1,2.2l-5.2-5.5h-5.8v-2.9h5.8L111.5,9.6z M50.2,2.7l2.1,1.7l-3.6,3.5h7v2.9h-7l3.6,3.3l-2.1,2.2L45,10.7h-5.8V7.9H45L50.2,2.7z M11,2l2.1,1.7L9.6,7.2h7V10h-7l3.6,3.3L11,15.5L5.8,10H0V7.2h5.8L11,2z M91.5,2l2.1,2.2l-3.6,3.3h7v2.9h-7l3.6,3.5l-2.1,1.7l-5.2-5.2h-5.8V7.5h5.8L91.5,2z&#039;\/%3E%3C\/svg%3E&quot;);\">\n\t\t\t<span class=\"elementor-divider-separator\">\n\t\t\t\t\t\t<\/span>\n\t\t<\/div>\n\t\t\t\t\t\t<\/div>\n\t\t\t\t<\/div>\n\t\t\t\t<\/div>\n\t\t<div class=\"elementor-element elementor-element-2bc810f e-con-full e-flex e-con e-child\" data-id=\"2bc810f\" data-element_type=\"container\" data-e-type=\"container\">\n\t\t\t\t<div class=\"elementor-element elementor-element-13c3c6b elementor-widget elementor-widget-image\" data-id=\"13c3c6b\" data-element_type=\"widget\" data-e-type=\"widget\" data-widget_type=\"image.default\">\n\t\t\t\t<div class=\"elementor-widget-container\">\n\t\t\t\t\t\t\t\t\t\t\t\t\t\t\t<img width=\"740\" height=\"671\"  class=\"attachment-large size-large wp-image-16390 lws-optimize-lazyload\" alt=\"\" srcset=\"https:\/\/carole-pascal.fr\/WORDPRESS\/wp-content\/uploads\/2024\/01\/Carte-6.jpg 740w, https:\/\/carole-pascal.fr\/WORDPRESS\/wp-content\/uploads\/2024\/01\/Carte-6-300x272.jpg 300w\" sizes=\"(max-width: 740px) 100vw, 740px\" \/ data-src=\"https:\/\/carole-pascal.fr\/WORDPRESS\/wp-content\/uploads\/2024\/01\/Carte-6.jpg\">\t\t\t\t\t\t\t\t\t\t\t\t\t\t\t<\/div>\n\t\t\t\t<\/div>\n\t\t\t\t<\/div>\n\t\t<div class=\"elementor-element elementor-element-aa613e5 e-con-full e-flex e-con e-child\" data-id=\"aa613e5\" data-element_type=\"container\" data-e-type=\"container\">\n\t\t\t\t<div class=\"elementor-element elementor-element-80e100c elementor-widget-divider--separator-type-pattern elementor-widget-divider--no-spacing elementor-widget-divider--view-line elementor-widget elementor-widget-divider\" data-id=\"80e100c\" data-element_type=\"widget\" data-e-type=\"widget\" data-widget_type=\"divider.default\">\n\t\t\t\t<div class=\"elementor-widget-container\">\n\t\t\t\t\t\t\t<div class=\"elementor-divider\" style=\"--divider-pattern-url: url(&quot;data:image\/svg+xml,%3Csvg xmlns=&#039;http:\/\/www.w3.org\/2000\/svg&#039; preserveAspectRatio=&#039;xMidYMid meet&#039; overflow=&#039;visible&#039; height=&#039;100%&#039; viewBox=&#039;0 0 121 26&#039; fill=&#039;black&#039; stroke=&#039;none&#039;%3E%3Cpath d=&#039;M29.6,10.3l2.1,2.2l-3.6,3.3h7v2.9h-7l3.6,3.5l-2.1,1.7l-5.2-5.2h-5.8v-2.9h5.8L29.6,10.3z M70.9,9.6l2.1,1.7l-3.6,3.5h7v2.9h-7l3.6,3.3l-2.1,2.2l-5.2-5.5h-5.8v-2.9h5.8L70.9,9.6z M111.5,9.6l2.1,1.7l-3.6,3.5h7v2.9h-7l3.6,3.3l-2.1,2.2l-5.2-5.5h-5.8v-2.9h5.8L111.5,9.6z M50.2,2.7l2.1,1.7l-3.6,3.5h7v2.9h-7l3.6,3.3l-2.1,2.2L45,10.7h-5.8V7.9H45L50.2,2.7z M11,2l2.1,1.7L9.6,7.2h7V10h-7l3.6,3.3L11,15.5L5.8,10H0V7.2h5.8L11,2z M91.5,2l2.1,2.2l-3.6,3.3h7v2.9h-7l3.6,3.5l-2.1,1.7l-5.2-5.2h-5.8V7.5h5.8L91.5,2z&#039;\/%3E%3C\/svg%3E&quot;);\">\n\t\t\t<span class=\"elementor-divider-separator\">\n\t\t\t\t\t\t<\/span>\n\t\t<\/div>\n\t\t\t\t\t\t<\/div>\n\t\t\t\t<\/div>\n\t\t\t\t<\/div>\n\t\t\t\t\t<\/div>\n\t\t\t\t<\/div>\n\t\t\t\t<\/div>\n\t\t","protected":false},"excerpt":{"rendered":"<p>Photos 01 novembre 1990 : D\u00e9part en avion de l&rsquo;a\u00e9roport d&rsquo;Orly. Arriv\u00e9e \u00e0 Malte \u00e0 23h15. Transfert \u00e0 notre h\u00f4tel, le Jerma Palace \u00e0 Marsascala (Brochure sur Malte 1 &#8211; 2)02 novembre 1990 : Visite de la ville de La Valette (cath\u00e9drale, vieille ville). Tour en bateau dans le port. Retour \u00e0 l&rsquo;hotel en bus [&hellip;]<\/p>\n","protected":false},"author":1,"featured_media":0,"parent":0,"menu_order":0,"comment_status":"closed","ping_status":"closed","template":"","meta":{"ocean_post_layout":"","ocean_both_sidebars_style":"","ocean_both_sidebars_content_width":0,"ocean_both_sidebars_sidebars_width":0,"ocean_sidebar":"","ocean_second_sidebar":"","ocean_disable_margins":"enable","ocean_add_body_class":"","ocean_shortcode_before_top_bar":"","ocean_shortcode_after_top_bar":"","ocean_shortcode_before_header":"","ocean_shortcode_after_header":"","ocean_has_shortcode":"","ocean_shortcode_after_title":"","ocean_shortcode_before_footer_widgets":"","ocean_shortcode_after_footer_widgets":"","ocean_shortcode_before_footer_bottom":"","ocean_shortcode_after_footer_bottom":"","ocean_display_top_bar":"default","ocean_display_header":"default","ocean_header_style":"","ocean_center_header_left_menu":"","ocean_custom_header_template":"","ocean_custom_logo":0,"ocean_custom_retina_logo":0,"ocean_custom_logo_max_width":0,"ocean_custom_logo_tablet_max_width":0,"ocean_custom_logo_mobile_max_width":0,"ocean_custom_logo_max_height":0,"ocean_custom_logo_tablet_max_height":0,"ocean_custom_logo_mobile_max_height":0,"ocean_header_custom_menu":"","ocean_menu_typo_font_family":"","ocean_menu_typo_font_subset":"","ocean_menu_typo_font_size":0,"ocean_menu_typo_font_size_tablet":0,"ocean_menu_typo_font_size_mobile":0,"ocean_menu_typo_font_size_unit":"px","ocean_menu_typo_font_weight":"","ocean_menu_typo_font_weight_tablet":"","ocean_menu_typo_font_weight_mobile":"","ocean_menu_typo_transform":"","ocean_menu_typo_transform_tablet":"","ocean_menu_typo_transform_mobile":"","ocean_menu_typo_line_height":0,"ocean_menu_typo_line_height_tablet":0,"ocean_menu_typo_line_height_mobile":0,"ocean_menu_typo_line_height_unit":"","ocean_menu_typo_spacing":0,"ocean_menu_typo_spacing_tablet":0,"ocean_menu_typo_spacing_mobile":0,"ocean_menu_typo_spacing_unit":"","ocean_menu_link_color":"","ocean_menu_link_color_hover":"","ocean_menu_link_color_active":"","ocean_menu_link_background":"","ocean_menu_link_hover_background":"","ocean_menu_link_active_background":"","ocean_menu_social_links_bg":"","ocean_menu_social_hover_links_bg":"","ocean_menu_social_links_color":"","ocean_menu_social_hover_links_color":"","ocean_disable_title":"default","ocean_disable_heading":"default","ocean_post_title":"","ocean_post_subheading":"","ocean_post_title_style":"","ocean_post_title_background_color":"","ocean_post_title_background":0,"ocean_post_title_bg_image_position":"","ocean_post_title_bg_image_attachment":"","ocean_post_title_bg_image_repeat":"","ocean_post_title_bg_image_size":"","ocean_post_title_height":0,"ocean_post_title_bg_overlay":0.5,"ocean_post_title_bg_overlay_color":"","ocean_disable_breadcrumbs":"default","ocean_breadcrumbs_color":"","ocean_breadcrumbs_separator_color":"","ocean_breadcrumbs_links_color":"","ocean_breadcrumbs_links_hover_color":"","ocean_display_footer_widgets":"default","ocean_display_footer_bottom":"default","ocean_custom_footer_template":"","footnotes":""},"class_list":["post-16437","page","type-page","status-publish","hentry","entry"],"_links":{"self":[{"href":"https:\/\/carole-pascal.fr\/WORDPRESS\/wp-json\/wp\/v2\/pages\/16437","targetHints":{"allow":["GET"]}}],"collection":[{"href":"https:\/\/carole-pascal.fr\/WORDPRESS\/wp-json\/wp\/v2\/pages"}],"about":[{"href":"https:\/\/carole-pascal.fr\/WORDPRESS\/wp-json\/wp\/v2\/types\/page"}],"author":[{"embeddable":true,"href":"https:\/\/carole-pascal.fr\/WORDPRESS\/wp-json\/wp\/v2\/users\/1"}],"replies":[{"embeddable":true,"href":"https:\/\/carole-pascal.fr\/WORDPRESS\/wp-json\/wp\/v2\/comments?post=16437"}],"version-history":[{"count":0,"href":"https:\/\/carole-pascal.fr\/WORDPRESS\/wp-json\/wp\/v2\/pages\/16437\/revisions"}],"wp:attachment":[{"href":"https:\/\/carole-pascal.fr\/WORDPRESS\/wp-json\/wp\/v2\/media?parent=16437"}],"curies":[{"name":"wp","href":"https:\/\/api.w.org\/{rel}","templated":true}]}}