{"id":16754,"date":"2024-01-20T14:01:13","date_gmt":"2024-01-20T13:01:13","guid":{"rendered":"https:\/\/carole-pascal.fr\/WORDPRESS\/?page_id=16754"},"modified":"2025-02-04T15:44:28","modified_gmt":"2025-02-04T14:44:28","slug":"baviere-allemagne-tyrol-autriche-novembre-1989-carole-seule","status":"publish","type":"page","link":"https:\/\/carole-pascal.fr\/WORDPRESS\/baviere-allemagne-tyrol-autriche-novembre-1989-carole-seule\/","title":{"rendered":"Bavi\u00e8re (Allemagne) &#8211; Tyrol (Autriche) &#8211; Novembre 1989 (Carole seule)"},"content":{"rendered":"\t\t<div data-elementor-type=\"wp-page\" data-elementor-id=\"16754\" class=\"elementor elementor-16754\">\n\t\t\t\t<div class=\"elementor-element elementor-element-3bdb32a4 e-flex e-con-boxed e-con e-parent\" data-id=\"3bdb32a4\" data-element_type=\"container\" data-e-type=\"container\">\n\t\t\t\t\t<div class=\"e-con-inner\">\n\t\t<div class=\"elementor-element elementor-element-732b23f4 e-con-full e-flex e-con e-child\" data-id=\"732b23f4\" data-element_type=\"container\" data-e-type=\"container\">\n\t\t\t\t<div class=\"elementor-element elementor-element-543a9283 elementor-widget elementor-widget-image\" data-id=\"543a9283\" data-element_type=\"widget\" data-e-type=\"widget\" data-widget_type=\"image.default\">\n\t\t\t\t<div class=\"elementor-widget-container\">\n\t\t\t\t\t\t\t\t\t\t\t\t\t\t\t<img  title=\"Germany\" alt=\"Germany\" loading=\"lazy\" \/ class=\"lws-optimize-lazyload\" data-src=\"https:\/\/carole-pascal.fr\/WORDPRESS\/wp-content\/uploads\/elementor\/thumbs\/Germany-qil817fggiadfcrg0dmz4v903ca94xpre9cpm3twjo.gif\">\t\t\t\t\t\t\t\t\t\t\t\t\t\t\t<\/div>\n\t\t\t\t<\/div>\n\t\t\t\t<\/div>\n\t\t<div class=\"elementor-element elementor-element-77e3534 e-con-full e-flex e-con e-child\" data-id=\"77e3534\" data-element_type=\"container\" data-e-type=\"container\">\n\t\t\t\t<div class=\"elementor-element elementor-element-4d817c22 elementor-align-center elementor-widget elementor-widget-button\" data-id=\"4d817c22\" data-element_type=\"widget\" data-e-type=\"widget\" data-widget_type=\"button.default\">\n\t\t\t\t<div class=\"elementor-widget-container\">\n\t\t\t\t\t\t\t\t\t<div class=\"elementor-button-wrapper\">\n\t\t\t\t\t<a class=\"elementor-button elementor-button-link elementor-size-sm\" href=\"https:\/\/carole-pascal.fr\/WORDPRESS\/baviere-allemagne-tyrol-autriche-novembre-1989-carole-seule-photos\/\">\n\t\t\t\t\t\t<span class=\"elementor-button-content-wrapper\">\n\t\t\t\t\t\t\t\t\t<span class=\"elementor-button-text\">Photos<\/span>\n\t\t\t\t\t<\/span>\n\t\t\t\t\t<\/a>\n\t\t\t\t<\/div>\n\t\t\t\t\t\t\t\t<\/div>\n\t\t\t\t<\/div>\n\t\t\t\t<\/div>\n\t\t<div class=\"elementor-element elementor-element-74385ab0 e-con-full e-flex e-con e-child\" data-id=\"74385ab0\" data-element_type=\"container\" data-e-type=\"container\">\n\t\t\t\t<div class=\"elementor-element elementor-element-1af89dc7 elementor-widget elementor-widget-image\" data-id=\"1af89dc7\" data-element_type=\"widget\" data-e-type=\"widget\" data-widget_type=\"image.default\">\n\t\t\t\t<div class=\"elementor-widget-container\">\n\t\t\t\t\t\t\t\t\t\t\t\t\t\t\t<img  title=\"Austria\" alt=\"Austria\" loading=\"lazy\" \/ class=\"lws-optimize-lazyload\" data-src=\"https:\/\/carole-pascal.fr\/WORDPRESS\/wp-content\/uploads\/elementor\/thumbs\/Austria-qil817fggiadfcrg0dmz4v903ca94xpre9cpm3twjo.gif\">\t\t\t\t\t\t\t\t\t\t\t\t\t\t\t<\/div>\n\t\t\t\t<\/div>\n\t\t\t\t<\/div>\n\t\t\t\t\t<\/div>\n\t\t\t\t<\/div>\n\t\t<div class=\"elementor-element elementor-element-6d4c768f e-flex e-con-boxed e-con e-parent\" data-id=\"6d4c768f\" data-element_type=\"container\" data-e-type=\"container\">\n\t\t\t\t\t<div class=\"e-con-inner\">\n\t\t<div class=\"elementor-element elementor-element-28d07ee8 e-con-full e-flex e-con e-child\" data-id=\"28d07ee8\" data-element_type=\"container\" data-e-type=\"container\">\n\t\t\t\t<div class=\"elementor-element elementor-element-de76fe3 elementor-widget-divider--separator-type-pattern elementor-widget-divider--no-spacing elementor-widget-divider--view-line elementor-widget elementor-widget-divider\" data-id=\"de76fe3\" data-element_type=\"widget\" data-e-type=\"widget\" data-widget_type=\"divider.default\">\n\t\t\t\t<div class=\"elementor-widget-container\">\n\t\t\t\t\t\t\t<div class=\"elementor-divider\" style=\"--divider-pattern-url: url(&quot;data:image\/svg+xml,%3Csvg xmlns=&#039;http:\/\/www.w3.org\/2000\/svg&#039; preserveAspectRatio=&#039;xMidYMid meet&#039; overflow=&#039;visible&#039; height=&#039;100%&#039; viewBox=&#039;0 0 121 26&#039; fill=&#039;black&#039; stroke=&#039;none&#039;%3E%3Cpath d=&#039;M29.6,10.3l2.1,2.2l-3.6,3.3h7v2.9h-7l3.6,3.5l-2.1,1.7l-5.2-5.2h-5.8v-2.9h5.8L29.6,10.3z M70.9,9.6l2.1,1.7l-3.6,3.5h7v2.9h-7l3.6,3.3l-2.1,2.2l-5.2-5.5h-5.8v-2.9h5.8L70.9,9.6z M111.5,9.6l2.1,1.7l-3.6,3.5h7v2.9h-7l3.6,3.3l-2.1,2.2l-5.2-5.5h-5.8v-2.9h5.8L111.5,9.6z M50.2,2.7l2.1,1.7l-3.6,3.5h7v2.9h-7l3.6,3.3l-2.1,2.2L45,10.7h-5.8V7.9H45L50.2,2.7z M11,2l2.1,1.7L9.6,7.2h7V10h-7l3.6,3.3L11,15.5L5.8,10H0V7.2h5.8L11,2z M91.5,2l2.1,2.2l-3.6,3.3h7v2.9h-7l3.6,3.5l-2.1,1.7l-5.2-5.2h-5.8V7.5h5.8L91.5,2z&#039;\/%3E%3C\/svg%3E&quot;);\">\n\t\t\t<span class=\"elementor-divider-separator\">\n\t\t\t\t\t\t<\/span>\n\t\t<\/div>\n\t\t\t\t\t\t<\/div>\n\t\t\t\t<\/div>\n\t\t\t\t<\/div>\n\t\t<div class=\"elementor-element elementor-element-3d5eb030 e-con-full e-flex e-con e-child\" data-id=\"3d5eb030\" data-element_type=\"container\" data-e-type=\"container\">\n\t\t\t\t<div class=\"elementor-element elementor-element-7a236442 elementor-widget elementor-widget-text-editor\" data-id=\"7a236442\" data-element_type=\"widget\" data-e-type=\"widget\" data-widget_type=\"text-editor.default\">\n\t\t\t\t<div class=\"elementor-widget-container\">\n\t\t\t\t\t\t\t\t\t<p><span style=\"color: #ffcc99; font-family: Verdana, Arial, Helvetica, sans-serif;\"><span style=\"text-decoration: underline;\"><strong>Allemagne<\/strong><\/span>:<br \/>&#8211; <strong>Munich<\/strong> (<a href=\"https:\/\/carole-pascal.fr\/WORDPRESS\/wp-content\/uploads\/2025\/02\/Munich.pdf\" target=\"_blank\" rel=\"noopener\">brochure<\/a>)<br \/>&#8211; Ch\u00e2teau de <strong>Linderhof<\/strong> : ch\u00e2teau royal (\u00ab villa royale \u00bb) situ\u00e9 dans le Graswangtal pr\u00e8s d&rsquo;Oberammergau. Il fut construit de 1874 \u00e0 1878 sous Louis II de Bavi\u00e8re.<br \/>&#8211; <strong>Abbaye d&rsquo;Ettal<\/strong> : abbaye b\u00e9n\u00e9dictine, elle est fond\u00e9e par Louis IV de Bavi\u00e8re en 1330. Au XVIIIe si\u00e8cle, elle poss\u00e8de une acad\u00e9mie r\u00e9put\u00e9e ; mais en 1803 elle est s\u00e9cularis\u00e9e et laiss\u00e9e \u00e0 l\u2019abandon. Elle est r\u00e9occup\u00e9e \u00e0 partir de 1899.<br \/>&#8211; Ch\u00e2teau de <strong>Hohenschwangau<\/strong> (n\u00e9ogothique 1833-1837)<br \/>&#8211; Ch\u00e2teau de <strong>Neuschwanstein<\/strong> : <\/span>situ\u00e9 sur un \u00e9peron rocheux haut de 200 m\u00e8tres, pr\u00e8s de F\u00fcssen. Construit sur ordre du roi Louis II de Bavi\u00e8re entre 1869 et 1886.<br \/><span style=\"color: #ffcc99; font-family: Verdana, Arial, Helvetica, sans-serif;\"><a href=\"https:\/\/carole-pascal.fr\/WORDPRESS\/wp-content\/uploads\/2025\/02\/LouisII.pdf\" target=\"_blank\" rel=\"noopener\">Pour en savoir plus sur le roi Louis II de Bavi\u00e8re<\/a><br \/><\/span><\/p><p><span style=\"color: #ffcc99; font-family: Verdana, Arial, Helvetica, sans-serif;\"><span style=\"text-decoration: underline;\"><strong>Autriche<\/strong><\/span>: Innsbruck,Seefeld <\/span><\/p>\t\t\t\t\t\t\t\t<\/div>\n\t\t\t\t<\/div>\n\t\t\t\t<\/div>\n\t\t<div class=\"elementor-element elementor-element-21664b8f e-con-full e-flex e-con e-child\" data-id=\"21664b8f\" data-element_type=\"container\" data-e-type=\"container\">\n\t\t\t\t<div class=\"elementor-element elementor-element-2a150bef elementor-widget-divider--separator-type-pattern elementor-widget-divider--no-spacing elementor-widget-divider--view-line elementor-widget elementor-widget-divider\" data-id=\"2a150bef\" data-element_type=\"widget\" data-e-type=\"widget\" data-widget_type=\"divider.default\">\n\t\t\t\t<div class=\"elementor-widget-container\">\n\t\t\t\t\t\t\t<div class=\"elementor-divider\" style=\"--divider-pattern-url: url(&quot;data:image\/svg+xml,%3Csvg xmlns=&#039;http:\/\/www.w3.org\/2000\/svg&#039; preserveAspectRatio=&#039;xMidYMid meet&#039; overflow=&#039;visible&#039; height=&#039;100%&#039; viewBox=&#039;0 0 121 26&#039; fill=&#039;black&#039; stroke=&#039;none&#039;%3E%3Cpath d=&#039;M29.6,10.3l2.1,2.2l-3.6,3.3h7v2.9h-7l3.6,3.5l-2.1,1.7l-5.2-5.2h-5.8v-2.9h5.8L29.6,10.3z M70.9,9.6l2.1,1.7l-3.6,3.5h7v2.9h-7l3.6,3.3l-2.1,2.2l-5.2-5.5h-5.8v-2.9h5.8L70.9,9.6z M111.5,9.6l2.1,1.7l-3.6,3.5h7v2.9h-7l3.6,3.3l-2.1,2.2l-5.2-5.5h-5.8v-2.9h5.8L111.5,9.6z M50.2,2.7l2.1,1.7l-3.6,3.5h7v2.9h-7l3.6,3.3l-2.1,2.2L45,10.7h-5.8V7.9H45L50.2,2.7z M11,2l2.1,1.7L9.6,7.2h7V10h-7l3.6,3.3L11,15.5L5.8,10H0V7.2h5.8L11,2z M91.5,2l2.1,2.2l-3.6,3.3h7v2.9h-7l3.6,3.5l-2.1,1.7l-5.2-5.2h-5.8V7.5h5.8L91.5,2z&#039;\/%3E%3C\/svg%3E&quot;);\">\n\t\t\t<span class=\"elementor-divider-separator\">\n\t\t\t\t\t\t<\/span>\n\t\t<\/div>\n\t\t\t\t\t\t<\/div>\n\t\t\t\t<\/div>\n\t\t\t\t<\/div>\n\t\t<div class=\"elementor-element elementor-element-16acd59 e-con-full e-flex e-con e-child\" data-id=\"16acd59\" data-element_type=\"container\" data-e-type=\"container\">\n\t\t\t\t<div class=\"elementor-element elementor-element-ae46bbb elementor-widget elementor-widget-image\" data-id=\"ae46bbb\" data-element_type=\"widget\" data-e-type=\"widget\" data-widget_type=\"image.default\">\n\t\t\t\t<div class=\"elementor-widget-container\">\n\t\t\t\t\t\t\t\t\t\t\t\t\t\t\t<img fetchpriority=\"high\" width=\"775\" height=\"619\"  class=\"attachment-large size-large wp-image-16712 lws-optimize-lazyload\" alt=\"\" srcset=\"https:\/\/carole-pascal.fr\/WORDPRESS\/wp-content\/uploads\/2024\/01\/Carte-7.jpg 775w, https:\/\/carole-pascal.fr\/WORDPRESS\/wp-content\/uploads\/2024\/01\/Carte-7-300x240.jpg 300w, https:\/\/carole-pascal.fr\/WORDPRESS\/wp-content\/uploads\/2024\/01\/Carte-7-768x613.jpg 768w\" sizes=\"(max-width: 775px) 100vw, 775px\" \/ data-src=\"https:\/\/carole-pascal.fr\/WORDPRESS\/wp-content\/uploads\/2024\/01\/Carte-7.jpg\">\t\t\t\t\t\t\t\t\t\t\t\t\t\t\t<\/div>\n\t\t\t\t<\/div>\n\t\t\t\t<\/div>\n\t\t<div class=\"elementor-element elementor-element-fc4b7aa e-con-full e-flex e-con e-child\" data-id=\"fc4b7aa\" data-element_type=\"container\" data-e-type=\"container\">\n\t\t\t\t<div class=\"elementor-element elementor-element-ff10837 elementor-widget-divider--separator-type-pattern elementor-widget-divider--no-spacing elementor-widget-divider--view-line elementor-widget elementor-widget-divider\" data-id=\"ff10837\" data-element_type=\"widget\" data-e-type=\"widget\" data-widget_type=\"divider.default\">\n\t\t\t\t<div class=\"elementor-widget-container\">\n\t\t\t\t\t\t\t<div class=\"elementor-divider\" style=\"--divider-pattern-url: url(&quot;data:image\/svg+xml,%3Csvg xmlns=&#039;http:\/\/www.w3.org\/2000\/svg&#039; preserveAspectRatio=&#039;xMidYMid meet&#039; overflow=&#039;visible&#039; height=&#039;100%&#039; viewBox=&#039;0 0 121 26&#039; fill=&#039;black&#039; stroke=&#039;none&#039;%3E%3Cpath d=&#039;M29.6,10.3l2.1,2.2l-3.6,3.3h7v2.9h-7l3.6,3.5l-2.1,1.7l-5.2-5.2h-5.8v-2.9h5.8L29.6,10.3z M70.9,9.6l2.1,1.7l-3.6,3.5h7v2.9h-7l3.6,3.3l-2.1,2.2l-5.2-5.5h-5.8v-2.9h5.8L70.9,9.6z M111.5,9.6l2.1,1.7l-3.6,3.5h7v2.9h-7l3.6,3.3l-2.1,2.2l-5.2-5.5h-5.8v-2.9h5.8L111.5,9.6z M50.2,2.7l2.1,1.7l-3.6,3.5h7v2.9h-7l3.6,3.3l-2.1,2.2L45,10.7h-5.8V7.9H45L50.2,2.7z M11,2l2.1,1.7L9.6,7.2h7V10h-7l3.6,3.3L11,15.5L5.8,10H0V7.2h5.8L11,2z M91.5,2l2.1,2.2l-3.6,3.3h7v2.9h-7l3.6,3.5l-2.1,1.7l-5.2-5.2h-5.8V7.5h5.8L91.5,2z&#039;\/%3E%3C\/svg%3E&quot;);\">\n\t\t\t<span class=\"elementor-divider-separator\">\n\t\t\t\t\t\t<\/span>\n\t\t<\/div>\n\t\t\t\t\t\t<\/div>\n\t\t\t\t<\/div>\n\t\t\t\t<\/div>\n\t\t\t\t\t<\/div>\n\t\t\t\t<\/div>\n\t\t\t\t<\/div>\n\t\t","protected":false},"excerpt":{"rendered":"<p>Photos Allemagne:&#8211; Munich (brochure)&#8211; Ch\u00e2teau de Linderhof : ch\u00e2teau royal (\u00ab villa royale \u00bb) situ\u00e9 dans le Graswangtal pr\u00e8s d&rsquo;Oberammergau. Il fut construit de 1874 \u00e0 1878 sous Louis II de Bavi\u00e8re.&#8211; Abbaye d&rsquo;Ettal : abbaye b\u00e9n\u00e9dictine, elle est fond\u00e9e par Louis IV de Bavi\u00e8re en 1330. Au XVIIIe si\u00e8cle, elle poss\u00e8de une acad\u00e9mie r\u00e9put\u00e9e [&hellip;]<\/p>\n","protected":false},"author":1,"featured_media":0,"parent":0,"menu_order":0,"comment_status":"closed","ping_status":"closed","template":"","meta":{"ocean_post_layout":"","ocean_both_sidebars_style":"","ocean_both_sidebars_content_width":0,"ocean_both_sidebars_sidebars_width":0,"ocean_sidebar":"","ocean_second_sidebar":"","ocean_disable_margins":"enable","ocean_add_body_class":"","ocean_shortcode_before_top_bar":"","ocean_shortcode_after_top_bar":"","ocean_shortcode_before_header":"","ocean_shortcode_after_header":"","ocean_has_shortcode":"","ocean_shortcode_after_title":"","ocean_shortcode_before_footer_widgets":"","ocean_shortcode_after_footer_widgets":"","ocean_shortcode_before_footer_bottom":"","ocean_shortcode_after_footer_bottom":"","ocean_display_top_bar":"default","ocean_display_header":"default","ocean_header_style":"","ocean_center_header_left_menu":"","ocean_custom_header_template":"","ocean_custom_logo":0,"ocean_custom_retina_logo":0,"ocean_custom_logo_max_width":0,"ocean_custom_logo_tablet_max_width":0,"ocean_custom_logo_mobile_max_width":0,"ocean_custom_logo_max_height":0,"ocean_custom_logo_tablet_max_height":0,"ocean_custom_logo_mobile_max_height":0,"ocean_header_custom_menu":"","ocean_menu_typo_font_family":"","ocean_menu_typo_font_subset":"","ocean_menu_typo_font_size":0,"ocean_menu_typo_font_size_tablet":0,"ocean_menu_typo_font_size_mobile":0,"ocean_menu_typo_font_size_unit":"px","ocean_menu_typo_font_weight":"","ocean_menu_typo_font_weight_tablet":"","ocean_menu_typo_font_weight_mobile":"","ocean_menu_typo_transform":"","ocean_menu_typo_transform_tablet":"","ocean_menu_typo_transform_mobile":"","ocean_menu_typo_line_height":0,"ocean_menu_typo_line_height_tablet":0,"ocean_menu_typo_line_height_mobile":0,"ocean_menu_typo_line_height_unit":"","ocean_menu_typo_spacing":0,"ocean_menu_typo_spacing_tablet":0,"ocean_menu_typo_spacing_mobile":0,"ocean_menu_typo_spacing_unit":"","ocean_menu_link_color":"","ocean_menu_link_color_hover":"","ocean_menu_link_color_active":"","ocean_menu_link_background":"","ocean_menu_link_hover_background":"","ocean_menu_link_active_background":"","ocean_menu_social_links_bg":"","ocean_menu_social_hover_links_bg":"","ocean_menu_social_links_color":"","ocean_menu_social_hover_links_color":"","ocean_disable_title":"default","ocean_disable_heading":"default","ocean_post_title":"","ocean_post_subheading":"","ocean_post_title_style":"","ocean_post_title_background_color":"","ocean_post_title_background":0,"ocean_post_title_bg_image_position":"","ocean_post_title_bg_image_attachment":"","ocean_post_title_bg_image_repeat":"","ocean_post_title_bg_image_size":"","ocean_post_title_height":0,"ocean_post_title_bg_overlay":0.5,"ocean_post_title_bg_overlay_color":"","ocean_disable_breadcrumbs":"default","ocean_breadcrumbs_color":"","ocean_breadcrumbs_separator_color":"","ocean_breadcrumbs_links_color":"","ocean_breadcrumbs_links_hover_color":"","ocean_display_footer_widgets":"default","ocean_display_footer_bottom":"default","ocean_custom_footer_template":"","footnotes":""},"class_list":["post-16754","page","type-page","status-publish","hentry","entry"],"_links":{"self":[{"href":"https:\/\/carole-pascal.fr\/WORDPRESS\/wp-json\/wp\/v2\/pages\/16754","targetHints":{"allow":["GET"]}}],"collection":[{"href":"https:\/\/carole-pascal.fr\/WORDPRESS\/wp-json\/wp\/v2\/pages"}],"about":[{"href":"https:\/\/carole-pascal.fr\/WORDPRESS\/wp-json\/wp\/v2\/types\/page"}],"author":[{"embeddable":true,"href":"https:\/\/carole-pascal.fr\/WORDPRESS\/wp-json\/wp\/v2\/users\/1"}],"replies":[{"embeddable":true,"href":"https:\/\/carole-pascal.fr\/WORDPRESS\/wp-json\/wp\/v2\/comments?post=16754"}],"version-history":[{"count":0,"href":"https:\/\/carole-pascal.fr\/WORDPRESS\/wp-json\/wp\/v2\/pages\/16754\/revisions"}],"wp:attachment":[{"href":"https:\/\/carole-pascal.fr\/WORDPRESS\/wp-json\/wp\/v2\/media?parent=16754"}],"curies":[{"name":"wp","href":"https:\/\/api.w.org\/{rel}","templated":true}]}}