{"id":17038,"date":"2024-01-21T12:00:05","date_gmt":"2024-01-21T11:00:05","guid":{"rendered":"https:\/\/carole-pascal.fr\/WORDPRESS\/?page_id=17038"},"modified":"2025-02-05T14:54:57","modified_gmt":"2025-02-05T13:54:57","slug":"edimbourg-ecosse-septembre-1987-carole-et-colette","status":"publish","type":"page","link":"https:\/\/carole-pascal.fr\/WORDPRESS\/edimbourg-ecosse-septembre-1987-carole-et-colette\/","title":{"rendered":"Edimbourg (Ecosse) &#8211; Septembre 1987 (Carole et Colette)"},"content":{"rendered":"\t\t<div data-elementor-type=\"wp-page\" data-elementor-id=\"17038\" class=\"elementor elementor-17038\">\n\t\t\t\t<div class=\"elementor-element elementor-element-16638f27 e-flex e-con-boxed e-con e-parent\" data-id=\"16638f27\" data-element_type=\"container\" data-e-type=\"container\">\n\t\t\t\t\t<div class=\"e-con-inner\">\n\t\t<div class=\"elementor-element elementor-element-64a667ea e-con-full e-flex e-con e-child\" data-id=\"64a667ea\" data-element_type=\"container\" data-e-type=\"container\">\n\t\t\t\t<div class=\"elementor-element elementor-element-46af7749 elementor-widget elementor-widget-image\" data-id=\"46af7749\" data-element_type=\"widget\" data-e-type=\"widget\" data-widget_type=\"image.default\">\n\t\t\t\t<div class=\"elementor-widget-container\">\n\t\t\t\t\t\t\t\t\t\t\t\t\t\t\t<img  title=\"Flag\" alt=\"Flag\" loading=\"lazy\" \/ class=\"lws-optimize-lazyload\" data-src=\"https:\/\/carole-pascal.fr\/WORDPRESS\/wp-content\/uploads\/elementor\/thumbs\/Flag-5-qimtflugyr18uj77olazmf35bv9cuj6k5zqcivyhok.gif\">\t\t\t\t\t\t\t\t\t\t\t\t\t\t\t<\/div>\n\t\t\t\t<\/div>\n\t\t\t\t<\/div>\n\t\t<div class=\"elementor-element elementor-element-56fbd4ec e-con-full e-flex e-con e-child\" data-id=\"56fbd4ec\" data-element_type=\"container\" data-e-type=\"container\">\n\t\t\t\t<div class=\"elementor-element elementor-element-64be4a97 elementor-align-center elementor-widget elementor-widget-button\" data-id=\"64be4a97\" data-element_type=\"widget\" data-e-type=\"widget\" data-widget_type=\"button.default\">\n\t\t\t\t<div class=\"elementor-widget-container\">\n\t\t\t\t\t\t\t\t\t<div class=\"elementor-button-wrapper\">\n\t\t\t\t\t<a class=\"elementor-button elementor-button-link elementor-size-sm\" href=\"https:\/\/carole-pascal.fr\/WORDPRESS\/edimbourg-ecosse-septembre-1987-carole-et-colette-photos\/\">\n\t\t\t\t\t\t<span class=\"elementor-button-content-wrapper\">\n\t\t\t\t\t\t\t\t\t<span class=\"elementor-button-text\">Photos<\/span>\n\t\t\t\t\t<\/span>\n\t\t\t\t\t<\/a>\n\t\t\t\t<\/div>\n\t\t\t\t\t\t\t\t<\/div>\n\t\t\t\t<\/div>\n\t\t\t\t<\/div>\n\t\t<div class=\"elementor-element elementor-element-a9c4816 e-con-full e-flex e-con e-child\" data-id=\"a9c4816\" data-element_type=\"container\" data-e-type=\"container\">\n\t\t\t\t<div class=\"elementor-element elementor-element-98ea960 elementor-widget elementor-widget-image\" data-id=\"98ea960\" data-element_type=\"widget\" data-e-type=\"widget\" data-widget_type=\"image.default\">\n\t\t\t\t<div class=\"elementor-widget-container\">\n\t\t\t\t\t\t\t\t\t\t\t\t\t\t\t<img  title=\"FlagUK\" alt=\"FlagUK\" loading=\"lazy\" \/ class=\"lws-optimize-lazyload\" data-src=\"https:\/\/carole-pascal.fr\/WORDPRESS\/wp-content\/uploads\/elementor\/thumbs\/FlagUK-qwy0grcntkmi2dn4mmp84dlh3gp2cqpss9jwi4nxfo.gif\">\t\t\t\t\t\t\t\t\t\t\t\t\t\t\t<\/div>\n\t\t\t\t<\/div>\n\t\t\t\t<\/div>\n\t\t\t\t\t<\/div>\n\t\t\t\t<\/div>\n\t\t<div class=\"elementor-element elementor-element-6010e629 e-flex e-con-boxed e-con e-parent\" data-id=\"6010e629\" data-element_type=\"container\" data-e-type=\"container\">\n\t\t\t\t\t<div class=\"e-con-inner\">\n\t\t<div class=\"elementor-element elementor-element-13fb619e e-con-full e-flex e-con e-child\" data-id=\"13fb619e\" data-element_type=\"container\" data-e-type=\"container\">\n\t\t\t\t<div class=\"elementor-element elementor-element-3c324e98 elementor-widget-divider--separator-type-pattern elementor-widget-divider--no-spacing elementor-widget-divider--view-line elementor-widget elementor-widget-divider\" data-id=\"3c324e98\" data-element_type=\"widget\" data-e-type=\"widget\" data-widget_type=\"divider.default\">\n\t\t\t\t<div class=\"elementor-widget-container\">\n\t\t\t\t\t\t\t<div class=\"elementor-divider\" style=\"--divider-pattern-url: url(&quot;data:image\/svg+xml,%3Csvg xmlns=&#039;http:\/\/www.w3.org\/2000\/svg&#039; preserveAspectRatio=&#039;xMidYMid meet&#039; overflow=&#039;visible&#039; height=&#039;100%&#039; viewBox=&#039;0 0 121 26&#039; fill=&#039;black&#039; stroke=&#039;none&#039;%3E%3Cpath d=&#039;M29.6,10.3l2.1,2.2l-3.6,3.3h7v2.9h-7l3.6,3.5l-2.1,1.7l-5.2-5.2h-5.8v-2.9h5.8L29.6,10.3z M70.9,9.6l2.1,1.7l-3.6,3.5h7v2.9h-7l3.6,3.3l-2.1,2.2l-5.2-5.5h-5.8v-2.9h5.8L70.9,9.6z M111.5,9.6l2.1,1.7l-3.6,3.5h7v2.9h-7l3.6,3.3l-2.1,2.2l-5.2-5.5h-5.8v-2.9h5.8L111.5,9.6z M50.2,2.7l2.1,1.7l-3.6,3.5h7v2.9h-7l3.6,3.3l-2.1,2.2L45,10.7h-5.8V7.9H45L50.2,2.7z M11,2l2.1,1.7L9.6,7.2h7V10h-7l3.6,3.3L11,15.5L5.8,10H0V7.2h5.8L11,2z M91.5,2l2.1,2.2l-3.6,3.3h7v2.9h-7l3.6,3.5l-2.1,1.7l-5.2-5.2h-5.8V7.5h5.8L91.5,2z&#039;\/%3E%3C\/svg%3E&quot;);\">\n\t\t\t<span class=\"elementor-divider-separator\">\n\t\t\t\t\t\t<\/span>\n\t\t<\/div>\n\t\t\t\t\t\t<\/div>\n\t\t\t\t<\/div>\n\t\t\t\t<\/div>\n\t\t<div class=\"elementor-element elementor-element-3b213477 e-con-full e-flex e-con e-child\" data-id=\"3b213477\" data-element_type=\"container\" data-e-type=\"container\">\n\t\t\t\t<div class=\"elementor-element elementor-element-b039857 elementor-widget elementor-widget-text-editor\" data-id=\"b039857\" data-element_type=\"widget\" data-e-type=\"widget\" data-widget_type=\"text-editor.default\">\n\t\t\t\t<div class=\"elementor-widget-container\">\n\t\t\t\t\t\t\t\t\t<p>D\u00e9couverte d&rsquo;Edimbourg:\u00a0 Chateau (<a href=\"https:\/\/carole-pascal.fr\/WORDPRESS\/wp-content\/uploads\/2024\/01\/Chateau.pdf\" target=\"_blank\" rel=\"noopener\">brochure<\/a>), Hollyrood Palace (<a href=\"https:\/\/carole-pascal.fr\/WORDPRESS\/wp-content\/uploads\/2025\/02\/Hollyrood.pdf\" target=\"_blank\" rel=\"noopener\">brochure<\/a>), Royal scottish museum,\u00a0 Jardins de Princes street, Salisbury prays, Cath\u00e9drale St Giles, Maison de John Knox, Camera obscura, Mus\u00e9e national des antiquit\u00e9s, Gallerie nationale de peinture, Mus\u00e9e de cire, Jardin botanique<\/p><p>Excursion d&rsquo;une journ\u00e9e \u00e0 Stirling avec visite du chateau et Loch Lomond<\/p>\t\t\t\t\t\t\t\t<\/div>\n\t\t\t\t<\/div>\n\t\t\t\t<\/div>\n\t\t<div class=\"elementor-element elementor-element-61527421 e-con-full e-flex e-con e-child\" data-id=\"61527421\" data-element_type=\"container\" data-e-type=\"container\">\n\t\t\t\t<div class=\"elementor-element elementor-element-2aada8ce elementor-widget-divider--separator-type-pattern elementor-widget-divider--no-spacing elementor-widget-divider--view-line elementor-widget elementor-widget-divider\" data-id=\"2aada8ce\" data-element_type=\"widget\" data-e-type=\"widget\" data-widget_type=\"divider.default\">\n\t\t\t\t<div class=\"elementor-widget-container\">\n\t\t\t\t\t\t\t<div class=\"elementor-divider\" style=\"--divider-pattern-url: url(&quot;data:image\/svg+xml,%3Csvg xmlns=&#039;http:\/\/www.w3.org\/2000\/svg&#039; preserveAspectRatio=&#039;xMidYMid meet&#039; overflow=&#039;visible&#039; height=&#039;100%&#039; viewBox=&#039;0 0 121 26&#039; fill=&#039;black&#039; stroke=&#039;none&#039;%3E%3Cpath d=&#039;M29.6,10.3l2.1,2.2l-3.6,3.3h7v2.9h-7l3.6,3.5l-2.1,1.7l-5.2-5.2h-5.8v-2.9h5.8L29.6,10.3z M70.9,9.6l2.1,1.7l-3.6,3.5h7v2.9h-7l3.6,3.3l-2.1,2.2l-5.2-5.5h-5.8v-2.9h5.8L70.9,9.6z M111.5,9.6l2.1,1.7l-3.6,3.5h7v2.9h-7l3.6,3.3l-2.1,2.2l-5.2-5.5h-5.8v-2.9h5.8L111.5,9.6z M50.2,2.7l2.1,1.7l-3.6,3.5h7v2.9h-7l3.6,3.3l-2.1,2.2L45,10.7h-5.8V7.9H45L50.2,2.7z M11,2l2.1,1.7L9.6,7.2h7V10h-7l3.6,3.3L11,15.5L5.8,10H0V7.2h5.8L11,2z M91.5,2l2.1,2.2l-3.6,3.3h7v2.9h-7l3.6,3.5l-2.1,1.7l-5.2-5.2h-5.8V7.5h5.8L91.5,2z&#039;\/%3E%3C\/svg%3E&quot;);\">\n\t\t\t<span class=\"elementor-divider-separator\">\n\t\t\t\t\t\t<\/span>\n\t\t<\/div>\n\t\t\t\t\t\t<\/div>\n\t\t\t\t<\/div>\n\t\t\t\t<\/div>\n\t\t\t\t\t<\/div>\n\t\t\t\t<\/div>\n\t\t\t\t<\/div>\n\t\t","protected":false},"excerpt":{"rendered":"<p>Photos D\u00e9couverte d&rsquo;Edimbourg:\u00a0 Chateau (brochure), Hollyrood Palace (brochure), Royal scottish museum,\u00a0 Jardins de Princes street, Salisbury prays, Cath\u00e9drale St Giles, Maison de John Knox, Camera obscura, Mus\u00e9e national des antiquit\u00e9s, Gallerie nationale de peinture, Mus\u00e9e de cire, Jardin botanique Excursion d&rsquo;une journ\u00e9e \u00e0 Stirling avec visite du chateau et Loch Lomond<\/p>\n","protected":false},"author":1,"featured_media":0,"parent":0,"menu_order":0,"comment_status":"closed","ping_status":"closed","template":"","meta":{"ocean_post_layout":"","ocean_both_sidebars_style":"","ocean_both_sidebars_content_width":0,"ocean_both_sidebars_sidebars_width":0,"ocean_sidebar":"","ocean_second_sidebar":"","ocean_disable_margins":"enable","ocean_add_body_class":"","ocean_shortcode_before_top_bar":"","ocean_shortcode_after_top_bar":"","ocean_shortcode_before_header":"","ocean_shortcode_after_header":"","ocean_has_shortcode":"","ocean_shortcode_after_title":"","ocean_shortcode_before_footer_widgets":"","ocean_shortcode_after_footer_widgets":"","ocean_shortcode_before_footer_bottom":"","ocean_shortcode_after_footer_bottom":"","ocean_display_top_bar":"default","ocean_display_header":"default","ocean_header_style":"","ocean_center_header_left_menu":"","ocean_custom_header_template":"","ocean_custom_logo":0,"ocean_custom_retina_logo":0,"ocean_custom_logo_max_width":0,"ocean_custom_logo_tablet_max_width":0,"ocean_custom_logo_mobile_max_width":0,"ocean_custom_logo_max_height":0,"ocean_custom_logo_tablet_max_height":0,"ocean_custom_logo_mobile_max_height":0,"ocean_header_custom_menu":"","ocean_menu_typo_font_family":"","ocean_menu_typo_font_subset":"","ocean_menu_typo_font_size":0,"ocean_menu_typo_font_size_tablet":0,"ocean_menu_typo_font_size_mobile":0,"ocean_menu_typo_font_size_unit":"px","ocean_menu_typo_font_weight":"","ocean_menu_typo_font_weight_tablet":"","ocean_menu_typo_font_weight_mobile":"","ocean_menu_typo_transform":"","ocean_menu_typo_transform_tablet":"","ocean_menu_typo_transform_mobile":"","ocean_menu_typo_line_height":0,"ocean_menu_typo_line_height_tablet":0,"ocean_menu_typo_line_height_mobile":0,"ocean_menu_typo_line_height_unit":"","ocean_menu_typo_spacing":0,"ocean_menu_typo_spacing_tablet":0,"ocean_menu_typo_spacing_mobile":0,"ocean_menu_typo_spacing_unit":"","ocean_menu_link_color":"","ocean_menu_link_color_hover":"","ocean_menu_link_color_active":"","ocean_menu_link_background":"","ocean_menu_link_hover_background":"","ocean_menu_link_active_background":"","ocean_menu_social_links_bg":"","ocean_menu_social_hover_links_bg":"","ocean_menu_social_links_color":"","ocean_menu_social_hover_links_color":"","ocean_disable_title":"default","ocean_disable_heading":"default","ocean_post_title":"","ocean_post_subheading":"","ocean_post_title_style":"","ocean_post_title_background_color":"","ocean_post_title_background":0,"ocean_post_title_bg_image_position":"","ocean_post_title_bg_image_attachment":"","ocean_post_title_bg_image_repeat":"","ocean_post_title_bg_image_size":"","ocean_post_title_height":0,"ocean_post_title_bg_overlay":0.5,"ocean_post_title_bg_overlay_color":"","ocean_disable_breadcrumbs":"default","ocean_breadcrumbs_color":"","ocean_breadcrumbs_separator_color":"","ocean_breadcrumbs_links_color":"","ocean_breadcrumbs_links_hover_color":"","ocean_display_footer_widgets":"default","ocean_display_footer_bottom":"default","ocean_custom_footer_template":"","footnotes":""},"class_list":["post-17038","page","type-page","status-publish","hentry","entry"],"_links":{"self":[{"href":"https:\/\/carole-pascal.fr\/WORDPRESS\/wp-json\/wp\/v2\/pages\/17038","targetHints":{"allow":["GET"]}}],"collection":[{"href":"https:\/\/carole-pascal.fr\/WORDPRESS\/wp-json\/wp\/v2\/pages"}],"about":[{"href":"https:\/\/carole-pascal.fr\/WORDPRESS\/wp-json\/wp\/v2\/types\/page"}],"author":[{"embeddable":true,"href":"https:\/\/carole-pascal.fr\/WORDPRESS\/wp-json\/wp\/v2\/users\/1"}],"replies":[{"embeddable":true,"href":"https:\/\/carole-pascal.fr\/WORDPRESS\/wp-json\/wp\/v2\/comments?post=17038"}],"version-history":[{"count":0,"href":"https:\/\/carole-pascal.fr\/WORDPRESS\/wp-json\/wp\/v2\/pages\/17038\/revisions"}],"wp:attachment":[{"href":"https:\/\/carole-pascal.fr\/WORDPRESS\/wp-json\/wp\/v2\/media?parent=17038"}],"curies":[{"name":"wp","href":"https:\/\/api.w.org\/{rel}","templated":true}]}}