{"id":20455,"date":"2024-01-28T15:50:17","date_gmt":"2024-01-28T14:50:17","guid":{"rendered":"https:\/\/carole-pascal.fr\/WORDPRESS\/?page_id=20455"},"modified":"2025-06-26T16:35:39","modified_gmt":"2025-06-26T14:35:39","slug":"vendee-loire-atlantique-22-au-29-mai-2021","status":"publish","type":"page","link":"https:\/\/carole-pascal.fr\/WORDPRESS\/vendee-loire-atlantique-22-au-29-mai-2021\/","title":{"rendered":"Vend\u00e9e, Loire-Atlantique &#8211; 22 au 29 mai 2021"},"content":{"rendered":"\t\t<div data-elementor-type=\"wp-page\" data-elementor-id=\"20455\" class=\"elementor elementor-20455\">\n\t\t\t\t<div class=\"elementor-element elementor-element-cf50a8b e-flex e-con-boxed e-con e-parent\" data-id=\"cf50a8b\" data-element_type=\"container\" data-e-type=\"container\">\n\t\t\t\t\t<div class=\"e-con-inner\">\n\t\t<div class=\"elementor-element elementor-element-3898b32e e-con-full e-flex e-con e-child\" data-id=\"3898b32e\" data-element_type=\"container\" data-e-type=\"container\">\n\t\t\t\t<div class=\"elementor-element elementor-element-161c62c1 elementor-widget elementor-widget-image\" data-id=\"161c62c1\" data-element_type=\"widget\" data-e-type=\"widget\" data-widget_type=\"image.default\">\n\t\t\t\t<div class=\"elementor-widget-container\">\n\t\t\t\t\t\t\t\t\t\t\t\t<figure class=\"wp-caption\">\n\t\t\t\t\t\t\t\t\t\t<img fetchpriority=\"high\" width=\"447\" height=\"567\"  class=\"attachment-medium_large size-medium_large wp-image-55249 lws-optimize-lazyload\" alt=\"\" srcset=\"https:\/\/carole-pascal.fr\/WORDPRESS\/wp-content\/uploads\/2025\/02\/Flag_85.jpg 447w, https:\/\/carole-pascal.fr\/WORDPRESS\/wp-content\/uploads\/2025\/02\/Flag_85-237x300.jpg 237w\" sizes=\"(max-width: 447px) 100vw, 447px\" \/ data-src=\"https:\/\/carole-pascal.fr\/WORDPRESS\/wp-content\/uploads\/2025\/02\/Flag_85.jpg\">\t\t\t\t\t\t\t\t\t\t\t<figcaption class=\"widget-image-caption wp-caption-text\">Vend\u00e9e<\/figcaption>\n\t\t\t\t\t\t\t\t\t\t<\/figure>\n\t\t\t\t\t\t\t\t\t<\/div>\n\t\t\t\t<\/div>\n\t\t\t\t<\/div>\n\t\t<div class=\"elementor-element elementor-element-7ca8448f e-con-full e-flex e-con e-child\" data-id=\"7ca8448f\" data-element_type=\"container\" data-e-type=\"container\">\n\t\t\t\t<div class=\"elementor-element elementor-element-1a7b2150 elementor-align-center elementor-widget elementor-widget-button\" data-id=\"1a7b2150\" data-element_type=\"widget\" data-e-type=\"widget\" data-widget_type=\"button.default\">\n\t\t\t\t<div class=\"elementor-widget-container\">\n\t\t\t\t\t\t\t\t\t<div class=\"elementor-button-wrapper\">\n\t\t\t\t\t<a class=\"elementor-button elementor-button-link elementor-size-sm\" href=\"https:\/\/carole-pascal.fr\/WORDPRESS\/vendee-loire-atlantique-22-au-29-mai-2021-carte\/\">\n\t\t\t\t\t\t<span class=\"elementor-button-content-wrapper\">\n\t\t\t\t\t\t\t\t\t<span class=\"elementor-button-text\">Carte<\/span>\n\t\t\t\t\t<\/span>\n\t\t\t\t\t<\/a>\n\t\t\t\t<\/div>\n\t\t\t\t\t\t\t\t<\/div>\n\t\t\t\t<\/div>\n\t\t\t\t<\/div>\n\t\t<div class=\"elementor-element elementor-element-f803c85 e-con-full e-flex e-con e-child\" data-id=\"f803c85\" data-element_type=\"container\" data-e-type=\"container\">\n\t\t\t\t<div class=\"elementor-element elementor-element-4012bac elementor-align-center elementor-widget elementor-widget-button\" data-id=\"4012bac\" data-element_type=\"widget\" data-e-type=\"widget\" data-widget_type=\"button.default\">\n\t\t\t\t<div class=\"elementor-widget-container\">\n\t\t\t\t\t\t\t\t\t<div class=\"elementor-button-wrapper\">\n\t\t\t\t\t<a class=\"elementor-button elementor-button-link elementor-size-sm\" href=\"https:\/\/carole-pascal.fr\/WORDPRESS\/vendee-loire-atlantique-22-au-29-mai-2021-photos\/\">\n\t\t\t\t\t\t<span class=\"elementor-button-content-wrapper\">\n\t\t\t\t\t\t\t\t\t<span class=\"elementor-button-text\">Photos<\/span>\n\t\t\t\t\t<\/span>\n\t\t\t\t\t<\/a>\n\t\t\t\t<\/div>\n\t\t\t\t\t\t\t\t<\/div>\n\t\t\t\t<\/div>\n\t\t\t\t<\/div>\n\t\t<div class=\"elementor-element elementor-element-f9f2c78 e-con-full e-flex e-con e-child\" data-id=\"f9f2c78\" data-element_type=\"container\" data-e-type=\"container\">\n\t\t\t\t<div class=\"elementor-element elementor-element-00f4732 elementor-widget elementor-widget-image\" data-id=\"00f4732\" data-element_type=\"widget\" data-e-type=\"widget\" data-widget_type=\"image.default\">\n\t\t\t\t<div class=\"elementor-widget-container\">\n\t\t\t\t\t\t\t\t\t\t\t\t<figure class=\"wp-caption\">\n\t\t\t\t\t\t\t\t\t\t<img width=\"451\" height=\"567\"  class=\"attachment-medium_large size-medium_large wp-image-55208 lws-optimize-lazyload\" alt=\"\" srcset=\"https:\/\/carole-pascal.fr\/WORDPRESS\/wp-content\/uploads\/2025\/02\/Flag_44.jpg 451w, https:\/\/carole-pascal.fr\/WORDPRESS\/wp-content\/uploads\/2025\/02\/Flag_44-239x300.jpg 239w\" sizes=\"(max-width: 451px) 100vw, 451px\" \/ data-src=\"https:\/\/carole-pascal.fr\/WORDPRESS\/wp-content\/uploads\/2025\/02\/Flag_44.jpg\">\t\t\t\t\t\t\t\t\t\t\t<figcaption class=\"widget-image-caption wp-caption-text\">Loire-Atlantique<\/figcaption>\n\t\t\t\t\t\t\t\t\t\t<\/figure>\n\t\t\t\t\t\t\t\t\t<\/div>\n\t\t\t\t<\/div>\n\t\t\t\t<\/div>\n\t\t\t\t\t<\/div>\n\t\t\t\t<\/div>\n\t\t<div class=\"elementor-element elementor-element-17d6cf6d e-flex e-con-boxed e-con e-parent\" data-id=\"17d6cf6d\" data-element_type=\"container\" data-e-type=\"container\">\n\t\t\t\t\t<div class=\"e-con-inner\">\n\t\t<div class=\"elementor-element elementor-element-687c458d e-con-full e-flex e-con e-child\" data-id=\"687c458d\" data-element_type=\"container\" data-e-type=\"container\">\n\t\t\t\t<div class=\"elementor-element elementor-element-525322ac elementor-widget-divider--separator-type-pattern elementor-widget-divider--no-spacing elementor-widget-divider--view-line elementor-widget elementor-widget-divider\" data-id=\"525322ac\" data-element_type=\"widget\" data-e-type=\"widget\" data-widget_type=\"divider.default\">\n\t\t\t\t<div class=\"elementor-widget-container\">\n\t\t\t\t\t\t\t<div class=\"elementor-divider\" style=\"--divider-pattern-url: url(&quot;data:image\/svg+xml,%3Csvg xmlns=&#039;http:\/\/www.w3.org\/2000\/svg&#039; preserveAspectRatio=&#039;xMidYMid meet&#039; overflow=&#039;visible&#039; height=&#039;100%&#039; viewBox=&#039;0 0 121 26&#039; fill=&#039;black&#039; stroke=&#039;none&#039;%3E%3Cpath d=&#039;M29.6,10.3l2.1,2.2l-3.6,3.3h7v2.9h-7l3.6,3.5l-2.1,1.7l-5.2-5.2h-5.8v-2.9h5.8L29.6,10.3z M70.9,9.6l2.1,1.7l-3.6,3.5h7v2.9h-7l3.6,3.3l-2.1,2.2l-5.2-5.5h-5.8v-2.9h5.8L70.9,9.6z M111.5,9.6l2.1,1.7l-3.6,3.5h7v2.9h-7l3.6,3.3l-2.1,2.2l-5.2-5.5h-5.8v-2.9h5.8L111.5,9.6z M50.2,2.7l2.1,1.7l-3.6,3.5h7v2.9h-7l3.6,3.3l-2.1,2.2L45,10.7h-5.8V7.9H45L50.2,2.7z M11,2l2.1,1.7L9.6,7.2h7V10h-7l3.6,3.3L11,15.5L5.8,10H0V7.2h5.8L11,2z M91.5,2l2.1,2.2l-3.6,3.3h7v2.9h-7l3.6,3.5l-2.1,1.7l-5.2-5.2h-5.8V7.5h5.8L91.5,2z&#039;\/%3E%3C\/svg%3E&quot;);\">\n\t\t\t<span class=\"elementor-divider-separator\">\n\t\t\t\t\t\t<\/span>\n\t\t<\/div>\n\t\t\t\t\t\t<\/div>\n\t\t\t\t<\/div>\n\t\t\t\t<\/div>\n\t\t<div class=\"elementor-element elementor-element-590db67e e-con-full e-flex e-con e-child\" data-id=\"590db67e\" data-element_type=\"container\" data-e-type=\"container\">\n\t\t\t\t<div class=\"elementor-element elementor-element-7f0fedd7 elementor-widget elementor-widget-text-editor\" data-id=\"7f0fedd7\" data-element_type=\"widget\" data-e-type=\"widget\" data-widget_type=\"text-editor.default\">\n\t\t\t\t<div class=\"elementor-widget-container\">\n\t\t\t\t\t\t\t\t\t<p><span style=\"text-decoration: underline;\">Dim. 23 mai 2021<\/span> : Balade et ornitho dans le marais breton, autour du Marais Neuf, le Daviaud o\u00f9 nichent sternes Pierregarins, Avocettes avec poussins, Mouettes rieuses avec poussins, mouettes m\u00e9lanoc\u00e9phales et Tadornes.<br \/>Visite du Port du Bec, puis Port des champs et Port des brochets.<br \/><span style=\"text-decoration: underline;\">Lun. 24 mai 2021<\/span> : Ornitho dans le marais \u00e0 l&rsquo;est du \u00ab\u00a0Pr\u00e9s clos\u00a0\u00bb sous la pluie. Premi\u00e8re observation du hibou des marais habitant le coin. Port du collet, Marais de Lyarne (balade dans la r\u00e9serve et sur la voie verte de Moutiers-en-Retz) en Loire-Atlantique. Arr\u00eat \u00e0 l&rsquo;observatoire du Daviaud et le marais du matin.<br \/><span style=\"text-decoration: underline;\">Mar. 25 mai 2021<\/span> : A nouveau ornitho au marais \u00e0 l&rsquo;est du \u00ab\u00a0Pr\u00e9s clos\u00a0\u00bb, Pointe St Gildas en Loire-Atlantique, Estuaire de la Loire \u00e0 St Brevin, Port La Roche (petite balade dans le marais), puis retour en Vend\u00e9e avec Bois de C\u00e9n\u00e9 et Chateauneuf, puis marais au sud-est de Beauvoir-sur-Mer. Ornitho au \u00ab\u00a0Pr\u00e9s clos\u00a0\u00bb.<br \/><span style=\"text-decoration: underline;\">Mer. 26 mai 2021<\/span> : Ile de Noirmoutier: balade du passage du gois jusqu&rsquo;au polder de S\u00e9bastopol o\u00f9 nichent des centaines de sternes Pierregarin, Caugek et mouettes m\u00e9lanoc\u00e9phales\/rieuses. Balade dans les dunes longeant la plage de Luz\u00e9ronde, Ornitho \u00e0 mar\u00e9e montante \u00e0 la pointe de l&rsquo;Herbaudi\u00e8re avec b\u00e9casseaux sanderling et tournepierres. Balade sur la jet\u00e9e Jacobsen dominant le marais de M\u00fcllenbourg \u00e0 Noirmoutier-en-l&rsquo;ile.<br \/><span style=\"text-decoration: underline;\">Jeu. 27 mai 2021<\/span> : Ile de Noirmoutier: Balade sur la plage pr\u00e9s de l&rsquo;\u00e9cole de voile de Barb\u00e2tre, Polder de S\u00e9bastopol, Balade sur le littoral au niveau du bois de la Chaise, Pointe de l&rsquo;Herbaudi\u00e8re.<br \/><span style=\"text-decoration: underline;\">Ven. 28 mai 2021<\/span> : Belle observation de deux hiboux des marais en train de parader dans le marais \u00e0 l&rsquo;est du \u00ab\u00a0Pr\u00e9s clos\u00a0\u00bb.<br \/>Tour du Lac de Grandlieu avec arr\u00eat aux rares points d&rsquo;acc\u00e8s au lac. Visite du petit mus\u00e9e \u00ab\u00a0La maison des p\u00eacheurs\u00a0\u00bb \u00e0 Passay.<br \/><span style=\"text-decoration: underline;\">Sam. 29 mai 2021<\/span> :\u00a0 Derni\u00e8res obs du hibou des marais et des barges \u00e0 queue noire au \u00ab\u00a0Pr\u00e9s clos\u00a0\u00bb.<\/p>\t\t\t\t\t\t\t\t<\/div>\n\t\t\t\t<\/div>\n\t\t\t\t<\/div>\n\t\t<div class=\"elementor-element elementor-element-7bb60e0a e-con-full e-flex e-con e-child\" data-id=\"7bb60e0a\" data-element_type=\"container\" data-e-type=\"container\">\n\t\t\t\t<div class=\"elementor-element elementor-element-47053efd elementor-widget-divider--separator-type-pattern elementor-widget-divider--no-spacing elementor-widget-divider--view-line elementor-widget elementor-widget-divider\" data-id=\"47053efd\" data-element_type=\"widget\" data-e-type=\"widget\" data-widget_type=\"divider.default\">\n\t\t\t\t<div class=\"elementor-widget-container\">\n\t\t\t\t\t\t\t<div class=\"elementor-divider\" style=\"--divider-pattern-url: url(&quot;data:image\/svg+xml,%3Csvg xmlns=&#039;http:\/\/www.w3.org\/2000\/svg&#039; preserveAspectRatio=&#039;xMidYMid meet&#039; overflow=&#039;visible&#039; height=&#039;100%&#039; viewBox=&#039;0 0 121 26&#039; fill=&#039;black&#039; stroke=&#039;none&#039;%3E%3Cpath d=&#039;M29.6,10.3l2.1,2.2l-3.6,3.3h7v2.9h-7l3.6,3.5l-2.1,1.7l-5.2-5.2h-5.8v-2.9h5.8L29.6,10.3z M70.9,9.6l2.1,1.7l-3.6,3.5h7v2.9h-7l3.6,3.3l-2.1,2.2l-5.2-5.5h-5.8v-2.9h5.8L70.9,9.6z M111.5,9.6l2.1,1.7l-3.6,3.5h7v2.9h-7l3.6,3.3l-2.1,2.2l-5.2-5.5h-5.8v-2.9h5.8L111.5,9.6z M50.2,2.7l2.1,1.7l-3.6,3.5h7v2.9h-7l3.6,3.3l-2.1,2.2L45,10.7h-5.8V7.9H45L50.2,2.7z M11,2l2.1,1.7L9.6,7.2h7V10h-7l3.6,3.3L11,15.5L5.8,10H0V7.2h5.8L11,2z M91.5,2l2.1,2.2l-3.6,3.3h7v2.9h-7l3.6,3.5l-2.1,1.7l-5.2-5.2h-5.8V7.5h5.8L91.5,2z&#039;\/%3E%3C\/svg%3E&quot;);\">\n\t\t\t<span class=\"elementor-divider-separator\">\n\t\t\t\t\t\t<\/span>\n\t\t<\/div>\n\t\t\t\t\t\t<\/div>\n\t\t\t\t<\/div>\n\t\t\t\t<\/div>\n\t\t<div class=\"elementor-element elementor-element-610ad1a5 e-con-full e-flex e-con e-child\" data-id=\"610ad1a5\" data-element_type=\"container\" data-e-type=\"container\">\n\t\t\t\t<div class=\"elementor-element elementor-element-79a39f0 elementor-widget elementor-widget-text-editor\" data-id=\"79a39f0\" data-element_type=\"widget\" data-e-type=\"widget\" data-widget_type=\"text-editor.default\">\n\t\t\t\t<div class=\"elementor-widget-container\">\n\t\t\t\t\t\t\t\t\t<p><strong><span style=\"text-decoration: underline;\">OBSERVATIONS OISEAUX (83 esp\u00e8ces)<\/span><\/strong> : 1 Bernache cravant, Tadornes de Belon, Canards colverts, Canards chipeaux, Canards souchets, Perdrix rouges, Grands Cormorans, H\u00e9rons garde-boeufs, Aigrettes garzettes, Grandes aigrettes, H\u00e9rons cendr\u00e9s, H\u00e9rons pourpr\u00e9s, Cigognes blanches, Ibis falcinelles, Spatules blanches, Milans noirs, Busards des roseaux, Busards cendr\u00e9s, Buses variables, Faucons cr\u00e9cerelles, Poules d&rsquo;eau, Foulques macroules, 1 huitrier pie, Avocettes \u00e9l\u00e9gantes, Echasses blanches, Grands gravelots, Vanneaux hupp\u00e9s, Tournepierres \u00e0 collier, B\u00e9casseaux variables, B\u00e9casseaux sanderlings, Chevaliers gambettes, Barges \u00e0 queue noire, 1 barge rousse, Courlis corlieux, Mouettes rieuses, Mouettes m\u00e9lanoc\u00e9phales, Go\u00e9lands argent\u00e9s, Go\u00e9lands marins, 1 mouette tridactyle, Sternes Caugeks, Sternes Pierregarins, Pigeons ramiers, Tourterelles des bois, Coucous gris, Hibous des marais, Martinets noirs, Huppes fasci\u00e9es, Martins p\u00e9cheurs, Alouettes des champs, Hirondelles de rivages, Hirondelles rustiques, Hirondelles de fen\u00eatres, Bergeronnettes grises, Bergeronnettes printanni\u00e8res, Rouge-Gorges familiers, Rossignols philom\u00e8les, Rouge-queues noirs, Traquets motteux, Tarriers p\u00e2tres, Grives draines, Merles noirs, Fauvettes \u00e0 t\u00eate noire, Fauvettes grisettes, Rousserolles \u00e9ffarvattes, Hypolais polyglottes, Pouillots v\u00e9loces, Troglodytes mignons, M\u00e9sanges charbonni\u00e8res, M\u00e9sanges bleues, M\u00e9sanges \u00e0 longue queue, 1 Pie-gri\u00e8che \u00e9corcheur, Pies bavardes, Geais des ch\u00eanes, Choucas des tours, Corneilles noires, Corbeaux freux, Etourneaux sansonnets, Moineaux domestiques, Pinsons des arbres, Linottes m\u00e9lodieuses, Chardonnerets \u00e9l\u00e9gants, Serins sinis, Bruants des roseaux<\/p>\t\t\t\t\t\t\t\t<\/div>\n\t\t\t\t<\/div>\n\t\t\t\t<\/div>\n\t\t<div class=\"elementor-element elementor-element-42dd4c24 e-con-full e-flex e-con e-child\" data-id=\"42dd4c24\" data-element_type=\"container\" data-e-type=\"container\">\n\t\t\t\t<div class=\"elementor-element elementor-element-1e3960c6 elementor-widget-divider--separator-type-pattern elementor-widget-divider--no-spacing elementor-widget-divider--view-line elementor-widget elementor-widget-divider\" data-id=\"1e3960c6\" data-element_type=\"widget\" data-e-type=\"widget\" data-widget_type=\"divider.default\">\n\t\t\t\t<div class=\"elementor-widget-container\">\n\t\t\t\t\t\t\t<div class=\"elementor-divider\" style=\"--divider-pattern-url: url(&quot;data:image\/svg+xml,%3Csvg xmlns=&#039;http:\/\/www.w3.org\/2000\/svg&#039; preserveAspectRatio=&#039;xMidYMid meet&#039; overflow=&#039;visible&#039; height=&#039;100%&#039; viewBox=&#039;0 0 121 26&#039; fill=&#039;black&#039; stroke=&#039;none&#039;%3E%3Cpath d=&#039;M29.6,10.3l2.1,2.2l-3.6,3.3h7v2.9h-7l3.6,3.5l-2.1,1.7l-5.2-5.2h-5.8v-2.9h5.8L29.6,10.3z M70.9,9.6l2.1,1.7l-3.6,3.5h7v2.9h-7l3.6,3.3l-2.1,2.2l-5.2-5.5h-5.8v-2.9h5.8L70.9,9.6z M111.5,9.6l2.1,1.7l-3.6,3.5h7v2.9h-7l3.6,3.3l-2.1,2.2l-5.2-5.5h-5.8v-2.9h5.8L111.5,9.6z M50.2,2.7l2.1,1.7l-3.6,3.5h7v2.9h-7l3.6,3.3l-2.1,2.2L45,10.7h-5.8V7.9H45L50.2,2.7z M11,2l2.1,1.7L9.6,7.2h7V10h-7l3.6,3.3L11,15.5L5.8,10H0V7.2h5.8L11,2z M91.5,2l2.1,2.2l-3.6,3.3h7v2.9h-7l3.6,3.5l-2.1,1.7l-5.2-5.2h-5.8V7.5h5.8L91.5,2z&#039;\/%3E%3C\/svg%3E&quot;);\">\n\t\t\t<span class=\"elementor-divider-separator\">\n\t\t\t\t\t\t<\/span>\n\t\t<\/div>\n\t\t\t\t\t\t<\/div>\n\t\t\t\t<\/div>\n\t\t\t\t<\/div>\n\t\t\t\t\t<\/div>\n\t\t\t\t<\/div>\n\t\t\t\t<\/div>\n\t\t","protected":false},"excerpt":{"rendered":"<p>Vend\u00e9e Carte Photos Loire-Atlantique Dim. 23 mai 2021 : Balade et ornitho dans le marais breton, autour du Marais Neuf, le Daviaud o\u00f9 nichent sternes Pierregarins, Avocettes avec poussins, Mouettes rieuses avec poussins, mouettes m\u00e9lanoc\u00e9phales et Tadornes.Visite du Port du Bec, puis Port des champs et Port des brochets.Lun. 24 mai 2021 : Ornitho dans [&hellip;]<\/p>\n","protected":false},"author":1,"featured_media":0,"parent":0,"menu_order":0,"comment_status":"closed","ping_status":"closed","template":"","meta":{"ocean_post_layout":"","ocean_both_sidebars_style":"","ocean_both_sidebars_content_width":0,"ocean_both_sidebars_sidebars_width":0,"ocean_sidebar":"","ocean_second_sidebar":"","ocean_disable_margins":"enable","ocean_add_body_class":"","ocean_shortcode_before_top_bar":"","ocean_shortcode_after_top_bar":"","ocean_shortcode_before_header":"","ocean_shortcode_after_header":"","ocean_has_shortcode":"","ocean_shortcode_after_title":"","ocean_shortcode_before_footer_widgets":"","ocean_shortcode_after_footer_widgets":"","ocean_shortcode_before_footer_bottom":"","ocean_shortcode_after_footer_bottom":"","ocean_display_top_bar":"default","ocean_display_header":"default","ocean_header_style":"","ocean_center_header_left_menu":"","ocean_custom_header_template":"","ocean_custom_logo":0,"ocean_custom_retina_logo":0,"ocean_custom_logo_max_width":0,"ocean_custom_logo_tablet_max_width":0,"ocean_custom_logo_mobile_max_width":0,"ocean_custom_logo_max_height":0,"ocean_custom_logo_tablet_max_height":0,"ocean_custom_logo_mobile_max_height":0,"ocean_header_custom_menu":"","ocean_menu_typo_font_family":"","ocean_menu_typo_font_subset":"","ocean_menu_typo_font_size":0,"ocean_menu_typo_font_size_tablet":0,"ocean_menu_typo_font_size_mobile":0,"ocean_menu_typo_font_size_unit":"px","ocean_menu_typo_font_weight":"","ocean_menu_typo_font_weight_tablet":"","ocean_menu_typo_font_weight_mobile":"","ocean_menu_typo_transform":"","ocean_menu_typo_transform_tablet":"","ocean_menu_typo_transform_mobile":"","ocean_menu_typo_line_height":0,"ocean_menu_typo_line_height_tablet":0,"ocean_menu_typo_line_height_mobile":0,"ocean_menu_typo_line_height_unit":"","ocean_menu_typo_spacing":0,"ocean_menu_typo_spacing_tablet":0,"ocean_menu_typo_spacing_mobile":0,"ocean_menu_typo_spacing_unit":"","ocean_menu_link_color":"","ocean_menu_link_color_hover":"","ocean_menu_link_color_active":"","ocean_menu_link_background":"","ocean_menu_link_hover_background":"","ocean_menu_link_active_background":"","ocean_menu_social_links_bg":"","ocean_menu_social_hover_links_bg":"","ocean_menu_social_links_color":"","ocean_menu_social_hover_links_color":"","ocean_disable_title":"default","ocean_disable_heading":"default","ocean_post_title":"","ocean_post_subheading":"","ocean_post_title_style":"","ocean_post_title_background_color":"","ocean_post_title_background":0,"ocean_post_title_bg_image_position":"","ocean_post_title_bg_image_attachment":"","ocean_post_title_bg_image_repeat":"","ocean_post_title_bg_image_size":"","ocean_post_title_height":0,"ocean_post_title_bg_overlay":0.5,"ocean_post_title_bg_overlay_color":"","ocean_disable_breadcrumbs":"default","ocean_breadcrumbs_color":"","ocean_breadcrumbs_separator_color":"","ocean_breadcrumbs_links_color":"","ocean_breadcrumbs_links_hover_color":"","ocean_display_footer_widgets":"default","ocean_display_footer_bottom":"default","ocean_custom_footer_template":"","footnotes":""},"class_list":["post-20455","page","type-page","status-publish","hentry","entry"],"_links":{"self":[{"href":"https:\/\/carole-pascal.fr\/WORDPRESS\/wp-json\/wp\/v2\/pages\/20455","targetHints":{"allow":["GET"]}}],"collection":[{"href":"https:\/\/carole-pascal.fr\/WORDPRESS\/wp-json\/wp\/v2\/pages"}],"about":[{"href":"https:\/\/carole-pascal.fr\/WORDPRESS\/wp-json\/wp\/v2\/types\/page"}],"author":[{"embeddable":true,"href":"https:\/\/carole-pascal.fr\/WORDPRESS\/wp-json\/wp\/v2\/users\/1"}],"replies":[{"embeddable":true,"href":"https:\/\/carole-pascal.fr\/WORDPRESS\/wp-json\/wp\/v2\/comments?post=20455"}],"version-history":[{"count":0,"href":"https:\/\/carole-pascal.fr\/WORDPRESS\/wp-json\/wp\/v2\/pages\/20455\/revisions"}],"wp:attachment":[{"href":"https:\/\/carole-pascal.fr\/WORDPRESS\/wp-json\/wp\/v2\/media?parent=20455"}],"curies":[{"name":"wp","href":"https:\/\/api.w.org\/{rel}","templated":true}]}}