{"id":21896,"date":"2024-02-01T16:10:54","date_gmt":"2024-02-01T15:10:54","guid":{"rendered":"https:\/\/carole-pascal.fr\/WORDPRESS\/?page_id=21896"},"modified":"2024-02-01T16:14:09","modified_gmt":"2024-02-01T15:14:09","slug":"iles-falkland-malouines-01-au-15-fevrier-2020-informations","status":"publish","type":"page","link":"https:\/\/carole-pascal.fr\/WORDPRESS\/iles-falkland-malouines-01-au-15-fevrier-2020-informations\/","title":{"rendered":"Iles Falkland (Malouines) \u2013 01 au 15 f\u00e9vrier 2020 &#8211; Informations"},"content":{"rendered":"\t\t<div data-elementor-type=\"wp-page\" data-elementor-id=\"21896\" class=\"elementor elementor-21896\">\n\t\t\t\t<div class=\"elementor-element elementor-element-2afb1815 e-flex e-con-boxed e-con e-parent\" data-id=\"2afb1815\" data-element_type=\"container\" data-e-type=\"container\">\n\t\t\t\t\t<div class=\"e-con-inner\">\n\t\t\t\t<div class=\"elementor-element elementor-element-5f3df318 elementor-align-center elementor-widget elementor-widget-button\" data-id=\"5f3df318\" data-element_type=\"widget\" data-e-type=\"widget\" data-widget_type=\"button.default\">\n\t\t\t\t<div class=\"elementor-widget-container\">\n\t\t\t\t\t\t\t\t\t<div class=\"elementor-button-wrapper\">\n\t\t\t\t\t<a class=\"elementor-button elementor-button-link elementor-size-sm\" href=\"https:\/\/carole-pascal.fr\/WORDPRESS\/iles-falkland-malouines-01-au-15-fevrier-2020\/\">\n\t\t\t\t\t\t<span class=\"elementor-button-content-wrapper\">\n\t\t\t\t\t\t\t\t\t<span class=\"elementor-button-text\">Revenir au menu pr\u00e9c\u00e9dent<\/span>\n\t\t\t\t\t<\/span>\n\t\t\t\t\t<\/a>\n\t\t\t\t<\/div>\n\t\t\t\t\t\t\t\t<\/div>\n\t\t\t\t<\/div>\n\t\t\t\t\t<\/div>\n\t\t\t\t<\/div>\n\t\t<div class=\"elementor-element elementor-element-7c8b967 e-flex e-con-boxed e-con e-parent\" data-id=\"7c8b967\" data-element_type=\"container\" data-e-type=\"container\">\n\t\t\t\t\t<div class=\"e-con-inner\">\n\t\t\t\t<div class=\"elementor-element elementor-element-4a3f6d1 elementor-widget elementor-widget-text-editor\" data-id=\"4a3f6d1\" data-element_type=\"widget\" data-e-type=\"widget\" data-widget_type=\"text-editor.default\">\n\t\t\t\t<div class=\"elementor-widget-container\">\n\t\t\t\t\t\t\t\t\t<p><a href=\"https:\/\/carole-pascal.fr\/WORDPRESS\/wp-content\/uploads\/2024\/02\/OurHistory.pdf\" target=\"_blank\" rel=\"noopener\">Brochure (en anglais) sur l&rsquo;histoire des Falklands<\/a><\/p><p>Les \u00eeles Malouines ou \u00eeles Falkland (Falkland Islands en anglais, Islas Malvinas en espagnol) sont un archipel de l&rsquo;Atlantique Sud situ\u00e9 \u00e0 399 km au nord-est de l&rsquo;extr\u00e9mit\u00e9 orientale de la Terre de Feu et \u00e0 1 216 km de l&rsquo;extr\u00e9mit\u00e9 nord de la p\u00e9ninsule Antarctique. Elles forment un territoire britannique d&rsquo;outre-mer. Elles sont revendiqu\u00e9es par l&rsquo;Argentine et ont \u00e9t\u00e9 l&rsquo;enjeu d&rsquo;un affrontement militaire, la guerre des Malouines, entre les deux pays en 1982. L&rsquo;archipel est compos\u00e9 de deux \u00eeles principales, la Grande Malouine et la Malouine orientale s\u00e9par\u00e9es par un large chenal, le d\u00e9troit des Malouines (Falkland Sound en anglais, Estrecho de San Carlos en espagnol), ainsi que de plus de 750 \u00eeles et \u00eelots. La superficie de l&rsquo;archipel est de 12 173 km2 (superficie \u00e9quivalente \u00e0 celle de l&rsquo;Irlande du Nord), pour une population d&rsquo;environ 3 000 habitants (Malouins), dont les deux tiers r\u00e9sident dans la capitale Port Stanley.<\/p><p>D\u00e9sertes jusqu&rsquo;\u00e0 leur d\u00e9couverte par les Europ\u00e9ens au XVIe si\u00e8cle, les \u00eeles Malouines sont colonis\u00e9es en 1764 sous la direction du fran\u00e7ais Louis-Antoine de Bougainville mais passent quelques ann\u00e9es plus tard sous souverainet\u00e9 espagnole. Elles font ensuite l&rsquo;objet de revendications territoriales de l&rsquo;Espagne et du Royaume-Uni, ce qui conduit \u00e0 une crise diplomatique, la crise des Malouines de 1770, conclue par un compromis entre les deux \u00c9tats. Apr\u00e8s son ind\u00e9pendance de l&rsquo;Espagne en 1816, l&rsquo;Argentine se proclame h\u00e9riti\u00e8re de la souverainet\u00e9 espagnole sur les \u00eeles Malouines, situ\u00e9es au large de ses c\u00f4tes. Le Royaume-Uni contr\u00f4le cependant l&rsquo;archipel \u00e0 partir de 1833, et y installe progressivement des colons d&rsquo;origine britannique. Il maintient sa domination sur les \u00eeles pendant la Premi\u00e8re Guerre mondiale, en remportant la bataille des Falklands contre la marine imp\u00e9riale allemande. L&rsquo;Argentine conteste la souverainet\u00e9 britannique sur les \u00eeles Malouines, et tente d&rsquo;en prendre le contr\u00f4le par les armes en 1982 : c&rsquo;est la guerre des Malouines, dont le Royaume-Uni sort vainqueur. Le gouvernement argentin maintient ses revendications territoriales sur l&rsquo;archipel. Un r\u00e9f\u00e9rendum d&rsquo;auto-d\u00e9termination a lieu en mars 2013 pour permettre aux habitants de choisir leur statut, une consultation par laquelle ceux-ci choisissent \u00e0 98,8 % de conserver le statut de territoire britannique d&rsquo;outre-mer, mais ce r\u00e9f\u00e9rendum n&rsquo;est pas reconnu par les autorit\u00e9s argentines, qui le jugent ill\u00e9gitime.<\/p><p>Il existe deux \u00eeles principales, Malouine orientale (East Falkland) et Grande Malouine (West Falkland) et environ 776 plus petites \u00eeles ou \u00eelots dont l&rsquo;\u00eele Bobs. L&rsquo;ensemble repr\u00e9sente une surface de 12 173 km2. Les \u00eeles sont situ\u00e9es \u00e0 343 km de l&rsquo;\u00eele argentine des \u00c9tats, \u00e0 463 km de la c\u00f4te continentale de l&rsquo;Argentine, \u00e0 489 km du Chili, \u00e0 928 km de l&rsquo;Antarctique et \u00e0 1 078 km \u00e0 l&rsquo;ouest des Shag Rocks de la G\u00e9orgie du Sud. La G\u00e9orgie du Sud et les \u00eeles Sandwich du Sud sont sous la m\u00eame juridiction que les \u00eeles Malouines. La c\u00f4te a une longueur estim\u00e9e de 1 288 km. Les deux \u00eeles principales se trouvent de chaque c\u00f4t\u00e9 du d\u00e9troit des Malouines.<br \/>La Malouine orientale abrite la capitale et la grande majorit\u00e9 de la population. Les deux \u00eeles ont des cha\u00eenes de montagnes, le plus haut point de l&rsquo;archipel \u00e9tant le mont Usborne, 705 m\u00e8tres, sur la Malouine orientale. Il y a aussi des plaines mar\u00e9cageuses, principalement en Lafonia, dans la moiti\u00e9 sud de la Malouine orientale. Pratiquement l&rsquo;int\u00e9gralit\u00e9 du territoire sert de zone de p\u00e2turage pour les moutons. Plusieurs plus petites \u00eeles entourent les \u00eeles principales dont Barren, Beaver, Bleaker, Carcass, George, Keppel, Lively, New, Pebble, Saunders, \u00eele des Lions de mer, Speedwell, Staats, Weddell (la troisi\u00e8me plus grande \u00eele de l&rsquo;archipel) et West Point.<br \/>Les \u00eeles Jason se trouvent au nord-ouest de l&rsquo;archipel et l&rsquo;\u00eele Beauch\u00eane plus au sud. Speedwell Island et l&rsquo;\u00eele George sont s\u00e9par\u00e9es de la Malouine orientale par le passage Eagle (en). L&rsquo;archipel revendique des eaux territoriales \u00e0 12 milles nautiques (22,2 km) et une zone \u00e9conomique exclusive de 200 milles nautiques (370,4 km), qui est une source de d\u00e9saccord avec l&rsquo;Argentine. Quelques toponymes sont d&rsquo;origine francophone et hispanique comme : Cape Bougainville, Sound Choiseul, Chartres, Port Louis, Malo River, San Carlos, Port San Carlos, Salvador\u2026<\/p><p>Entour\u00e9es des eaux froides de l&rsquo;Atlantique Sud, les \u00eeles Malouines ont un climat oc\u00e9anique sub-arctique qui est tr\u00e8s influenc\u00e9 par l&rsquo;oc\u00e9an comme le montre la faible amplitude des temp\u00e9ratures annuelles. La temp\u00e9rature maximale moyenne est 13 \u00b0C en janvier et 4 \u00b0C en juillet. La pluviom\u00e9trie annuelle moyenne est 573,6 millim\u00e8tres, la partie Est des \u00eeles Malouines \u00e9tant g\u00e9n\u00e9ralement plus humide que la partie Ouest. L&rsquo;humidit\u00e9 est \u00e9lev\u00e9e, et les vents sont plut\u00f4t forts. La neige est rare mais peut survenir \u00e0 tout moment de l&rsquo;ann\u00e9e. Les temp\u00eates sont fr\u00e9quentes, particuli\u00e8rement en hiver.<\/p><p>Les principales activit\u00e9s sont la p\u00eache et l&rsquo;agriculture. Il existerait des r\u00e9serves substantielles, mais encore inexploit\u00e9es, de mati\u00e8res premi\u00e8res<\/p><p>Depuis la guerre de 1982, au cours de laquelle l&rsquo;archipel a d\u00e9clar\u00e9 une zone de p\u00eache exclusive, la p\u00eache (notamment des calmars) constitue la principale activit\u00e9 \u00e9conomique des \u00eeles Malouines. Le gouvernement vend des licences de p\u00eache \u00e0 des navires europ\u00e9ens, qui rapportent plus de 140 millions de livres par an de revenus. Il existe aussi une p\u00eache locale. Plus de 75 % des prises sont du calmar, principalement export\u00e9 vers l&rsquo;Espagne. L&rsquo;\u00e9levage de moutons est la principale activit\u00e9 des habitants de l&rsquo;\u00eele (en 2002, on recensait 583 000 moutons sur l&rsquo;archipel) apportant une importante source de revenus avec l&rsquo;exportation de laine de haute qualit\u00e9 vers Londres.<br \/>Le tourisme a fortement progress\u00e9, avec 60 000 visiteurs en 2009. Les \u00eeles sont devenues un port r\u00e9gulier des paquebots dans le march\u00e9 croissant des croisi\u00e8res australes. Il existe deux lignes a\u00e9riennes r\u00e9guli\u00e8res, \u00e0 Santiago (Chili, passant par Punta Arenas) et \u00e0 RAF Brize Norton (Grande-Bretagne, passant par l&rsquo;Ascension). Mais, l&rsquo;Argentine fermant toujours son espace a\u00e9rien au transport vers les Malouines, la plupart des touristes arrivent en bateau. Il comprend des visites de l&rsquo;\u00eele, de sa faune sauvage (principalement manchots, oiseaux marins, otaries et lions de mer), des champs de bataille de la guerre des Malouines, du golf, de la p\u00eache et de la plong\u00e9e sur \u00e9paves. Le tourisme est la seconde activit\u00e9 \u00e9conomique des \u00eeles, g\u00e9n\u00e9rant 7 millions de livres par an. La plus grande compagnie du territoire est la Falkland Islands Company (FIC), une soci\u00e9t\u00e9 cot\u00e9e \u00e0 la Bourse de Londres. Elle est responsable de la majorit\u00e9 de l&rsquo;activit\u00e9 \u00e9conomique de l&rsquo;archipel, bien que ses fermes aient \u00e9t\u00e9 vendues en 1991 au Gouvernement des \u00eeles Falkland. La FIC op\u00e8re maintenant dans le commerce \u00e0 Port Stanley et dans les services portuaires et les activit\u00e9s de transport maritime<\/p>\t\t\t\t\t\t\t\t<\/div>\n\t\t\t\t<\/div>\n\t\t\t\t\t<\/div>\n\t\t\t\t<\/div>\n\t\t\t\t<\/div>\n\t\t","protected":false},"excerpt":{"rendered":"<p>Revenir au menu pr\u00e9c\u00e9dent Brochure (en anglais) sur l&rsquo;histoire des Falklands Les \u00eeles Malouines ou \u00eeles Falkland (Falkland Islands en anglais, Islas Malvinas en espagnol) sont un archipel de l&rsquo;Atlantique Sud situ\u00e9 \u00e0 399 km au nord-est de l&rsquo;extr\u00e9mit\u00e9 orientale de la Terre de Feu et \u00e0 1 216 km de l&rsquo;extr\u00e9mit\u00e9 nord de la [&hellip;]<\/p>\n","protected":false},"author":1,"featured_media":0,"parent":0,"menu_order":0,"comment_status":"closed","ping_status":"closed","template":"","meta":{"ocean_post_layout":"","ocean_both_sidebars_style":"","ocean_both_sidebars_content_width":0,"ocean_both_sidebars_sidebars_width":0,"ocean_sidebar":"","ocean_second_sidebar":"","ocean_disable_margins":"enable","ocean_add_body_class":"","ocean_shortcode_before_top_bar":"","ocean_shortcode_after_top_bar":"","ocean_shortcode_before_header":"","ocean_shortcode_after_header":"","ocean_has_shortcode":"","ocean_shortcode_after_title":"","ocean_shortcode_before_footer_widgets":"","ocean_shortcode_after_footer_widgets":"","ocean_shortcode_before_footer_bottom":"","ocean_shortcode_after_footer_bottom":"","ocean_display_top_bar":"default","ocean_display_header":"default","ocean_header_style":"","ocean_center_header_left_menu":"","ocean_custom_header_template":"","ocean_custom_logo":0,"ocean_custom_retina_logo":0,"ocean_custom_logo_max_width":0,"ocean_custom_logo_tablet_max_width":0,"ocean_custom_logo_mobile_max_width":0,"ocean_custom_logo_max_height":0,"ocean_custom_logo_tablet_max_height":0,"ocean_custom_logo_mobile_max_height":0,"ocean_header_custom_menu":"","ocean_menu_typo_font_family":"","ocean_menu_typo_font_subset":"","ocean_menu_typo_font_size":0,"ocean_menu_typo_font_size_tablet":0,"ocean_menu_typo_font_size_mobile":0,"ocean_menu_typo_font_size_unit":"px","ocean_menu_typo_font_weight":"","ocean_menu_typo_font_weight_tablet":"","ocean_menu_typo_font_weight_mobile":"","ocean_menu_typo_transform":"","ocean_menu_typo_transform_tablet":"","ocean_menu_typo_transform_mobile":"","ocean_menu_typo_line_height":0,"ocean_menu_typo_line_height_tablet":0,"ocean_menu_typo_line_height_mobile":0,"ocean_menu_typo_line_height_unit":"","ocean_menu_typo_spacing":0,"ocean_menu_typo_spacing_tablet":0,"ocean_menu_typo_spacing_mobile":0,"ocean_menu_typo_spacing_unit":"","ocean_menu_link_color":"","ocean_menu_link_color_hover":"","ocean_menu_link_color_active":"","ocean_menu_link_background":"","ocean_menu_link_hover_background":"","ocean_menu_link_active_background":"","ocean_menu_social_links_bg":"","ocean_menu_social_hover_links_bg":"","ocean_menu_social_links_color":"","ocean_menu_social_hover_links_color":"","ocean_disable_title":"default","ocean_disable_heading":"default","ocean_post_title":"","ocean_post_subheading":"","ocean_post_title_style":"","ocean_post_title_background_color":"","ocean_post_title_background":0,"ocean_post_title_bg_image_position":"","ocean_post_title_bg_image_attachment":"","ocean_post_title_bg_image_repeat":"","ocean_post_title_bg_image_size":"","ocean_post_title_height":0,"ocean_post_title_bg_overlay":0.5,"ocean_post_title_bg_overlay_color":"","ocean_disable_breadcrumbs":"default","ocean_breadcrumbs_color":"","ocean_breadcrumbs_separator_color":"","ocean_breadcrumbs_links_color":"","ocean_breadcrumbs_links_hover_color":"","ocean_display_footer_widgets":"default","ocean_display_footer_bottom":"default","ocean_custom_footer_template":"","footnotes":""},"class_list":["post-21896","page","type-page","status-publish","hentry","entry"],"_links":{"self":[{"href":"https:\/\/carole-pascal.fr\/WORDPRESS\/wp-json\/wp\/v2\/pages\/21896","targetHints":{"allow":["GET"]}}],"collection":[{"href":"https:\/\/carole-pascal.fr\/WORDPRESS\/wp-json\/wp\/v2\/pages"}],"about":[{"href":"https:\/\/carole-pascal.fr\/WORDPRESS\/wp-json\/wp\/v2\/types\/page"}],"author":[{"embeddable":true,"href":"https:\/\/carole-pascal.fr\/WORDPRESS\/wp-json\/wp\/v2\/users\/1"}],"replies":[{"embeddable":true,"href":"https:\/\/carole-pascal.fr\/WORDPRESS\/wp-json\/wp\/v2\/comments?post=21896"}],"version-history":[{"count":0,"href":"https:\/\/carole-pascal.fr\/WORDPRESS\/wp-json\/wp\/v2\/pages\/21896\/revisions"}],"wp:attachment":[{"href":"https:\/\/carole-pascal.fr\/WORDPRESS\/wp-json\/wp\/v2\/media?parent=21896"}],"curies":[{"name":"wp","href":"https:\/\/api.w.org\/{rel}","templated":true}]}}