{"id":28898,"date":"2024-03-04T14:35:44","date_gmt":"2024-03-04T13:35:44","guid":{"rendered":"https:\/\/carole-pascal.fr\/WORDPRESS\/?page_id=28898"},"modified":"2024-03-04T14:36:32","modified_gmt":"2024-03-04T13:36:32","slug":"aubrac-15-au-22-juin-2019-observations","status":"publish","type":"page","link":"https:\/\/carole-pascal.fr\/WORDPRESS\/aubrac-15-au-22-juin-2019-observations\/","title":{"rendered":"Aubrac \u2013 15 au 22 juin 2019 &#8211; Observations"},"content":{"rendered":"\t\t<div data-elementor-type=\"wp-page\" data-elementor-id=\"28898\" class=\"elementor elementor-28898\">\n\t\t\t\t<div class=\"elementor-element elementor-element-58ad6437 e-flex e-con-boxed e-con e-parent\" data-id=\"58ad6437\" data-element_type=\"container\" data-e-type=\"container\">\n\t\t\t\t\t<div class=\"e-con-inner\">\n\t\t\t\t<div class=\"elementor-element elementor-element-151a4d4d elementor-align-center elementor-widget elementor-widget-button\" data-id=\"151a4d4d\" data-element_type=\"widget\" data-e-type=\"widget\" data-widget_type=\"button.default\">\n\t\t\t\t<div class=\"elementor-widget-container\">\n\t\t\t\t\t\t\t\t\t<div class=\"elementor-button-wrapper\">\n\t\t\t\t\t<a class=\"elementor-button elementor-button-link elementor-size-sm\" href=\"https:\/\/carole-pascal.fr\/WORDPRESS\/aubrac-15-au-22-juin-2019\/\">\n\t\t\t\t\t\t<span class=\"elementor-button-content-wrapper\">\n\t\t\t\t\t\t\t\t\t<span class=\"elementor-button-text\">Revenir au menu pr\u00e9c\u00e9dent<\/span>\n\t\t\t\t\t<\/span>\n\t\t\t\t\t<\/a>\n\t\t\t\t<\/div>\n\t\t\t\t\t\t\t\t<\/div>\n\t\t\t\t<\/div>\n\t\t\t\t\t<\/div>\n\t\t\t\t<\/div>\n\t\t<div class=\"elementor-element elementor-element-f977208 e-flex e-con-boxed e-con e-parent\" data-id=\"f977208\" data-element_type=\"container\" data-e-type=\"container\">\n\t\t\t\t\t<div class=\"e-con-inner\">\n\t\t\t\t<div class=\"elementor-element elementor-element-758abf6 elementor-widget elementor-widget-text-editor\" data-id=\"758abf6\" data-element_type=\"widget\" data-e-type=\"widget\" data-widget_type=\"text-editor.default\">\n\t\t\t\t<div class=\"elementor-widget-container\">\n\t\t\t\t\t\t\t\t\t<p align=\"left\"><span style=\"color: #ffcc99; font-family: Verdana, Arial, Helvetica, sans-serif; font-size: medium;\"><u>Oiseaux<\/u> : Vautours fauves, 2 aigles royaux, Milans noirs, Milans royaux, Buses variables, Martinets noirs, Pics verts, Pics \u00e9peiches, Alouettes des champs, Alouettes lulu, Hirondelles de rochers, Hirondelles rustiques, Hirondelles de fen\u00eatres, Bergeronnettes grises, Bergeronnettes des ruisseaux, 1 accenteur mouchet, Rouges-gorges, Rouge-queues noirs, Traquets motteux, Tariers de pr\u00e9s, Tariers p\u00e2tres, Grives litornes, Merles noirs, Fauvettes \u00e0 t\u00eate noir, Fauvettes grisettes, Fauvettes des jardins, Pouillots v\u00e9loces, Roitelets hupp\u00e9s, M\u00e9sanges charbonni\u00e8res, M\u00e9sanges bleues, M\u00e9sanges hupp\u00e9es, 1 sittelle torchepot, 1 pie-gri\u00e8che grise, Pies-Gri\u00e8ches \u00e9corcheurs, Pies bavardes, Geais des ch\u00eanes, Choucas des tours, Grands corbeaux, Etourneaux sansonnets, Moineaux domestiques, Pinsons des arbres, Linottes m\u00e9lodieuses, Chardonnerets \u00e9l\u00e9gants, Serins cini, Bruants jaunes<\/span><\/p><p align=\"left\"><span style=\"color: #ffcc99; font-family: Verdana, Arial, Helvetica, sans-serif; font-size: medium;\">5 chevreuils, 1 jeune sanglier, Chauves souris, Papillons, Col\u00e9opt\u00e8res<\/span><\/p><p align=\"left\">\u00a0<\/p>\t\t\t\t\t\t\t\t<\/div>\n\t\t\t\t<\/div>\n\t\t\t\t\t<\/div>\n\t\t\t\t<\/div>\n\t\t\t\t<\/div>\n\t\t","protected":false},"excerpt":{"rendered":"<p>Revenir au menu pr\u00e9c\u00e9dent Oiseaux : Vautours fauves, 2 aigles royaux, Milans noirs, Milans royaux, Buses variables, Martinets noirs, Pics verts, Pics \u00e9peiches, Alouettes des champs, Alouettes lulu, Hirondelles de rochers, Hirondelles rustiques, Hirondelles de fen\u00eatres, Bergeronnettes grises, Bergeronnettes des ruisseaux, 1 accenteur mouchet, Rouges-gorges, Rouge-queues noirs, Traquets motteux, Tariers de pr\u00e9s, Tariers p\u00e2tres, Grives [&hellip;]<\/p>\n","protected":false},"author":1,"featured_media":0,"parent":0,"menu_order":0,"comment_status":"closed","ping_status":"closed","template":"","meta":{"ocean_post_layout":"","ocean_both_sidebars_style":"","ocean_both_sidebars_content_width":0,"ocean_both_sidebars_sidebars_width":0,"ocean_sidebar":"","ocean_second_sidebar":"","ocean_disable_margins":"enable","ocean_add_body_class":"","ocean_shortcode_before_top_bar":"","ocean_shortcode_after_top_bar":"","ocean_shortcode_before_header":"","ocean_shortcode_after_header":"","ocean_has_shortcode":"","ocean_shortcode_after_title":"","ocean_shortcode_before_footer_widgets":"","ocean_shortcode_after_footer_widgets":"","ocean_shortcode_before_footer_bottom":"","ocean_shortcode_after_footer_bottom":"","ocean_display_top_bar":"default","ocean_display_header":"default","ocean_header_style":"","ocean_center_header_left_menu":"","ocean_custom_header_template":"","ocean_custom_logo":0,"ocean_custom_retina_logo":0,"ocean_custom_logo_max_width":0,"ocean_custom_logo_tablet_max_width":0,"ocean_custom_logo_mobile_max_width":0,"ocean_custom_logo_max_height":0,"ocean_custom_logo_tablet_max_height":0,"ocean_custom_logo_mobile_max_height":0,"ocean_header_custom_menu":"","ocean_menu_typo_font_family":"","ocean_menu_typo_font_subset":"","ocean_menu_typo_font_size":0,"ocean_menu_typo_font_size_tablet":0,"ocean_menu_typo_font_size_mobile":0,"ocean_menu_typo_font_size_unit":"px","ocean_menu_typo_font_weight":"","ocean_menu_typo_font_weight_tablet":"","ocean_menu_typo_font_weight_mobile":"","ocean_menu_typo_transform":"","ocean_menu_typo_transform_tablet":"","ocean_menu_typo_transform_mobile":"","ocean_menu_typo_line_height":0,"ocean_menu_typo_line_height_tablet":0,"ocean_menu_typo_line_height_mobile":0,"ocean_menu_typo_line_height_unit":"","ocean_menu_typo_spacing":0,"ocean_menu_typo_spacing_tablet":0,"ocean_menu_typo_spacing_mobile":0,"ocean_menu_typo_spacing_unit":"","ocean_menu_link_color":"","ocean_menu_link_color_hover":"","ocean_menu_link_color_active":"","ocean_menu_link_background":"","ocean_menu_link_hover_background":"","ocean_menu_link_active_background":"","ocean_menu_social_links_bg":"","ocean_menu_social_hover_links_bg":"","ocean_menu_social_links_color":"","ocean_menu_social_hover_links_color":"","ocean_disable_title":"default","ocean_disable_heading":"default","ocean_post_title":"","ocean_post_subheading":"","ocean_post_title_style":"","ocean_post_title_background_color":"","ocean_post_title_background":0,"ocean_post_title_bg_image_position":"","ocean_post_title_bg_image_attachment":"","ocean_post_title_bg_image_repeat":"","ocean_post_title_bg_image_size":"","ocean_post_title_height":0,"ocean_post_title_bg_overlay":0.5,"ocean_post_title_bg_overlay_color":"","ocean_disable_breadcrumbs":"default","ocean_breadcrumbs_color":"","ocean_breadcrumbs_separator_color":"","ocean_breadcrumbs_links_color":"","ocean_breadcrumbs_links_hover_color":"","ocean_display_footer_widgets":"default","ocean_display_footer_bottom":"default","ocean_custom_footer_template":"","footnotes":""},"class_list":["post-28898","page","type-page","status-publish","hentry","entry"],"_links":{"self":[{"href":"https:\/\/carole-pascal.fr\/WORDPRESS\/wp-json\/wp\/v2\/pages\/28898","targetHints":{"allow":["GET"]}}],"collection":[{"href":"https:\/\/carole-pascal.fr\/WORDPRESS\/wp-json\/wp\/v2\/pages"}],"about":[{"href":"https:\/\/carole-pascal.fr\/WORDPRESS\/wp-json\/wp\/v2\/types\/page"}],"author":[{"embeddable":true,"href":"https:\/\/carole-pascal.fr\/WORDPRESS\/wp-json\/wp\/v2\/users\/1"}],"replies":[{"embeddable":true,"href":"https:\/\/carole-pascal.fr\/WORDPRESS\/wp-json\/wp\/v2\/comments?post=28898"}],"version-history":[{"count":0,"href":"https:\/\/carole-pascal.fr\/WORDPRESS\/wp-json\/wp\/v2\/pages\/28898\/revisions"}],"wp:attachment":[{"href":"https:\/\/carole-pascal.fr\/WORDPRESS\/wp-json\/wp\/v2\/media?parent=28898"}],"curies":[{"name":"wp","href":"https:\/\/api.w.org\/{rel}","templated":true}]}}