{"id":31525,"date":"2024-03-08T15:05:17","date_gmt":"2024-03-08T14:05:17","guid":{"rendered":"https:\/\/carole-pascal.fr\/WORDPRESS\/?page_id=31525"},"modified":"2024-03-08T15:08:47","modified_gmt":"2024-03-08T14:08:47","slug":"moscou-saint-petersbourg-russie-05-au-22-septembre-2019-cartes-et-informations","status":"publish","type":"page","link":"https:\/\/carole-pascal.fr\/WORDPRESS\/moscou-saint-petersbourg-russie-05-au-22-septembre-2019-cartes-et-informations\/","title":{"rendered":"Moscou \u2013 Saint-Petersbourg (Russie) \u2013 05 au 22 septembre 2019 &#8211; Cartes et Informations"},"content":{"rendered":"\t\t<div data-elementor-type=\"wp-page\" data-elementor-id=\"31525\" class=\"elementor elementor-31525\">\n\t\t\t\t<div class=\"elementor-element elementor-element-2aab7241 e-flex e-con-boxed e-con e-parent\" data-id=\"2aab7241\" data-element_type=\"container\" data-e-type=\"container\">\n\t\t\t\t\t<div class=\"e-con-inner\">\n\t\t\t\t<div class=\"elementor-element elementor-element-8191b38 elementor-align-center elementor-widget elementor-widget-button\" data-id=\"8191b38\" data-element_type=\"widget\" data-e-type=\"widget\" data-widget_type=\"button.default\">\n\t\t\t\t<div class=\"elementor-widget-container\">\n\t\t\t\t\t\t\t\t\t<div class=\"elementor-button-wrapper\">\n\t\t\t\t\t<a class=\"elementor-button elementor-button-link elementor-size-sm\" href=\"https:\/\/carole-pascal.fr\/WORDPRESS\/moscou-saint-petersbourg-russie-05-au-22-septembre-2019\/\">\n\t\t\t\t\t\t<span class=\"elementor-button-content-wrapper\">\n\t\t\t\t\t\t\t\t\t<span class=\"elementor-button-text\">Revenir au menu pr\u00e9c\u00e9dent<\/span>\n\t\t\t\t\t<\/span>\n\t\t\t\t\t<\/a>\n\t\t\t\t<\/div>\n\t\t\t\t\t\t\t\t<\/div>\n\t\t\t\t<\/div>\n\t\t\t\t\t<\/div>\n\t\t\t\t<\/div>\n\t\t<div class=\"elementor-element elementor-element-2304686 e-flex e-con-boxed e-con e-parent\" data-id=\"2304686\" data-element_type=\"container\" data-e-type=\"container\">\n\t\t\t\t\t<div class=\"e-con-inner\">\n\t\t\t\t<div class=\"elementor-element elementor-element-a88c686 elementor-widget elementor-widget-text-editor\" data-id=\"a88c686\" data-element_type=\"widget\" data-e-type=\"widget\" data-widget_type=\"text-editor.default\">\n\t\t\t\t<div class=\"elementor-widget-container\">\n\t\t\t\t\t\t\t\t\t<p><strong>Moscou et Saint Petersbourg par rapport \u00e0 l&rsquo;Europe<\/strong><\/p>\t\t\t\t\t\t\t\t<\/div>\n\t\t\t\t<\/div>\n\t\t\t\t\t<\/div>\n\t\t\t\t<\/div>\n\t\t<div class=\"elementor-element elementor-element-8dc7b02 e-flex e-con-boxed e-con e-parent\" data-id=\"8dc7b02\" data-element_type=\"container\" data-e-type=\"container\">\n\t\t\t\t\t<div class=\"e-con-inner\">\n\t\t\t\t<div class=\"elementor-element elementor-element-3a22873 elementor-widget elementor-widget-image\" data-id=\"3a22873\" data-element_type=\"widget\" data-e-type=\"widget\" data-widget_type=\"image.default\">\n\t\t\t\t<div class=\"elementor-widget-container\">\n\t\t\t\t\t\t\t\t\t\t\t\t\t\t\t<img fetchpriority=\"high\" width=\"1024\" height=\"611\"  class=\"attachment-large size-large wp-image-29859 lws-optimize-lazyload\" alt=\"\" srcset=\"https:\/\/carole-pascal.fr\/WORDPRESS\/wp-content\/uploads\/2024\/03\/Carte2-1024x611.png 1024w, https:\/\/carole-pascal.fr\/WORDPRESS\/wp-content\/uploads\/2024\/03\/Carte2-300x179.png 300w, https:\/\/carole-pascal.fr\/WORDPRESS\/wp-content\/uploads\/2024\/03\/Carte2-768x458.png 768w, https:\/\/carole-pascal.fr\/WORDPRESS\/wp-content\/uploads\/2024\/03\/Carte2.png 1127w\" sizes=\"(max-width: 1024px) 100vw, 1024px\" \/ data-src=\"https:\/\/carole-pascal.fr\/WORDPRESS\/wp-content\/uploads\/2024\/03\/Carte2-1024x611.png\">\t\t\t\t\t\t\t\t\t\t\t\t\t\t\t<\/div>\n\t\t\t\t<\/div>\n\t\t\t\t\t<\/div>\n\t\t\t\t<\/div>\n\t\t<div class=\"elementor-element elementor-element-050f968 e-flex e-con-boxed e-con e-parent\" data-id=\"050f968\" data-element_type=\"container\" data-e-type=\"container\">\n\t\t\t\t\t<div class=\"e-con-inner\">\n\t\t\t\t<div class=\"elementor-element elementor-element-9b392f1 elementor-widget elementor-widget-text-editor\" data-id=\"9b392f1\" data-element_type=\"widget\" data-e-type=\"widget\" data-widget_type=\"text-editor.default\">\n\t\t\t\t<div class=\"elementor-widget-container\">\n\t\t\t\t\t\t\t\t\t<p><strong><span style=\"color: #ffcc99; font-family: Verdana, Arial, Helvetica, sans-serif; font-size: medium;\">Moscou et Saint Petersbourg par rapport \u00e0 la f\u00e9d\u00e9ration de Russie<\/span><\/strong><\/p>\t\t\t\t\t\t\t\t<\/div>\n\t\t\t\t<\/div>\n\t\t\t\t\t<\/div>\n\t\t\t\t<\/div>\n\t\t<div class=\"elementor-element elementor-element-f47d246 e-flex e-con-boxed e-con e-parent\" data-id=\"f47d246\" data-element_type=\"container\" data-e-type=\"container\">\n\t\t\t\t\t<div class=\"e-con-inner\">\n\t\t\t\t<div class=\"elementor-element elementor-element-6550d54 elementor-widget elementor-widget-image\" data-id=\"6550d54\" data-element_type=\"widget\" data-e-type=\"widget\" data-widget_type=\"image.default\">\n\t\t\t\t<div class=\"elementor-widget-container\">\n\t\t\t\t\t\t\t\t\t\t\t\t\t\t\t<img width=\"707\" height=\"450\"  class=\"attachment-large size-large wp-image-29858 lws-optimize-lazyload\" alt=\"\" srcset=\"https:\/\/carole-pascal.fr\/WORDPRESS\/wp-content\/uploads\/2024\/03\/Carte.png 707w, https:\/\/carole-pascal.fr\/WORDPRESS\/wp-content\/uploads\/2024\/03\/Carte-300x191.png 300w\" sizes=\"(max-width: 707px) 100vw, 707px\" \/ data-src=\"https:\/\/carole-pascal.fr\/WORDPRESS\/wp-content\/uploads\/2024\/03\/Carte.png\">\t\t\t\t\t\t\t\t\t\t\t\t\t\t\t<\/div>\n\t\t\t\t<\/div>\n\t\t\t\t\t<\/div>\n\t\t\t\t<\/div>\n\t\t<div class=\"elementor-element elementor-element-4762cda e-flex e-con-boxed e-con e-parent\" data-id=\"4762cda\" data-element_type=\"container\" data-e-type=\"container\">\n\t\t\t\t\t<div class=\"e-con-inner\">\n\t\t\t\t<div class=\"elementor-element elementor-element-30828ab elementor-widget elementor-widget-text-editor\" data-id=\"30828ab\" data-element_type=\"widget\" data-e-type=\"widget\" data-widget_type=\"text-editor.default\">\n\t\t\t\t<div class=\"elementor-widget-container\">\n\t\t\t\t\t\t\t\t\t<p><span style=\"text-decoration: underline;\"><strong>MOSCOU<\/strong><\/span><br \/>Moscou est la capitale de la Russie et compte douze millions d&rsquo;habitants intra muros (2017) sur une superficie de 2510 km2 ce qui en fait la ville la plus peupl\u00e9e \u00e0 la fois du pays et d&rsquo;Europe. Sur le plan administratif Moscou fait partie du district f\u00e9d\u00e9ral central et a le statut de ville d&rsquo;importance f\u00e9d\u00e9rale qui lui donne le m\u00eame niveau d&rsquo;autonomie que les autres sujets de la Russie. Elle est quasiment enclav\u00e9e dans l&rsquo;oblast de Moscou, mais en est administrativement ind\u00e9pendante. Ses habitants sont les Moscovites.<br \/>Moscou se situe dans la partie europ\u00e9enne de la Russie au milieu d&rsquo;une r\u00e9gion de plaine. Sa latitude \u00e9lev\u00e9e lui vaut un climat froid et continental. Le Kremlin, son c\u0153ur historique, est \u00e9difi\u00e9 sur une colline qui domine la rive gauche de la rivi\u00e8re Moskova.<br \/>Moscou a jou\u00e9 un r\u00f4le central dans l&rsquo;histoire de la Russie. Petit point d&rsquo;appui militaire cr\u00e9\u00e9 vers 1150 dans le nord de la Rus&rsquo; de Kiev, elle prend progressivement le relais de Kiev, apr\u00e8s la d\u00e9composition politique de cet \u00c9tat et les invasions mongoles du XIIIe si\u00e8cle. Elle devient la capitale du Grand-duch\u00e9 de Moscou puis de l&rsquo;Empire russe qui \u00e9tend progressivement son territoire jusqu&rsquo;\u00e0 la fronti\u00e8re avec la Pologne \u00e0 l&rsquo;ouest, la Crim\u00e9e au sud et l&rsquo;oc\u00e9an Pacifique \u00e0 l&rsquo;est.<br \/>Elle perd son r\u00f4le de capitale au profit de Saint-P\u00e9tersbourg lorsque Pierre le Grand au d\u00e9but du XVIIIe si\u00e8cle d\u00e9cide de moderniser son pays \u00e0 marche forc\u00e9e. N\u00e9anmoins, au cours des XVIIIe et XIXe si\u00e8cles, Moscou devient un centre industriel majeur et le c\u0153ur du r\u00e9seau de communications ferr\u00e9 et routier d&rsquo;un pays qui compte d\u00e9sormais parmi les grandes puissances europ\u00e9ennes.<br \/>La R\u00e9volution d&rsquo;Octobre en 1917 redonne le r\u00f4le de capitale \u00e0 Moscou et met en place un r\u00e9gime communiste qui acc\u00e9l\u00e8re en deux d\u00e9cennies l&rsquo;industrialisation de la ville et quadruple la population qui passe de un \u00e0 quatre millions habitants. Ayant \u00e9chapp\u00e9 de peu \u00e0 l&rsquo;occupation allemande durant la Seconde Guerre mondiale, la ville renoue avec une croissance \u00e9conomique et d\u00e9mographique effr\u00e9n\u00e9e \u00e0 l&rsquo;issue de celle-ci. Elle devient la capitale d&rsquo;une des deux superpuissances mondiales.<br \/>L&rsquo;effondrement du r\u00e9gime communiste en 1991 entraine une profonde transformation de la ville qui abandonne presque compl\u00e8tement son r\u00f4le de centre industriel au profit d&rsquo;une position de p\u00f4le tertiaire compl\u00e8tement converti \u00e0 l&rsquo;\u00e9conomie de march\u00e9. La construction du Centre de commerce international de Moscou est le symbole de cette transformation. Moscou concentre une part particuli\u00e8rement importante de la richesse \u00e9conomique du pays : elle produit 25 % du PIB de la Russie.<br \/>La ville est le si\u00e8ge de nombreuses institutions universitaires et culturelles du pays. Mais cette mutation ne s&rsquo;est pas faite sans poser de probl\u00e8mes. Les \u00e9carts socio-\u00e9conomiques \u00e9tant devenus consid\u00e9rables : une part de la population s&rsquo;est fortement enrichie, tandis que l&rsquo;augmentation du co\u00fbt de la vie a aggrav\u00e9 les conditions de vie des plus modestes. Moscou a du mal \u00e0 adapter ses structures routi\u00e8res \u00e0 l&rsquo;explosion du parc des v\u00e9hicules des particuliers et \u00e0 une croissance d\u00e9mographique qui se poursuit dans un contexte national pourtant d\u00e9prim\u00e9 sur ce plan.<br \/>Moscou dispose d&rsquo;un important patrimoine artistique et architectural dont trois ensembles inscrits au Patrimoine mondial de l&rsquo;Unesco. Ce sont notamment le Kremlin avec ses palais et \u00e9glises, la cath\u00e9drale Saint-Basile-le-Bienheureux sur la place Rouge, la Galerie Tretiakov, le couvent de Novodievitchi, l&rsquo;\u00e9glise de Kolomensko\u00efe ainsi que les sept gratte-ciel staliniens.<\/p><p><span style=\"text-decoration: underline;\"><strong>SAINT PETERSBOURG<\/strong><\/span><br \/>Saint-P\u00e9tersbourg est la deuxi\u00e8me plus grande ville de Russie par sa population, avec 5 281 579 habitants en 2017, apr\u00e8s la capitale Moscou. Saint-P\u00e9tersbourg a le statut de ville d&rsquo;importance f\u00e9d\u00e9rale. La ville est enclav\u00e9e dans l&rsquo;oblast de L\u00e9ningrad, mais en est administrativement ind\u00e9pendante. Elle est situ\u00e9e dans le Nord-Ouest du pays sur le delta de la Neva, au fond du golfe de Finlande, un espace maritime de la mer Baltique.<br \/>Capitale de l&rsquo;Empire russe de 1712 jusqu&rsquo;en mars 1917, ainsi que de la Russie dirig\u00e9e par les deux gouvernements provisoires entre mars et octobre 1917, Saint-P\u00e9tersbourg a conserv\u00e9 de cette \u00e9poque un ensemble architectural unique.<br \/>Deuxi\u00e8me port russe sur la mer Baltique apr\u00e8s Primorsk, c&rsquo;est aussi un centre majeur de l&rsquo;industrie, de la recherche et de l&rsquo;enseignement russe ainsi qu&rsquo;un important centre culturel europ\u00e9en.<br \/>Saint-P\u00e9tersbourg a \u00e9t\u00e9 fond\u00e9e en 1703 par le tsar Pierre le Grand dans une r\u00e9gion disput\u00e9e depuis longtemps au royaume de Su\u00e8de. Par son urbanisme r\u00e9solument moderne et son esth\u00e9tique d&rsquo;origine \u00e9trang\u00e8re, la nouvelle ville devait permettre \u00e0 la Russie d\u2019\u00ab ouvrir une fen\u00eatre sur l&rsquo;Europe \u00bb et contribuer, selon le souhait du tsar, \u00e0 hisser la Russie au rang des grandes puissances europ\u00e9ennes. Le centre-ville, construit sur des directives des souverains russes, pr\u00e9sente une architecture unique qui m\u00e9lange des styles architecturaux (baroque, n\u00e9oclassique) acclimat\u00e9s de mani\u00e8re originale par des architectes souvent d&rsquo;origine italienne. Ses canaux et ses rivi\u00e8res bord\u00e9s de palais lui ont valu le surnom de \u00ab Venise de la Baltique \u00bb, et ses colonnades ou son \u00ab ordonnancement de perspectives, de palais, de b\u00e2timents, de parcs et d&rsquo;avenues \u00bb celui de \u00ab Palmyre du Nord \u00bb. La ville est inscrite sur la liste du patrimoine mondial de l&rsquo;Unesco depuis 1990.<br \/>De sa fondation jusqu&rsquo;au d\u00e9but du XXe si\u00e8cle, Saint-P\u00e9tersbourg a \u00e9t\u00e9 le principal centre intellectuel, scientifique et politique du pays. Au XIXe si\u00e8cle, la ville devient le principal port commercial et militaire de la Russie ainsi que le deuxi\u00e8me centre industriel du pays, apr\u00e8s Moscou. C&rsquo;est d&rsquo;ailleurs \u00e0 Saint-P\u00e9tersbourg qu&rsquo;\u00e9clate la r\u00e9volution russe de 1917 et o\u00f9 les bolcheviks triomphent. La ville conna\u00eet par la suite un certain d\u00e9clin. Au d\u00e9but des ann\u00e9es 1920, \u00e0 la suite du transfert de la capitale \u00e0 Moscou et de la guerre civile, le chiffre de la population s&rsquo;effondre ; celle-ci ne retrouve son niveau d&rsquo;avant 1914 qu&rsquo;\u00e0 la veille de la Seconde Guerre mondiale.<br \/>Le si\u00e8ge de pr\u00e8s de trois ans durant ce conflit d\u00e9cime \u00e0 nouveau sa population. Tomb\u00e9e \u00e0 moins d&rsquo;un million d&rsquo;habitants \u00e0 la sortie de la guerre, la ville se repeuple gr\u00e2ce \u00e0 l&rsquo;arriv\u00e9e de ressortissants d&rsquo;autres r\u00e9gions. Depuis cette \u00e9poque, Saint-P\u00e9tersbourg a r\u00e9guli\u00e8rement perdu de l&rsquo;influence par rapport \u00e0 Moscou, ph\u00e9nom\u00e8ne qui s&rsquo;est accentu\u00e9 depuis la lib\u00e9ralisation du syst\u00e8me \u00e9conomique russe. Saint-P\u00e9tersbourg a chang\u00e9 plusieurs fois d&rsquo;appellation : elle a \u00e9t\u00e9 rebaptis\u00e9e P\u00e9trograd de 1914 \u00e0 1924, puis L\u00e9ningrad de 1924 \u00e0 1991, avant de retrouver son nom d&rsquo;origine \u00e0 la suite d&rsquo;un r\u00e9f\u00e9rendum en 1991.<\/p>\t\t\t\t\t\t\t\t<\/div>\n\t\t\t\t<\/div>\n\t\t\t\t\t<\/div>\n\t\t\t\t<\/div>\n\t\t\t\t<\/div>\n\t\t","protected":false},"excerpt":{"rendered":"<p>Revenir au menu pr\u00e9c\u00e9dent Moscou et Saint Petersbourg par rapport \u00e0 l&rsquo;Europe Moscou et Saint Petersbourg par rapport \u00e0 la f\u00e9d\u00e9ration de Russie MOSCOUMoscou est la capitale de la Russie et compte douze millions d&rsquo;habitants intra muros (2017) sur une superficie de 2510 km2 ce qui en fait la ville la plus peupl\u00e9e \u00e0 la [&hellip;]<\/p>\n","protected":false},"author":1,"featured_media":0,"parent":0,"menu_order":0,"comment_status":"closed","ping_status":"closed","template":"","meta":{"ocean_post_layout":"","ocean_both_sidebars_style":"","ocean_both_sidebars_content_width":0,"ocean_both_sidebars_sidebars_width":0,"ocean_sidebar":"","ocean_second_sidebar":"","ocean_disable_margins":"enable","ocean_add_body_class":"","ocean_shortcode_before_top_bar":"","ocean_shortcode_after_top_bar":"","ocean_shortcode_before_header":"","ocean_shortcode_after_header":"","ocean_has_shortcode":"","ocean_shortcode_after_title":"","ocean_shortcode_before_footer_widgets":"","ocean_shortcode_after_footer_widgets":"","ocean_shortcode_before_footer_bottom":"","ocean_shortcode_after_footer_bottom":"","ocean_display_top_bar":"default","ocean_display_header":"default","ocean_header_style":"","ocean_center_header_left_menu":"","ocean_custom_header_template":"","ocean_custom_logo":0,"ocean_custom_retina_logo":0,"ocean_custom_logo_max_width":0,"ocean_custom_logo_tablet_max_width":0,"ocean_custom_logo_mobile_max_width":0,"ocean_custom_logo_max_height":0,"ocean_custom_logo_tablet_max_height":0,"ocean_custom_logo_mobile_max_height":0,"ocean_header_custom_menu":"","ocean_menu_typo_font_family":"","ocean_menu_typo_font_subset":"","ocean_menu_typo_font_size":0,"ocean_menu_typo_font_size_tablet":0,"ocean_menu_typo_font_size_mobile":0,"ocean_menu_typo_font_size_unit":"px","ocean_menu_typo_font_weight":"","ocean_menu_typo_font_weight_tablet":"","ocean_menu_typo_font_weight_mobile":"","ocean_menu_typo_transform":"","ocean_menu_typo_transform_tablet":"","ocean_menu_typo_transform_mobile":"","ocean_menu_typo_line_height":0,"ocean_menu_typo_line_height_tablet":0,"ocean_menu_typo_line_height_mobile":0,"ocean_menu_typo_line_height_unit":"","ocean_menu_typo_spacing":0,"ocean_menu_typo_spacing_tablet":0,"ocean_menu_typo_spacing_mobile":0,"ocean_menu_typo_spacing_unit":"","ocean_menu_link_color":"","ocean_menu_link_color_hover":"","ocean_menu_link_color_active":"","ocean_menu_link_background":"","ocean_menu_link_hover_background":"","ocean_menu_link_active_background":"","ocean_menu_social_links_bg":"","ocean_menu_social_hover_links_bg":"","ocean_menu_social_links_color":"","ocean_menu_social_hover_links_color":"","ocean_disable_title":"default","ocean_disable_heading":"default","ocean_post_title":"","ocean_post_subheading":"","ocean_post_title_style":"","ocean_post_title_background_color":"","ocean_post_title_background":0,"ocean_post_title_bg_image_position":"","ocean_post_title_bg_image_attachment":"","ocean_post_title_bg_image_repeat":"","ocean_post_title_bg_image_size":"","ocean_post_title_height":0,"ocean_post_title_bg_overlay":0.5,"ocean_post_title_bg_overlay_color":"","ocean_disable_breadcrumbs":"default","ocean_breadcrumbs_color":"","ocean_breadcrumbs_separator_color":"","ocean_breadcrumbs_links_color":"","ocean_breadcrumbs_links_hover_color":"","ocean_display_footer_widgets":"default","ocean_display_footer_bottom":"default","ocean_custom_footer_template":"","footnotes":""},"class_list":["post-31525","page","type-page","status-publish","hentry","entry"],"_links":{"self":[{"href":"https:\/\/carole-pascal.fr\/WORDPRESS\/wp-json\/wp\/v2\/pages\/31525","targetHints":{"allow":["GET"]}}],"collection":[{"href":"https:\/\/carole-pascal.fr\/WORDPRESS\/wp-json\/wp\/v2\/pages"}],"about":[{"href":"https:\/\/carole-pascal.fr\/WORDPRESS\/wp-json\/wp\/v2\/types\/page"}],"author":[{"embeddable":true,"href":"https:\/\/carole-pascal.fr\/WORDPRESS\/wp-json\/wp\/v2\/users\/1"}],"replies":[{"embeddable":true,"href":"https:\/\/carole-pascal.fr\/WORDPRESS\/wp-json\/wp\/v2\/comments?post=31525"}],"version-history":[{"count":0,"href":"https:\/\/carole-pascal.fr\/WORDPRESS\/wp-json\/wp\/v2\/pages\/31525\/revisions"}],"wp:attachment":[{"href":"https:\/\/carole-pascal.fr\/WORDPRESS\/wp-json\/wp\/v2\/media?parent=31525"}],"curies":[{"name":"wp","href":"https:\/\/api.w.org\/{rel}","templated":true}]}}