{"id":32626,"date":"2024-03-19T14:59:37","date_gmt":"2024-03-19T13:59:37","guid":{"rendered":"https:\/\/carole-pascal.fr\/WORDPRESS\/?page_id=32626"},"modified":"2024-03-19T15:06:06","modified_gmt":"2024-03-19T14:06:06","slug":"laponie-norvegienne-et-suedoise-19-au-26-mars-2018-informations","status":"publish","type":"page","link":"https:\/\/carole-pascal.fr\/WORDPRESS\/laponie-norvegienne-et-suedoise-19-au-26-mars-2018-informations\/","title":{"rendered":"Laponie norv\u00e9gienne et su\u00e9doise \u2013 19 au 26 mars 2018 &#8211; Informations"},"content":{"rendered":"\t\t<div data-elementor-type=\"wp-page\" data-elementor-id=\"32626\" class=\"elementor elementor-32626\">\n\t\t\t\t<div class=\"elementor-element elementor-element-4a3194d2 e-flex e-con-boxed e-con e-parent\" data-id=\"4a3194d2\" data-element_type=\"container\" data-e-type=\"container\">\n\t\t\t\t\t<div class=\"e-con-inner\">\n\t\t\t\t<div class=\"elementor-element elementor-element-1dcf3735 elementor-align-center elementor-widget elementor-widget-button\" data-id=\"1dcf3735\" data-element_type=\"widget\" data-e-type=\"widget\" data-widget_type=\"button.default\">\n\t\t\t\t<div class=\"elementor-widget-container\">\n\t\t\t\t\t\t\t\t\t<div class=\"elementor-button-wrapper\">\n\t\t\t\t\t<a class=\"elementor-button elementor-button-link elementor-size-sm\" href=\"https:\/\/carole-pascal.fr\/WORDPRESS\/laponie-norvegienne-et-suedoise-19-au-26-mars-2018\/\">\n\t\t\t\t\t\t<span class=\"elementor-button-content-wrapper\">\n\t\t\t\t\t\t\t\t\t<span class=\"elementor-button-text\">Revenir au menu pr\u00e9c\u00e9dent<\/span>\n\t\t\t\t\t<\/span>\n\t\t\t\t\t<\/a>\n\t\t\t\t<\/div>\n\t\t\t\t\t\t\t\t<\/div>\n\t\t\t\t<\/div>\n\t\t\t\t\t<\/div>\n\t\t\t\t<\/div>\n\t\t<div class=\"elementor-element elementor-element-bc9ff71 e-flex e-con-boxed e-con e-parent\" data-id=\"bc9ff71\" data-element_type=\"container\" data-e-type=\"container\">\n\t\t\t\t\t<div class=\"e-con-inner\">\n\t\t\t\t<div class=\"elementor-element elementor-element-25efad1 elementor-widget elementor-widget-text-editor\" data-id=\"25efad1\" data-element_type=\"widget\" data-e-type=\"widget\" data-widget_type=\"text-editor.default\">\n\t\t\t\t<div class=\"elementor-widget-container\">\n\t\t\t\t\t\t\t\t\t<p><span style=\"text-decoration: underline;\"><strong>La Laponie<\/strong> <\/span>(en same : S\u00e1pmi &#8211; en finnois : Lappi &#8211; en su\u00e9dois : Sameland \/ Lappland) est une r\u00e9gion transnationale situ\u00e9e dans le nord de la Fennoscandie, \u00e0 cheval sur les territoires norv\u00e9gien, su\u00e9dois, finlandais et russe, dont le peuple autochtone sont les Samis.<\/p>\t\t\t\t\t\t\t\t<\/div>\n\t\t\t\t<\/div>\n\t\t\t\t\t<\/div>\n\t\t\t\t<\/div>\n\t\t<div class=\"elementor-element elementor-element-f8325a2 e-flex e-con-boxed e-con e-parent\" data-id=\"f8325a2\" data-element_type=\"container\" data-e-type=\"container\">\n\t\t\t\t\t<div class=\"e-con-inner\">\n\t\t\t\t<div class=\"elementor-element elementor-element-4438f45 elementor-widget elementor-widget-image\" data-id=\"4438f45\" data-element_type=\"widget\" data-e-type=\"widget\" data-widget_type=\"image.default\">\n\t\t\t\t<div class=\"elementor-widget-container\">\n\t\t\t\t\t\t\t\t\t\t\t\t\t\t\t<img fetchpriority=\"high\" width=\"811\" height=\"789\"  class=\"attachment-large size-large wp-image-32557 lws-optimize-lazyload\" alt=\"\" srcset=\"https:\/\/carole-pascal.fr\/WORDPRESS\/wp-content\/uploads\/2024\/03\/Laponie.jpg 811w, https:\/\/carole-pascal.fr\/WORDPRESS\/wp-content\/uploads\/2024\/03\/Laponie-300x292.jpg 300w, https:\/\/carole-pascal.fr\/WORDPRESS\/wp-content\/uploads\/2024\/03\/Laponie-768x747.jpg 768w\" sizes=\"(max-width: 811px) 100vw, 811px\" \/ data-src=\"https:\/\/carole-pascal.fr\/WORDPRESS\/wp-content\/uploads\/2024\/03\/Laponie.jpg\">\t\t\t\t\t\t\t\t\t\t\t\t\t\t\t<\/div>\n\t\t\t\t<\/div>\n\t\t\t\t\t<\/div>\n\t\t\t\t<\/div>\n\t\t<div class=\"elementor-element elementor-element-bb5fb41 e-flex e-con-boxed e-con e-parent\" data-id=\"bb5fb41\" data-element_type=\"container\" data-e-type=\"container\">\n\t\t\t\t\t<div class=\"e-con-inner\">\n\t\t\t\t<div class=\"elementor-element elementor-element-a5a822f elementor-widget elementor-widget-text-editor\" data-id=\"a5a822f\" data-element_type=\"widget\" data-e-type=\"widget\" data-widget_type=\"text-editor.default\">\n\t\t\t\t<div class=\"elementor-widget-container\">\n\t\t\t\t\t\t\t\t\t<p>La temp\u00e9rature en Laponie peut varier de -40 \u00b0C en hiver (\u00e0 l&rsquo;int\u00e9rieur des terres) \u00e0 +27 \u00b0C l&rsquo;\u00e9t\u00e9. La v\u00e9g\u00e9tation locale est essentiellement une v\u00e9g\u00e9tation de ta\u00efga et de toundra. Cette r\u00e9gion est bord\u00e9e par l&rsquo;Atlantique nord et l&rsquo;oc\u00e9an glacial Arctique et \u00ab entrecoup\u00e9e \u00bb par la mer Baltique. Le courant du Gulf Stream permet aux r\u00e9gions c\u00f4ti\u00e8res (oc\u00e9aniques) de b\u00e9n\u00e9ficier de temp\u00e9ratures relativement cl\u00e9mentes en hiver (la mer n&rsquo;y g\u00e8le jamais, et les ports sont donc utilisables toute l&rsquo;ann\u00e9e, sans la moindre pr\u00e9sence d&rsquo;icebergs, malgr\u00e9 la latitude). C&rsquo;est pour cette m\u00eame raison que des villes comme Narvik, Troms\u00f8, Alta, Hammerfest (la plus septentrionale du monde) ou Mourmansk y ont \u00e9t\u00e9 b\u00e2ties.<\/p><p>Bien que la r\u00e9gion soit \u00e9galement habit\u00e9e par des Norv\u00e9giens, Su\u00e9dois, Finlandais et Russes, le peuple autochtone est le peuple des Samis (\u00e9galement appel\u00e9s p\u00e9jorativement Lapons), peuple dont le mode de vie est fond\u00e9 sur la transhumance de leurs troupeaux de rennes (les Samis sont toutefois \u00e9galement chasseurs, p\u00eacheurs et cueilleurs). Ce peuple, qui s&rsquo;est \u00e9tabli dans cette r\u00e9gion il y a 10 000 ans, a \u00e9t\u00e9 \u00e9vang\u00e9lis\u00e9 et les premi\u00e8res \u00e9glises de la r\u00e9gion furent construites au XIIe si\u00e8cle par les Norv\u00e9giens. Toutefois, l&rsquo;\u00e9vang\u00e9lisation ne fut achev\u00e9e que des centaines d&rsquo;ann\u00e9es plus tard, au XVIIIe si\u00e8cle, et les croyances animistes traditionnelles subsistent toujours actuellement.<\/p><p>L&rsquo;\u00e9levage du renne ne fait vivre aujourd&rsquo;hui qu&rsquo;une petite minorit\u00e9 des S\u00e1mi (environ 6 %). Ils \u00e9l\u00e8vent les rennes qui vivent de fa\u00e7on semi-sauvage, sur des territoires bien d\u00e9limit\u00e9s et tr\u00e8s r\u00e9glement\u00e9s. Le renne est le seul animal qui se nourrit principalement de lichens. Les S\u00e1mit (pluriel de S\u00e1mi en langue same) tirent en effet une quantit\u00e9 impressionnante de produits de cet animal ; aujourd&rsquo;hui, le renne est principalement \u00e9lev\u00e9 pour sa viande et sa fourrure, mais aussi pour ses capacit\u00e9s d&rsquo;animal de trait puisqu&rsquo;il sert \u00e0 tirer les traineaux (essentiellement \u00e0 but touristique). Dans le pass\u00e9, les S\u00e1mit fabriquaient aussi leurs tentes (l\u00e1vvu) avec leur peau ; les tendons de renne \u00e9taient utilis\u00e9s pour la couture des v\u00eatements en fourrure et les os et bois de rennes pour la fabrication d&rsquo;ustensiles et d&rsquo;outils divers.<\/p><p>La culture samie est tr\u00e8s sp\u00e9cifique, avec une po\u00e9sie, une musique (le joik), des l\u00e9gendes, des habitudes vestimentaires (comme les bellinger, pantalons en peau de pattes de renne, ou les skaller, chaussures faites avec la tr\u00e8s solide peau de la t\u00eate des rennes ; skalle signifie \u00ab cr\u00e2ne \u00bb en norv\u00e9gien) et un habitat propre. Les langues sames totalisent environ 35 000 locuteurs et comptent neuf variantes, dont la plupart ne sont pas intercompr\u00e9hensibles.<\/p><p>Les Samis ont depuis 1971 des droits sp\u00e9ciaux de p\u00eache, de chasse et de passage dans les zones prot\u00e9g\u00e9es de Laponie pour leur permettre de conserver leur mode de vie.<\/p>\t\t\t\t\t\t\t\t<\/div>\n\t\t\t\t<\/div>\n\t\t\t\t\t<\/div>\n\t\t\t\t<\/div>\n\t\t<div class=\"elementor-element elementor-element-b437a86 e-flex e-con-boxed e-con e-parent\" data-id=\"b437a86\" data-element_type=\"container\" data-e-type=\"container\">\n\t\t\t\t\t<div class=\"e-con-inner\">\n\t\t<div class=\"elementor-element elementor-element-c49a4ac e-con-full e-flex e-con e-child\" data-id=\"c49a4ac\" data-element_type=\"container\" data-e-type=\"container\">\n\t\t\t\t<div class=\"elementor-element elementor-element-4599d07 elementor-widget elementor-widget-text-editor\" data-id=\"4599d07\" data-element_type=\"widget\" data-e-type=\"widget\" data-widget_type=\"text-editor.default\">\n\t\t\t\t<div class=\"elementor-widget-container\">\n\t\t\t\t\t\t\t\t\t<p>Drapeau SAMI<\/p>\t\t\t\t\t\t\t\t<\/div>\n\t\t\t\t<\/div>\n\t\t\t\t<\/div>\n\t\t<div class=\"elementor-element elementor-element-416698d e-con-full e-flex e-con e-child\" data-id=\"416698d\" data-element_type=\"container\" data-e-type=\"container\">\n\t\t\t\t<div class=\"elementor-element elementor-element-d32e2e0 elementor-widget elementor-widget-image\" data-id=\"d32e2e0\" data-element_type=\"widget\" data-e-type=\"widget\" data-widget_type=\"image.default\">\n\t\t\t\t<div class=\"elementor-widget-container\">\n\t\t\t\t\t\t\t\t\t\t\t\t\t\t\t<img width=\"220\" height=\"163\"  class=\"attachment-large size-large wp-image-32560 lws-optimize-lazyload\" alt=\"\" \/ data-src=\"https:\/\/carole-pascal.fr\/WORDPRESS\/wp-content\/uploads\/2024\/03\/sami.png\">\t\t\t\t\t\t\t\t\t\t\t\t\t\t\t<\/div>\n\t\t\t\t<\/div>\n\t\t\t\t<\/div>\n\t\t\t\t\t<\/div>\n\t\t\t\t<\/div>\n\t\t<div class=\"elementor-element elementor-element-909a3d7 e-flex e-con-boxed e-con e-parent\" data-id=\"909a3d7\" data-element_type=\"container\" data-e-type=\"container\">\n\t\t\t\t\t<div class=\"e-con-inner\">\n\t\t\t\t<div class=\"elementor-element elementor-element-666b341 elementor-widget elementor-widget-text-editor\" data-id=\"666b341\" data-element_type=\"widget\" data-e-type=\"widget\" data-widget_type=\"text-editor.default\">\n\t\t\t\t<div class=\"elementor-widget-container\">\n\t\t\t\t\t\t\t\t\t<p><span style=\"text-decoration: underline;\"><strong>LES AURORES BOREALES<\/strong><\/span><\/p><p>Une aurore polaire (\u00e9galement appel\u00e9e aurore bor\u00e9ale dans l&rsquo;h\u00e9misph\u00e8re nord et aurore australe dans l&rsquo;h\u00e9misph\u00e8re sud) est un ph\u00e9nom\u00e8ne lumineux caract\u00e9ris\u00e9 par des voiles extr\u00eamement color\u00e9s dans le ciel nocturne, le vert \u00e9tant pr\u00e9dominant. Provoqu\u00e9es par l&rsquo;interaction entre les particules charg\u00e9es du vent solaire et la haute atmosph\u00e8re, les aurores se produisent principalement dans les r\u00e9gions proches des p\u00f4les magn\u00e9tiques, dans une zone annulaire justement appel\u00e9e \u00ab zone aurorale \u00bb (entre 65 et 75\u00b0 de latitude). En cas d&rsquo;activit\u00e9 magn\u00e9tique solaire intense, l&rsquo;arc auroral s&rsquo;\u00e9tend et commence \u00e0 envahir des zones beaucoup plus proches de l&rsquo;\u00e9quateur.<br \/>Les r\u00e9gions les plus concern\u00e9es par ce ph\u00e9nom\u00e8ne restent le Groenland, l&rsquo;Alaska, l&rsquo;Antarctique, le nord du Canada, l&rsquo;Islande, la Norv\u00e8ge, la Su\u00e8de, la Finlande, ainsi que dans les \u00eeles Shetlands au nord du Royaume-Uni.<\/p><p><span style=\"text-decoration: underline;\">LEGENDES ET ETUDES SCIENTIFIQUES<\/span><\/p><p>Les aurores bor\u00e9ales ont \u00e9t\u00e9 observ\u00e9es depuis toujours et ont probablement beaucoup impressionn\u00e9 les Anciens ; dans l&rsquo;Antiquit\u00e9, aussi bien en Occident qu&rsquo;en Chine, les aurores \u00e9taient ainsi consid\u00e9r\u00e9es comme des serpents ou des dragons dans le ciel. Pline l&rsquo;Ancien \u00e9crit : \u00ab On a vu pendant la nuit, sous le consulat de C. Caecilius et de Cn. Papirius (an de Rome 641), et d&rsquo;autres fois encore, une lumi\u00e8re se r\u00e9pandre dans le ciel, de sorte qu&rsquo;une esp\u00e8ce de jour rempla\u00e7ait les t\u00e9n\u00e8bres. \u00bb.<br \/>Les aurores polaires sont associ\u00e9es \u00e0 de nombreux mythes et l\u00e9gendes. Toutes les langues les d\u00e9signent sous le nom de \u00ab lumi\u00e8res du nord \u00bb \u00e0 l&rsquo;exception des Finlandais qui utilisent le terme finnois de revontulet pouvant se traduire par la \u00ab queue de renard rouge \u00bb ou les \u00ab feux du renard \u00bb : certains peuples Samis racontent en effet que le renard polaire, en parcourant rapidement les vastes \u00e9tendues enneig\u00e9es, \u00e9jecte de la poussi\u00e8re avec sa queue dans le ciel, ce qui cr\u00e9e ainsi les aurores bor\u00e9ales le long de leur passage.<br \/>Les Inuits du Groenland surnomment les aurores aqsarniit, croyant que les \u00e2mes des morts jouent \u00e0 la balle avec des cr\u00e2nes de morses. Une tribu du Nunavut pense \u00e0 l&rsquo;inverse que ce sont les morses qui jouent \u00e0 la balle avec des cr\u00e2nes humains. Leur teinte rouge associ\u00e9e au sang est responsable du fait que les Inuits de l&rsquo;Est du Groenland croient que les aurores polaires sont l&rsquo;\u00e2me d&rsquo;enfants morts-n\u00e9s.<br \/>D&rsquo;autres mythologies nordiques \u00e9voquent le bifr\u00f6st, la danse des esprits de certains animaux, particuli\u00e8rement les saumons, les rennes, les phoques et les b\u00e9lugas ; le souffle des baleines de l\u2019oc\u00e9an Arctique ; le reflet du Soleil ou de la Lune sur les armures des Valkyries quand elles traversent le ciel ; des torches allum\u00e9es par les esprits des morts pour accueillir au paradis les nouveaux arrivants.<br \/>En Europe au Moyen \u00c2ge, les aurores polaires qui prennent des teintes rouges sont associ\u00e9es au sang et \u00e0 la guerre. Elles pr\u00e9sagent une catastrophe ou sont vues comme le souffle des guerriers c\u00e9lestes qui racontent leurs combats dans le ciel.<\/p><p>Elles n&rsquo;ont \u00e9t\u00e9 \u00e9tudi\u00e9es scientifiquement qu&rsquo;\u00e0 partir du XVIIe si\u00e8cle. En 1621, l&rsquo;astronome fran\u00e7ais Pierre Gassendi d\u00e9crit ce ph\u00e9nom\u00e8ne observ\u00e9 jusque dans le sud de la France et lui donne le nom d&rsquo;aurore bor\u00e9ale. Au XVIIIe si\u00e8cle, l&rsquo;astronome britannique Edmond Halley soup\u00e7onne le champ magn\u00e9tique terrestre de jouer un r\u00f4le dans la formation des aurores bor\u00e9ales.<br \/>Henry Cavendish, en 1768, parvient \u00e0 \u00e9valuer l&rsquo;altitude \u00e0 laquelle se produit le ph\u00e9nom\u00e8ne, mais il faudra attendre 1896 pour que celui-ci soit reproduit en laboratoire par Birkeland. Les travaux de Carl St\u00f8rmer sur les mouvements des particules \u00e9lectris\u00e9es dans un champ magn\u00e9tique ont facilit\u00e9 la compr\u00e9hension du m\u00e9canisme de formation des aurores.<br \/>\u00c0 partir de 1957, l&rsquo;exploration spatiale a permis non seulement une meilleure connaissance des aurores polaires terrestres mais aussi l&rsquo;observation de ph\u00e9nom\u00e8nes auroraux sur les grosses plan\u00e8tes comme Jupiter ou Saturne. En 1975, le programme franco-russe ARAKS parvient \u00e0 cr\u00e9er une aurore polaire artificielle. En 2008, le chercheur Jean Lilensten a mis au point une exp\u00e9rience, reprenant la terrella de Birkeland, appel\u00e9e la Planeterrella. Celle-ci permet de simuler les aurores polaires.<br \/>Les aurores bor\u00e9ales sont aujourd&rsquo;hui pr\u00e9visibles, gr\u00e2ce notamment aux travaux de l&rsquo;observatoire Kjell Henriksen avec le Centre universitaire du Svalbard, et \u00e0 leur programme informatique SvaltrackII disponible au grand public.<\/p><p><span style=\"text-decoration: underline;\">FORMATION<\/span><\/p><p>Lors d&rsquo;un orage solaire accompagnant un orage magn\u00e9tique, et faisant suite \u00e0 une \u00e9ruption chromosph\u00e9rique ou un sursaut solaire important (le soleil offre un pic d&rsquo;activation solaire sur un cycle de 11 ans), un afflux de particules charg\u00e9es, \u00e9ject\u00e9es par le Soleil, entre en collision avec le bouclier que constitue la magn\u00e9tosph\u00e8re. Des particules \u00e9lectris\u00e9es \u00e0 haute \u00e9nergie peuvent alors \u00eatre capt\u00e9es et canalis\u00e9es par les lignes du champ magn\u00e9tique terrestre du c\u00f4t\u00e9 nuit de la magn\u00e9tosph\u00e8re (la queue) et aboutir dans les cornets polaires.<br \/>Ces particules, \u2014 \u00e9lectrons, protons et ions positifs \u2014, excitent ou ionisent les atomes de la haute atmosph\u00e8re, l&rsquo;ionosph\u00e8re. L&rsquo;atome excit\u00e9 ne peut rester dans cet \u00e9tat, et un \u00e9lectron change alors de couche, lib\u00e9rant au passage un peu d&rsquo;\u00e9nergie, en \u00e9mettant un photon (particule \u00e9l\u00e9mentaire constitutive de la lumi\u00e8re visible). Comme la nature de ces ions (oxyg\u00e8ne, hydrog\u00e8ne, azote, etc.) d\u00e9pend de l&rsquo;altitude, ceci explique en partie les variations de teintes des nuages, draperies, rideaux, arcs, rayons&#8230; qui se d\u00e9ploient dans le ciel \u00e0 des altitudes comprises entre 80 et 1 000 km.<br \/>L&rsquo;ionisation r\u00e9sultant de cet afflux de particules provoque la formation de nuages ionis\u00e9s r\u00e9fl\u00e9chissant les ondes radio. C&rsquo;est en juillet 2008 qu&rsquo;une explication coh\u00e9rente de ce ph\u00e9nom\u00e8ne a \u00e9t\u00e9 fournie par la NASA gr\u00e2ce \u00e0 la mission am\u00e9ricaine THEMIS. Les scientifiques ont en effet localis\u00e9 la source de ces ph\u00e9nom\u00e8nes dans des explosions d&rsquo;\u00e9nergie magn\u00e9tique se produisant \u00e0 un tiers de la distance qui s\u00e9pare la Terre de la Lune. Ils sont ainsi provoqu\u00e9s par des \u00ab reconnexions \u00bb entre les \u00ab cordes magn\u00e9tiques g\u00e9antes \u00bb reliant la Terre au Soleil qui stockent l&rsquo;\u00e9nergie des vents solaires.<\/p>\t\t\t\t\t\t\t\t<\/div>\n\t\t\t\t<\/div>\n\t\t\t\t\t<\/div>\n\t\t\t\t<\/div>\n\t\t<div class=\"elementor-element elementor-element-47132f8 e-flex e-con-boxed e-con e-parent\" data-id=\"47132f8\" data-element_type=\"container\" data-e-type=\"container\">\n\t\t\t\t\t<div class=\"e-con-inner\">\n\t\t\t\t<div class=\"elementor-element elementor-element-6c28c00 elementor-widget elementor-widget-image\" data-id=\"6c28c00\" data-element_type=\"widget\" data-e-type=\"widget\" data-widget_type=\"image.default\">\n\t\t\t\t<div class=\"elementor-widget-container\">\n\t\t\t\t\t\t\t\t\t\t\t\t\t\t\t<img width=\"454\" height=\"287\"  class=\"attachment-large size-large wp-image-32561 lws-optimize-lazyload\" alt=\"\" srcset=\"https:\/\/carole-pascal.fr\/WORDPRESS\/wp-content\/uploads\/2024\/03\/solar_wind.png 454w, https:\/\/carole-pascal.fr\/WORDPRESS\/wp-content\/uploads\/2024\/03\/solar_wind-300x190.png 300w\" sizes=\"(max-width: 454px) 100vw, 454px\" \/ data-src=\"https:\/\/carole-pascal.fr\/WORDPRESS\/wp-content\/uploads\/2024\/03\/solar_wind.png\">\t\t\t\t\t\t\t\t\t\t\t\t\t\t\t<\/div>\n\t\t\t\t<\/div>\n\t\t\t\t\t<\/div>\n\t\t\t\t<\/div>\n\t\t<div class=\"elementor-element elementor-element-1f92973 e-flex e-con-boxed e-con e-parent\" data-id=\"1f92973\" data-element_type=\"container\" data-e-type=\"container\">\n\t\t\t\t\t<div class=\"e-con-inner\">\n\t\t\t\t<div class=\"elementor-element elementor-element-3d1ac55 elementor-widget elementor-widget-text-editor\" data-id=\"3d1ac55\" data-element_type=\"widget\" data-e-type=\"widget\" data-widget_type=\"text-editor.default\">\n\t\t\t\t<div class=\"elementor-widget-container\">\n\t\t\t\t\t\t\t\t\t<p><span style=\"text-decoration: underline;\">COULEURS<\/span><\/p><p>Les ph\u00e9nom\u00e8nes auroraux prennent plusieurs teintes diff\u00e9rentes, passant du vert au rose, au rouge et \u00e0 l&rsquo;indigo violet. L&rsquo;\u00e9tude spectrographique de la lumi\u00e8re \u00e9mise montre la pr\u00e9sence de l&rsquo;oxyg\u00e8ne (raie verte \u00e0 557 nm et doublet rouge \u00e0 630 et 636 nm) entre 120 et 180 km d&rsquo;altitude, de l&rsquo;azote et de ses compos\u00e9s et de l&rsquo;hydrog\u00e8ne (656 nm) lors des aurores \u00e0 protons.<br \/>Aux plus basses altitudes, la couleur observ\u00e9e le plus fr\u00e9quemment est le pourpre (altitudes de 90 \u00e0 100 km). L&rsquo;excitation des mol\u00e9cules, atomes et ions d&rsquo;azote et d&rsquo;oxyg\u00e8ne sont \u00e0 l&rsquo;origine des principales couleurs. L&rsquo;oxyg\u00e8ne \u00e9met principalement du vert et du rouge, tandis que l&rsquo;azote \u00e9met du bleu, du rouge et du violet.<br \/>L&rsquo;atmosph\u00e8re a des densit\u00e9s en oxyg\u00e8ne et en azote qui varient avec l&rsquo;altitude, l&rsquo;oxyg\u00e8ne devenant plus dense que l&rsquo;azote au-dessus de 200 km d&rsquo;altitude, ce qui explique en partie la pr\u00e9dominance de vert dans les aurores polaires. Excit\u00e9es, certaines des mol\u00e9cules de diazote interagissent aussi avec l&rsquo;oxyg\u00e8ne, causant une \u00e9mission additionnelle de vert, ce qui contribue \u00e9galement \u00e0 la dominance de la couleur verte. L&rsquo;h\u00e9lium et l&rsquo;hydrog\u00e8ne produisent des aurores mauves ou bleues16. Enfin, l&rsquo;\u00e9nergie du vent solaire joue aussi un r\u00f4le dans les couleurs observ\u00e9es.<\/p><p><span style=\"text-decoration: underline;\">CLASSIFICATION<\/span><\/p><p>Les premiers scientifiques qui se sont int\u00e9ress\u00e9s aux ph\u00e9nom\u00e8nes auroraux ont tout d&rsquo;abord instaur\u00e9 des classifications de celles-ci en tenant compte de la forme, de l&rsquo;\u00e9tendue et de l&rsquo;intensit\u00e9 des \u00e9missions, ce qui permet une approche objective et quantitative du ph\u00e9nom\u00e8ne.<br \/>Ainsi en sont-ils venus \u00e0 deux types d&rsquo;aurores : les formes discr\u00e8tes et les formes diffuses. Les formes discr\u00e8tes ont comme caract\u00e9ristique de se former en longs arcs ou en bandes. Les arcs \u00ab ondulent \u00bb de seconde en seconde, comme certains nuages changent d&rsquo;apparence sous l&rsquo;effet du vent. Elles prennent ainsi la forme de la magn\u00e9tosph\u00e8re, ce qui leur donne les apparences d&rsquo;une largeur plut\u00f4t mince (de 1 \u00e0 10 km), mais d&rsquo;une longueur courb\u00e9e presque infinie.<\/p>\t\t\t\t\t\t\t\t<\/div>\n\t\t\t\t<\/div>\n\t\t\t\t\t<\/div>\n\t\t\t\t<\/div>\n\t\t\t\t<\/div>\n\t\t","protected":false},"excerpt":{"rendered":"<p>Revenir au menu pr\u00e9c\u00e9dent La Laponie (en same : S\u00e1pmi &#8211; en finnois : Lappi &#8211; en su\u00e9dois : Sameland \/ Lappland) est une r\u00e9gion transnationale situ\u00e9e dans le nord de la Fennoscandie, \u00e0 cheval sur les territoires norv\u00e9gien, su\u00e9dois, finlandais et russe, dont le peuple autochtone sont les Samis. La temp\u00e9rature en Laponie peut [&hellip;]<\/p>\n","protected":false},"author":1,"featured_media":0,"parent":0,"menu_order":0,"comment_status":"closed","ping_status":"closed","template":"","meta":{"ocean_post_layout":"","ocean_both_sidebars_style":"","ocean_both_sidebars_content_width":0,"ocean_both_sidebars_sidebars_width":0,"ocean_sidebar":"","ocean_second_sidebar":"","ocean_disable_margins":"enable","ocean_add_body_class":"","ocean_shortcode_before_top_bar":"","ocean_shortcode_after_top_bar":"","ocean_shortcode_before_header":"","ocean_shortcode_after_header":"","ocean_has_shortcode":"","ocean_shortcode_after_title":"","ocean_shortcode_before_footer_widgets":"","ocean_shortcode_after_footer_widgets":"","ocean_shortcode_before_footer_bottom":"","ocean_shortcode_after_footer_bottom":"","ocean_display_top_bar":"default","ocean_display_header":"default","ocean_header_style":"","ocean_center_header_left_menu":"","ocean_custom_header_template":"","ocean_custom_logo":0,"ocean_custom_retina_logo":0,"ocean_custom_logo_max_width":0,"ocean_custom_logo_tablet_max_width":0,"ocean_custom_logo_mobile_max_width":0,"ocean_custom_logo_max_height":0,"ocean_custom_logo_tablet_max_height":0,"ocean_custom_logo_mobile_max_height":0,"ocean_header_custom_menu":"","ocean_menu_typo_font_family":"","ocean_menu_typo_font_subset":"","ocean_menu_typo_font_size":0,"ocean_menu_typo_font_size_tablet":0,"ocean_menu_typo_font_size_mobile":0,"ocean_menu_typo_font_size_unit":"px","ocean_menu_typo_font_weight":"","ocean_menu_typo_font_weight_tablet":"","ocean_menu_typo_font_weight_mobile":"","ocean_menu_typo_transform":"","ocean_menu_typo_transform_tablet":"","ocean_menu_typo_transform_mobile":"","ocean_menu_typo_line_height":0,"ocean_menu_typo_line_height_tablet":0,"ocean_menu_typo_line_height_mobile":0,"ocean_menu_typo_line_height_unit":"","ocean_menu_typo_spacing":0,"ocean_menu_typo_spacing_tablet":0,"ocean_menu_typo_spacing_mobile":0,"ocean_menu_typo_spacing_unit":"","ocean_menu_link_color":"","ocean_menu_link_color_hover":"","ocean_menu_link_color_active":"","ocean_menu_link_background":"","ocean_menu_link_hover_background":"","ocean_menu_link_active_background":"","ocean_menu_social_links_bg":"","ocean_menu_social_hover_links_bg":"","ocean_menu_social_links_color":"","ocean_menu_social_hover_links_color":"","ocean_disable_title":"default","ocean_disable_heading":"default","ocean_post_title":"","ocean_post_subheading":"","ocean_post_title_style":"","ocean_post_title_background_color":"","ocean_post_title_background":0,"ocean_post_title_bg_image_position":"","ocean_post_title_bg_image_attachment":"","ocean_post_title_bg_image_repeat":"","ocean_post_title_bg_image_size":"","ocean_post_title_height":0,"ocean_post_title_bg_overlay":0.5,"ocean_post_title_bg_overlay_color":"","ocean_disable_breadcrumbs":"default","ocean_breadcrumbs_color":"","ocean_breadcrumbs_separator_color":"","ocean_breadcrumbs_links_color":"","ocean_breadcrumbs_links_hover_color":"","ocean_display_footer_widgets":"default","ocean_display_footer_bottom":"default","ocean_custom_footer_template":"","footnotes":""},"class_list":["post-32626","page","type-page","status-publish","hentry","entry"],"_links":{"self":[{"href":"https:\/\/carole-pascal.fr\/WORDPRESS\/wp-json\/wp\/v2\/pages\/32626","targetHints":{"allow":["GET"]}}],"collection":[{"href":"https:\/\/carole-pascal.fr\/WORDPRESS\/wp-json\/wp\/v2\/pages"}],"about":[{"href":"https:\/\/carole-pascal.fr\/WORDPRESS\/wp-json\/wp\/v2\/types\/page"}],"author":[{"embeddable":true,"href":"https:\/\/carole-pascal.fr\/WORDPRESS\/wp-json\/wp\/v2\/users\/1"}],"replies":[{"embeddable":true,"href":"https:\/\/carole-pascal.fr\/WORDPRESS\/wp-json\/wp\/v2\/comments?post=32626"}],"version-history":[{"count":0,"href":"https:\/\/carole-pascal.fr\/WORDPRESS\/wp-json\/wp\/v2\/pages\/32626\/revisions"}],"wp:attachment":[{"href":"https:\/\/carole-pascal.fr\/WORDPRESS\/wp-json\/wp\/v2\/media?parent=32626"}],"curies":[{"name":"wp","href":"https:\/\/api.w.org\/{rel}","templated":true}]}}