{"id":32666,"date":"2024-03-19T15:22:10","date_gmt":"2024-03-19T14:22:10","guid":{"rendered":"https:\/\/carole-pascal.fr\/WORDPRESS\/?page_id=32666"},"modified":"2024-03-19T15:26:34","modified_gmt":"2024-03-19T14:26:34","slug":"colorado-usa-08-au-22-septembre-2018-observations-faune","status":"publish","type":"page","link":"https:\/\/carole-pascal.fr\/WORDPRESS\/colorado-usa-08-au-22-septembre-2018-observations-faune\/","title":{"rendered":"Colorado (USA) \u2013 08 au 22 septembre 2018 &#8211; Observations faune"},"content":{"rendered":"\t\t<div data-elementor-type=\"wp-page\" data-elementor-id=\"32666\" class=\"elementor elementor-32666\">\n\t\t\t\t<div class=\"elementor-element elementor-element-626597aa e-flex e-con-boxed e-con e-parent\" data-id=\"626597aa\" data-element_type=\"container\" data-e-type=\"container\">\n\t\t\t\t\t<div class=\"e-con-inner\">\n\t\t\t\t<div class=\"elementor-element elementor-element-22110ec8 elementor-align-center elementor-widget elementor-widget-button\" data-id=\"22110ec8\" data-element_type=\"widget\" data-e-type=\"widget\" data-widget_type=\"button.default\">\n\t\t\t\t<div class=\"elementor-widget-container\">\n\t\t\t\t\t\t\t\t\t<div class=\"elementor-button-wrapper\">\n\t\t\t\t\t<a class=\"elementor-button elementor-button-link elementor-size-sm\" href=\"https:\/\/carole-pascal.fr\/WORDPRESS\/colorado-usa-08-au-22-septembre-2018\/\">\n\t\t\t\t\t\t<span class=\"elementor-button-content-wrapper\">\n\t\t\t\t\t\t\t\t\t<span class=\"elementor-button-text\">Revenir au menu pr\u00e9c\u00e9dent<\/span>\n\t\t\t\t\t<\/span>\n\t\t\t\t\t<\/a>\n\t\t\t\t<\/div>\n\t\t\t\t\t\t\t\t<\/div>\n\t\t\t\t<\/div>\n\t\t\t\t\t<\/div>\n\t\t\t\t<\/div>\n\t\t<div class=\"elementor-element elementor-element-bb6bd27 e-flex e-con-boxed e-con e-parent\" data-id=\"bb6bd27\" data-element_type=\"container\" data-e-type=\"container\">\n\t\t\t\t\t<div class=\"e-con-inner\">\n\t\t\t\t<div class=\"elementor-element elementor-element-0701911 elementor-widget elementor-widget-text-editor\" data-id=\"0701911\" data-element_type=\"widget\" data-e-type=\"widget\" data-widget_type=\"text-editor.default\">\n\t\t\t\t<div class=\"elementor-widget-container\">\n\t\t\t\t\t\t\t\t\t<p><span style=\"text-decoration: underline;\">Dimanche 09 septembre 2018<br \/><\/span>Oiseaux: Barn swallow<\/p><p><span style=\"text-decoration: underline;\">Lundi 10 septembre 2018<\/span><br \/>Oiseaux: 2 pied-billed grebe, american white pelican, double-crested cormorant, 4 great blue heron, 2 snowy egret, Canada goose, mallard, 2 northern pintail, northern shoveler, blue-winged teal, green-winged teal, redhead, 1 northern harrier, red-tailed hawk, 1 bald eagle, 1 american kestrel, american coot, kildeer, 1 american avocet, 7 greater yellowlegs, mourning dove, 7 common nighthawk, 2 belted kingfisher, 1 northern flicker, 1 eastern kingbird, 2 western kingbird, black-billed magpie, 1 horned lark, barn swallow, mountain chikadee, 2 house wren, american robin, northern mockingbird, 1 brown thrasher, european starling, 1 american pipit, 1 lark bunting, savannah sparrow, western meadowlark, red-winged blackbird, house sparrow<br \/>Autres: cerfs \u00e0 queue blanche, cerfs mulets, bisons, chiens de prairie, coyotte (entendu seulement)<\/p><p><span style=\"text-decoration: underline;\">Mardi 11 septembre 2018<\/span><br \/>Oiseaux: mallard, 1 turkey vulture, 1 northern harrier, 1 swainson hawk, 10 wild turkey, mourning dove, 2 northern flicker, steller&rsquo;s jay, common raven, american crow, mountain chickadee, black-billed magpie, american robin, mountain bluebird<br \/>Autres: wapitis, golden-mantled ground squirrel, least chipmunk, cerfs mulets, red squirrel<\/p><p><span style=\"text-decoration: underline;\">Mercredi 12 septembre 2018<\/span><br \/>Oiseaux: mallard, turkey vulture, red-tailed hawk, red-napped sapsucker, northern flicker, steller&rsquo;s jay, black-billed magpie, common raven, american crow, mountain chikadee, clark nutcracker, american robin, european starling, 1 yellow-rumped warbler, 1 wilson warbler, 1 red-winged blackbird, brewer blackbird<br \/>Autres: wapitis, golden-mantled ground squirrel, least chipmunk, cerfs mulets<\/p><p><span style=\"text-decoration: underline;\">Jeudi 13 septembre 2018<\/span><br \/>Oiseaux: american white pelican, great blue heron, black-crowned night-heron, canada goose, mallard, 1 urubu, 4 northern harrier, red-tailed hawk, 1 golden eagle, american kestrel, 5 greater sage grouse, mourning dove, 1 hairy woodpecker, northern flicker, black-billed magpie, common raven, american crow, 2 horned lark, barn swallow, american robin, sage thrasher, european starling, savannah sparrow, western meadowlark, red-winged blackbird, brewer blackbird<br \/>Autres: wyoming ground squirrel, white-tailed prairie dog, mule deer, pronghorns, wapitis<\/p><p><span style=\"text-decoration: underline;\">Vendredi 14 septembre 2018<\/span><br \/>Oiseaux: 1 turkey vulture, 1 sharp-shinned hawk, 1 red tailed hawk, 3 golden eagle, 1 american kestrel, 1 blue groose, mourning dove, western wood pewee, pinon jay, clark nutcracker, black-billed magpie, common raven, barn swallow, mountain chikadee, sage thrasher, savannah sparrow<br \/>Autres: least chipmunk, pronghorns, golden mantled ground squirrel, white-tailed prairie dog, cerf mulet<\/p><p><span style=\"text-decoration: underline;\">Samedi 15 septembre 2018<\/span><br \/>Oiseaux: common raven, white-spotted swift<br \/>Autres: 2 lapins, 2 pronghorns<\/p><p><span style=\"text-decoration: underline;\">Dimanche 16 septembre 2018<\/span><br \/>Oiseaux: 2 pied billed grebe, 1 great blue heron, turkey vulture, 1 red-tailed hawk, mourning dove, white-throated swift, pinyon jay, common raven, barn swallow, juniper titmouse, rock wren<br \/>Autres: 1 tortue, 1 l\u00e9zard, 1 lapin, 1 \u00e9cureuil, Libellules, mouflons du d\u00e9sert<\/p><p><span style=\"text-decoration: underline;\">Lundi 17 septembre 2018<\/span><br \/>Oiseaux: canada goose, blue-winged teal, northern shoveler, mallard, turkey vulture, northern harrier, red-tailed hawk, 1 american kestrel, 2 spotted sandpiper, mourning dove, 3 great-horned owl, 1 three-toed woodpecker, northern flicker, pinyon jay, black-billed magpie, common raven, 1 horned lark, 1 tree swallow, barn swallow, 2 blue grey gnatcatcher, 2 townsend solitaire, european starling, 1 spotted towhee, savannah sparrow, western meadowlark, red-winged blackbird, brewer blackbird<br \/>Autres: least chipmunk, 1 mule deer<\/p><p><span style=\"text-decoration: underline;\">Mardi 18 septembre 2018<\/span><br \/>Oiseaux: pied-billed grebe, american white pelican, 1 white-faced ibis, canada goose, mallard, american wigeon, blue-winged teal, turley vulture, northern harrier, red-tailed hawk, american kestrel, american coot, 350 sandhill crane, kildeer, mourning dove, 4 great-horned owl, northern flicker, loggerhead shrike, black-billed magpie, common raven, bank swallow, barn swallow, 1 marsh wren, sage thrasher, savannah bunting, spotted towhee, green-tailed towhee, western meadowlark, red-winged blackbird, brown-headed cowbird, brewer blackbird<br \/>Autres: 1 serpent (great basin gopher snake), papillons monarques, least chipmunk:<\/p><p><span style=\"text-decoration: underline;\">Mercredi 19 septembre 2018<\/span><br \/>Oiseaux: turkey vulture, red-tailed hawk, 1 american kestrel, mourning dove, steller&rsquo;s jay, 1 dark-eyed junco, 1 mountain bluebird<br \/>Autres: Least chipmunk, pronghorns, 1 coyote traversant la route<\/p><p><span style=\"text-decoration: underline;\">Jeudi 20 septembre 2018<\/span><br \/>Oiseaux: turkey vulture, 1 prairie falcon, american kestrel, mourning dove, white-throated swift, downy woodpecker, western scrub-jay, black-billed magpie, common raven, black-capped chikadee, mountain chikadee, bushtit, white-breasted nuthatch, townsend solitaire, american robin, spotted towhee, 1 green-tailed towhee<br \/>Autres: pronghorns, lapin, 1 mule deer<\/p><p><span style=\"text-decoration: underline;\">Vendredi 21 septembre 2018<\/span><br \/>Oiseaux: turkey vulture, red-tailed hawk, american kestrel, downy woodpecker, northern flicker, western scrub jay, blue jay black-billed magpie, common raven, black-capped chikadee, white-breasted nuthatch, american robin, european starling, spotted towhee, savannah sparrow<br \/>Autres: papillons<\/p><p><span style=\"text-decoration: underline;\">Samedi 22 septembre 2018<\/span><br \/>Oiseaux: canada goose, mallard, turkey vulture, redhead, ruddy duck<br \/>Autres: 1 coyote (en mauvaise forme), chiens de prairie, 2 cerfs mulet<\/p>\t\t\t\t\t\t\t\t<\/div>\n\t\t\t\t<\/div>\n\t\t\t\t\t<\/div>\n\t\t\t\t<\/div>\n\t\t\t\t<\/div>\n\t\t","protected":false},"excerpt":{"rendered":"<p>Revenir au menu pr\u00e9c\u00e9dent Dimanche 09 septembre 2018Oiseaux: Barn swallow Lundi 10 septembre 2018Oiseaux: 2 pied-billed grebe, american white pelican, double-crested cormorant, 4 great blue heron, 2 snowy egret, Canada goose, mallard, 2 northern pintail, northern shoveler, blue-winged teal, green-winged teal, redhead, 1 northern harrier, red-tailed hawk, 1 bald eagle, 1 american kestrel, american coot, [&hellip;]<\/p>\n","protected":false},"author":1,"featured_media":0,"parent":0,"menu_order":0,"comment_status":"closed","ping_status":"closed","template":"","meta":{"ocean_post_layout":"","ocean_both_sidebars_style":"","ocean_both_sidebars_content_width":0,"ocean_both_sidebars_sidebars_width":0,"ocean_sidebar":"","ocean_second_sidebar":"","ocean_disable_margins":"enable","ocean_add_body_class":"","ocean_shortcode_before_top_bar":"","ocean_shortcode_after_top_bar":"","ocean_shortcode_before_header":"","ocean_shortcode_after_header":"","ocean_has_shortcode":"","ocean_shortcode_after_title":"","ocean_shortcode_before_footer_widgets":"","ocean_shortcode_after_footer_widgets":"","ocean_shortcode_before_footer_bottom":"","ocean_shortcode_after_footer_bottom":"","ocean_display_top_bar":"default","ocean_display_header":"default","ocean_header_style":"","ocean_center_header_left_menu":"","ocean_custom_header_template":"","ocean_custom_logo":0,"ocean_custom_retina_logo":0,"ocean_custom_logo_max_width":0,"ocean_custom_logo_tablet_max_width":0,"ocean_custom_logo_mobile_max_width":0,"ocean_custom_logo_max_height":0,"ocean_custom_logo_tablet_max_height":0,"ocean_custom_logo_mobile_max_height":0,"ocean_header_custom_menu":"","ocean_menu_typo_font_family":"","ocean_menu_typo_font_subset":"","ocean_menu_typo_font_size":0,"ocean_menu_typo_font_size_tablet":0,"ocean_menu_typo_font_size_mobile":0,"ocean_menu_typo_font_size_unit":"px","ocean_menu_typo_font_weight":"","ocean_menu_typo_font_weight_tablet":"","ocean_menu_typo_font_weight_mobile":"","ocean_menu_typo_transform":"","ocean_menu_typo_transform_tablet":"","ocean_menu_typo_transform_mobile":"","ocean_menu_typo_line_height":0,"ocean_menu_typo_line_height_tablet":0,"ocean_menu_typo_line_height_mobile":0,"ocean_menu_typo_line_height_unit":"","ocean_menu_typo_spacing":0,"ocean_menu_typo_spacing_tablet":0,"ocean_menu_typo_spacing_mobile":0,"ocean_menu_typo_spacing_unit":"","ocean_menu_link_color":"","ocean_menu_link_color_hover":"","ocean_menu_link_color_active":"","ocean_menu_link_background":"","ocean_menu_link_hover_background":"","ocean_menu_link_active_background":"","ocean_menu_social_links_bg":"","ocean_menu_social_hover_links_bg":"","ocean_menu_social_links_color":"","ocean_menu_social_hover_links_color":"","ocean_disable_title":"default","ocean_disable_heading":"default","ocean_post_title":"","ocean_post_subheading":"","ocean_post_title_style":"","ocean_post_title_background_color":"","ocean_post_title_background":0,"ocean_post_title_bg_image_position":"","ocean_post_title_bg_image_attachment":"","ocean_post_title_bg_image_repeat":"","ocean_post_title_bg_image_size":"","ocean_post_title_height":0,"ocean_post_title_bg_overlay":0.5,"ocean_post_title_bg_overlay_color":"","ocean_disable_breadcrumbs":"default","ocean_breadcrumbs_color":"","ocean_breadcrumbs_separator_color":"","ocean_breadcrumbs_links_color":"","ocean_breadcrumbs_links_hover_color":"","ocean_display_footer_widgets":"default","ocean_display_footer_bottom":"default","ocean_custom_footer_template":"","footnotes":""},"class_list":["post-32666","page","type-page","status-publish","hentry","entry"],"_links":{"self":[{"href":"https:\/\/carole-pascal.fr\/WORDPRESS\/wp-json\/wp\/v2\/pages\/32666","targetHints":{"allow":["GET"]}}],"collection":[{"href":"https:\/\/carole-pascal.fr\/WORDPRESS\/wp-json\/wp\/v2\/pages"}],"about":[{"href":"https:\/\/carole-pascal.fr\/WORDPRESS\/wp-json\/wp\/v2\/types\/page"}],"author":[{"embeddable":true,"href":"https:\/\/carole-pascal.fr\/WORDPRESS\/wp-json\/wp\/v2\/users\/1"}],"replies":[{"embeddable":true,"href":"https:\/\/carole-pascal.fr\/WORDPRESS\/wp-json\/wp\/v2\/comments?post=32666"}],"version-history":[{"count":0,"href":"https:\/\/carole-pascal.fr\/WORDPRESS\/wp-json\/wp\/v2\/pages\/32666\/revisions"}],"wp:attachment":[{"href":"https:\/\/carole-pascal.fr\/WORDPRESS\/wp-json\/wp\/v2\/media?parent=32666"}],"curies":[{"name":"wp","href":"https:\/\/api.w.org\/{rel}","templated":true}]}}