{"id":34863,"date":"2024-04-28T15:22:13","date_gmt":"2024-04-28T13:22:13","guid":{"rendered":"https:\/\/carole-pascal.fr\/WORDPRESS\/?page_id=34863"},"modified":"2024-04-28T15:27:23","modified_gmt":"2024-04-28T13:27:23","slug":"delta-du-danube-roumanie-22-au-29-avril-2017-informations","status":"publish","type":"page","link":"https:\/\/carole-pascal.fr\/WORDPRESS\/delta-du-danube-roumanie-22-au-29-avril-2017-informations\/","title":{"rendered":"Delta du Danube (Roumanie) \u2013 22 au 29 avril 2017 &#8211; Informations"},"content":{"rendered":"\t\t<div data-elementor-type=\"wp-page\" data-elementor-id=\"34863\" class=\"elementor elementor-34863\">\n\t\t\t\t<div class=\"elementor-element elementor-element-70d645d e-flex e-con-boxed e-con e-parent\" data-id=\"70d645d\" data-element_type=\"container\" data-e-type=\"container\">\n\t\t\t\t\t<div class=\"e-con-inner\">\n\t\t\t\t<div class=\"elementor-element elementor-element-6782161 elementor-align-center elementor-widget elementor-widget-button\" data-id=\"6782161\" data-element_type=\"widget\" data-e-type=\"widget\" data-widget_type=\"button.default\">\n\t\t\t\t<div class=\"elementor-widget-container\">\n\t\t\t\t\t\t\t\t\t<div class=\"elementor-button-wrapper\">\n\t\t\t\t\t<a class=\"elementor-button elementor-button-link elementor-size-sm\" href=\"https:\/\/carole-pascal.fr\/WORDPRESS\/delta-du-danube-roumanie-22-au-29-avril-2017\/\">\n\t\t\t\t\t\t<span class=\"elementor-button-content-wrapper\">\n\t\t\t\t\t\t\t\t\t<span class=\"elementor-button-text\">Revenir au menu pr\u00e9c\u00e9dent<\/span>\n\t\t\t\t\t<\/span>\n\t\t\t\t\t<\/a>\n\t\t\t\t<\/div>\n\t\t\t\t\t\t\t\t<\/div>\n\t\t\t\t<\/div>\n\t\t\t\t\t<\/div>\n\t\t\t\t<\/div>\n\t\t<div class=\"elementor-element elementor-element-b6850b3 e-flex e-con-boxed e-con e-parent\" data-id=\"b6850b3\" data-element_type=\"container\" data-e-type=\"container\">\n\t\t\t\t\t<div class=\"e-con-inner\">\n\t\t\t\t<div class=\"elementor-element elementor-element-2cf889c elementor-widget elementor-widget-text-editor\" data-id=\"2cf889c\" data-element_type=\"widget\" data-e-type=\"widget\" data-widget_type=\"text-editor.default\">\n\t\t\t\t<div class=\"elementor-widget-container\">\n\t\t\t\t\t\t\t\t\t<p>Le delta du Danube comprend une quinzaine de d\u00e9fluents dont les trois principaux sont accessibles aux b\u00e2timents maritimes de gros tonnage : bras de Chilia, de Sulina et de St-Georges. Il est situ\u00e9 pour les quatre cinqui\u00e8mes dans le Nord de la r\u00e9gion historique roumaine de Dobrog\u00e9e, plus pr\u00e9cis\u00e9ment dans le judet de Tulcea, et pour un cinqui\u00e8me dans le Sud de la province ukrainienne du Boudjak en Bessarabie m\u00e9ridionale, et dans l&rsquo;arrondissement de Vylkove de l&rsquo;oblast d&rsquo;Odessa. C&rsquo;est le deuxi\u00e8me plus grand des deltas europ\u00e9ens apr\u00e8s celui de la Volga, avec une superficie de 3 446 km2. C&rsquo;est aussi une r\u00e9gion naturelle prot\u00e9g\u00e9e et class\u00e9e au patrimoine mondial par l\u2019Unesco depuis 1991.<\/p><p><span style=\"text-decoration: underline;\">G\u00e9ographie<br \/><\/span>Le delta du Danube est la formation g\u00e9ologique la plus r\u00e9cente de Roumanie et d&rsquo;Ukraine : sa formation commence par la mise en place d&rsquo;une s\u00e9rie de cordons littoraux (grinduri) apr\u00e8s que le niveau de la mer Noire eut atteint son niveau actuel, 5 500 ans avant notre \u00e8re, \u00e0 la fin de la transgression marine n\u00e9olithique. Ces cordons, qui ont vari\u00e9 dans le temps, d\u00e9limitent des complexes lagunaires que les alluvions danubiennes vont progressivement combler jusqu&rsquo;\u00e0 nos jours. \u00c0 l&rsquo;\u00e9poque d&rsquo;H\u00e9rodote, le cap Pteros (au nord de l&rsquo;actuel liman de Razelm\/Razim) \u00e9tait encore une pointe en pleine mer, et les limans actuels de Razelm, Zmeica, Golovita et Sinoe n&rsquo;existaient pas ; le cit\u00e9 de Histria \u00e9tait un port maritime.<br \/>Il y a environ 2 500 ans, toujours selon H\u00e9rodote, le Danube se divisait en sept bras.<br \/>En amont de Tulcea, le Danube est aujourd&rsquo;hui divis\u00e9 en trois bras qui vont se jeter dans la mer : au nord Chilia, qui fait office de fronti\u00e8re roumano-ukrainienne (sauf \u00e0 son embouchure, int\u00e9gralement ukrainienne), au centre Sulina et au sud Sf\u00e2ntu Gheorghe, mais beaucoup d&rsquo;autres canaux irriguent le delta en nombreux secteurs avec des roseaux, des marais ou des for\u00eats, qui sont parfois inond\u00e9s au printemps et en automne. Alors que l&rsquo;\u00e9rosion cro\u00eet dans le bassin avec l&rsquo;acc\u00e9l\u00e9ration des \u00e9coulements, due \u00e0 l&rsquo;activit\u00e9 humaine (d\u00e9forestation, endiguements), les alluvions d\u00e9pos\u00e9es par le Danube \u00e9largissent le delta d&rsquo;environ 40 m\u00e8tres par an, le rendant ainsi tr\u00e8s dynamique, mais ces alluvions peuvent contenir de nombreux polluants. L&rsquo;\u00e9largissement se produit surtout au niveau de delta secondaire du bras de Chilia, en Ukraine.<\/p><p><span style=\"text-decoration: underline;\">Population<br \/><\/span>Environ 15 000 personnes vivent dans les villages du delta, la plupart d&rsquo;entre elles de la p\u00eache, et, de plus en plus, du tourisme. Les villes, elles, comptent ensemble environ 25 000 habitants. L&#8217;embarcation traditionnelle du delta, en bois, est la Lotca aux pointes relev\u00e9es, une barque capable de fendre les roseaux et que l&rsquo;on peut m\u00e2ter et voiler \u00e0 volont\u00e9. En mer on utilise des mahonnes, grosses baleini\u00e8res capables de ramener d&rsquo;\u00e9normes esturgeons dont certains atteignent la tonne. Une partie des villageois sont des Lipov\u00e8nes (voir \u00c9glise orthodoxe vieille-ritualiste lipov\u00e8ne) descendant de Russes ayant fui les pers\u00e9cutions religieuses en 1772. Le centre principal de la communaut\u00e9 dans la partie ukrainienne du delta est Vylkove. Le centre religieux des Lipov\u00e8nes roumains est la ville de Braila en Roumanie.<\/p><p><span style=\"text-decoration: underline;\">Faune, Flore et Mise en valeur<br \/><\/span>Les bouches du Danube comptent plus de 1 200 vari\u00e9t\u00e9s de plantes, 300 esp\u00e8ces d&rsquo;oiseaux et 45 esp\u00e8ces de poissons d&rsquo;eau douce dans ses nombreux lacs et marais, et accueillent lors des migrations, des millions d&rsquo;oiseaux de diff\u00e9rents milieux de la Terre (d&rsquo;Europe, d&rsquo;Asie, d&rsquo;Afrique, de M\u00e9diterran\u00e9e) dont certains y nichent, et sont une zone extr\u00eamement poissonneuse.<br \/>Au d\u00e9but du XXe si\u00e8cle, le biologiste et \u00e9cologue Grigore Antipa, \u00e9l\u00e8ve d&rsquo;Ernst Haeckel fondateur de l&rsquo;\u00e9cologie, fut charg\u00e9 par les rois Carol Ier et Ferdinand de Roumanie de mettre en place un syst\u00e8me d&rsquo;exploitation rationnelle des ressources du delta, qui ne perturbe pas les \u00e9quilibres hydrologiques et biologiques, tout en augmentant la productivit\u00e9. Ce syst\u00e8me g\u00e9onomique assura la prosp\u00e9rit\u00e9 du delta et de ses habitants jusqu&rsquo;\u00e0 la Seconde Guerre mondiale et fit de la Roumanie le premier producteur mondial de caviar dans les ann\u00e9es 1930.<br \/>Apr\u00e8s avoir pris le contr\u00f4le des p\u00eacheries, le r\u00e9gime communiste mit en place un programme de polderisation de pr\u00e8s de 34 000 hectares de marais (alors que la Roumanie et l&rsquo;Ukraine n&rsquo;ont jamais manqu\u00e9 de terres arables), d&rsquo;endiguement des canaux et de fermeture des lagunes. Les scientifiques ou ing\u00e9nieurs qui os\u00e8rent protester \u00e9taient s\u00e9v\u00e8rement sanctionn\u00e9s. Ce programme provoqua une chute spectaculaire de la production biologique et la disparition de nombreuses fray\u00e8res.<br \/>Depuis 1991, avec la mise en place de la r\u00e9serve de biosph\u00e8re de 5 762 km\u00b2, un programme de reconstruction \u00e9cologique est en cours de r\u00e9alisation. Les habitants du delta du Danube regrettent cependant que ce programme, qui a fait remonter la production biologique, n&rsquo;ait pas \u00e9t\u00e9 accompagn\u00e9 par une restauration du syst\u00e8me coop\u00e9ratif des p\u00eacheries : tout a \u00e9t\u00e9 privatis\u00e9, remis \u00e0 des investisseurs priv\u00e9s souvent \u00e9trangers au delta, et de nombreux \u00e9tangs sont d\u00e9sormais inaccessibles aux p\u00eacheurs locaux.<\/p>\t\t\t\t\t\t\t\t<\/div>\n\t\t\t\t<\/div>\n\t\t\t\t\t<\/div>\n\t\t\t\t<\/div>\n\t\t<div class=\"elementor-element elementor-element-702241d e-flex e-con-boxed e-con e-parent\" data-id=\"702241d\" data-element_type=\"container\" data-e-type=\"container\">\n\t\t\t\t\t<div class=\"e-con-inner\">\n\t\t<div class=\"elementor-element elementor-element-1d0f5c0 e-con-full e-flex e-con e-child\" data-id=\"1d0f5c0\" data-element_type=\"container\" data-e-type=\"container\">\n\t\t\t\t<div class=\"elementor-element elementor-element-5888178 elementor-widget elementor-widget-image\" data-id=\"5888178\" data-element_type=\"widget\" data-e-type=\"widget\" data-widget_type=\"image.default\">\n\t\t\t\t<div class=\"elementor-widget-container\">\n\t\t\t\t\t\t\t\t\t\t\t\t\t\t\t<img fetchpriority=\"high\" width=\"277\" height=\"187\"  class=\"attachment-large size-large wp-image-34809 lws-optimize-lazyload\" alt=\"\" \/ data-src=\"https:\/\/carole-pascal.fr\/WORDPRESS\/wp-content\/uploads\/2024\/04\/Logos_Danube_Delta_Biosphere_Reserves.png\">\t\t\t\t\t\t\t\t\t\t\t\t\t\t\t<\/div>\n\t\t\t\t<\/div>\n\t\t\t\t<\/div>\n\t\t\t\t\t<\/div>\n\t\t\t\t<\/div>\n\t\t<div class=\"elementor-element elementor-element-eb67533 e-flex e-con-boxed e-con e-parent\" data-id=\"eb67533\" data-element_type=\"container\" data-e-type=\"container\">\n\t\t\t\t\t<div class=\"e-con-inner\">\n\t\t\t\t<div class=\"elementor-element elementor-element-b00f2ba elementor-widget elementor-widget-text-editor\" data-id=\"b00f2ba\" data-element_type=\"widget\" data-e-type=\"widget\" data-widget_type=\"text-editor.default\">\n\t\t\t\t<div class=\"elementor-widget-container\">\n\t\t\t\t\t\t\t\t\t<p><span style=\"text-decoration: underline;\">La r\u00e9serve de biosph\u00e8re du delta du Danube<\/span><br \/>Les bouches du Danube accueillent lors des migrations, des millions d&rsquo;oiseaux de diff\u00e9rents endroits de la Terre (Europe, Asie, Afrique, M\u00e9diterran\u00e9e) dont certains viennent y nicher, et sont une zone extr\u00eamement poissonneuse. C\u2019est une zone d\u2019hivernage de nombreuses esp\u00e8ces d\u2019oiseaux migrateurs nichant dans le nord de la Scandinavie, de la Finlande et de la Russie ; plusieurs colonies de p\u00e9licans y nichent.<\/p><p>Les principales esp\u00e8ces observ\u00e9es en 2015 sont les suivantes : Triturus dobrogicus Triturus dobrogicus, un urod\u00e8le prot\u00e9g\u00e9. Environ 2 500 p\u00e9licans blancs qui sont les oiseaux embl\u00e9matiques de la R\u00e9serve, et son embl\u00e8me c\u00f4te roumain. Ils repr\u00e9sentent la plus grande population nicheuse d&rsquo;Europe. En septembre, on peut admirer de grands rassemblements avant le d\u00e9part pour l&rsquo;Afrique. Cinq cents couples de p\u00e9licans fris\u00e9s ont \u00e9t\u00e9 recens\u00e9s.<br \/>Plus de cent couples de spatules blanches nettoient avec leur bec les fonds vaseux du Sud du delta. La spatule est, avec l\u2019esturgeon , l\u2019embl\u00e8me de la partie ukrainienne de la R\u00e9serve.<br \/>Reconnaissables \u00e0 leur plumage fonc\u00e9 et iridescent, 1 500 couples d&rsquo;ibis falcinelles peuplent la contr\u00e9e, essentiellement sur les rives des limans, en Roumanie.<br \/>Le delta offre au cormoran pygm\u00e9e un des sites de nidification les plus importants du monde. 3 500 couples s&rsquo;y rassemblent.<br \/>On compte six couples de pygargues \u00e0 queue blanche dans le delta. L&rsquo;envergure de ce rapace peut atteindre plus de deux m\u00e8tres.<br \/>Le balbuzard p\u00eacheur est un rapace en voie de disparition dans la r\u00e9gion. Sous les serres, des excroissances charnues lui permettent de mieux retenir les proies glissantes. La Soci\u00e9t\u00e9 ornithologique roumaine a men\u00e9 des campagnes de repeuplement qui ont donn\u00e9 des r\u00e9sultats (on \u00e9tait pass\u00e9s en quinze ans de trois couples nicheurs \u00e0 six) mais en raison du braconnage, on pense qu&rsquo;il ne reste que deux couples nicheurs.<br \/>Le tadorne casarca, cette esp\u00e8ce de canard peu r\u00e9pandue, serait repr\u00e9sent\u00e9 du c\u00f4t\u00e9 de l&rsquo;\u00eele Popina, sur le liman Razelm, en Roumanie, par une quinzaine de couples, un chiffre non confirm\u00e9 par la SOR en raison du braconnage.<br \/>La SOR esp\u00e8re, sans en \u00eatre s\u00fbre, que l&rsquo;\u00e9rismature \u00e0 t\u00eate blanche, canard \u00e0 bec bleu en voie de disparition dans toute l&rsquo;Europe, niche encore dans le delta.<br \/>L&rsquo;esturgeon, venu de la mer Noire, remonte le fleuve et ses affluents ; il peut mesurer jusqu&rsquo;\u00e0 quatre m\u00e8tres de long. La disparition n&rsquo;est pas \u00e0 l&rsquo;ordre du jour, mais la rar\u00e9faction est telle que sa p\u00eache, jadis une industrie (la Roumanie fut, dans les ann\u00e9es 1930-1960, le deuxi\u00e8me producteur mondial de caviar derri\u00e8re l&rsquo;URSS et devant l&rsquo;Iran), n&rsquo;est aujourd&rsquo;hui plus rentable.<br \/>On trouve le silure, parfois nomm\u00e9 \u00e0 tort poisson-chat, sur l&rsquo;ensemble du Danube mais plus encore \u00e0 l&#8217;embouchure. Tr\u00e8s vivace, le silure peut atteindre 2,5 m de long et capturer des petits oiseaux et des mammif\u00e8res. Sa chair est excellente.<br \/>La loutre commune, carnivore au poil \u00e9pais et soyeux, a beaucoup souffert de la pollution le long du fleuve mais reste abondante dans le delta. Le chien viverrin est un canid\u00e9 nocturne qui se regroupe en famille de 5 ou 6 individus : il se nourrit de petits rongeurs, de poissons, de glands, de baies et de fruits.<\/p>\t\t\t\t\t\t\t\t<\/div>\n\t\t\t\t<\/div>\n\t\t\t\t\t<\/div>\n\t\t\t\t<\/div>\n\t\t<div class=\"elementor-element elementor-element-8b96586 e-flex e-con-boxed e-con e-parent\" data-id=\"8b96586\" data-element_type=\"container\" data-e-type=\"container\">\n\t\t\t\t\t<div class=\"e-con-inner\">\n\t\t<div class=\"elementor-element elementor-element-9a03ef9 e-con-full e-flex e-con e-child\" data-id=\"9a03ef9\" data-element_type=\"container\" data-e-type=\"container\">\n\t\t\t\t<div class=\"elementor-element elementor-element-42ef9c2 elementor-widget elementor-widget-image\" data-id=\"42ef9c2\" data-element_type=\"widget\" data-e-type=\"widget\" data-widget_type=\"image.default\">\n\t\t\t\t<div class=\"elementor-widget-container\">\n\t\t\t\t\t\t\t\t\t\t\t\t\t\t\t<img width=\"1024\" height=\"282\"  class=\"attachment-large size-large wp-image-34802 lws-optimize-lazyload\" alt=\"\" srcset=\"https:\/\/carole-pascal.fr\/WORDPRESS\/wp-content\/uploads\/2024\/04\/Billets-1024x282.jpg 1024w, https:\/\/carole-pascal.fr\/WORDPRESS\/wp-content\/uploads\/2024\/04\/Billets-300x83.jpg 300w, https:\/\/carole-pascal.fr\/WORDPRESS\/wp-content\/uploads\/2024\/04\/Billets-768x212.jpg 768w, https:\/\/carole-pascal.fr\/WORDPRESS\/wp-content\/uploads\/2024\/04\/Billets-1536x424.jpg 1536w, https:\/\/carole-pascal.fr\/WORDPRESS\/wp-content\/uploads\/2024\/04\/Billets-2048x565.jpg 2048w\" sizes=\"(max-width: 1024px) 100vw, 1024px\" \/ data-src=\"https:\/\/carole-pascal.fr\/WORDPRESS\/wp-content\/uploads\/2024\/04\/Billets-1024x282.jpg\">\t\t\t\t\t\t\t\t\t\t\t\t\t\t\t<\/div>\n\t\t\t\t<\/div>\n\t\t\t\t<\/div>\n\t\t\t\t\t<\/div>\n\t\t\t\t<\/div>\n\t\t\t\t<\/div>\n\t\t","protected":false},"excerpt":{"rendered":"<p>Revenir au menu pr\u00e9c\u00e9dent Le delta du Danube comprend une quinzaine de d\u00e9fluents dont les trois principaux sont accessibles aux b\u00e2timents maritimes de gros tonnage : bras de Chilia, de Sulina et de St-Georges. Il est situ\u00e9 pour les quatre cinqui\u00e8mes dans le Nord de la r\u00e9gion historique roumaine de Dobrog\u00e9e, plus pr\u00e9cis\u00e9ment dans le [&hellip;]<\/p>\n","protected":false},"author":1,"featured_media":0,"parent":0,"menu_order":0,"comment_status":"closed","ping_status":"closed","template":"","meta":{"ocean_post_layout":"","ocean_both_sidebars_style":"","ocean_both_sidebars_content_width":0,"ocean_both_sidebars_sidebars_width":0,"ocean_sidebar":"","ocean_second_sidebar":"","ocean_disable_margins":"enable","ocean_add_body_class":"","ocean_shortcode_before_top_bar":"","ocean_shortcode_after_top_bar":"","ocean_shortcode_before_header":"","ocean_shortcode_after_header":"","ocean_has_shortcode":"","ocean_shortcode_after_title":"","ocean_shortcode_before_footer_widgets":"","ocean_shortcode_after_footer_widgets":"","ocean_shortcode_before_footer_bottom":"","ocean_shortcode_after_footer_bottom":"","ocean_display_top_bar":"default","ocean_display_header":"default","ocean_header_style":"","ocean_center_header_left_menu":"","ocean_custom_header_template":"","ocean_custom_logo":0,"ocean_custom_retina_logo":0,"ocean_custom_logo_max_width":0,"ocean_custom_logo_tablet_max_width":0,"ocean_custom_logo_mobile_max_width":0,"ocean_custom_logo_max_height":0,"ocean_custom_logo_tablet_max_height":0,"ocean_custom_logo_mobile_max_height":0,"ocean_header_custom_menu":"","ocean_menu_typo_font_family":"","ocean_menu_typo_font_subset":"","ocean_menu_typo_font_size":0,"ocean_menu_typo_font_size_tablet":0,"ocean_menu_typo_font_size_mobile":0,"ocean_menu_typo_font_size_unit":"px","ocean_menu_typo_font_weight":"","ocean_menu_typo_font_weight_tablet":"","ocean_menu_typo_font_weight_mobile":"","ocean_menu_typo_transform":"","ocean_menu_typo_transform_tablet":"","ocean_menu_typo_transform_mobile":"","ocean_menu_typo_line_height":0,"ocean_menu_typo_line_height_tablet":0,"ocean_menu_typo_line_height_mobile":0,"ocean_menu_typo_line_height_unit":"","ocean_menu_typo_spacing":0,"ocean_menu_typo_spacing_tablet":0,"ocean_menu_typo_spacing_mobile":0,"ocean_menu_typo_spacing_unit":"","ocean_menu_link_color":"","ocean_menu_link_color_hover":"","ocean_menu_link_color_active":"","ocean_menu_link_background":"","ocean_menu_link_hover_background":"","ocean_menu_link_active_background":"","ocean_menu_social_links_bg":"","ocean_menu_social_hover_links_bg":"","ocean_menu_social_links_color":"","ocean_menu_social_hover_links_color":"","ocean_disable_title":"default","ocean_disable_heading":"default","ocean_post_title":"","ocean_post_subheading":"","ocean_post_title_style":"","ocean_post_title_background_color":"","ocean_post_title_background":0,"ocean_post_title_bg_image_position":"","ocean_post_title_bg_image_attachment":"","ocean_post_title_bg_image_repeat":"","ocean_post_title_bg_image_size":"","ocean_post_title_height":0,"ocean_post_title_bg_overlay":0.5,"ocean_post_title_bg_overlay_color":"","ocean_disable_breadcrumbs":"default","ocean_breadcrumbs_color":"","ocean_breadcrumbs_separator_color":"","ocean_breadcrumbs_links_color":"","ocean_breadcrumbs_links_hover_color":"","ocean_display_footer_widgets":"default","ocean_display_footer_bottom":"default","ocean_custom_footer_template":"","footnotes":""},"class_list":["post-34863","page","type-page","status-publish","hentry","entry"],"_links":{"self":[{"href":"https:\/\/carole-pascal.fr\/WORDPRESS\/wp-json\/wp\/v2\/pages\/34863","targetHints":{"allow":["GET"]}}],"collection":[{"href":"https:\/\/carole-pascal.fr\/WORDPRESS\/wp-json\/wp\/v2\/pages"}],"about":[{"href":"https:\/\/carole-pascal.fr\/WORDPRESS\/wp-json\/wp\/v2\/types\/page"}],"author":[{"embeddable":true,"href":"https:\/\/carole-pascal.fr\/WORDPRESS\/wp-json\/wp\/v2\/users\/1"}],"replies":[{"embeddable":true,"href":"https:\/\/carole-pascal.fr\/WORDPRESS\/wp-json\/wp\/v2\/comments?post=34863"}],"version-history":[{"count":0,"href":"https:\/\/carole-pascal.fr\/WORDPRESS\/wp-json\/wp\/v2\/pages\/34863\/revisions"}],"wp:attachment":[{"href":"https:\/\/carole-pascal.fr\/WORDPRESS\/wp-json\/wp\/v2\/media?parent=34863"}],"curies":[{"name":"wp","href":"https:\/\/api.w.org\/{rel}","templated":true}]}}