{"id":34961,"date":"2024-04-29T15:06:57","date_gmt":"2024-04-29T13:06:57","guid":{"rendered":"https:\/\/carole-pascal.fr\/WORDPRESS\/?page_id=34961"},"modified":"2024-04-29T15:23:59","modified_gmt":"2024-04-29T13:23:59","slug":"islande-04-au-25-juin-2016-observations","status":"publish","type":"page","link":"https:\/\/carole-pascal.fr\/WORDPRESS\/islande-04-au-25-juin-2016-observations\/","title":{"rendered":"Islande \u2013 04 au 25 juin 2016 &#8211; Observations"},"content":{"rendered":"\t\t<div data-elementor-type=\"wp-page\" data-elementor-id=\"34961\" class=\"elementor elementor-34961\">\n\t\t\t\t<div class=\"elementor-element elementor-element-7aaf99c4 e-flex e-con-boxed e-con e-parent\" data-id=\"7aaf99c4\" data-element_type=\"container\" data-e-type=\"container\">\n\t\t\t\t\t<div class=\"e-con-inner\">\n\t\t\t\t<div class=\"elementor-element elementor-element-5f6e3781 elementor-align-center elementor-widget elementor-widget-button\" data-id=\"5f6e3781\" data-element_type=\"widget\" data-e-type=\"widget\" data-widget_type=\"button.default\">\n\t\t\t\t<div class=\"elementor-widget-container\">\n\t\t\t\t\t\t\t\t\t<div class=\"elementor-button-wrapper\">\n\t\t\t\t\t<a class=\"elementor-button elementor-button-link elementor-size-sm\" href=\"https:\/\/carole-pascal.fr\/WORDPRESS\/islande-04-au-25-juin-2016\/\">\n\t\t\t\t\t\t<span class=\"elementor-button-content-wrapper\">\n\t\t\t\t\t\t\t\t\t<span class=\"elementor-button-text\">Revenir au menu pr\u00e9c\u00e9dent<\/span>\n\t\t\t\t\t<\/span>\n\t\t\t\t\t<\/a>\n\t\t\t\t<\/div>\n\t\t\t\t\t\t\t\t<\/div>\n\t\t\t\t<\/div>\n\t\t\t\t\t<\/div>\n\t\t\t\t<\/div>\n\t\t<div class=\"elementor-element elementor-element-8046527 e-flex e-con-boxed e-con e-parent\" data-id=\"8046527\" data-element_type=\"container\" data-e-type=\"container\">\n\t\t\t\t\t<div class=\"e-con-inner\">\n\t\t\t\t<div class=\"elementor-element elementor-element-ba27e79 elementor-widget elementor-widget-text-editor\" data-id=\"ba27e79\" data-element_type=\"widget\" data-e-type=\"widget\" data-widget_type=\"text-editor.default\">\n\t\t\t\t<div class=\"elementor-widget-container\">\n\t\t\t\t\t\t\t\t\t<p><strong>TOTAL DES ESPECES D&rsquo;OISEAUX : 68<\/strong><\/p><p><span style=\"text-decoration: underline;\">Sam 04 juin 2016<\/span> : 2 cygnes chanteurs, Oies cendr\u00e9es, Canards colverts, Canards chipeaux, 1 canard souchet, 1 canard siffleur, Canards morillons, Eiders \u00e0 duvet, 2 hareldes bor\u00e9ales, Harles hupp\u00e9s, Huitries pies, Grands gravelots, Pluviers dor\u00e9s, 2 B\u00e9casseaux variables, Chevaliers gambettes, 1 barge \u00e0 queue noire, 2 courlis corlieu, B\u00e9cassines des marais, 1 labbe parasite, Mouettes rieuses, Go\u00e9lands bruns, Sternes arctiques, 1 bergeronnette grise, 1 grand corbeau, Etourneaux<\/p><p><span style=\"text-decoration: underline;\">Dim 05 juin 2016<\/span> : 1 p\u00e9trel fulmar, 2 cygnes chanteurs, Oies cendr\u00e9es, 1 bernache cravant (du groenland), Canards colverts, Canards siffleurs, 3 sarcelles d&rsquo;hiver, 2 fuligules milouinan, Fuligules morillon, Eiders \u00e0 duvet, Harles hupp\u00e9s, Huitries pies, Grands gravelots, B\u00e9cassines des marais, 1 courlis corlieu, Chevaliers gambettes, Mouettes rieuses, Go\u00e9lands bruns, 1 go\u00e9land marin, Sternes arctiques, 1 Pipit farlouse, Bergeronnettes grises, Grives mauvis, Merles noirs, 1 grand corbeau, Etourneaux, Cizerins flam\u00e9s<\/p><p><span style=\"text-decoration: underline;\">Lun 06 juin 2016<\/span> : 2 plongeons imbrins, P\u00e9trels fulmars, Fous de bassan, 1 grand cormoran, 2 cygnes chanteurs, Oies cendr\u00e9es, Fuligules morillons, Harles hupp\u00e9s, Eiders \u00e0 duvet, Huitriers pies, Grand gravelots, Pluviers dor\u00e9s, B\u00e9casseaux sanderling, Tournepierres \u00e0 collier, B\u00e9casseaux variables, Chevaliers gambettes, Courlis corlieu, B\u00e9cassines des marais, 7 phalaropes \u00e0 bec \u00e9troit, 3 labbes parasites, Mouettes tridactyles, Mouettes rieuses, Go\u00e9lands bruns, Go\u00e9lands marins, 1 go\u00e9land bourgmestre, Sternes arctiques, 1 guillemot \u00e0 miroir, Guillemots de tro\u00efl, Pingouins torda, Pipits farlouses, Bergeronnettes grises, 1 traquet moteux, Etourneaux<\/p><p><span style=\"text-decoration: underline;\">Mar 07 juin 2016<\/span> : Plongeons catmarins, Plongeons imbrins, P\u00e9trels fulmars, Cygnes chanteurs, Oies cendr\u00e9es, Canards colverts, Canards siffleurs, Fuligules morillons, Eiders \u00e0 duvet, 3 garrots harlequins, Harles hupp\u00e9s, Huitriers pies, Grands gravelots, Pluviers dor\u00e9s, Chevaliers gambettes, Barges \u00e0 queue noire, Courlis corlieu, B\u00e9cassines des marais, Phalaropes \u00e0 bec \u00e9troit, 1 grand labbe, Labbes parasites, Mouettes rieuses, Go\u00e9lands bruns, Sternes arctiques, Pipits farlouse, Bergeronnettes grise, Grives mauvis, 1 grand corbeau, Etourneaux<\/p><p><span style=\"text-decoration: underline;\">Mer 08 juin 2016<\/span> : Plongeons catmarins, Cygnes chanteurs, Oies cendr\u00e9es, Canards colverts, Fuligules morillons, Eiders \u00e0 duvet, Huitriers pies, Grands gravelots, Pluviers dor\u00e9s, Chevaliers gambettes, Barges \u00e0 queue noire, Courlis corlieu, B\u00e9cassines des marais, Phalaropes \u00e0 bec \u00e9troit, Labbes parasites (1 forme clair), Mouettes rieuses, Go\u00e9lands bruns, Sternes arctiques, Pipits farlouse, Traquet motteux, Bergeronnettes grise, Grives mauvis, 1 grand corbeau, Etourneaux<\/p><p><span style=\"text-decoration: underline;\">Jeu 09 juin 2016<\/span> : Plongeons catmarins, 1 plongeon imbrin, 1 gr\u00e8be esclavon, P\u00e9trels fulmars, Cormorans hupp\u00e9s, Cygnes chanteurs, Oies cendr\u00e9es, Tadornes de belon, Canards colverts, Canards siffleurs, Fuligules milouinans, Fuligules morillons, Eiders \u00e0 duvet, Huitriers pies, Grands gravelots, Pluviers dor\u00e9s, B\u00e9casseaux variables,Chevaliers gambettes, Barges \u00e0 queue noire, Courlis corlieu, B\u00e9cassines des marais, Phalaropes \u00e0 bec \u00e9troit, Labbes parasites (dont forme clair), Mouettes rieuses, Mouettes tridactyles, Go\u00e9lands bruns, Go\u00e9lands marins, Go\u00e9lands bourgmestres, Sternes arctiques, 1 Guillemot \u00e0 miroir, Pipits farlouse, Bergeronnettes grise, Grives mauvis, 2 grand corbeaux, Etourneaux<\/p><p><span style=\"text-decoration: underline;\">Ven 10 juin 2016<\/span> : P\u00e9trels fulmars, Fous de bassan, Cormorans hupp\u00e9s, Oies cendr\u00e9es, Canards colverts, 1 Fuligule milouinan, Fuligules morillons, Eiders \u00e0 duvet, Harles hupp\u00e9s, 3 Lagop\u00e8des alpins, Huitriers pies, Pluviers dor\u00e9s, Chevaliers gambettes, Barges \u00e0 queue noire, Courlis corlieu, B\u00e9cassines des marais, 1 Labbe parasite, Mouettes tridactyles, Go\u00e9lands marins, Go\u00e9lands bourgmestres, Sternes arctiques, Guillemots \u00e0 miroir, Guillemots de tro\u00efl, Pingouins torda, Pipits farlouse, Bergeronnettes grise, Grives mauvis, Traquets motteux, grands corbeaux<\/p><p><span style=\"text-decoration: underline;\">Sam 11 juin 2016<\/span> : 1 Phoque, 1 Dauphin,P\u00e9trels fulmars, Grand cormorans, Cormorans hupp\u00e9s, Cygnes chanteurs, Oies cendr\u00e9es, Canards colverts, 1 Sarcelle d&rsquo;hiver, Eiders \u00e0 duvet, Huitriers pies, Grand gravelots, Chevaliers gambettes, B\u00e9cassines des marais, Phalaropes \u00e0 bec \u00e9troit, 1 Labbe parasite, Mouettes tridactyles, Go\u00e9lands marins, Go\u00e9lands bourgmestres, Sternes arctiques, Macareux moines, Guillemots \u00e0 miroir, Pipits farlouse, Bergeronnettes grise, Grives mauvis, Traquets motteux, bruants de neiges<\/p><p><span style=\"text-decoration: underline;\">Dim 12 juin 2016<\/span> : 2 Phoques gris, P\u00e9trels fulmars, Grand cormorans, Cormorans hupp\u00e9s, Cygnes chanteurs, Oies cendr\u00e9es, Canards colverts, Eiders \u00e0 duvet, Harles hupp\u00e9s, Huitriers pies, Grand gravelots, Chevaliers gambettes, B\u00e9cassines des marais, Labbes parasite, Mouettes tridactyles, Mouettes rieuses,Go\u00e9lands marins, Go\u00e9lands bourgmestres, Sternes arctiques, Macareux moines, Guillemots de tro\u00efl, Guillemots de Brunnich, Pingouins tordas, Pipits farlouse, Bergeronnettes grise, Grives mauvis, Traquets motteux, Grands corbeaux<\/p><p><span style=\"text-decoration: underline;\">Lun 13 juin 2016<\/span> : Veaux marins, P\u00e9trels fulmars, Cygnes chanteurs, Oies cendr\u00e9es, Canards colverts, 2 fuligules milouinan, Eiders \u00e0 duvet, 2 hareldes bor\u00e9ales, Garrots arlequins, Harles hupp\u00e9s, 2 lagop\u00e8des alpins, Huitriers pies, Grand gravelots, 1 pluvier dor\u00e9, B\u00e9casseaux variables, Chevaliers gambettes, Courlis corlieu, Phalaropes \u00e0 bec \u00e9troit, B\u00e9cassines des marais, 2 grand labbes, Labbes parasite, Mouettes tridactyles, Mouettes rieuses, Go\u00e9lands marins, Go\u00e9lands bourgmestres, Sternes arctiques, Pipits farlouse, Bergeronnettes grise, Grives mauvis, Traquets motteux, 1 bruant des neiges, Grands corbeaux<\/p><p><span style=\"text-decoration: underline;\">Mar 14 juin 2016<\/span> : Plongeons catmarins, plongeons imbrins, P\u00e9trels fulmars, Cygnes chanteurs, Oies cendr\u00e9es, Oies \u00e0 bec court, Canards siffleurs, Canards colverts, Fuligules morillons, Eiders \u00e0 duvet, Garrots arlequins, Harles hupp\u00e9s, Huitriers pies, Grand gravelots, pluviers dor\u00e9, Chevaliers gambettes, Barges \u00e0 queue noire, Courlis corlieu, Phalaropes \u00e0 bec \u00e9troit, B\u00e9cassines des marais, Labbes parasite, Mouettes tridactyles, Mouettes rieuses, Go\u00e9lands cendr\u00e9s, 1 go\u00e9land argent\u00e9, Go\u00e9lands marins, Go\u00e9lands bruns, Go\u00e9lands bourgmestres, Sternes arctiques, Pipits farlouse, Bergeronnettes grise, Grives mauvis, Grands corbeaux<\/p><p><span style=\"text-decoration: underline;\">Mer 15 juin 2016<\/span> : 3 Baleines \u00e0 bosses, Cygnes chanteurs, Oies cendr\u00e9es, Canards siffleurs, Canards colverts, Eiders \u00e0 duvet, Garrots arlequins, Harelde bor\u00e9ale, Harles hupp\u00e9s, 3 Lagop\u00e8des alpins, Huitriers pies, 1 Grand gravelot, 1 pluvier dor\u00e9, Chevaliers gambettes, Barges \u00e0 queue noire, Courlis corlieu, Phalaropes \u00e0 bec \u00e9troit, B\u00e9cassines des marais, Labbes parasite, Mouettes tridactyles, Mouettes rieuses, Go\u00e9lands cendr\u00e9s, Go\u00e9lands marins, 1 guillemot \u00e0 miroir, Sternes arctiques, Pipits farlouse, Bergeronnettes grise, Grives mauvis, 1 traquet motteux, Sizerins flam\u00e9s, Grands corbeaux<\/p><p><span style=\"text-decoration: underline;\">Jeu 16 juin 2016<\/span> : Baleines de Minke, Baleines \u00e0 bosses, Dauphins \u00e0 nez blanc, Gr\u00e8bes esclavons, P\u00e9trels fulmars, Cygnes chanteurs, Oies cendr\u00e9es, Canards siffleurs, Fuligules milouinans, Fuligules morillons, Eiders \u00e0 duvet, Hareldes bor\u00e9ale, Garrots d&rsquo;Islande, Harles hupp\u00e9s, 1 pluvier dor\u00e9, Chevaliers gambettes, Barges \u00e0 queue noire, Courlis corlieu, Phalaropes \u00e0 bec \u00e9troit, B\u00e9cassines des marais, Labbes parasite, Mouettes tridactyles, Mouettes rieuses, Go\u00e9lands cendr\u00e9s, Go\u00e9lands marins, Guillemots de tro\u00efl, Pingouins tordas, Macareux moines, Sternes arctiques, Pipits farlouse, Bergeronnettes grise, Grives mauvis, Sizerins flam\u00e9s<\/p><p><span style=\"text-decoration: underline;\">Ven 17 juin 2016<\/span> : 1 plongeon imbrin, 1 plongeon catmarin, Gr\u00e8bes esclavons, Cygnes chanteurs, Oies cendr\u00e9es, Canards colverts, Canards chipeau, Canards siffleurs, Sarcelles d&rsquo;hiver, Fuligules morillons, 1 Macreuse noire, Hareldes bor\u00e9ale, Garrots d&rsquo;Islande, 1 pluvier dor\u00e9, Chevaliers gambettes, Barges \u00e0 queue noire, Courlis corlieu, Phalaropes \u00e0 bec \u00e9troit, B\u00e9cassines des marais, Mouettes rieuses, Sternes arctiques, Pipits farlouse, Bergeronnettes grise, Grives mauvis, Grands corbeaux<\/p><p><span style=\"text-decoration: underline;\">Sam 18 juin 2016<\/span> : 1 plongeon imbrin, Gr\u00e8bes esclavons, Cygnes chanteurs, Oies cendr\u00e9es, Oies \u00e0 bec court, Canards chipeau, Canards siffleurs, Fuligules morillons, Garrots d&rsquo;Islande, Harles hupp\u00e9s, 1 pluvier dor\u00e9, Chevaliers gambettes, Grands gravelots, Phalaropes \u00e0 bec \u00e9troit, B\u00e9cassines des marais, 1 Grand labbe, Mouettes rieuses, Sternes arctiques, Pipits farlouse, Bergeronnettes grise, Grives mauvis, Grands corbeaux<\/p><p><span style=\"text-decoration: underline;\">Dim 19 juin 2016<\/span> : Plongeons imbrin, 1 plongeon catmarin, Gr\u00e8bes esclavons, P\u00e9trels fulmar, Cygnes chanteurs, Oies cendr\u00e9es, Canards colverts, 1 Canard souchet, Canards chipeau, Canards pilet, Canards siffleurs, 1 Sarcelle d&rsquo;hiver, Fuligules milouinans, Fuligules morillons, Eiders \u00e0 duvet, Harldes bor\u00e9ales, Garrots d&rsquo;Islande, Harles hupp\u00e9s, Pluviers dor\u00e9, Grands gravelots, Chevaliers gambettes, Phalaropes \u00e0 bec \u00e9troit, Huitriers pies, Barges \u00e0 queue noire, B\u00e9cassines des marais, Courlis corlieu, Labbes parasites, Mouettes rieuses, Sternes arctiques, Go\u00e9lands marins, Go\u00e9lands argent\u00e9s, Macareux, Pipits farlouse, Bergeronnettes grise, Grives mauvis, Traquets motteux, Sizerins flam\u00e9s, 1 Troglodyte mignon, Grands corbeaux<\/p><p><span style=\"text-decoration: underline;\">Lun 20 juin 2016<\/span> : Plongeons catmarin, Gr\u00e8bes esclavons, Cygnes chanteurs, Oies cendr\u00e9es, Oies \u00e0 bec court, Canards colverts, Canards chipeau, Sarcelles d&rsquo;hiver, Fuligules morillons, Eiders \u00e0 duvet, Hareldes bor\u00e9ales, Garrots d&rsquo;Islande, Garrots arlequins, Pluviers dor\u00e9, Huitriers pies, B\u00e9casseaux variables, Chevaliers gambettes, Phalaropes \u00e0 bec \u00e9troit, Barges \u00e0 queue noire, B\u00e9cassines des marais, Courlis corlieu, Labbes parasites, Grands labbes, Mouettes rieuses, Sternes arctiques, Go\u00e9lands bruns, Mouettes tridactyles, Pipits farlouse, Bergeronnettes grise, Grives mauvis, Traquets motteux, Grands corbeaux<\/p><p><span style=\"text-decoration: underline;\">Mar 21 juin 2016<\/span> : Phoques, Rennes, Plongeons catmarin, Cygnes chanteurs, Oies cendr\u00e9es, Canards colverts, Fuligules morillons, Eiders \u00e0 duvet, Garrots arlequins, Pluviers dor\u00e9, Huitriers pies, B\u00e9casseaux variables, Chevaliers gambettes, Grand gravelots, Phalaropes \u00e0 bec \u00e9troit, Barges \u00e0 queue noire, B\u00e9cassines des marais, Courlis corlieu, Labbes parasites, Mouettes rieuses, Sternes arctiques, Go\u00e9lands bruns, Go\u00e9lands cendr\u00e9s, Go\u00e9lands argent\u00e9s, Mouettes tridactyles, Macareux moine, Pipits farlouse, Bergeronnettes grise, Grives mauvis, Traquets motteux, Grands corbeaux<\/p><p><span style=\"text-decoration: underline;\">Mer 22 juin 2016<\/span> : Phoques, Rennes, Plongeons catmarin, Plongeons imbrins, P\u00e9trels fulmar, 1 grand Cormoran, Cygnes chanteurs, Oies cendr\u00e9es, Bernaches nonettes, Canards colverts, Fuligules morillons, Eiders \u00e0 duvet, Pluviers dor\u00e9, Huitriers pies, B\u00e9casseaux maub\u00eache, 1 B\u00e9casseau violet, Chevaliers gambettes, Grand gravelots, Phalaropes \u00e0 bec \u00e9troit, Barges \u00e0 queue noire, B\u00e9cassines des marais, Courlis corlieu, Labbes parasites, Grands labbes, Mouettes rieuses, Sternes arctiques, Go\u00e9lands bruns, Go\u00e9lands marins, Go\u00e9lands argent\u00e9s, Mouettes tridactyles, Guillemots de tro\u00efls, Pigeons biset, 1 Hibou des marais, Pipits farlouse, Bergeronnettes grise, Grives mauvis, Bruants des neiges, Traquets motteux, Troglodyte mignon, Grands corbeaux<\/p><p><span style=\"text-decoration: underline;\">Jeu 23 juin 2016<\/span> : Plongeons catmarin, P\u00e9trels fulmar, Cygnes chanteurs, Oies cendr\u00e9es, Bernaches nonettes, Canards colverts, Fuligules morillons, Eiders \u00e0 duvet, Pluviers dor\u00e9, Huitriers pies, Chevaliers gambettes, Grand gravelots, Phalaropes \u00e0 bec \u00e9troit, Barges \u00e0 queue noire, B\u00e9cassines des marais, Courlis corlieu, Labbes parasites, Grands labbes, Mouettes rieuses, Sternes arctiques, Go\u00e9lands bruns, Go\u00e9lands marins, Go\u00e9lands argent\u00e9s, Mouettes tridactyles, Pigeons biset, Pipits farlouse, Bergeronnettes grise, Grives mauvis, Bruants des neiges, Traquets motteux, Grands corbeaux<\/p><p><span style=\"text-decoration: underline;\">Ven 24 juin 2016<\/span> : P\u00e9trels fulmar, Cygnes chanteurs, Canards colverts, Fuligules morillons, Eiders \u00e0 duvet, Pluviers dor\u00e9, Huitriers pies, Chevaliers gambettes, Grand gravelots, Phalaropes \u00e0 bec \u00e9troit, Barges \u00e0 queue noire, B\u00e9cassines des marais, Courlis corlieu, Labbes parasites, Grands labbes, Mouettes rieuses, Sternes arctiques, Go\u00e9lands bruns, Go\u00e9lands marins, Go\u00e9lands argent\u00e9s, Mouettes tridactyles, Macareux moine, Guillemots de tro\u00efl, Pingouins tordas, Pigeons biset, Pipits farlouse, Bergeronnettes grise, Grives mauvis, Traquets motteux, Grands corbeaux<\/p><p><span style=\"text-decoration: underline;\">Sam 25 juin 2016<\/span> : P\u00e9trels fulmar, Cygnes chanteurs, Canards colverts, Fuligules morillons, Eiders \u00e0 duvet, Pluviers dor\u00e9, Huitriers pies, Chevaliers gambettes, Grand gravelots, Phalaropes \u00e0 bec \u00e9troit, B\u00e9cassines des marais, Courlis corlieu, Labbes parasites, 1 Grand labbe, Mouettes rieuses, Sternes arctiques, Go\u00e9lands bruns, Go\u00e9lands marins, Go\u00e9lands argent\u00e9s, Mouettes tridactyles, Pipits farlouse, Bergeronnettes grise, Grives mauvis, Traquets motteux, Grands corbeaux, Etourneaux<\/p>\t\t\t\t\t\t\t\t<\/div>\n\t\t\t\t<\/div>\n\t\t\t\t\t<\/div>\n\t\t\t\t<\/div>\n\t\t\t\t<\/div>\n\t\t","protected":false},"excerpt":{"rendered":"<p>Revenir au menu pr\u00e9c\u00e9dent TOTAL DES ESPECES D&rsquo;OISEAUX : 68 Sam 04 juin 2016 : 2 cygnes chanteurs, Oies cendr\u00e9es, Canards colverts, Canards chipeaux, 1 canard souchet, 1 canard siffleur, Canards morillons, Eiders \u00e0 duvet, 2 hareldes bor\u00e9ales, Harles hupp\u00e9s, Huitries pies, Grands gravelots, Pluviers dor\u00e9s, 2 B\u00e9casseaux variables, Chevaliers gambettes, 1 barge \u00e0 queue [&hellip;]<\/p>\n","protected":false},"author":1,"featured_media":0,"parent":0,"menu_order":0,"comment_status":"closed","ping_status":"closed","template":"","meta":{"ocean_post_layout":"","ocean_both_sidebars_style":"","ocean_both_sidebars_content_width":0,"ocean_both_sidebars_sidebars_width":0,"ocean_sidebar":"","ocean_second_sidebar":"","ocean_disable_margins":"enable","ocean_add_body_class":"","ocean_shortcode_before_top_bar":"","ocean_shortcode_after_top_bar":"","ocean_shortcode_before_header":"","ocean_shortcode_after_header":"","ocean_has_shortcode":"","ocean_shortcode_after_title":"","ocean_shortcode_before_footer_widgets":"","ocean_shortcode_after_footer_widgets":"","ocean_shortcode_before_footer_bottom":"","ocean_shortcode_after_footer_bottom":"","ocean_display_top_bar":"default","ocean_display_header":"default","ocean_header_style":"","ocean_center_header_left_menu":"","ocean_custom_header_template":"","ocean_custom_logo":0,"ocean_custom_retina_logo":0,"ocean_custom_logo_max_width":0,"ocean_custom_logo_tablet_max_width":0,"ocean_custom_logo_mobile_max_width":0,"ocean_custom_logo_max_height":0,"ocean_custom_logo_tablet_max_height":0,"ocean_custom_logo_mobile_max_height":0,"ocean_header_custom_menu":"","ocean_menu_typo_font_family":"","ocean_menu_typo_font_subset":"","ocean_menu_typo_font_size":0,"ocean_menu_typo_font_size_tablet":0,"ocean_menu_typo_font_size_mobile":0,"ocean_menu_typo_font_size_unit":"px","ocean_menu_typo_font_weight":"","ocean_menu_typo_font_weight_tablet":"","ocean_menu_typo_font_weight_mobile":"","ocean_menu_typo_transform":"","ocean_menu_typo_transform_tablet":"","ocean_menu_typo_transform_mobile":"","ocean_menu_typo_line_height":0,"ocean_menu_typo_line_height_tablet":0,"ocean_menu_typo_line_height_mobile":0,"ocean_menu_typo_line_height_unit":"","ocean_menu_typo_spacing":0,"ocean_menu_typo_spacing_tablet":0,"ocean_menu_typo_spacing_mobile":0,"ocean_menu_typo_spacing_unit":"","ocean_menu_link_color":"","ocean_menu_link_color_hover":"","ocean_menu_link_color_active":"","ocean_menu_link_background":"","ocean_menu_link_hover_background":"","ocean_menu_link_active_background":"","ocean_menu_social_links_bg":"","ocean_menu_social_hover_links_bg":"","ocean_menu_social_links_color":"","ocean_menu_social_hover_links_color":"","ocean_disable_title":"default","ocean_disable_heading":"default","ocean_post_title":"","ocean_post_subheading":"","ocean_post_title_style":"","ocean_post_title_background_color":"","ocean_post_title_background":0,"ocean_post_title_bg_image_position":"","ocean_post_title_bg_image_attachment":"","ocean_post_title_bg_image_repeat":"","ocean_post_title_bg_image_size":"","ocean_post_title_height":0,"ocean_post_title_bg_overlay":0.5,"ocean_post_title_bg_overlay_color":"","ocean_disable_breadcrumbs":"default","ocean_breadcrumbs_color":"","ocean_breadcrumbs_separator_color":"","ocean_breadcrumbs_links_color":"","ocean_breadcrumbs_links_hover_color":"","ocean_display_footer_widgets":"default","ocean_display_footer_bottom":"default","ocean_custom_footer_template":"","footnotes":""},"class_list":["post-34961","page","type-page","status-publish","hentry","entry"],"_links":{"self":[{"href":"https:\/\/carole-pascal.fr\/WORDPRESS\/wp-json\/wp\/v2\/pages\/34961","targetHints":{"allow":["GET"]}}],"collection":[{"href":"https:\/\/carole-pascal.fr\/WORDPRESS\/wp-json\/wp\/v2\/pages"}],"about":[{"href":"https:\/\/carole-pascal.fr\/WORDPRESS\/wp-json\/wp\/v2\/types\/page"}],"author":[{"embeddable":true,"href":"https:\/\/carole-pascal.fr\/WORDPRESS\/wp-json\/wp\/v2\/users\/1"}],"replies":[{"embeddable":true,"href":"https:\/\/carole-pascal.fr\/WORDPRESS\/wp-json\/wp\/v2\/comments?post=34961"}],"version-history":[{"count":0,"href":"https:\/\/carole-pascal.fr\/WORDPRESS\/wp-json\/wp\/v2\/pages\/34961\/revisions"}],"wp:attachment":[{"href":"https:\/\/carole-pascal.fr\/WORDPRESS\/wp-json\/wp\/v2\/media?parent=34961"}],"curies":[{"name":"wp","href":"https:\/\/api.w.org\/{rel}","templated":true}]}}