{"id":35077,"date":"2024-04-30T16:25:44","date_gmt":"2024-04-30T14:25:44","guid":{"rendered":"https:\/\/carole-pascal.fr\/WORDPRESS\/?page_id=35077"},"modified":"2024-04-30T16:28:14","modified_gmt":"2024-04-30T14:28:14","slug":"etats-de-la-nouvelle-angleterre-etats-unis-massachusetts","status":"publish","type":"page","link":"https:\/\/carole-pascal.fr\/WORDPRESS\/etats-de-la-nouvelle-angleterre-etats-unis-massachusetts\/","title":{"rendered":"Etats de la Nouvelle-Angleterre (Etats-Unis) &#8211; Massachusetts"},"content":{"rendered":"\t\t<div data-elementor-type=\"wp-page\" data-elementor-id=\"35077\" class=\"elementor elementor-35077\">\n\t\t\t\t<div class=\"elementor-element elementor-element-22054b8d e-flex e-con-boxed e-con e-parent\" data-id=\"22054b8d\" data-element_type=\"container\" data-e-type=\"container\">\n\t\t\t\t\t<div class=\"e-con-inner\">\n\t\t\t\t<div class=\"elementor-element elementor-element-44fef275 elementor-align-center elementor-widget elementor-widget-button\" data-id=\"44fef275\" data-element_type=\"widget\" data-e-type=\"widget\" data-widget_type=\"button.default\">\n\t\t\t\t<div class=\"elementor-widget-container\">\n\t\t\t\t\t\t\t\t\t<div class=\"elementor-button-wrapper\">\n\t\t\t\t\t<a class=\"elementor-button elementor-button-link elementor-size-sm\" href=\"https:\/\/carole-pascal.fr\/WORDPRESS\/etats-de-la-nouvelle-angleterre-etats-unis-10-au-24-octobre-2015\/\">\n\t\t\t\t\t\t<span class=\"elementor-button-content-wrapper\">\n\t\t\t\t\t\t\t\t\t<span class=\"elementor-button-text\">Revenir au menu pr\u00e9c\u00e9dent<\/span>\n\t\t\t\t\t<\/span>\n\t\t\t\t\t<\/a>\n\t\t\t\t<\/div>\n\t\t\t\t\t\t\t\t<\/div>\n\t\t\t\t<\/div>\n\t\t\t\t\t<\/div>\n\t\t\t\t<\/div>\n\t\t<div class=\"elementor-element elementor-element-ce48a47 e-flex e-con-boxed e-con e-parent\" data-id=\"ce48a47\" data-element_type=\"container\" data-e-type=\"container\">\n\t\t\t\t\t<div class=\"e-con-inner\">\n\t\t\t\t<div class=\"elementor-element elementor-element-1e28433 elementor-widget elementor-widget-text-editor\" data-id=\"1e28433\" data-element_type=\"widget\" data-e-type=\"widget\" data-widget_type=\"text-editor.default\">\n\t\t\t\t<div class=\"elementor-widget-container\">\n\t\t\t\t\t\t\t\t\t<p>Superficie : 20 961 km2, Population : 6 547 629 hab., Capitale : Boston, Surnom : Bay State<\/p><p>Le Massachusetts ou Commonwealth du Massachusetts est un \u00c9tat des \u00c9tats-Unis qui fait partie de la r\u00e9gion de la Nouvelle-Angleterre, au nord-est des \u00c9tats-Unis. Le Massachusetts partage ses fronti\u00e8res avec le New Hampshire et le Vermont au nord, l&rsquo;\u00c9tat de New York \u00e0 l&rsquo;ouest, le Connecticut et le Rhode Island au sud, et l&rsquo;oc\u00e9an Atlantique \u00e0 l&rsquo;est. La capitale et la m\u00e9tropole de l\u2019\u00c9tat est Boston. Il s&rsquo;agit de l&rsquo;un des quatre \u00c9tats des \u00c9tats-Unis \u00e0 porter le titre de Commonwealth. Le Massachusetts est le septi\u00e8me \u00e9tat le plus petit des \u00c9tats-Unis, tandis qu&rsquo;il est a la quatorzi\u00e8me plus grande population du pays. Le Massachusetts \u00e9tait au long de son histoire et est toujours un centre de commerce, d&rsquo;enseignement sup\u00e9rieur et de militantisme politique. Au 21e si\u00e8cle, le Commonwealth est un centre du secteur financier, de la production, de l&rsquo;informatique, de l&rsquo;\u00e9nergie renouvelable et de la recherche scientifique.<\/p><p>Le nom de Massachusetts vient du nom d&rsquo;une tribu algonquienne, les Massachusetts. Celui-ci a \u00e9t\u00e9 traduit comme \u00ab \u00e0 la grande colline \u00bb, \u00ab au lieu des grandes collines \u00bb ou encore \u00ab \u00e0 la cha\u00eene de colline \u00bb en r\u00e9f\u00e9rence aux Blue Hills et, en particulier, \u00e0 la Great Blue Hill.<\/p><p>L&rsquo;\u00c9tat rec\u00e8le de nombreux paysages uniques : de la c\u00f4te atlantique avec les plages et les endroits touristiques du cap Cod, aux monts Berkshire \u00e0 l&rsquo;ouest et \u00e0 la Vall\u00e9e Pionni\u00e8re, o\u00f9 coule le fleuve Connecticut, au centre. La majorit\u00e9 de la population habite \u00e0 la c\u00f4te autour de Boston et des villes industrielles. Au centre et \u00e0 l&rsquo;ouest du Massachusetts, de nombreuses fermes produisent fruits, tomates et ma\u00efs. Outre le fleuve Connecticut, les principaux cours d&rsquo;eau du Massachusetts sont le Housatonic, la Westfield, la Nashua, le Concord et le Merrimack.<\/p><p>La colonie fut ainsi nomm\u00e9e en souvenir d&rsquo;une tribu indienne du pays, les Massachusett, dont le nom signifiait \u00ab un endroit d&rsquo;une grande colline \u00bb. Les P\u00e8res p\u00e8lerins, arriv\u00e9s \u00e0 bord du Mayflower, \u00e9tablirent leur implantation \u00e0 Plymouth en 1620. Ils furent vite suivis par les puritains, qui \u00e9tablirent la colonie de la Baie de Massachusetts. Le Massachusetts \u00e9tait une des treize colonies qui se r\u00e9volt\u00e8rent contre les Britanniques lors de la R\u00e9volution am\u00e9ricaine. John Eliot, pasteur presbyt\u00e9rien au Massachusetts entreprend d&rsquo;\u00e9vang\u00e9liser les Am\u00e9rindiens \u00e0 partir de 1641. Il apprend leur dialecte et commence \u00e0 pr\u00eacher. Il regroupe les convertis dans des villages de pri\u00e8re et traduit la Bible en mohican (langue) et en algonquin ; il fonde des \u00e9coles, parmi lesquelles un coll\u00e8ge indien au sein de l&rsquo;universit\u00e9 Harvard, il forme des instituteurs indig\u00e8nes3. Mais ses efforts sont vite ruin\u00e9s par les luttes entre colons et Indiens, et du vivant m\u00eame d&rsquo;Eliot, il ne reste plus un seul Mohican pour lire la Bible traduite. C&rsquo;est dans le Massachusetts du XVIIe si\u00e8cle que se d\u00e9roula une chasse aux sorci\u00e8res dans la ville de Salem en 1692 : une vingtaine d&rsquo;individus furent ensuite ex\u00e9cut\u00e9s pour sorcellerie.<\/p>\t\t\t\t\t\t\t\t<\/div>\n\t\t\t\t<\/div>\n\t\t\t\t\t<\/div>\n\t\t\t\t<\/div>\n\t\t<div class=\"elementor-element elementor-element-373002a e-con-full e-flex e-con e-parent\" data-id=\"373002a\" data-element_type=\"container\" data-e-type=\"container\">\n\t\t\t\t<div class=\"elementor-element elementor-element-3e09cd9 elementor-widget elementor-widget-image\" data-id=\"3e09cd9\" data-element_type=\"widget\" data-e-type=\"widget\" data-widget_type=\"image.default\">\n\t\t\t\t<div class=\"elementor-widget-container\">\n\t\t\t\t\t\t\t\t\t\t\t\t\t\t\t<img fetchpriority=\"high\" width=\"300\" height=\"296\"  class=\"attachment-medium size-medium wp-image-35064 lws-optimize-lazyload\" alt=\"\" srcset=\"https:\/\/carole-pascal.fr\/WORDPRESS\/wp-content\/uploads\/2024\/04\/Piece_Massachusetts-300x296.png 300w, https:\/\/carole-pascal.fr\/WORDPRESS\/wp-content\/uploads\/2024\/04\/Piece_Massachusetts-768x758.png 768w, https:\/\/carole-pascal.fr\/WORDPRESS\/wp-content\/uploads\/2024\/04\/Piece_Massachusetts.png 1024w\" sizes=\"(max-width: 300px) 100vw, 300px\" \/ data-src=\"https:\/\/carole-pascal.fr\/WORDPRESS\/wp-content\/uploads\/2024\/04\/Piece_Massachusetts-300x296.png\">\t\t\t\t\t\t\t\t\t\t\t\t\t\t\t<\/div>\n\t\t\t\t<\/div>\n\t\t\t\t<\/div>\n\t\t<div class=\"elementor-element elementor-element-c4f0832 e-flex e-con-boxed e-con e-parent\" data-id=\"c4f0832\" data-element_type=\"container\" data-e-type=\"container\">\n\t\t\t\t\t<div class=\"e-con-inner\">\n\t\t\t\t<div class=\"elementor-element elementor-element-17453a6 elementor-widget elementor-widget-text-editor\" data-id=\"17453a6\" data-element_type=\"widget\" data-e-type=\"widget\" data-widget_type=\"text-editor.default\">\n\t\t\t\t<div class=\"elementor-widget-container\">\n\t\t\t\t\t\t\t\t\t<p>Boston est la capitale et la plus grande ville de l\u2019\u00c9tat du Massachusetts et de la r\u00e9gion de la Nouvelle-Angleterre, dans le nord-est des \u00c9tats-Unis. La ville compte 617 594 habitants selon le recensement f\u00e9d\u00e9ral de 2010, et la zone m\u00e9tropolitaine de Boston-Cambridge-Quincy en concentre environ 4 588 680, ce qui fait d&rsquo;elle la dixi\u00e8me agglom\u00e9ration des \u00c9tats-Unis. Elle constitue le nord de la m\u00e9galopole am\u00e9ricaine, commun\u00e9ment appel\u00e9e BosWash, et est travers\u00e9e par la rivi\u00e8re Charles.<br \/>Centre \u00e9conomique et culturel de la Nouvelle-Angleterre, Boston est connue pour l&rsquo;excellence de ses universit\u00e9s, notamment l&rsquo;universit\u00e9 Harvard et le Massachusetts Institute of Technology (MIT), situ\u00e9s dans la ville voisine de Cambridge.<\/p><p>Boston est l&rsquo;une des plus anciennes villes des \u00c9tats-Unis. Fond\u00e9e en 1630 sur la p\u00e9ninsule de Shawmut (en), au fond du Boston Harbor, par des puritains anglais fuyant les pers\u00e9cutions religieuses de leur pays, elle s\u2019est rapidement d\u00e9velopp\u00e9e d\u00e8s le XVIIe si\u00e8cle : Harvard est notamment fond\u00e9e en 1636. La ville reprend le nom d&rsquo;une petite ville du nord-est de l&rsquo;Angleterre, et les Fran\u00e7ais l&rsquo;appellent \u00ab Baston \u00bb pendant le XVIIe si\u00e8cle.<br \/>Vers 1750, elle compte 15 000 habitants et est alors la ville la plus peupl\u00e9e des treize colonies britanniques d\u2019Am\u00e9rique du Nord. Elle joue un r\u00f4le central durant la Guerre d&rsquo;ind\u00e9pendance am\u00e9ricaine et est le t\u00e9moin d&rsquo;\u00e9v\u00e8nements majeurs, tels que le Massacre de Boston, le si\u00e8ge de Boston et la Boston Tea Party (1773).<br \/>Au XIXe si\u00e8cle, l&rsquo;immigration italienne et irlandaise fournit une importante main d&rsquo;\u0153uvre aux usines textiles et au secteur portuaire. Au cours du XXe si\u00e8cle, son \u00e9conomie se reconvertit vers la finance et les industries de haute technologie, bien que l&rsquo;enseignement sup\u00e9rieur demeure le principal domaine \u00e9conomique.<br \/>Enfin, le paysage urbain de Boston ne ressemble pas aux autres villes am\u00e9ricaines : son centre a gard\u00e9 de nombreux \u00e9difices de l\u2019\u00e9poque coloniale, ses rues ne sont pas rectilignes et la cit\u00e9 r\u00e9serve de nombreux axes aux pi\u00e9tons ou aux v\u00e9los. La ville est divis\u00e9e en de nombreux quartiers. Back Bay et Beacon Hill sont des quartiers r\u00e9sidentiels hupp\u00e9s. Fenway Kenmore concentre les administrations ainsi que le stade de baseball de la ville, le Fenway Park. Le centre-ville se compose \u00e9galement de Downtown &#8211; un quartier mixte o\u00f9 se trouvent aussi bien des habitants au revenu modeste que le quartier d&rsquo;affaires (en) &#8211; et de Chinatown. \u00c0 l&rsquo;image de New York, qui se trouve \u00e0 deux cents kilom\u00e8tres au sud-ouest, Boston compte un vaste jardin public en plein c\u0153ur de l&rsquo;agglom\u00e9ration : le Boston Common. Le Faneuil Hall est en outre l&rsquo;un des b\u00e2timents les plus visit\u00e9s du pays.<\/p>\t\t\t\t\t\t\t\t<\/div>\n\t\t\t\t<\/div>\n\t\t\t\t\t<\/div>\n\t\t\t\t<\/div>\n\t\t<div class=\"elementor-element elementor-element-bd135f8 e-flex e-con-boxed e-con e-parent\" data-id=\"bd135f8\" data-element_type=\"container\" data-e-type=\"container\">\n\t\t\t\t\t<div class=\"e-con-inner\">\n\t\t\t\t<div class=\"elementor-element elementor-element-ab5eae2 elementor-widget elementor-widget-image\" data-id=\"ab5eae2\" data-element_type=\"widget\" data-e-type=\"widget\" data-widget_type=\"image.default\">\n\t\t\t\t<div class=\"elementor-widget-container\">\n\t\t\t\t\t\t\t\t\t\t\t\t\t\t\t<img width=\"300\" height=\"210\"  class=\"attachment-medium size-medium wp-image-35057 lws-optimize-lazyload\" alt=\"\" srcset=\"https:\/\/carole-pascal.fr\/WORDPRESS\/wp-content\/uploads\/2024\/04\/Flag_of_Boston-300x210.png 300w, https:\/\/carole-pascal.fr\/WORDPRESS\/wp-content\/uploads\/2024\/04\/Flag_of_Boston.png 500w\" sizes=\"(max-width: 300px) 100vw, 300px\" \/ data-src=\"https:\/\/carole-pascal.fr\/WORDPRESS\/wp-content\/uploads\/2024\/04\/Flag_of_Boston-300x210.png\">\t\t\t\t\t\t\t\t\t\t\t\t\t\t\t<\/div>\n\t\t\t\t<\/div>\n\t\t\t\t\t<\/div>\n\t\t\t\t<\/div>\n\t\t\t\t<\/div>\n\t\t","protected":false},"excerpt":{"rendered":"<p>Revenir au menu pr\u00e9c\u00e9dent Superficie : 20 961 km2, Population : 6 547 629 hab., Capitale : Boston, Surnom : Bay State Le Massachusetts ou Commonwealth du Massachusetts est un \u00c9tat des \u00c9tats-Unis qui fait partie de la r\u00e9gion de la Nouvelle-Angleterre, au nord-est des \u00c9tats-Unis. Le Massachusetts partage ses fronti\u00e8res avec le New Hampshire [&hellip;]<\/p>\n","protected":false},"author":1,"featured_media":0,"parent":0,"menu_order":0,"comment_status":"closed","ping_status":"closed","template":"","meta":{"ocean_post_layout":"","ocean_both_sidebars_style":"","ocean_both_sidebars_content_width":0,"ocean_both_sidebars_sidebars_width":0,"ocean_sidebar":"","ocean_second_sidebar":"","ocean_disable_margins":"enable","ocean_add_body_class":"","ocean_shortcode_before_top_bar":"","ocean_shortcode_after_top_bar":"","ocean_shortcode_before_header":"","ocean_shortcode_after_header":"","ocean_has_shortcode":"","ocean_shortcode_after_title":"","ocean_shortcode_before_footer_widgets":"","ocean_shortcode_after_footer_widgets":"","ocean_shortcode_before_footer_bottom":"","ocean_shortcode_after_footer_bottom":"","ocean_display_top_bar":"default","ocean_display_header":"default","ocean_header_style":"","ocean_center_header_left_menu":"","ocean_custom_header_template":"","ocean_custom_logo":0,"ocean_custom_retina_logo":0,"ocean_custom_logo_max_width":0,"ocean_custom_logo_tablet_max_width":0,"ocean_custom_logo_mobile_max_width":0,"ocean_custom_logo_max_height":0,"ocean_custom_logo_tablet_max_height":0,"ocean_custom_logo_mobile_max_height":0,"ocean_header_custom_menu":"","ocean_menu_typo_font_family":"","ocean_menu_typo_font_subset":"","ocean_menu_typo_font_size":0,"ocean_menu_typo_font_size_tablet":0,"ocean_menu_typo_font_size_mobile":0,"ocean_menu_typo_font_size_unit":"px","ocean_menu_typo_font_weight":"","ocean_menu_typo_font_weight_tablet":"","ocean_menu_typo_font_weight_mobile":"","ocean_menu_typo_transform":"","ocean_menu_typo_transform_tablet":"","ocean_menu_typo_transform_mobile":"","ocean_menu_typo_line_height":0,"ocean_menu_typo_line_height_tablet":0,"ocean_menu_typo_line_height_mobile":0,"ocean_menu_typo_line_height_unit":"","ocean_menu_typo_spacing":0,"ocean_menu_typo_spacing_tablet":0,"ocean_menu_typo_spacing_mobile":0,"ocean_menu_typo_spacing_unit":"","ocean_menu_link_color":"","ocean_menu_link_color_hover":"","ocean_menu_link_color_active":"","ocean_menu_link_background":"","ocean_menu_link_hover_background":"","ocean_menu_link_active_background":"","ocean_menu_social_links_bg":"","ocean_menu_social_hover_links_bg":"","ocean_menu_social_links_color":"","ocean_menu_social_hover_links_color":"","ocean_disable_title":"default","ocean_disable_heading":"default","ocean_post_title":"","ocean_post_subheading":"","ocean_post_title_style":"","ocean_post_title_background_color":"","ocean_post_title_background":0,"ocean_post_title_bg_image_position":"","ocean_post_title_bg_image_attachment":"","ocean_post_title_bg_image_repeat":"","ocean_post_title_bg_image_size":"","ocean_post_title_height":0,"ocean_post_title_bg_overlay":0.5,"ocean_post_title_bg_overlay_color":"","ocean_disable_breadcrumbs":"default","ocean_breadcrumbs_color":"","ocean_breadcrumbs_separator_color":"","ocean_breadcrumbs_links_color":"","ocean_breadcrumbs_links_hover_color":"","ocean_display_footer_widgets":"default","ocean_display_footer_bottom":"default","ocean_custom_footer_template":"","footnotes":""},"class_list":["post-35077","page","type-page","status-publish","hentry","entry"],"_links":{"self":[{"href":"https:\/\/carole-pascal.fr\/WORDPRESS\/wp-json\/wp\/v2\/pages\/35077","targetHints":{"allow":["GET"]}}],"collection":[{"href":"https:\/\/carole-pascal.fr\/WORDPRESS\/wp-json\/wp\/v2\/pages"}],"about":[{"href":"https:\/\/carole-pascal.fr\/WORDPRESS\/wp-json\/wp\/v2\/types\/page"}],"author":[{"embeddable":true,"href":"https:\/\/carole-pascal.fr\/WORDPRESS\/wp-json\/wp\/v2\/users\/1"}],"replies":[{"embeddable":true,"href":"https:\/\/carole-pascal.fr\/WORDPRESS\/wp-json\/wp\/v2\/comments?post=35077"}],"version-history":[{"count":0,"href":"https:\/\/carole-pascal.fr\/WORDPRESS\/wp-json\/wp\/v2\/pages\/35077\/revisions"}],"wp:attachment":[{"href":"https:\/\/carole-pascal.fr\/WORDPRESS\/wp-json\/wp\/v2\/media?parent=35077"}],"curies":[{"name":"wp","href":"https:\/\/api.w.org\/{rel}","templated":true}]}}