{"id":35085,"date":"2024-04-30T16:28:48","date_gmt":"2024-04-30T14:28:48","guid":{"rendered":"https:\/\/carole-pascal.fr\/WORDPRESS\/?page_id=35085"},"modified":"2024-04-30T16:29:59","modified_gmt":"2024-04-30T14:29:59","slug":"etats-de-la-nouvelle-angleterre-etats-unis-maine","status":"publish","type":"page","link":"https:\/\/carole-pascal.fr\/WORDPRESS\/etats-de-la-nouvelle-angleterre-etats-unis-maine\/","title":{"rendered":"Etats de la Nouvelle-Angleterre (Etats-Unis) &#8211; Maine"},"content":{"rendered":"\t\t<div data-elementor-type=\"wp-page\" data-elementor-id=\"35085\" class=\"elementor elementor-35085\">\n\t\t\t\t<div class=\"elementor-element elementor-element-5261cb2b e-flex e-con-boxed e-con e-parent\" data-id=\"5261cb2b\" data-element_type=\"container\" data-e-type=\"container\">\n\t\t\t\t\t<div class=\"e-con-inner\">\n\t\t\t\t<div class=\"elementor-element elementor-element-3fca6c07 elementor-align-center elementor-widget elementor-widget-button\" data-id=\"3fca6c07\" data-element_type=\"widget\" data-e-type=\"widget\" data-widget_type=\"button.default\">\n\t\t\t\t<div class=\"elementor-widget-container\">\n\t\t\t\t\t\t\t\t\t<div class=\"elementor-button-wrapper\">\n\t\t\t\t\t<a class=\"elementor-button elementor-button-link elementor-size-sm\" href=\"https:\/\/carole-pascal.fr\/WORDPRESS\/etats-de-la-nouvelle-angleterre-etats-unis-10-au-24-octobre-2015\/\">\n\t\t\t\t\t\t<span class=\"elementor-button-content-wrapper\">\n\t\t\t\t\t\t\t\t\t<span class=\"elementor-button-text\">Revenir au menu pr\u00e9c\u00e9dent<\/span>\n\t\t\t\t\t<\/span>\n\t\t\t\t\t<\/a>\n\t\t\t\t<\/div>\n\t\t\t\t\t\t\t\t<\/div>\n\t\t\t\t<\/div>\n\t\t\t\t\t<\/div>\n\t\t\t\t<\/div>\n\t\t<div class=\"elementor-element elementor-element-b63d298 e-flex e-con-boxed e-con e-parent\" data-id=\"b63d298\" data-element_type=\"container\" data-e-type=\"container\">\n\t\t\t\t\t<div class=\"e-con-inner\">\n\t\t\t\t<div class=\"elementor-element elementor-element-de7447c elementor-widget elementor-widget-text-editor\" data-id=\"de7447c\" data-element_type=\"widget\" data-e-type=\"widget\" data-widget_type=\"text-editor.default\">\n\t\t\t\t<div class=\"elementor-widget-container\">\n\t\t\t\t\t\t\t\t\t<p>Superficie : 86 082 km2, Population : 1 328 361 hab., Capitale : Augusta, Surnom : Pine Tree State<\/p><p>Le Maine est un \u00c9tat des \u00c9tats-Unis situ\u00e9 \u00e0 l\u2019extr\u00eame nord-est du pays. Il est bord\u00e9 \u00e0 l\u2019ouest et au nord par la province canadienne du Qu\u00e9bec, au nord-est par la province du Nouveau-Brunswick, au sud-est par l&rsquo;oc\u00e9an Atlantique, \u00e0 l&rsquo;ouest et l\u00e9g\u00e8rement au sud par l\u2019\u00c9tat du New Hampshire.<\/p><p>Le Maine constitue la partie la plus septentrionale de la Nouvelle-Angleterre et la plus orientale des \u00c9tats-Unis. Il est connu pour ses paysages, et notamment pour ses c\u00f4tes rocheuses et dentel\u00e9es, ses montagnes basses et vallonn\u00e9es et ses immenses for\u00eats. Il est \u00e9galement reconnu pour ses sp\u00e9cialit\u00e9s de fruits de mer, notamment les homards et les palourdes.<\/p><p>Les habitants originels du territoire qui est d\u00e9sormais le Maine parlaient des langues algonquiennes. Le premier \u00e9tablissement europ\u00e9en a eu lieu en 1604 sur l&rsquo;\u00eele Sainte-Croix par Pierre Dugua de Mons. Le premier \u00e9tablissement britannique fut l&rsquo;\u00e9ph\u00e9m\u00e8re colonie de Popham, \u00e9tablie par la Compagnie de Plymouth en 1607.<br \/>Le nord du Maine fut partie de l&rsquo;Acadie. Le territoire se d\u00e9limitait \u00e0 la rivi\u00e8re Penobscot. Deux missions j\u00e9suites furent \u00e9tablies, une sur la baie de Penobscot en 1609, et l&rsquo;autre, sur l&rsquo;\u00eele des Monts D\u00e9serts en 1613. La m\u00eame ann\u00e9e, Castine fut fond\u00e9e par Claude de La Tour. En 1625, Charles de Saint-\u00c9tienne de la Tour construisit le Fort Pentagouet pour prot\u00e9ger la population contre les Anglais.<br \/>\u00c0 la suite de la perte de l&rsquo;Acadie p\u00e9ninsulaire par la France en 1713, cette partie du Maine fut rattach\u00e9e \u00e0 la Nova Scotia (ou Nouvelle-\u00c9cosse) qui deviendra une province en 1755. Les forces am\u00e9ricaines et britanniques lutt\u00e8rent pour le Maine durant la R\u00e9volution am\u00e9ricaine, puis pendant la guerre de 1812. Le territoire du Maine a \u00e9t\u00e9 une enclave du Massachusetts, dont il \u00e9tait s\u00e9par\u00e9 par le New Hampshire jusqu&rsquo;en 1820 lorsque, en raison de la volont\u00e9 du Missouri de rejoindre l&rsquo;union en tant qu&rsquo;\u00c9tat esclavagiste, ce qui aurait d\u00e9s\u00e9quilibr\u00e9 la repr\u00e9sentation au Congr\u00e8s, il devint, dans le cadre du compromis du Missouri, le vingt-troisi\u00e8me \u00c9tat am\u00e9ricain, nouveau territoire anti-esclavagiste.<\/p>\t\t\t\t\t\t\t\t<\/div>\n\t\t\t\t<\/div>\n\t\t\t\t\t<\/div>\n\t\t\t\t<\/div>\n\t\t<div class=\"elementor-element elementor-element-b170edf e-con-full e-flex e-con e-parent\" data-id=\"b170edf\" data-element_type=\"container\" data-e-type=\"container\">\n\t\t\t\t<div class=\"elementor-element elementor-element-885dcc6 elementor-widget elementor-widget-image\" data-id=\"885dcc6\" data-element_type=\"widget\" data-e-type=\"widget\" data-widget_type=\"image.default\">\n\t\t\t\t<div class=\"elementor-widget-container\">\n\t\t\t\t\t\t\t\t\t\t\t\t\t\t\t<img fetchpriority=\"high\" width=\"678\" height=\"1024\"  class=\"attachment-large size-large wp-image-35060 lws-optimize-lazyload\" alt=\"\" srcset=\"https:\/\/carole-pascal.fr\/WORDPRESS\/wp-content\/uploads\/2024\/04\/Maine_Map-678x1024.jpg 678w, https:\/\/carole-pascal.fr\/WORDPRESS\/wp-content\/uploads\/2024\/04\/Maine_Map-199x300.jpg 199w, https:\/\/carole-pascal.fr\/WORDPRESS\/wp-content\/uploads\/2024\/04\/Maine_Map-768x1160.jpg 768w, https:\/\/carole-pascal.fr\/WORDPRESS\/wp-content\/uploads\/2024\/04\/Maine_Map.jpg 800w\" sizes=\"(max-width: 678px) 100vw, 678px\" \/ data-src=\"https:\/\/carole-pascal.fr\/WORDPRESS\/wp-content\/uploads\/2024\/04\/Maine_Map-678x1024.jpg\">\t\t\t\t\t\t\t\t\t\t\t\t\t\t\t<\/div>\n\t\t\t\t<\/div>\n\t\t\t\t<\/div>\n\t\t\t\t<\/div>\n\t\t","protected":false},"excerpt":{"rendered":"<p>Revenir au menu pr\u00e9c\u00e9dent Superficie : 86 082 km2, Population : 1 328 361 hab., Capitale : Augusta, Surnom : Pine Tree State Le Maine est un \u00c9tat des \u00c9tats-Unis situ\u00e9 \u00e0 l\u2019extr\u00eame nord-est du pays. Il est bord\u00e9 \u00e0 l\u2019ouest et au nord par la province canadienne du Qu\u00e9bec, au nord-est par la province [&hellip;]<\/p>\n","protected":false},"author":1,"featured_media":0,"parent":0,"menu_order":0,"comment_status":"closed","ping_status":"closed","template":"","meta":{"ocean_post_layout":"","ocean_both_sidebars_style":"","ocean_both_sidebars_content_width":0,"ocean_both_sidebars_sidebars_width":0,"ocean_sidebar":"","ocean_second_sidebar":"","ocean_disable_margins":"enable","ocean_add_body_class":"","ocean_shortcode_before_top_bar":"","ocean_shortcode_after_top_bar":"","ocean_shortcode_before_header":"","ocean_shortcode_after_header":"","ocean_has_shortcode":"","ocean_shortcode_after_title":"","ocean_shortcode_before_footer_widgets":"","ocean_shortcode_after_footer_widgets":"","ocean_shortcode_before_footer_bottom":"","ocean_shortcode_after_footer_bottom":"","ocean_display_top_bar":"default","ocean_display_header":"default","ocean_header_style":"","ocean_center_header_left_menu":"","ocean_custom_header_template":"","ocean_custom_logo":0,"ocean_custom_retina_logo":0,"ocean_custom_logo_max_width":0,"ocean_custom_logo_tablet_max_width":0,"ocean_custom_logo_mobile_max_width":0,"ocean_custom_logo_max_height":0,"ocean_custom_logo_tablet_max_height":0,"ocean_custom_logo_mobile_max_height":0,"ocean_header_custom_menu":"","ocean_menu_typo_font_family":"","ocean_menu_typo_font_subset":"","ocean_menu_typo_font_size":0,"ocean_menu_typo_font_size_tablet":0,"ocean_menu_typo_font_size_mobile":0,"ocean_menu_typo_font_size_unit":"px","ocean_menu_typo_font_weight":"","ocean_menu_typo_font_weight_tablet":"","ocean_menu_typo_font_weight_mobile":"","ocean_menu_typo_transform":"","ocean_menu_typo_transform_tablet":"","ocean_menu_typo_transform_mobile":"","ocean_menu_typo_line_height":0,"ocean_menu_typo_line_height_tablet":0,"ocean_menu_typo_line_height_mobile":0,"ocean_menu_typo_line_height_unit":"","ocean_menu_typo_spacing":0,"ocean_menu_typo_spacing_tablet":0,"ocean_menu_typo_spacing_mobile":0,"ocean_menu_typo_spacing_unit":"","ocean_menu_link_color":"","ocean_menu_link_color_hover":"","ocean_menu_link_color_active":"","ocean_menu_link_background":"","ocean_menu_link_hover_background":"","ocean_menu_link_active_background":"","ocean_menu_social_links_bg":"","ocean_menu_social_hover_links_bg":"","ocean_menu_social_links_color":"","ocean_menu_social_hover_links_color":"","ocean_disable_title":"default","ocean_disable_heading":"default","ocean_post_title":"","ocean_post_subheading":"","ocean_post_title_style":"","ocean_post_title_background_color":"","ocean_post_title_background":0,"ocean_post_title_bg_image_position":"","ocean_post_title_bg_image_attachment":"","ocean_post_title_bg_image_repeat":"","ocean_post_title_bg_image_size":"","ocean_post_title_height":0,"ocean_post_title_bg_overlay":0.5,"ocean_post_title_bg_overlay_color":"","ocean_disable_breadcrumbs":"default","ocean_breadcrumbs_color":"","ocean_breadcrumbs_separator_color":"","ocean_breadcrumbs_links_color":"","ocean_breadcrumbs_links_hover_color":"","ocean_display_footer_widgets":"default","ocean_display_footer_bottom":"default","ocean_custom_footer_template":"","footnotes":""},"class_list":["post-35085","page","type-page","status-publish","hentry","entry"],"_links":{"self":[{"href":"https:\/\/carole-pascal.fr\/WORDPRESS\/wp-json\/wp\/v2\/pages\/35085","targetHints":{"allow":["GET"]}}],"collection":[{"href":"https:\/\/carole-pascal.fr\/WORDPRESS\/wp-json\/wp\/v2\/pages"}],"about":[{"href":"https:\/\/carole-pascal.fr\/WORDPRESS\/wp-json\/wp\/v2\/types\/page"}],"author":[{"embeddable":true,"href":"https:\/\/carole-pascal.fr\/WORDPRESS\/wp-json\/wp\/v2\/users\/1"}],"replies":[{"embeddable":true,"href":"https:\/\/carole-pascal.fr\/WORDPRESS\/wp-json\/wp\/v2\/comments?post=35085"}],"version-history":[{"count":0,"href":"https:\/\/carole-pascal.fr\/WORDPRESS\/wp-json\/wp\/v2\/pages\/35085\/revisions"}],"wp:attachment":[{"href":"https:\/\/carole-pascal.fr\/WORDPRESS\/wp-json\/wp\/v2\/media?parent=35085"}],"curies":[{"name":"wp","href":"https:\/\/api.w.org\/{rel}","templated":true}]}}