{"id":35105,"date":"2024-04-30T16:35:07","date_gmt":"2024-04-30T14:35:07","guid":{"rendered":"https:\/\/carole-pascal.fr\/WORDPRESS\/?page_id=35105"},"modified":"2024-04-30T16:36:08","modified_gmt":"2024-04-30T14:36:08","slug":"etats-de-la-nouvelle-angleterre-etats-unis-connecticut","status":"publish","type":"page","link":"https:\/\/carole-pascal.fr\/WORDPRESS\/etats-de-la-nouvelle-angleterre-etats-unis-connecticut\/","title":{"rendered":"Etats de la Nouvelle-Angleterre (Etats-Unis) &#8211; Connecticut"},"content":{"rendered":"\t\t<div data-elementor-type=\"wp-page\" data-elementor-id=\"35105\" class=\"elementor elementor-35105\">\n\t\t\t\t<div class=\"elementor-element elementor-element-7e24a44f e-flex e-con-boxed e-con e-parent\" data-id=\"7e24a44f\" data-element_type=\"container\" data-e-type=\"container\">\n\t\t\t\t\t<div class=\"e-con-inner\">\n\t\t\t\t<div class=\"elementor-element elementor-element-2ee06395 elementor-align-center elementor-widget elementor-widget-button\" data-id=\"2ee06395\" data-element_type=\"widget\" data-e-type=\"widget\" data-widget_type=\"button.default\">\n\t\t\t\t<div class=\"elementor-widget-container\">\n\t\t\t\t\t\t\t\t\t<div class=\"elementor-button-wrapper\">\n\t\t\t\t\t<a class=\"elementor-button elementor-button-link elementor-size-sm\" href=\"https:\/\/carole-pascal.fr\/WORDPRESS\/etats-de-la-nouvelle-angleterre-etats-unis-10-au-24-octobre-2015\/\">\n\t\t\t\t\t\t<span class=\"elementor-button-content-wrapper\">\n\t\t\t\t\t\t\t\t\t<span class=\"elementor-button-text\">Revenir au menu pr\u00e9c\u00e9dent<\/span>\n\t\t\t\t\t<\/span>\n\t\t\t\t\t<\/a>\n\t\t\t\t<\/div>\n\t\t\t\t\t\t\t\t<\/div>\n\t\t\t\t<\/div>\n\t\t\t\t\t<\/div>\n\t\t\t\t<\/div>\n\t\t<div class=\"elementor-element elementor-element-51c9a08 e-flex e-con-boxed e-con e-parent\" data-id=\"51c9a08\" data-element_type=\"container\" data-e-type=\"container\">\n\t\t\t\t\t<div class=\"e-con-inner\">\n\t\t\t\t<div class=\"elementor-element elementor-element-2a8bfdd elementor-widget elementor-widget-text-editor\" data-id=\"2a8bfdd\" data-element_type=\"widget\" data-e-type=\"widget\" data-widget_type=\"text-editor.default\">\n\t\t\t\t<div class=\"elementor-widget-container\">\n\t\t\t\t\t\t\t\t\t<p>Superficie : 12 968 km2, Population : 3 574 097 hab., Capitale : Hartford, Surnom : Constitution State<\/p><p>Le Connecticut est un \u00c9tat du Nord-est des \u00c9tats-Unis, situ\u00e9 dans la r\u00e9gion de la Nouvelle-Angleterre. Sa capitale est Hartford et sa plus grande ville Bridgeport.<\/p><p>Le nom \u00ab Connecticut \u00bb vient du mot Mohegan Quinnehtukqut qui veut dire \u00ab site de la longue rivi\u00e8re \u00bb ou \u00ab \u00e0 c\u00f4t\u00e9 de la grande rivi\u00e8re \u00bb.<\/p><p>Avec environ 3 500 000 habitants et une superficie de 14 371 km2, l&rsquo;\u00c9tat est l&rsquo;un des plus petits du pays mais l&rsquo;un des plus dens\u00e9ment peupl\u00e9s (284 hab\/km2). Il est entour\u00e9 par le Rhode Island \u00e0 l&rsquo;est, le Massachusetts au nord, l&rsquo;\u00c9tat de New York \u00e0 l&rsquo;ouest et le d\u00e9troit de Long Island au sud.<br \/>Divis\u00e9 en huit comt\u00e9s, le Connecticut tire son nom d&rsquo;un fleuve qui le traverse de part en part. Le sud et l&rsquo;ouest de l&rsquo;\u00c9tat, notamment les villes de Stamford, Bridgeport et New Haven, font partie de l&rsquo;aire m\u00e9tropolitaine de New York.<\/p><p>Les premiers colons de la r\u00e9gion \u00e9taient des Hollandais men\u00e9s par le navigateur Adriaen Block en 1614. Ceux-ci commercent avec plusieurs tribus Am\u00e9rindiennes, dont les Pequots. Les premiers colons anglais fondent la colonie de Connecticut en 1633 et la premi\u00e8re ville de Windsor.<br \/>Les villes de Wethersfield et Hartford sont cr\u00e9\u00e9es en 1634 et 1636. Apr\u00e8s la Guerre d&rsquo;ind\u00e9pendance am\u00e9ricaine, o\u00f9 le Connecticut fait partie des Treize colonies, il conna\u00eet une industrialisation rapide et devient un centre \u00e9conomique majeur du pays.<br \/>Le 9 janvier 1788, le Connecticut devient le cinqui\u00e8me \u00c9tat de l&rsquo;Union, et en reste membre durant la Guerre de S\u00e9cession. Tout au long du XIXe si\u00e8cle, des vagues d&rsquo;immigration irlandaise, italienne, polonaise, grecque, allemande et scandinave fournissent une main-d\u2019\u0153uvre abondante.<br \/>Au XXe si\u00e8cle, son \u00e9conomie se diversifie dans la production d&rsquo;armements et le secteur de la d\u00e9fense, ainsi que dans les assurances &#8211; Hartford devient le si\u00e8ge de nombreuses compagnies am\u00e9ricaines.<\/p><p>Aujourd&rsquo;hui, le Connecticut est un des \u00c9tats les plus riches des \u00c9tats-Unis et vit notamment du tourisme : la proximit\u00e9 avec New York et ses paysages bucoliques en font une destination touristique importante, qui compte de nombreux casinos et r\u00e9sidences secondaires. L&rsquo;\u00c9tat compte en outre plusieurs universit\u00e9s de renom, dont la prestigieuse universit\u00e9 Yale.<br \/>Bastion du Parti d\u00e9mocrate, qui arrive en t\u00eate des \u00e9lections pr\u00e9sidentielles depuis 1992, l&rsquo;\u00c9tat est consid\u00e9r\u00e9 comme l&rsquo;un des plus lib\u00e9raux du pays : la peine de mort y a \u00e9t\u00e9 abolie en 2012 et le mariage entre personnes de m\u00eame sexe y est l\u00e9gal.<\/p><p>For\u00eats et espaces naturels s&rsquo;\u00e9tendent au nord-ouest et nord-est de l\u2019\u00c9tat. Le territoire du Connecticut n\u2019est pas riche en ressources naturelles et le sol est rocheux, en raison du mouvement ancien des glaciers, qui ont \u00e9rafl\u00e9 le paysage pendant la derni\u00e8re p\u00e9riode glaciaire. N\u00e9anmoins, l\u2019\u00c9tat produit de grandes quantit\u00e9s de ma\u00efs, de feuilles de tabac, de tomates, et de fruit pour les march\u00e9s locaux et r\u00e9gionaux.<\/p>\t\t\t\t\t\t\t\t<\/div>\n\t\t\t\t<\/div>\n\t\t\t\t\t<\/div>\n\t\t\t\t<\/div>\n\t\t<div class=\"elementor-element elementor-element-fbfdcf0 e-con-full e-flex e-con e-parent\" data-id=\"fbfdcf0\" data-element_type=\"container\" data-e-type=\"container\">\n\t\t\t\t<div class=\"elementor-element elementor-element-10820a8 elementor-widget elementor-widget-image\" data-id=\"10820a8\" data-element_type=\"widget\" data-e-type=\"widget\" data-widget_type=\"image.default\">\n\t\t\t\t<div class=\"elementor-widget-container\">\n\t\t\t\t\t\t\t\t\t\t\t\t\t\t\t<img fetchpriority=\"high\" width=\"418\" height=\"537\"  class=\"attachment-large size-large wp-image-35067 lws-optimize-lazyload\" alt=\"\" srcset=\"https:\/\/carole-pascal.fr\/WORDPRESS\/wp-content\/uploads\/2024\/04\/Seal_of_Connecticut.png 418w, https:\/\/carole-pascal.fr\/WORDPRESS\/wp-content\/uploads\/2024\/04\/Seal_of_Connecticut-234x300.png 234w\" sizes=\"(max-width: 418px) 100vw, 418px\" \/ data-src=\"https:\/\/carole-pascal.fr\/WORDPRESS\/wp-content\/uploads\/2024\/04\/Seal_of_Connecticut.png\">\t\t\t\t\t\t\t\t\t\t\t\t\t\t\t<\/div>\n\t\t\t\t<\/div>\n\t\t\t\t<\/div>\n\t\t\t\t<\/div>\n\t\t","protected":false},"excerpt":{"rendered":"<p>Revenir au menu pr\u00e9c\u00e9dent Superficie : 12 968 km2, Population : 3 574 097 hab., Capitale : Hartford, Surnom : Constitution State Le Connecticut est un \u00c9tat du Nord-est des \u00c9tats-Unis, situ\u00e9 dans la r\u00e9gion de la Nouvelle-Angleterre. Sa capitale est Hartford et sa plus grande ville Bridgeport. Le nom \u00ab Connecticut \u00bb vient du [&hellip;]<\/p>\n","protected":false},"author":1,"featured_media":0,"parent":0,"menu_order":0,"comment_status":"closed","ping_status":"closed","template":"","meta":{"ocean_post_layout":"","ocean_both_sidebars_style":"","ocean_both_sidebars_content_width":0,"ocean_both_sidebars_sidebars_width":0,"ocean_sidebar":"","ocean_second_sidebar":"","ocean_disable_margins":"enable","ocean_add_body_class":"","ocean_shortcode_before_top_bar":"","ocean_shortcode_after_top_bar":"","ocean_shortcode_before_header":"","ocean_shortcode_after_header":"","ocean_has_shortcode":"","ocean_shortcode_after_title":"","ocean_shortcode_before_footer_widgets":"","ocean_shortcode_after_footer_widgets":"","ocean_shortcode_before_footer_bottom":"","ocean_shortcode_after_footer_bottom":"","ocean_display_top_bar":"default","ocean_display_header":"default","ocean_header_style":"","ocean_center_header_left_menu":"","ocean_custom_header_template":"","ocean_custom_logo":0,"ocean_custom_retina_logo":0,"ocean_custom_logo_max_width":0,"ocean_custom_logo_tablet_max_width":0,"ocean_custom_logo_mobile_max_width":0,"ocean_custom_logo_max_height":0,"ocean_custom_logo_tablet_max_height":0,"ocean_custom_logo_mobile_max_height":0,"ocean_header_custom_menu":"","ocean_menu_typo_font_family":"","ocean_menu_typo_font_subset":"","ocean_menu_typo_font_size":0,"ocean_menu_typo_font_size_tablet":0,"ocean_menu_typo_font_size_mobile":0,"ocean_menu_typo_font_size_unit":"px","ocean_menu_typo_font_weight":"","ocean_menu_typo_font_weight_tablet":"","ocean_menu_typo_font_weight_mobile":"","ocean_menu_typo_transform":"","ocean_menu_typo_transform_tablet":"","ocean_menu_typo_transform_mobile":"","ocean_menu_typo_line_height":0,"ocean_menu_typo_line_height_tablet":0,"ocean_menu_typo_line_height_mobile":0,"ocean_menu_typo_line_height_unit":"","ocean_menu_typo_spacing":0,"ocean_menu_typo_spacing_tablet":0,"ocean_menu_typo_spacing_mobile":0,"ocean_menu_typo_spacing_unit":"","ocean_menu_link_color":"","ocean_menu_link_color_hover":"","ocean_menu_link_color_active":"","ocean_menu_link_background":"","ocean_menu_link_hover_background":"","ocean_menu_link_active_background":"","ocean_menu_social_links_bg":"","ocean_menu_social_hover_links_bg":"","ocean_menu_social_links_color":"","ocean_menu_social_hover_links_color":"","ocean_disable_title":"default","ocean_disable_heading":"default","ocean_post_title":"","ocean_post_subheading":"","ocean_post_title_style":"","ocean_post_title_background_color":"","ocean_post_title_background":0,"ocean_post_title_bg_image_position":"","ocean_post_title_bg_image_attachment":"","ocean_post_title_bg_image_repeat":"","ocean_post_title_bg_image_size":"","ocean_post_title_height":0,"ocean_post_title_bg_overlay":0.5,"ocean_post_title_bg_overlay_color":"","ocean_disable_breadcrumbs":"default","ocean_breadcrumbs_color":"","ocean_breadcrumbs_separator_color":"","ocean_breadcrumbs_links_color":"","ocean_breadcrumbs_links_hover_color":"","ocean_display_footer_widgets":"default","ocean_display_footer_bottom":"default","ocean_custom_footer_template":"","footnotes":""},"class_list":["post-35105","page","type-page","status-publish","hentry","entry"],"_links":{"self":[{"href":"https:\/\/carole-pascal.fr\/WORDPRESS\/wp-json\/wp\/v2\/pages\/35105","targetHints":{"allow":["GET"]}}],"collection":[{"href":"https:\/\/carole-pascal.fr\/WORDPRESS\/wp-json\/wp\/v2\/pages"}],"about":[{"href":"https:\/\/carole-pascal.fr\/WORDPRESS\/wp-json\/wp\/v2\/types\/page"}],"author":[{"embeddable":true,"href":"https:\/\/carole-pascal.fr\/WORDPRESS\/wp-json\/wp\/v2\/users\/1"}],"replies":[{"embeddable":true,"href":"https:\/\/carole-pascal.fr\/WORDPRESS\/wp-json\/wp\/v2\/comments?post=35105"}],"version-history":[{"count":0,"href":"https:\/\/carole-pascal.fr\/WORDPRESS\/wp-json\/wp\/v2\/pages\/35105\/revisions"}],"wp:attachment":[{"href":"https:\/\/carole-pascal.fr\/WORDPRESS\/wp-json\/wp\/v2\/media?parent=35105"}],"curies":[{"name":"wp","href":"https:\/\/api.w.org\/{rel}","templated":true}]}}