{"id":40492,"date":"2024-05-31T18:41:13","date_gmt":"2024-05-31T16:41:13","guid":{"rendered":"https:\/\/carole-pascal.fr\/WORDPRESS\/?page_id=40492"},"modified":"2024-12-04T14:36:18","modified_gmt":"2024-12-04T13:36:18","slug":"chili-observations-de-la-cote-nord-et-atacama-17-fevrier-au-04-mars-2014","status":"publish","type":"page","link":"https:\/\/carole-pascal.fr\/WORDPRESS\/chili-observations-de-la-cote-nord-et-atacama-17-fevrier-au-04-mars-2014\/","title":{"rendered":"Chili \u2013 Observations de la COTE NORD et ATACAMA \u2013 17 f\u00e9vrier au 04 mars 2014"},"content":{"rendered":"\t\t<div data-elementor-type=\"wp-page\" data-elementor-id=\"40492\" class=\"elementor elementor-40492\">\n\t\t\t\t<div class=\"elementor-element elementor-element-4c53360e e-flex e-con-boxed e-con e-parent\" data-id=\"4c53360e\" data-element_type=\"container\" data-e-type=\"container\">\n\t\t\t\t\t<div class=\"e-con-inner\">\n\t\t\t\t<div class=\"elementor-element elementor-element-7ef20111 elementor-align-center elementor-widget elementor-widget-button\" data-id=\"7ef20111\" data-element_type=\"widget\" data-e-type=\"widget\" data-widget_type=\"button.default\">\n\t\t\t\t<div class=\"elementor-widget-container\">\n\t\t\t\t\t\t\t\t\t<div class=\"elementor-button-wrapper\">\n\t\t\t\t\t<a class=\"elementor-button elementor-button-link elementor-size-sm\" href=\"https:\/\/carole-pascal.fr\/WORDPRESS\/chili-20-janvier-au-04-mars-2014\/\">\n\t\t\t\t\t\t<span class=\"elementor-button-content-wrapper\">\n\t\t\t\t\t\t\t\t\t<span class=\"elementor-button-text\">Revenir au menu pr\u00e9c\u00e9dent<\/span>\n\t\t\t\t\t<\/span>\n\t\t\t\t\t<\/a>\n\t\t\t\t<\/div>\n\t\t\t\t\t\t\t\t<\/div>\n\t\t\t\t<\/div>\n\t\t\t\t\t<\/div>\n\t\t\t\t<\/div>\n\t\t<div class=\"elementor-element elementor-element-2ec81076 e-flex e-con-boxed e-con e-parent\" data-id=\"2ec81076\" data-element_type=\"container\" data-e-type=\"container\">\n\t\t\t\t\t<div class=\"e-con-inner\">\n\t\t\t\t<div class=\"elementor-element elementor-element-6d7d327d elementor-widget elementor-widget-text-editor\" data-id=\"6d7d327d\" data-element_type=\"widget\" data-e-type=\"widget\" data-widget_type=\"text-editor.default\">\n\t\t\t\t<div class=\"elementor-widget-container\">\n\t\t\t\t\t\t\t\t\t<p>17.02.2014 (Atacama) : <a href=\"https:\/\/carole-pascal.fr\/WORDPRESS\/wp-content\/uploads\/2024\/05\/2014-02-17.pdf\" target=\"_blank\" rel=\"noopener\">Liste oiseaux<\/a><br \/>18.02.2014 (Atacama) : <a href=\"https:\/\/carole-pascal.fr\/WORDPRESS\/wp-content\/uploads\/2024\/12\/2014-02-18.pdf\" target=\"_blank\" rel=\"noopener\">Liste oiseaux<\/a><br \/>19.02.2014 (Atacama) :<a href=\"https:\/\/carole-pascal.fr\/WORDPRESS\/wp-content\/uploads\/2024\/12\/2014-02-19.pdf\" target=\"_blank\" rel=\"noopener\"> Liste oiseaux<\/a>, L\u00e9zards<br \/>20.02.2014 (Atacama) : <a href=\"https:\/\/carole-pascal.fr\/WORDPRESS\/wp-content\/uploads\/2024\/12\/2014-02-20.pdf\" target=\"_blank\" rel=\"noopener\">Liste oiseaux<\/a>, Vigognes<br \/>21.02.2014 (Tatio) : <a href=\"https:\/\/carole-pascal.fr\/WORDPRESS\/wp-content\/uploads\/2024\/05\/2014-02-21.pdf\" target=\"_blank\" rel=\"noopener\">Liste oiseaux<\/a>, Vigognes, Guanacos, 2 viscaches<br \/>22.02.2014 (Atacama) :<a href=\"https:\/\/carole-pascal.fr\/WORDPRESS\/wp-content\/uploads\/2024\/05\/2014-02-22.pdf\" target=\"_blank\" rel=\"noopener\"> Liste oiseaux<\/a><br \/>23.02.2014 (Iquique) : <a href=\"https:\/\/carole-pascal.fr\/WORDPRESS\/wp-content\/uploads\/2024\/05\/2014-02-23.pdf\" target=\"_blank\" rel=\"noopener\">Liste oiseaux<\/a><br \/>24.02.2014 (Iquique \u00e0 Colchane) : <a href=\"https:\/\/carole-pascal.fr\/WORDPRESS\/wp-content\/uploads\/2024\/05\/2014-02-24.pdf\" target=\"_blank\" rel=\"noopener\">Liste oiseaux<\/a><br \/>25.02.2014 (Volcan Isluga) : <a href=\"https:\/\/carole-pascal.fr\/WORDPRESS\/wp-content\/uploads\/2024\/05\/2014-02-25.pdf\" target=\"_blank\" rel=\"noopener\">Liste oiseaux<\/a>, 1 viscache<br \/>26.02.2014 (Colchane \u00e0 Arica) : <a href=\"https:\/\/carole-pascal.fr\/WORDPRESS\/wp-content\/uploads\/2024\/05\/2014-02-26.pdf\" target=\"_blank\" rel=\"noopener\">Liste oiseaux<\/a>, Vigognes, 1 otarie vivante et 1 morte<br \/>27.02.2014 (Arica) : <a href=\"https:\/\/carole-pascal.fr\/WORDPRESS\/wp-content\/uploads\/2024\/05\/2014-02-27.pdf\" target=\"_blank\" rel=\"noopener\">Liste oiseaux<\/a>, 1 otarie, L\u00e9zards, Crabes<br \/>28.02.2014 (Lauca) : <a href=\"https:\/\/carole-pascal.fr\/WORDPRESS\/wp-content\/uploads\/2024\/05\/2014-02-28.pdf\" target=\"_blank\" rel=\"noopener\">Liste oiseaux<\/a>, Viscaches, Vigognes, 1 souris<br \/>01.03.2014 (Lauca) : <a href=\"https:\/\/carole-pascal.fr\/WORDPRESS\/wp-content\/uploads\/2024\/05\/2014-03-01.pdf\" target=\"_blank\" rel=\"noopener\">Liste oiseaux<\/a>, 2 viscaches, Vigognes, 1 serpent<br \/>02.03.2014 (Arica) : <a href=\"https:\/\/carole-pascal.fr\/WORDPRESS\/wp-content\/uploads\/2024\/05\/2014-03-02.pdf\" target=\"_blank\" rel=\"noopener\">Liste oiseaux<\/a>, Lions de mer<br \/>03.03.2014 (Arica \u00e0 Antofagasta) : <a href=\"https:\/\/carole-pascal.fr\/WORDPRESS\/wp-content\/uploads\/2024\/05\/2014-03-03.pdf\" target=\"_blank\" rel=\"noopener\">Liste oiseaux<\/a><br \/>04.03.2014 (Antofagasta) : <a href=\"https:\/\/carole-pascal.fr\/WORDPRESS\/wp-content\/uploads\/2024\/05\/2014-03-04.pdf\" target=\"_blank\" rel=\"noopener\">Liste oiseaux<\/a>,1 otarie<\/p>\t\t\t\t\t\t\t\t<\/div>\n\t\t\t\t<\/div>\n\t\t\t\t\t<\/div>\n\t\t\t\t<\/div>\n\t\t<div class=\"elementor-element elementor-element-9220d53 e-con-full e-flex e-con e-parent\" data-id=\"9220d53\" data-element_type=\"container\" data-e-type=\"container\">\n\t\t\t\t<div class=\"elementor-element elementor-element-4e51ab6 elementor-widget elementor-widget-image\" data-id=\"4e51ab6\" data-element_type=\"widget\" data-e-type=\"widget\" data-widget_type=\"image.default\">\n\t\t\t\t<div class=\"elementor-widget-container\">\n\t\t\t\t\t\t\t\t\t\t\t\t\t\t\t<img fetchpriority=\"high\" width=\"768\" height=\"512\"  class=\"attachment-medium_large size-medium_large wp-image-50441 lws-optimize-lazyload\" alt=\"\" srcset=\"https:\/\/carole-pascal.fr\/WORDPRESS\/wp-content\/uploads\/2024\/11\/019_20140227-768x512.jpg 768w, https:\/\/carole-pascal.fr\/WORDPRESS\/wp-content\/uploads\/2024\/11\/019_20140227-300x200.jpg 300w, https:\/\/carole-pascal.fr\/WORDPRESS\/wp-content\/uploads\/2024\/11\/019_20140227-1024x683.jpg 1024w, https:\/\/carole-pascal.fr\/WORDPRESS\/wp-content\/uploads\/2024\/11\/019_20140227-1536x1024.jpg 1536w, https:\/\/carole-pascal.fr\/WORDPRESS\/wp-content\/uploads\/2024\/11\/019_20140227-2048x1365.jpg 2048w\" sizes=\"(max-width: 768px) 100vw, 768px\" \/ data-src=\"https:\/\/carole-pascal.fr\/WORDPRESS\/wp-content\/uploads\/2024\/11\/019_20140227-768x512.jpg\">\t\t\t\t\t\t\t\t\t\t\t\t\t\t\t<\/div>\n\t\t\t\t<\/div>\n\t\t\t\t<\/div>\n\t\t\t\t<\/div>\n\t\t","protected":false},"excerpt":{"rendered":"<p>Revenir au menu pr\u00e9c\u00e9dent 17.02.2014 (Atacama) : Liste oiseaux18.02.2014 (Atacama) : Liste oiseaux19.02.2014 (Atacama) : Liste oiseaux, L\u00e9zards20.02.2014 (Atacama) : Liste oiseaux, Vigognes21.02.2014 (Tatio) : Liste oiseaux, Vigognes, Guanacos, 2 viscaches22.02.2014 (Atacama) : Liste oiseaux23.02.2014 (Iquique) : Liste oiseaux24.02.2014 (Iquique \u00e0 Colchane) : Liste oiseaux25.02.2014 (Volcan Isluga) : Liste oiseaux, 1 viscache26.02.2014 (Colchane \u00e0 Arica) [&hellip;]<\/p>\n","protected":false},"author":1,"featured_media":0,"parent":0,"menu_order":0,"comment_status":"closed","ping_status":"closed","template":"","meta":{"ocean_post_layout":"","ocean_both_sidebars_style":"","ocean_both_sidebars_content_width":0,"ocean_both_sidebars_sidebars_width":0,"ocean_sidebar":"","ocean_second_sidebar":"","ocean_disable_margins":"enable","ocean_add_body_class":"","ocean_shortcode_before_top_bar":"","ocean_shortcode_after_top_bar":"","ocean_shortcode_before_header":"","ocean_shortcode_after_header":"","ocean_has_shortcode":"","ocean_shortcode_after_title":"","ocean_shortcode_before_footer_widgets":"","ocean_shortcode_after_footer_widgets":"","ocean_shortcode_before_footer_bottom":"","ocean_shortcode_after_footer_bottom":"","ocean_display_top_bar":"default","ocean_display_header":"default","ocean_header_style":"","ocean_center_header_left_menu":"","ocean_custom_header_template":"","ocean_custom_logo":0,"ocean_custom_retina_logo":0,"ocean_custom_logo_max_width":0,"ocean_custom_logo_tablet_max_width":0,"ocean_custom_logo_mobile_max_width":0,"ocean_custom_logo_max_height":0,"ocean_custom_logo_tablet_max_height":0,"ocean_custom_logo_mobile_max_height":0,"ocean_header_custom_menu":"","ocean_menu_typo_font_family":"","ocean_menu_typo_font_subset":"","ocean_menu_typo_font_size":0,"ocean_menu_typo_font_size_tablet":0,"ocean_menu_typo_font_size_mobile":0,"ocean_menu_typo_font_size_unit":"px","ocean_menu_typo_font_weight":"","ocean_menu_typo_font_weight_tablet":"","ocean_menu_typo_font_weight_mobile":"","ocean_menu_typo_transform":"","ocean_menu_typo_transform_tablet":"","ocean_menu_typo_transform_mobile":"","ocean_menu_typo_line_height":0,"ocean_menu_typo_line_height_tablet":0,"ocean_menu_typo_line_height_mobile":0,"ocean_menu_typo_line_height_unit":"","ocean_menu_typo_spacing":0,"ocean_menu_typo_spacing_tablet":0,"ocean_menu_typo_spacing_mobile":0,"ocean_menu_typo_spacing_unit":"","ocean_menu_link_color":"","ocean_menu_link_color_hover":"","ocean_menu_link_color_active":"","ocean_menu_link_background":"","ocean_menu_link_hover_background":"","ocean_menu_link_active_background":"","ocean_menu_social_links_bg":"","ocean_menu_social_hover_links_bg":"","ocean_menu_social_links_color":"","ocean_menu_social_hover_links_color":"","ocean_disable_title":"default","ocean_disable_heading":"default","ocean_post_title":"","ocean_post_subheading":"","ocean_post_title_style":"","ocean_post_title_background_color":"","ocean_post_title_background":0,"ocean_post_title_bg_image_position":"","ocean_post_title_bg_image_attachment":"","ocean_post_title_bg_image_repeat":"","ocean_post_title_bg_image_size":"","ocean_post_title_height":0,"ocean_post_title_bg_overlay":0.5,"ocean_post_title_bg_overlay_color":"","ocean_disable_breadcrumbs":"default","ocean_breadcrumbs_color":"","ocean_breadcrumbs_separator_color":"","ocean_breadcrumbs_links_color":"","ocean_breadcrumbs_links_hover_color":"","ocean_display_footer_widgets":"default","ocean_display_footer_bottom":"default","ocean_custom_footer_template":"","footnotes":""},"class_list":["post-40492","page","type-page","status-publish","hentry","entry"],"_links":{"self":[{"href":"https:\/\/carole-pascal.fr\/WORDPRESS\/wp-json\/wp\/v2\/pages\/40492","targetHints":{"allow":["GET"]}}],"collection":[{"href":"https:\/\/carole-pascal.fr\/WORDPRESS\/wp-json\/wp\/v2\/pages"}],"about":[{"href":"https:\/\/carole-pascal.fr\/WORDPRESS\/wp-json\/wp\/v2\/types\/page"}],"author":[{"embeddable":true,"href":"https:\/\/carole-pascal.fr\/WORDPRESS\/wp-json\/wp\/v2\/users\/1"}],"replies":[{"embeddable":true,"href":"https:\/\/carole-pascal.fr\/WORDPRESS\/wp-json\/wp\/v2\/comments?post=40492"}],"version-history":[{"count":0,"href":"https:\/\/carole-pascal.fr\/WORDPRESS\/wp-json\/wp\/v2\/pages\/40492\/revisions"}],"wp:attachment":[{"href":"https:\/\/carole-pascal.fr\/WORDPRESS\/wp-json\/wp\/v2\/media?parent=40492"}],"curies":[{"name":"wp","href":"https:\/\/api.w.org\/{rel}","templated":true}]}}