{"id":40537,"date":"2024-05-31T18:51:46","date_gmt":"2024-05-31T16:51:46","guid":{"rendered":"https:\/\/carole-pascal.fr\/WORDPRESS\/?page_id=40537"},"modified":"2024-05-31T18:52:15","modified_gmt":"2024-05-31T16:52:15","slug":"chili-informations-sur-la-patagonie","status":"publish","type":"page","link":"https:\/\/carole-pascal.fr\/WORDPRESS\/chili-informations-sur-la-patagonie\/","title":{"rendered":"Chili &#8211; Informations sur la Patagonie"},"content":{"rendered":"\t\t<div data-elementor-type=\"wp-page\" data-elementor-id=\"40537\" class=\"elementor elementor-40537\">\n\t\t\t\t<div class=\"elementor-element elementor-element-755051bb e-flex e-con-boxed e-con e-parent\" data-id=\"755051bb\" data-element_type=\"container\" data-e-type=\"container\">\n\t\t\t\t\t<div class=\"e-con-inner\">\n\t\t\t\t<div class=\"elementor-element elementor-element-7cae2d47 elementor-align-center elementor-widget elementor-widget-button\" data-id=\"7cae2d47\" data-element_type=\"widget\" data-e-type=\"widget\" data-widget_type=\"button.default\">\n\t\t\t\t<div class=\"elementor-widget-container\">\n\t\t\t\t\t\t\t\t\t<div class=\"elementor-button-wrapper\">\n\t\t\t\t\t<a class=\"elementor-button elementor-button-link elementor-size-sm\" href=\"https:\/\/carole-pascal.fr\/WORDPRESS\/chili-20-janvier-au-04-mars-2014\/\">\n\t\t\t\t\t\t<span class=\"elementor-button-content-wrapper\">\n\t\t\t\t\t\t\t\t\t<span class=\"elementor-button-text\">Revenir au menu pr\u00e9c\u00e9dent<\/span>\n\t\t\t\t\t<\/span>\n\t\t\t\t\t<\/a>\n\t\t\t\t<\/div>\n\t\t\t\t\t\t\t\t<\/div>\n\t\t\t\t<\/div>\n\t\t\t\t\t<\/div>\n\t\t\t\t<\/div>\n\t\t<div class=\"elementor-element elementor-element-189e7cfd e-con-full e-flex e-con e-parent\" data-id=\"189e7cfd\" data-element_type=\"container\" data-e-type=\"container\">\n\t\t\t\t<div class=\"elementor-element elementor-element-5c4a7a8b elementor-widget elementor-widget-text-editor\" data-id=\"5c4a7a8b\" data-element_type=\"widget\" data-e-type=\"widget\" data-widget_type=\"text-editor.default\">\n\t\t\t\t<div class=\"elementor-widget-container\">\n\t\t\t\t\t\t\t\t\t<p><span style=\"text-decoration: underline;\"><strong>LE NORD DE LA PATAGONIE<\/strong><\/span><\/p><p>La Patagonie correspond \u00e0 la partie la plus m\u00e9ridionale du continent sud-am\u00e9ricain, elle englobe des portions de l&rsquo;Argentine et du Chili. Les pentes montagneuses et vastes plaines qui s&rsquo;\u00e9tendent \u00e0 l&rsquo;est de la ligne de partage des eaux de l&rsquo;Atlantique se trouvent en Argentine, alors que le Chili gouverne la longue et beaucoup plus \u00e9troite bande qui s\u00e9pare les montagnes de l&rsquo;oc\u00e9an Pacifique, \u00e0 ce point comprim\u00e9e par les fjords, les montagnes et les champs de glace que les d\u00e9placements par voie de terre s&rsquo;av\u00e8rent pratiquement impossibles sur une grande partie du territoire vis\u00e9.<br \/>La faible densit\u00e9 de la population et l&rsquo;\u00e9tat rudimentaire du r\u00e9seau routier contribuent par ailleurs \u00e0 y susciter une impression d&rsquo;isolement on ne peut plus marqu\u00e9e. Coihaique est une petite ville attrayante \u00e0 partir de laquelle on s&rsquo;adonne \u00e0 toute une panoplie d&rsquo;activit\u00e9s, notamment la p\u00eache hauturi\u00e8re, la randonn\u00e9e p\u00e9destre et l&rsquo;exploration des fjords et des glaciers.<br \/>Cette partie du Chili renferme deux immenses champs de glace, le Campo de Hielo Norte (4400 km\u00b2) &#8230; et le campo de Hielo Sur (13500 km\u00b2). Les pics Andins rec\u00e8lent en outre bon nombre de hauts volcans dont la plupart sont couverts de glace. Sous l&rsquo;influence des courants marins, le climat se fait g\u00e9n\u00e9ralement humide et frais (moyennes de 7\u00b0C \u00e0 9\u00b0C), quoique rarement tr\u00e8s froid.<\/p><p><span style=\"text-decoration: underline;\"><strong>LE SUD DE LA PATAGONIE<\/strong><\/span><\/p><p>Cette terre de montagnes et de glaciers, de canaux et de fjords, de for\u00eats et d&rsquo;\u00e9levages de moutons, voisine de milliers d&rsquo;\u00eeles inhabit\u00e9es, g\u00eet, isol\u00e9e de tout, au del\u00e0 des derniers retranchements de la civilisation. Ce n&rsquo;est que depuis la flamb\u00e9e des march\u00e9s mondiaux de la laine \u00e0 la fin du 19 \u00e9me si\u00e8cle que le sud de la Patagonie a commenc\u00e9 \u00e0 se peupler de fa\u00e7on significative. Avant cela, on n&rsquo;y trouvait essentiellement qu&rsquo;une poign\u00e9e de minuscules communaut\u00e9s \u00e9parses d&rsquo;Am\u00e9rindiens dont il ne reste aujourd&rsquo;hui que bien peu de descendants.<br \/>La Patagonie n&rsquo;est pas le fait exclusif du Chili. Sa portion Argentine, se r\u00e9v\u00e8le m\u00eame plus large, plus plate et plus propre au peuplement humain, il n&rsquo;en reste pas moins que la Patagonie Chilienne s&rsquo;aur\u00e9ole d&rsquo;une beaut\u00e9 rarement \u00e9gal\u00e9e \u00e0 la surface du globe.<br \/>Les agglom\u00e9rations au sud de la Patagonie sont Puerto Natales, dont la population s&rsquo;\u00e9tablit \u00e0 quelque 20.000 habitants, Porvenir \u00e0 la pointe occidentale de l&rsquo;\u00eele ma\u00eetresse de Tierra del Fuego, et Puerto Williams, sur l&rsquo;\u00eele de Navarino, le point le plus au sud de la Terre \u00e0 \u00eatre habit\u00e9 en permanence.<br \/>L&rsquo;attrait touristique de loin le plus important est le Parque Nacional Torres del Paine, honor\u00e9 de cimes enneig\u00e9es, de lacs et de glaciers plus spectaculaires les uns que les autres. Mais bien d&rsquo;autres d\u00e9couvertes vous attendent encore, qu&rsquo;il s&rsquo;agisse des colonies de pingouins \u00e0 visiter, des croisi\u00e8res panoramiques sur les canaux maritimes, des gauchos (cow-boys) gardant leurs troupeaux comme aux temps anciens, des excellentes occasions de p\u00eache ou du d\u00e9licieux sentiment que procure le fait de se retrouver au bout du monde.<\/p>\t\t\t\t\t\t\t\t<\/div>\n\t\t\t\t<\/div>\n\t\t\t\t<\/div>\n\t\t<div class=\"elementor-element elementor-element-57220263 e-con-full e-flex e-con e-parent\" data-id=\"57220263\" data-element_type=\"container\" data-e-type=\"container\">\n\t\t\t\t<div class=\"elementor-element elementor-element-4c2e2c19 elementor-widget elementor-widget-image\" data-id=\"4c2e2c19\" data-element_type=\"widget\" data-e-type=\"widget\" data-widget_type=\"image.default\">\n\t\t\t\t<div class=\"elementor-widget-container\">\n\t\t\t\t\t\t\t\t\t\t\t\t<figure class=\"wp-caption\">\n\t\t\t\t\t\t\t\t\t\t<img fetchpriority=\"high\" width=\"986\" height=\"1024\"  class=\"attachment-large size-large wp-image-39444 lws-optimize-lazyload\" alt=\"\" srcset=\"https:\/\/carole-pascal.fr\/WORDPRESS\/wp-content\/uploads\/2024\/05\/carte_routiere_magallanes-986x1024.jpg 986w, https:\/\/carole-pascal.fr\/WORDPRESS\/wp-content\/uploads\/2024\/05\/carte_routiere_magallanes-289x300.jpg 289w, https:\/\/carole-pascal.fr\/WORDPRESS\/wp-content\/uploads\/2024\/05\/carte_routiere_magallanes-768x797.jpg 768w, https:\/\/carole-pascal.fr\/WORDPRESS\/wp-content\/uploads\/2024\/05\/carte_routiere_magallanes-1480x1536.jpg 1480w, https:\/\/carole-pascal.fr\/WORDPRESS\/wp-content\/uploads\/2024\/05\/carte_routiere_magallanes.jpg 1734w\" sizes=\"(max-width: 986px) 100vw, 986px\" \/ data-src=\"https:\/\/carole-pascal.fr\/WORDPRESS\/wp-content\/uploads\/2024\/05\/carte_routiere_magallanes-986x1024.jpg\">\t\t\t\t\t\t\t\t\t\t\t<figcaption class=\"widget-image-caption wp-caption-text\">Patagonie<\/figcaption>\n\t\t\t\t\t\t\t\t\t\t<\/figure>\n\t\t\t\t\t\t\t\t\t<\/div>\n\t\t\t\t<\/div>\n\t\t\t\t<\/div>\n\t\t<div class=\"elementor-element elementor-element-2870159b e-flex e-con-boxed e-con e-parent\" data-id=\"2870159b\" data-element_type=\"container\" data-e-type=\"container\">\n\t\t\t\t\t<div class=\"e-con-inner\">\n\t\t\t\t<div class=\"elementor-element elementor-element-7b6dde47 elementor-widget elementor-widget-text-editor\" data-id=\"7b6dde47\" data-element_type=\"widget\" data-e-type=\"widget\" data-widget_type=\"text-editor.default\">\n\t\t\t\t<div class=\"elementor-widget-container\">\n\t\t\t\t\t\t\t\t\t<p><span style=\"text-decoration: underline;\"><strong>Les parcs de Patagonie que nous visitons<\/strong><\/span><\/p><p><span style=\"text-decoration: underline;\">Parc national Torres del Paine<\/span> : 181 414 ha dans la province d&rsquo;Ultima Esperanza, au nord de Puerto Natales. Les paysages sont splendides: massif du Paine, Cornes et Tours du Paine, glaciers, lacs, rivi\u00e8res, cascades, for\u00eats. Plusieurs circuits ont \u00e9t\u00e9 balis\u00e9s, du plus simple au long trekking pour d\u00e9couvrir ce riche \u00e9cosyst\u00e8me class\u00e9 r\u00e9serve mondiale de biosph\u00e8re par l&rsquo;Unesco. Les pics granitiques culminent \u00e0 2850 m et se distinguent pas leurs couleurs, \u00e9voluant au gr\u00e9 de la lumi\u00e8re naturelle. Il n&rsquo;est pas rare de croiser des groupes de guanacos, voire des pumas, des renards de Magellan, des condors et des nandous. Le Torres del Paine est l&rsquo;un des parcs chiliens les plus beaux et les mieux \u00e9quip\u00e9s pour la visite.<\/p><p><span style=\"text-decoration: underline;\">Monument naturel Cueva del Milodon<\/span> : 189 ha pr\u00e9s de Puerto Natales. Les restes trouv\u00e9s dans cette grotte \u00e0 la fin du XIX\u00e8me si\u00e8cle \u00e9taient ceux d&rsquo;un animal pr\u00e9historique, le mylodon, et sont dat\u00e9s de 10 383 ans. Ce mammif\u00e8re herbivore du m\u00eame groupe que les paresseux a donn\u00e9 son nom au site, et est repr\u00e9sent\u00e9 en r\u00e9plique \u00e0 l&rsquo;entr\u00e9e. Des traces de peuplement estim\u00e9 \u00e0 12000 ans ont \u00e9t\u00e9 trouv\u00e9s dans la grotte.<\/p><p><span style=\"text-decoration: underline;\">Monument national Los Ping\u00fcinos<\/span> : 97 ha pr\u00e9s de Punta Arenas dans le d\u00e9troit de Magellan. Cette \u00eele est habit\u00e9e par quelques 60.000 couples de manchots de Magellan. Ils viennent y faire leur nid, leurs petits s&rsquo;alimentant de poissons et de calamars.<\/p><p><span style=\"text-decoration: underline;\">Parc national de Pali Aike<\/span> : 5030 ha pr\u00e9s de Punta Delgada et du d\u00e9troit de Magellan. Ce champ volcanique avec des crat\u00e8res lui donne des allures de paysage lunaire, important des points de vue g\u00e9ologique, historique, arch\u00e9ologique et animalier. Des traces humaines ont \u00e9t\u00e9 retrouv\u00e9s et dat\u00e9es d&rsquo;environ 11.000 ans. Les animaux sont sp\u00e9cifiques de cette r\u00e9gion: tatou, chat sauvage, furet de patagonie, moufette, renard gris.<\/p>\t\t\t\t\t\t\t\t<\/div>\n\t\t\t\t<\/div>\n\t\t\t\t\t<\/div>\n\t\t\t\t<\/div>\n\t\t<div class=\"elementor-element elementor-element-2b4ce5e8 e-con-full e-flex e-con e-parent\" data-id=\"2b4ce5e8\" data-element_type=\"container\" data-e-type=\"container\">\n\t\t\t\t<div class=\"elementor-element elementor-element-3ce3d30 elementor-widget elementor-widget-image\" data-id=\"3ce3d30\" data-element_type=\"widget\" data-e-type=\"widget\" data-widget_type=\"image.default\">\n\t\t\t\t<div class=\"elementor-widget-container\">\n\t\t\t\t\t\t\t\t\t\t\t\t<figure class=\"wp-caption\">\n\t\t\t\t\t\t\t\t\t\t<img width=\"825\" height=\"960\"  class=\"attachment-large size-large wp-image-39445 lws-optimize-lazyload\" alt=\"\" srcset=\"https:\/\/carole-pascal.fr\/WORDPRESS\/wp-content\/uploads\/2024\/05\/carte_torresdelpaine.jpg 825w, https:\/\/carole-pascal.fr\/WORDPRESS\/wp-content\/uploads\/2024\/05\/carte_torresdelpaine-258x300.jpg 258w, https:\/\/carole-pascal.fr\/WORDPRESS\/wp-content\/uploads\/2024\/05\/carte_torresdelpaine-768x894.jpg 768w\" sizes=\"(max-width: 825px) 100vw, 825px\" \/ data-src=\"https:\/\/carole-pascal.fr\/WORDPRESS\/wp-content\/uploads\/2024\/05\/carte_torresdelpaine.jpg\">\t\t\t\t\t\t\t\t\t\t\t<figcaption class=\"widget-image-caption wp-caption-text\">Parc Torres Del Paine<\/figcaption>\n\t\t\t\t\t\t\t\t\t\t<\/figure>\n\t\t\t\t\t\t\t\t\t<\/div>\n\t\t\t\t<\/div>\n\t\t\t\t<\/div>\n\t\t\t\t<\/div>\n\t\t","protected":false},"excerpt":{"rendered":"<p>Revenir au menu pr\u00e9c\u00e9dent LE NORD DE LA PATAGONIE La Patagonie correspond \u00e0 la partie la plus m\u00e9ridionale du continent sud-am\u00e9ricain, elle englobe des portions de l&rsquo;Argentine et du Chili. Les pentes montagneuses et vastes plaines qui s&rsquo;\u00e9tendent \u00e0 l&rsquo;est de la ligne de partage des eaux de l&rsquo;Atlantique se trouvent en Argentine, alors que [&hellip;]<\/p>\n","protected":false},"author":1,"featured_media":0,"parent":0,"menu_order":0,"comment_status":"closed","ping_status":"closed","template":"","meta":{"ocean_post_layout":"","ocean_both_sidebars_style":"","ocean_both_sidebars_content_width":0,"ocean_both_sidebars_sidebars_width":0,"ocean_sidebar":"","ocean_second_sidebar":"","ocean_disable_margins":"enable","ocean_add_body_class":"","ocean_shortcode_before_top_bar":"","ocean_shortcode_after_top_bar":"","ocean_shortcode_before_header":"","ocean_shortcode_after_header":"","ocean_has_shortcode":"","ocean_shortcode_after_title":"","ocean_shortcode_before_footer_widgets":"","ocean_shortcode_after_footer_widgets":"","ocean_shortcode_before_footer_bottom":"","ocean_shortcode_after_footer_bottom":"","ocean_display_top_bar":"default","ocean_display_header":"default","ocean_header_style":"","ocean_center_header_left_menu":"","ocean_custom_header_template":"","ocean_custom_logo":0,"ocean_custom_retina_logo":0,"ocean_custom_logo_max_width":0,"ocean_custom_logo_tablet_max_width":0,"ocean_custom_logo_mobile_max_width":0,"ocean_custom_logo_max_height":0,"ocean_custom_logo_tablet_max_height":0,"ocean_custom_logo_mobile_max_height":0,"ocean_header_custom_menu":"","ocean_menu_typo_font_family":"","ocean_menu_typo_font_subset":"","ocean_menu_typo_font_size":0,"ocean_menu_typo_font_size_tablet":0,"ocean_menu_typo_font_size_mobile":0,"ocean_menu_typo_font_size_unit":"px","ocean_menu_typo_font_weight":"","ocean_menu_typo_font_weight_tablet":"","ocean_menu_typo_font_weight_mobile":"","ocean_menu_typo_transform":"","ocean_menu_typo_transform_tablet":"","ocean_menu_typo_transform_mobile":"","ocean_menu_typo_line_height":0,"ocean_menu_typo_line_height_tablet":0,"ocean_menu_typo_line_height_mobile":0,"ocean_menu_typo_line_height_unit":"","ocean_menu_typo_spacing":0,"ocean_menu_typo_spacing_tablet":0,"ocean_menu_typo_spacing_mobile":0,"ocean_menu_typo_spacing_unit":"","ocean_menu_link_color":"","ocean_menu_link_color_hover":"","ocean_menu_link_color_active":"","ocean_menu_link_background":"","ocean_menu_link_hover_background":"","ocean_menu_link_active_background":"","ocean_menu_social_links_bg":"","ocean_menu_social_hover_links_bg":"","ocean_menu_social_links_color":"","ocean_menu_social_hover_links_color":"","ocean_disable_title":"default","ocean_disable_heading":"default","ocean_post_title":"","ocean_post_subheading":"","ocean_post_title_style":"","ocean_post_title_background_color":"","ocean_post_title_background":0,"ocean_post_title_bg_image_position":"","ocean_post_title_bg_image_attachment":"","ocean_post_title_bg_image_repeat":"","ocean_post_title_bg_image_size":"","ocean_post_title_height":0,"ocean_post_title_bg_overlay":0.5,"ocean_post_title_bg_overlay_color":"","ocean_disable_breadcrumbs":"default","ocean_breadcrumbs_color":"","ocean_breadcrumbs_separator_color":"","ocean_breadcrumbs_links_color":"","ocean_breadcrumbs_links_hover_color":"","ocean_display_footer_widgets":"default","ocean_display_footer_bottom":"default","ocean_custom_footer_template":"","footnotes":""},"class_list":["post-40537","page","type-page","status-publish","hentry","entry"],"_links":{"self":[{"href":"https:\/\/carole-pascal.fr\/WORDPRESS\/wp-json\/wp\/v2\/pages\/40537","targetHints":{"allow":["GET"]}}],"collection":[{"href":"https:\/\/carole-pascal.fr\/WORDPRESS\/wp-json\/wp\/v2\/pages"}],"about":[{"href":"https:\/\/carole-pascal.fr\/WORDPRESS\/wp-json\/wp\/v2\/types\/page"}],"author":[{"embeddable":true,"href":"https:\/\/carole-pascal.fr\/WORDPRESS\/wp-json\/wp\/v2\/users\/1"}],"replies":[{"embeddable":true,"href":"https:\/\/carole-pascal.fr\/WORDPRESS\/wp-json\/wp\/v2\/comments?post=40537"}],"version-history":[{"count":0,"href":"https:\/\/carole-pascal.fr\/WORDPRESS\/wp-json\/wp\/v2\/pages\/40537\/revisions"}],"wp:attachment":[{"href":"https:\/\/carole-pascal.fr\/WORDPRESS\/wp-json\/wp\/v2\/media?parent=40537"}],"curies":[{"name":"wp","href":"https:\/\/api.w.org\/{rel}","templated":true}]}}