{"id":40545,"date":"2024-05-31T18:57:37","date_gmt":"2024-05-31T16:57:37","guid":{"rendered":"https:\/\/carole-pascal.fr\/WORDPRESS\/?page_id=40545"},"modified":"2024-05-31T18:58:02","modified_gmt":"2024-05-31T16:58:02","slug":"chili-informations-sur-le-centre-avec-santiago-et-laraucanie-region-des-lacs","status":"publish","type":"page","link":"https:\/\/carole-pascal.fr\/WORDPRESS\/chili-informations-sur-le-centre-avec-santiago-et-laraucanie-region-des-lacs\/","title":{"rendered":"Chili \u2013 Informations sur le centre avec Santiago et L\u2019araucanie (r\u00e9gion des lacs)"},"content":{"rendered":"\t\t<div data-elementor-type=\"wp-page\" data-elementor-id=\"40545\" class=\"elementor elementor-40545\">\n\t\t\t\t<div class=\"elementor-element elementor-element-4c30510b e-flex e-con-boxed e-con e-parent\" data-id=\"4c30510b\" data-element_type=\"container\" data-e-type=\"container\">\n\t\t\t\t\t<div class=\"e-con-inner\">\n\t\t\t\t<div class=\"elementor-element elementor-element-724db66 elementor-align-center elementor-widget elementor-widget-button\" data-id=\"724db66\" data-element_type=\"widget\" data-e-type=\"widget\" data-widget_type=\"button.default\">\n\t\t\t\t<div class=\"elementor-widget-container\">\n\t\t\t\t\t\t\t\t\t<div class=\"elementor-button-wrapper\">\n\t\t\t\t\t<a class=\"elementor-button elementor-button-link elementor-size-sm\" href=\"https:\/\/carole-pascal.fr\/WORDPRESS\/chili-20-janvier-au-04-mars-2014\/\">\n\t\t\t\t\t\t<span class=\"elementor-button-content-wrapper\">\n\t\t\t\t\t\t\t\t\t<span class=\"elementor-button-text\">Revenir au menu pr\u00e9c\u00e9dent<\/span>\n\t\t\t\t\t<\/span>\n\t\t\t\t\t<\/a>\n\t\t\t\t<\/div>\n\t\t\t\t\t\t\t\t<\/div>\n\t\t\t\t<\/div>\n\t\t\t\t\t<\/div>\n\t\t\t\t<\/div>\n\t\t<div class=\"elementor-element elementor-element-1d7c93a1 e-flex e-con-boxed e-con e-parent\" data-id=\"1d7c93a1\" data-element_type=\"container\" data-e-type=\"container\">\n\t\t\t\t\t<div class=\"e-con-inner\">\n\t\t\t\t<div class=\"elementor-element elementor-element-25efa85c elementor-widget elementor-widget-text-editor\" data-id=\"25efa85c\" data-element_type=\"widget\" data-e-type=\"widget\" data-widget_type=\"text-editor.default\">\n\t\t\t\t<div class=\"elementor-widget-container\">\n\t\t\t\t\t\t\t\t\t<p><span style=\"text-decoration: underline;\"><strong>Valparaiso<\/strong> <\/span>est un vieux port commercial caillouteux mais pittoresque qui \u00e9pouse les contours d\u2019une large baie abrit\u00e9e. La ville est adoss\u00e9e contre de hautes collines escarp\u00e9es dont vous pourrez atteindre le sommet en prenant les fameux funiculaires. Certaines parties de la ville lui conf\u00e8re souvent un charme ind\u00e9niable, le march\u00e9 central et ses environs imm\u00e9diats, le secteur de l\u2019Antigua plaza municipal, offrent des aper\u00e7us du Chili tel qu\u2019il se pr\u00e9sentait dans les ann\u00e9es 20.<\/p><p><span style=\"text-decoration: underline;\"><strong>Santiago du Chili<\/strong><\/span> a \u00e9t\u00e9 fond\u00e9e le 12 f\u00e9vrier 1541 par le gouverneur espagnol Pedro de Valdivia. A l\u2019\u00e8re coloniale, elle n\u2019\u00e9tait somme toute qu\u2019un bled perdu, et la majeure partie de l\u2019h\u00e9ritage architectural de cette \u00e9poque a disparu sous l\u2019effet de s\u00e9ismes et d\u2019incendies. Au d\u00e9but du 20\u00e9me si\u00e8cle, la ville comptait une population d\u2019environ 300.000 habitants, et elle a depuis connu une croissance r\u00e9guli\u00e8re. Les tours de bureaux et les immeubles r\u00e9sidentiels de luxe ont pouss\u00e9 comme des champignons dans les quartiers riches, quoique beaucoup d\u2019habitants continuent visiblement \u00e0 lutter contre la pauvret\u00e9.<br \/>Bref, Santiago se d\u00e9finit manifestement comme une ville de contrastes. Santiago se laisse facilement d\u00e9couvrir et ne correspond nullement \u00e0 l\u2019image chaotique qu\u2019on se fait g\u00e9n\u00e9ralement des grandes zones urbaines d\u2019Am\u00e9rique Latine Santiago est la capitale administrative du Chili, et demeure sa v\u00e9ritable capitale politique, m\u00eame si le congr\u00e8s si\u00e8ge d\u00e9sormais \u00e0 Valparaiso. Santiago incarne par ailleurs le principal centre des finances, de l\u2019industrie, de la culture et des communications.<\/p>\t\t\t\t\t\t\t\t<\/div>\n\t\t\t\t<\/div>\n\t\t\t\t\t<\/div>\n\t\t\t\t<\/div>\n\t\t<div class=\"elementor-element elementor-element-6195913b e-con-full e-flex e-con e-parent\" data-id=\"6195913b\" data-element_type=\"container\" data-e-type=\"container\">\n\t\t\t\t<div class=\"elementor-element elementor-element-1990d7ee elementor-widget elementor-widget-image\" data-id=\"1990d7ee\" data-element_type=\"widget\" data-e-type=\"widget\" data-widget_type=\"image.default\">\n\t\t\t\t<div class=\"elementor-widget-container\">\n\t\t\t\t\t\t\t\t\t\t\t\t<figure class=\"wp-caption\">\n\t\t\t\t\t\t\t\t\t\t<img fetchpriority=\"high\" width=\"1024\" height=\"755\"  class=\"attachment-large size-large wp-image-39451 lws-optimize-lazyload\" alt=\"\" srcset=\"https:\/\/carole-pascal.fr\/WORDPRESS\/wp-content\/uploads\/2024\/05\/Santiago-1024x755.png 1024w, https:\/\/carole-pascal.fr\/WORDPRESS\/wp-content\/uploads\/2024\/05\/Santiago-300x221.png 300w, https:\/\/carole-pascal.fr\/WORDPRESS\/wp-content\/uploads\/2024\/05\/Santiago-768x566.png 768w, https:\/\/carole-pascal.fr\/WORDPRESS\/wp-content\/uploads\/2024\/05\/Santiago.png 1273w\" sizes=\"(max-width: 1024px) 100vw, 1024px\" \/ data-src=\"https:\/\/carole-pascal.fr\/WORDPRESS\/wp-content\/uploads\/2024\/05\/Santiago-1024x755.png\">\t\t\t\t\t\t\t\t\t\t\t<figcaption class=\"widget-image-caption wp-caption-text\">Le centre avec Santiago et Valparaiso<\/figcaption>\n\t\t\t\t\t\t\t\t\t\t<\/figure>\n\t\t\t\t\t\t\t\t\t<\/div>\n\t\t\t\t<\/div>\n\t\t\t\t<\/div>\n\t\t<div class=\"elementor-element elementor-element-57b28e08 e-flex e-con-boxed e-con e-parent\" data-id=\"57b28e08\" data-element_type=\"container\" data-e-type=\"container\">\n\t\t\t\t\t<div class=\"e-con-inner\">\n\t\t\t\t<div class=\"elementor-element elementor-element-229683a8 elementor-widget elementor-widget-text-editor\" data-id=\"229683a8\" data-element_type=\"widget\" data-e-type=\"widget\" data-widget_type=\"text-editor.default\">\n\t\t\t\t<div class=\"elementor-widget-container\">\n\t\t\t\t\t\t\t\t\t<p><span style=\"text-decoration: underline;\"><strong>Araucanie<\/strong><\/span>: De nombreux et magnifiques lacs d&rsquo;un bleu profond, ornent le paysage de cette r\u00e9gion, notamment le Villarrica, Le Ranco, le Puyehue, le Llanquihue, le Todos Los Santos et bien d&rsquo;autres encore. Les amateurs de grands espaces s&rsquo;y adonneront avec joie aux plaisirs de la randonn\u00e9e p\u00e9destre, de l&rsquo;escalade, du rafting, de la p\u00eache ou de simples balades sur les eaux azur\u00e9es des lacs de montagne entour\u00e9s de paysages enchanteurs. Il y a aussi des plages lacustres, de nombreuses sources chaudes et m\u00eame des stations de ski.<br \/>La partie septentrionale de cette r\u00e9gion prend parfois le nom d&rsquo;Araucania. C&rsquo;est ici qu&rsquo;habitent la plupart des Mapuches du Chili. Cette tribu qui n&rsquo;a renonc\u00e9 \u00e0 ses derni\u00e8res terres ancestrales qu&rsquo;\u00e0 la fin du 19\u00e9me si\u00e8cle, constituait le plus nombreux des peuples Araucaniens, et forment aujourd&rsquo;hui le plus important groupe am\u00e9rindien du triangle m\u00e9ridional de l&rsquo;Am\u00e9rique du Sud.<\/p>\t\t\t\t\t\t\t\t<\/div>\n\t\t\t\t<\/div>\n\t\t\t\t\t<\/div>\n\t\t\t\t<\/div>\n\t\t<div class=\"elementor-element elementor-element-7c5e81c9 e-con-full e-flex e-con e-parent\" data-id=\"7c5e81c9\" data-element_type=\"container\" data-e-type=\"container\">\n\t\t\t\t<div class=\"elementor-element elementor-element-970c7b3 elementor-widget elementor-widget-image\" data-id=\"970c7b3\" data-element_type=\"widget\" data-e-type=\"widget\" data-widget_type=\"image.default\">\n\t\t\t\t<div class=\"elementor-widget-container\">\n\t\t\t\t\t\t\t\t\t\t\t\t<figure class=\"wp-caption\">\n\t\t\t\t\t\t\t\t\t\t<img width=\"985\" height=\"1024\"  class=\"attachment-large size-large wp-image-39443 lws-optimize-lazyload\" alt=\"\" srcset=\"https:\/\/carole-pascal.fr\/WORDPRESS\/wp-content\/uploads\/2024\/05\/carte_routiere_araucanie-985x1024.jpg 985w, https:\/\/carole-pascal.fr\/WORDPRESS\/wp-content\/uploads\/2024\/05\/carte_routiere_araucanie-289x300.jpg 289w, https:\/\/carole-pascal.fr\/WORDPRESS\/wp-content\/uploads\/2024\/05\/carte_routiere_araucanie-768x798.jpg 768w, https:\/\/carole-pascal.fr\/WORDPRESS\/wp-content\/uploads\/2024\/05\/carte_routiere_araucanie-1478x1536.jpg 1478w, https:\/\/carole-pascal.fr\/WORDPRESS\/wp-content\/uploads\/2024\/05\/carte_routiere_araucanie.jpg 1732w\" sizes=\"(max-width: 985px) 100vw, 985px\" \/ data-src=\"https:\/\/carole-pascal.fr\/WORDPRESS\/wp-content\/uploads\/2024\/05\/carte_routiere_araucanie-985x1024.jpg\">\t\t\t\t\t\t\t\t\t\t\t<figcaption class=\"widget-image-caption wp-caption-text\">Araucanie<\/figcaption>\n\t\t\t\t\t\t\t\t\t\t<\/figure>\n\t\t\t\t\t\t\t\t\t<\/div>\n\t\t\t\t<\/div>\n\t\t\t\t<\/div>\n\t\t<div class=\"elementor-element elementor-element-722312ca e-flex e-con-boxed e-con e-parent\" data-id=\"722312ca\" data-element_type=\"container\" data-e-type=\"container\">\n\t\t\t\t\t<div class=\"e-con-inner\">\n\t\t\t\t<div class=\"elementor-element elementor-element-9ddb4d1 elementor-widget elementor-widget-text-editor\" data-id=\"9ddb4d1\" data-element_type=\"widget\" data-e-type=\"widget\" data-widget_type=\"text-editor.default\">\n\t\t\t\t<div class=\"elementor-widget-container\">\n\t\t\t\t\t\t\t\t\t<p><span style=\"text-decoration: underline;\"><strong>Les parcs du Centre et de l&rsquo;Auracanie que nous visitons<\/strong><\/span><\/p><p><span style=\"text-decoration: underline;\">Parc national Nahuelbuta<\/span> : 6 832 ha, entre Angol et Ca\u00f1ete. Situ\u00e9 entre 850 et 1560 m d&rsquo;altitude, le parc prot\u00e8ge notamment une for\u00eat d&rsquo;Araucaria, la seule de la cordilli\u00e8re de la c\u00f4te, avec des exemplaires de ce grand pin atteignant jusqu&rsquo;\u00e0 deux mille ans d&rsquo;\u00e2ge. On trouve aussi des coig\u00fces, des lengas (h\u00eatre blanc), des \u00f1irres, des orchid\u00e9es et des lys des incas. Parmi les animaux remarquables, des marsupiaux comme la llaca et le monito del monte, le renard chilote, le puma, le cerf pudu.<\/p><p><span style=\"text-decoration: underline;\">Parc national Conguillio<\/span> : 60 833 ha dans la cordilli\u00e8re des Andes, \u00e0 l&rsquo;est de Temuco. Une magnifique paysage andin remodel\u00e9 au fil des \u00e9ruptions du volcan Llaima (3125 m), qui ont laiss\u00e9 par endroits coul\u00e9es de lave, cendres et scories. La tr\u00e9s belle for\u00eat d&rsquo;Araucarias, grand pin arbre national du Chili, plusieurs lacs agr\u00e9ables (Lago Verde, Laguna Arco Iris&#8230;) et de profonds canyons valent \u00e9galement \u00e0 ce parc sa classification comme r\u00e9serve de biosph\u00e8re par l&rsquo;Unesco.<\/p><p><span style=\"text-decoration: underline;\">Parc national Huerquehue<\/span> : 12 500 ha \u00e0 35km de Pucon dans la pr\u00e9cordilli\u00e8re andine de l&rsquo;Auracanie. Tr\u00e9s beau paysage volcanique, avec des montagnes, des vall\u00e9es \u00e9troites, des falaises et 20 petits lacs. Magnifiques for\u00eats d&rsquo;Araucarias entourant les lacs les plus hauts. Parmi les animaux prot\u00e9g\u00e9s: le marsupial Monito del monte, le puma, le petit f\u00e9lin Gui\u00f1a, le renard de Magellan ou le ragondin.<\/p><p><span style=\"text-decoration: underline;\">Parc national Villarica<\/span> : 63 000 ha pr\u00e9s de Pucon. Tr\u00e9s beau paysage de cordilli\u00e8re: for\u00eats, plateaux, vall\u00e9es profondes, rivi\u00e8res, lacs et hauts sommets. Le volcan enneig\u00e9 Villarica domine le paysage de ses 2847 m, ainsi que le Lanin avec ses 3776 m, \u00e0 cheval sur la fronti\u00e8re argentine, dont l&rsquo;ascension est r\u00e9serv\u00e9e aux andinistes exp\u00e9riment\u00e9s. V\u00e9g\u00e9tation typique de la r\u00e9gion: roble et rauli dans les secteurs les plus bas, puis le h\u00eatre blanc et enfin l&rsquo;araucaria au plus haut. Beaucoup d&rsquo;esp\u00e8ces d&rsquo;oiseaux dont le Pic de Magellan, le h\u00e9ron bihoreau, le cygne \u00e0 col noir et chez les mammif\u00e8res, le ragondin, le renard gris, le pudu et le f\u00e9lin gui\u00f1a.<\/p><p><span style=\"text-decoration: underline;\">Parc national Puyehue<\/span> : 106 772 ha dans la cordilli\u00e8re de Los Rios. Le relief s&rsquo;\u00e9tage de 250 m dans la vall\u00e9e du rio Gol Gol \u00e0 2240m au sommet du volcan Puyehue. Belles cartes postales vers le volcan Casablanca (1950m), les cascades La Princesa et Del Indio, la v\u00e9g\u00e9tation exub\u00e9rante au bord des nombreux lacs, les couleurs des for\u00eats denses changeant au gr\u00e9 des saisons. Et avec un peu de chance, la possibilit\u00e9 d&rsquo;apercevoir un cerf pudu, une viscache, une loutre, un ragondin, un pic de Magellan, un tourco rouge-gorge.<\/p>\t\t\t\t\t\t\t\t<\/div>\n\t\t\t\t<\/div>\n\t\t\t\t\t<\/div>\n\t\t\t\t<\/div>\n\t\t\t\t<\/div>\n\t\t","protected":false},"excerpt":{"rendered":"<p>Revenir au menu pr\u00e9c\u00e9dent Valparaiso est un vieux port commercial caillouteux mais pittoresque qui \u00e9pouse les contours d\u2019une large baie abrit\u00e9e. La ville est adoss\u00e9e contre de hautes collines escarp\u00e9es dont vous pourrez atteindre le sommet en prenant les fameux funiculaires. Certaines parties de la ville lui conf\u00e8re souvent un charme ind\u00e9niable, le march\u00e9 central [&hellip;]<\/p>\n","protected":false},"author":1,"featured_media":0,"parent":0,"menu_order":0,"comment_status":"closed","ping_status":"closed","template":"","meta":{"ocean_post_layout":"","ocean_both_sidebars_style":"","ocean_both_sidebars_content_width":0,"ocean_both_sidebars_sidebars_width":0,"ocean_sidebar":"","ocean_second_sidebar":"","ocean_disable_margins":"enable","ocean_add_body_class":"","ocean_shortcode_before_top_bar":"","ocean_shortcode_after_top_bar":"","ocean_shortcode_before_header":"","ocean_shortcode_after_header":"","ocean_has_shortcode":"","ocean_shortcode_after_title":"","ocean_shortcode_before_footer_widgets":"","ocean_shortcode_after_footer_widgets":"","ocean_shortcode_before_footer_bottom":"","ocean_shortcode_after_footer_bottom":"","ocean_display_top_bar":"default","ocean_display_header":"default","ocean_header_style":"","ocean_center_header_left_menu":"","ocean_custom_header_template":"","ocean_custom_logo":0,"ocean_custom_retina_logo":0,"ocean_custom_logo_max_width":0,"ocean_custom_logo_tablet_max_width":0,"ocean_custom_logo_mobile_max_width":0,"ocean_custom_logo_max_height":0,"ocean_custom_logo_tablet_max_height":0,"ocean_custom_logo_mobile_max_height":0,"ocean_header_custom_menu":"","ocean_menu_typo_font_family":"","ocean_menu_typo_font_subset":"","ocean_menu_typo_font_size":0,"ocean_menu_typo_font_size_tablet":0,"ocean_menu_typo_font_size_mobile":0,"ocean_menu_typo_font_size_unit":"px","ocean_menu_typo_font_weight":"","ocean_menu_typo_font_weight_tablet":"","ocean_menu_typo_font_weight_mobile":"","ocean_menu_typo_transform":"","ocean_menu_typo_transform_tablet":"","ocean_menu_typo_transform_mobile":"","ocean_menu_typo_line_height":0,"ocean_menu_typo_line_height_tablet":0,"ocean_menu_typo_line_height_mobile":0,"ocean_menu_typo_line_height_unit":"","ocean_menu_typo_spacing":0,"ocean_menu_typo_spacing_tablet":0,"ocean_menu_typo_spacing_mobile":0,"ocean_menu_typo_spacing_unit":"","ocean_menu_link_color":"","ocean_menu_link_color_hover":"","ocean_menu_link_color_active":"","ocean_menu_link_background":"","ocean_menu_link_hover_background":"","ocean_menu_link_active_background":"","ocean_menu_social_links_bg":"","ocean_menu_social_hover_links_bg":"","ocean_menu_social_links_color":"","ocean_menu_social_hover_links_color":"","ocean_disable_title":"default","ocean_disable_heading":"default","ocean_post_title":"","ocean_post_subheading":"","ocean_post_title_style":"","ocean_post_title_background_color":"","ocean_post_title_background":0,"ocean_post_title_bg_image_position":"","ocean_post_title_bg_image_attachment":"","ocean_post_title_bg_image_repeat":"","ocean_post_title_bg_image_size":"","ocean_post_title_height":0,"ocean_post_title_bg_overlay":0.5,"ocean_post_title_bg_overlay_color":"","ocean_disable_breadcrumbs":"default","ocean_breadcrumbs_color":"","ocean_breadcrumbs_separator_color":"","ocean_breadcrumbs_links_color":"","ocean_breadcrumbs_links_hover_color":"","ocean_display_footer_widgets":"default","ocean_display_footer_bottom":"default","ocean_custom_footer_template":"","footnotes":""},"class_list":["post-40545","page","type-page","status-publish","hentry","entry"],"_links":{"self":[{"href":"https:\/\/carole-pascal.fr\/WORDPRESS\/wp-json\/wp\/v2\/pages\/40545","targetHints":{"allow":["GET"]}}],"collection":[{"href":"https:\/\/carole-pascal.fr\/WORDPRESS\/wp-json\/wp\/v2\/pages"}],"about":[{"href":"https:\/\/carole-pascal.fr\/WORDPRESS\/wp-json\/wp\/v2\/types\/page"}],"author":[{"embeddable":true,"href":"https:\/\/carole-pascal.fr\/WORDPRESS\/wp-json\/wp\/v2\/users\/1"}],"replies":[{"embeddable":true,"href":"https:\/\/carole-pascal.fr\/WORDPRESS\/wp-json\/wp\/v2\/comments?post=40545"}],"version-history":[{"count":0,"href":"https:\/\/carole-pascal.fr\/WORDPRESS\/wp-json\/wp\/v2\/pages\/40545\/revisions"}],"wp:attachment":[{"href":"https:\/\/carole-pascal.fr\/WORDPRESS\/wp-json\/wp\/v2\/media?parent=40545"}],"curies":[{"name":"wp","href":"https:\/\/api.w.org\/{rel}","templated":true}]}}