{"id":40554,"date":"2024-05-31T18:59:11","date_gmt":"2024-05-31T16:59:11","guid":{"rendered":"https:\/\/carole-pascal.fr\/WORDPRESS\/?page_id=40554"},"modified":"2024-05-31T18:59:35","modified_gmt":"2024-05-31T16:59:35","slug":"chili-information-sur-la-cote-nord-et-le-desert-datacama","status":"publish","type":"page","link":"https:\/\/carole-pascal.fr\/WORDPRESS\/chili-information-sur-la-cote-nord-et-le-desert-datacama\/","title":{"rendered":"Chili \u2013 Information sur la c\u00f4te nord et le d\u00e9sert d\u2019Atacama"},"content":{"rendered":"\t\t<div data-elementor-type=\"wp-page\" data-elementor-id=\"40554\" class=\"elementor elementor-40554\">\n\t\t\t\t<div class=\"elementor-element elementor-element-3664fca7 e-flex e-con-boxed e-con e-parent\" data-id=\"3664fca7\" data-element_type=\"container\" data-e-type=\"container\">\n\t\t\t\t\t<div class=\"e-con-inner\">\n\t\t\t\t<div class=\"elementor-element elementor-element-30cec389 elementor-align-center elementor-widget elementor-widget-button\" data-id=\"30cec389\" data-element_type=\"widget\" data-e-type=\"widget\" data-widget_type=\"button.default\">\n\t\t\t\t<div class=\"elementor-widget-container\">\n\t\t\t\t\t\t\t\t\t<div class=\"elementor-button-wrapper\">\n\t\t\t\t\t<a class=\"elementor-button elementor-button-link elementor-size-sm\" href=\"https:\/\/carole-pascal.fr\/WORDPRESS\/chili-20-janvier-au-04-mars-2014\/\">\n\t\t\t\t\t\t<span class=\"elementor-button-content-wrapper\">\n\t\t\t\t\t\t\t\t\t<span class=\"elementor-button-text\">Revenir au menu pr\u00e9c\u00e9dent<\/span>\n\t\t\t\t\t<\/span>\n\t\t\t\t\t<\/a>\n\t\t\t\t<\/div>\n\t\t\t\t\t\t\t\t<\/div>\n\t\t\t\t<\/div>\n\t\t\t\t\t<\/div>\n\t\t\t\t<\/div>\n\t\t<div class=\"elementor-element elementor-element-4edb5c48 e-flex e-con-boxed e-con e-parent\" data-id=\"4edb5c48\" data-element_type=\"container\" data-e-type=\"container\">\n\t\t\t\t\t<div class=\"e-con-inner\">\n\t\t\t\t<div class=\"elementor-element elementor-element-88eabad elementor-widget elementor-widget-text-editor\" data-id=\"88eabad\" data-element_type=\"widget\" data-e-type=\"widget\" data-widget_type=\"text-editor.default\">\n\t\t\t\t<div class=\"elementor-widget-container\">\n\t\t\t\t\t\t\t\t\t<p>Le d\u00e9sert d\u2019Atacama, qui couvre une grande partie du nord du Chili et s\u2019\u00e9tend jusqu\u2019au sud du P\u00e9rou, se r\u00e9v\u00e8le \u00eatre l\u2019endroit le plus sec de la terre, d\u2019autant que, sur une grande partie de ce territoire, il ne pleut tout simplement jamais. Un occasionnel brouillard fournit ici \u00e0 peu pr\u00e8s la seule humidit\u00e9 qui soit.<br \/>Une autre distinction notable entre l\u2019Atacama et la plupart des autres d\u00e9serts tient \u00e0 l\u2019absence de toute v\u00e9g\u00e9tation visible sur de vastes pans de territoire.Plus \u00e0 l\u2019int\u00e9rieur des terres, \u00e0 plus haute altitude, surgissent quelques oasis, et certains points re\u00e7oivent m\u00eame des pr\u00e9cipitations, ce qui permet de cultiver le sol \u00e0 une \u00e9chelle tr\u00e8s restreinte, ce que font les Aymaras sur des collines am\u00e9nag\u00e9es en terrasse suivant une m\u00e9thode ancestrale Am\u00e9rindienne.<br \/>L\u2019exploitation des mines constitue la pierre angulaire de l\u2019\u00e9conomie locale, cette partie de la Cordill\u00e8re des Andes rec\u00e8le les plus riches gisement de cuivre au monde, sans parler des autres minerais qu\u2019on y trouve. La plus grande mine de cuivre \u00e0 ciel ouvert se trouve d\u2019ailleurs \u00e0 Chuquicamata, pr\u00e8s de Calama. Le transport et le commerce, la transformation de la poudre de poisson et le tourisme \u00e0 petite \u00e9chelle, compl\u00e8tent pour leur part les ressources \u00e9conomiques.<br \/>Plus vous approchez de la fronti\u00e8re Bolivienne, plus vous prendrez conscience de la pr\u00e9sence indig\u00e8ne au sein de la population, la Bolivie en soi \u00e9tant majoritairement peupl\u00e9e d\u2019Am\u00e9rindiens.<br \/>Les principales villes de cette r\u00e9gion sont Antofagasta, Iquique et Arica, la plus au nord de toutes. Calama, qui se trouve \u00e0 l\u2019int\u00e9rieur des terres est pour sa part un important centre minier.<br \/>Certains panoramas les plus \u00e9poustouflants vous attendent au Parque Nacional Lauca, d\u00e9clar\u00e9 r\u00e9serve mondiale de la biosph\u00e8re, il renferme des volcans \u00e0 couper le souffle et l\u2019un des lacs les plus haut perch\u00e9s du monde. Y vivent des vicu\u00f1as, des vizcachas et plus de 150 esp\u00e8ces d\u2019oiseaux. Vous pourrez y apercevoir des Indiens Aymaras pratiquant l\u2019\u00e9levage des lamas ou des alpacas.<br \/>Malgr\u00e9 la longueur du littoral et les latitudes tropicales qui caract\u00e9risent cette r\u00e9gion, on n\u2019y trouve aucune station baln\u00e9aire digne de ce nom, bien qu\u2019Iquique s\u2019en approche passablement et accueille de nombreux estivants Chiliens.<\/p>\t\t\t\t\t\t\t\t<\/div>\n\t\t\t\t<\/div>\n\t\t\t\t\t<\/div>\n\t\t\t\t<\/div>\n\t\t<div class=\"elementor-element elementor-element-163a4daf e-con-full e-flex e-con e-parent\" data-id=\"163a4daf\" data-element_type=\"container\" data-e-type=\"container\">\n\t\t\t\t<div class=\"elementor-element elementor-element-37982365 elementor-widget__width-initial elementor-widget elementor-widget-image\" data-id=\"37982365\" data-element_type=\"widget\" data-e-type=\"widget\" data-widget_type=\"image.default\">\n\t\t\t\t<div class=\"elementor-widget-container\">\n\t\t\t\t\t\t\t\t\t\t\t\t<figure class=\"wp-caption\">\n\t\t\t\t\t\t\t\t\t\t<img fetchpriority=\"high\" width=\"986\" height=\"1024\"  class=\"attachment-large size-large wp-image-39440 lws-optimize-lazyload\" alt=\"\" srcset=\"https:\/\/carole-pascal.fr\/WORDPRESS\/wp-content\/uploads\/2024\/05\/carte_Arica-986x1024.jpg 986w, https:\/\/carole-pascal.fr\/WORDPRESS\/wp-content\/uploads\/2024\/05\/carte_Arica-289x300.jpg 289w, https:\/\/carole-pascal.fr\/WORDPRESS\/wp-content\/uploads\/2024\/05\/carte_Arica-768x797.jpg 768w, https:\/\/carole-pascal.fr\/WORDPRESS\/wp-content\/uploads\/2024\/05\/carte_Arica-1480x1536.jpg 1480w, https:\/\/carole-pascal.fr\/WORDPRESS\/wp-content\/uploads\/2024\/05\/carte_Arica.jpg 1734w\" sizes=\"(max-width: 986px) 100vw, 986px\" \/ data-src=\"https:\/\/carole-pascal.fr\/WORDPRESS\/wp-content\/uploads\/2024\/05\/carte_Arica-986x1024.jpg\">\t\t\t\t\t\t\t\t\t\t\t<figcaption class=\"widget-image-caption wp-caption-text\">R\u00e9gion d'Arica<\/figcaption>\n\t\t\t\t\t\t\t\t\t\t<\/figure>\n\t\t\t\t\t\t\t\t\t<\/div>\n\t\t\t\t<\/div>\n\t\t\t\t<\/div>\n\t\t<div class=\"elementor-element elementor-element-4fd6200 e-con-full e-flex e-con e-parent\" data-id=\"4fd6200\" data-element_type=\"container\" data-e-type=\"container\">\n\t\t\t\t<div class=\"elementor-element elementor-element-1ef0bc98 elementor-widget__width-initial elementor-widget elementor-widget-image\" data-id=\"1ef0bc98\" data-element_type=\"widget\" data-e-type=\"widget\" data-widget_type=\"image.default\">\n\t\t\t\t<div class=\"elementor-widget-container\">\n\t\t\t\t\t\t\t\t\t\t\t\t<figure class=\"wp-caption\">\n\t\t\t\t\t\t\t\t\t\t<img width=\"987\" height=\"1024\"  class=\"attachment-large size-large wp-image-39442 lws-optimize-lazyload\" alt=\"\" srcset=\"https:\/\/carole-pascal.fr\/WORDPRESS\/wp-content\/uploads\/2024\/05\/carte_routiere_antofagasta-987x1024.jpg 987w, https:\/\/carole-pascal.fr\/WORDPRESS\/wp-content\/uploads\/2024\/05\/carte_routiere_antofagasta-289x300.jpg 289w, https:\/\/carole-pascal.fr\/WORDPRESS\/wp-content\/uploads\/2024\/05\/carte_routiere_antofagasta-768x797.jpg 768w, https:\/\/carole-pascal.fr\/WORDPRESS\/wp-content\/uploads\/2024\/05\/carte_routiere_antofagasta-1481x1536.jpg 1481w, https:\/\/carole-pascal.fr\/WORDPRESS\/wp-content\/uploads\/2024\/05\/carte_routiere_antofagasta.jpg 1735w\" sizes=\"(max-width: 987px) 100vw, 987px\" \/ data-src=\"https:\/\/carole-pascal.fr\/WORDPRESS\/wp-content\/uploads\/2024\/05\/carte_routiere_antofagasta-987x1024.jpg\">\t\t\t\t\t\t\t\t\t\t\t<figcaption class=\"widget-image-caption wp-caption-text\">R\u00e9gion d'Antofagasta<\/figcaption>\n\t\t\t\t\t\t\t\t\t\t<\/figure>\n\t\t\t\t\t\t\t\t\t<\/div>\n\t\t\t\t<\/div>\n\t\t\t\t<\/div>\n\t\t<div class=\"elementor-element elementor-element-62436905 e-con-full e-flex e-con e-parent\" data-id=\"62436905\" data-element_type=\"container\" data-e-type=\"container\">\n\t\t\t\t<div class=\"elementor-element elementor-element-38ea976d elementor-widget__width-initial elementor-widget elementor-widget-image\" data-id=\"38ea976d\" data-element_type=\"widget\" data-e-type=\"widget\" data-widget_type=\"image.default\">\n\t\t\t\t<div class=\"elementor-widget-container\">\n\t\t\t\t\t\t\t\t\t\t\t\t<figure class=\"wp-caption\">\n\t\t\t\t\t\t\t\t\t\t<img width=\"750\" height=\"733\"  class=\"attachment-large size-large wp-image-39441 lws-optimize-lazyload\" alt=\"\" srcset=\"https:\/\/carole-pascal.fr\/WORDPRESS\/wp-content\/uploads\/2024\/05\/carte_atacama.jpg 750w, https:\/\/carole-pascal.fr\/WORDPRESS\/wp-content\/uploads\/2024\/05\/carte_atacama-300x293.jpg 300w\" sizes=\"(max-width: 750px) 100vw, 750px\" \/ data-src=\"https:\/\/carole-pascal.fr\/WORDPRESS\/wp-content\/uploads\/2024\/05\/carte_atacama.jpg\">\t\t\t\t\t\t\t\t\t\t\t<figcaption class=\"widget-image-caption wp-caption-text\">R\u00e9gion de San Pedro de Atacama<\/figcaption>\n\t\t\t\t\t\t\t\t\t\t<\/figure>\n\t\t\t\t\t\t\t\t\t<\/div>\n\t\t\t\t<\/div>\n\t\t\t\t<\/div>\n\t\t<div class=\"elementor-element elementor-element-631e05e1 e-flex e-con-boxed e-con e-parent\" data-id=\"631e05e1\" data-element_type=\"container\" data-e-type=\"container\">\n\t\t\t\t\t<div class=\"e-con-inner\">\n\t\t\t\t<div class=\"elementor-element elementor-element-78d043ca elementor-widget elementor-widget-text-editor\" data-id=\"78d043ca\" data-element_type=\"widget\" data-e-type=\"widget\" data-widget_type=\"text-editor.default\">\n\t\t\t\t<div class=\"elementor-widget-container\">\n\t\t\t\t\t\t\t\t\t<p><span style=\"text-decoration: underline;\"><strong>Les parcs du Nord que nous visitons<\/strong><\/span><\/p><p><span style=\"text-decoration: underline;\">Parc national de Lauca<\/span> : 137 883 ha sur la commune de Putre. Cr\u00e9e en 1970, ce parc est aussi class\u00e9 r\u00e9serve mondiale de biosph\u00e8re par l&rsquo;Unesco. Au nord du chili, il englobe la pr\u00e9cordilli\u00e8re et l&rsquo;Altiplano \u00e0 une altitude s&rsquo;\u00e9tageant de 3200 \u00e0 6342 m ! Ce parc est tout \u00e0 fait remarquable par sa faune et la beaut\u00e9 de ses paysages. Un paysage domin\u00e9 par quatre volcans culminant \u00e0 plus de 6000 m, l&rsquo;impressionnant Lac Chungara, \u00e0 4517m, le marais de Parinacota, source d&rsquo;eau et de v\u00e9g\u00e9taux au milieu de la steppe, crat\u00e8res et champs de lave. Des vigognes, des nandus, des pumas, des flamands, des condors peuvent \u00eatre facilement observ\u00e9s ou aper\u00e7us. Les habitants d&rsquo;origine Aymara du village de Parinacota (4400m) \u00e9l\u00e8vent alpagas et lamas. La route internationale Arica-La Paz (en Bolivie) traverse le parc.<\/p><p><span style=\"text-decoration: underline;\">R\u00e9serve nationale Las Vicu\u00f1as<\/span> : 209 131 ha sur la commune de Putre. La r\u00e9serve est situ\u00e9e au sud du parc de Lauca, le long de la fronti\u00e8re bolivienne. Elle prot\u00e8ge la vigogne, le plus petit et le plus rare des cam\u00e9lid\u00e9s de la Puna, qui partage ces espaces de marais, de bois de quinoa, de steppe avec des tatous, des cochons d&rsquo;inde, des nandous et des suris (sorte de petite autruche). On trouve aussi des vestiges arch\u00e9ologiques appel\u00e9s \u00ab\u00a0apachetas\u00a0\u00bb, des sanctuaires destin\u00e9s aux offrandes construits avec des pierres dans cet environnement paisible situ\u00e9 \u00e0 plus de 4000 m.<\/p><p><span style=\"text-decoration: underline;\">Parc national Volcan Isluga<\/span> : 174 744 ha dans la province d&rsquo;Iquique. Le parc est situ\u00e9 dans la cordilli\u00e8re et sur l&rsquo;Altiplano entre 2100 et 5400 m d&rsquo;altitude, avec le volcan aux neiges \u00e9ternelles Isluga (5475m) qui lui a donn\u00e9 son nom. Il est remarquable pour la nature et la culture. On y trouve de nombreux marais et des lacs, refuges d&rsquo;oiseaux aquatiques comme les flamands, l&rsquo;avocette et l&rsquo;ouette des andes. La v\u00e9g\u00e9tation est vari\u00e9e, avec des cactus cand\u00e9labres, des bois de quenoa (l&rsquo;arbre, pas la plante), la steppe o\u00f9 viennent pa\u00eetre lamas et alpagas.<\/p>\t\t\t\t\t\t\t\t<\/div>\n\t\t\t\t<\/div>\n\t\t\t\t\t<\/div>\n\t\t\t\t<\/div>\n\t\t\t\t<\/div>\n\t\t","protected":false},"excerpt":{"rendered":"<p>Revenir au menu pr\u00e9c\u00e9dent Le d\u00e9sert d\u2019Atacama, qui couvre une grande partie du nord du Chili et s\u2019\u00e9tend jusqu\u2019au sud du P\u00e9rou, se r\u00e9v\u00e8le \u00eatre l\u2019endroit le plus sec de la terre, d\u2019autant que, sur une grande partie de ce territoire, il ne pleut tout simplement jamais. Un occasionnel brouillard fournit ici \u00e0 peu pr\u00e8s [&hellip;]<\/p>\n","protected":false},"author":1,"featured_media":0,"parent":0,"menu_order":0,"comment_status":"closed","ping_status":"closed","template":"","meta":{"ocean_post_layout":"","ocean_both_sidebars_style":"","ocean_both_sidebars_content_width":0,"ocean_both_sidebars_sidebars_width":0,"ocean_sidebar":"","ocean_second_sidebar":"","ocean_disable_margins":"enable","ocean_add_body_class":"","ocean_shortcode_before_top_bar":"","ocean_shortcode_after_top_bar":"","ocean_shortcode_before_header":"","ocean_shortcode_after_header":"","ocean_has_shortcode":"","ocean_shortcode_after_title":"","ocean_shortcode_before_footer_widgets":"","ocean_shortcode_after_footer_widgets":"","ocean_shortcode_before_footer_bottom":"","ocean_shortcode_after_footer_bottom":"","ocean_display_top_bar":"default","ocean_display_header":"default","ocean_header_style":"","ocean_center_header_left_menu":"","ocean_custom_header_template":"","ocean_custom_logo":0,"ocean_custom_retina_logo":0,"ocean_custom_logo_max_width":0,"ocean_custom_logo_tablet_max_width":0,"ocean_custom_logo_mobile_max_width":0,"ocean_custom_logo_max_height":0,"ocean_custom_logo_tablet_max_height":0,"ocean_custom_logo_mobile_max_height":0,"ocean_header_custom_menu":"","ocean_menu_typo_font_family":"","ocean_menu_typo_font_subset":"","ocean_menu_typo_font_size":0,"ocean_menu_typo_font_size_tablet":0,"ocean_menu_typo_font_size_mobile":0,"ocean_menu_typo_font_size_unit":"px","ocean_menu_typo_font_weight":"","ocean_menu_typo_font_weight_tablet":"","ocean_menu_typo_font_weight_mobile":"","ocean_menu_typo_transform":"","ocean_menu_typo_transform_tablet":"","ocean_menu_typo_transform_mobile":"","ocean_menu_typo_line_height":0,"ocean_menu_typo_line_height_tablet":0,"ocean_menu_typo_line_height_mobile":0,"ocean_menu_typo_line_height_unit":"","ocean_menu_typo_spacing":0,"ocean_menu_typo_spacing_tablet":0,"ocean_menu_typo_spacing_mobile":0,"ocean_menu_typo_spacing_unit":"","ocean_menu_link_color":"","ocean_menu_link_color_hover":"","ocean_menu_link_color_active":"","ocean_menu_link_background":"","ocean_menu_link_hover_background":"","ocean_menu_link_active_background":"","ocean_menu_social_links_bg":"","ocean_menu_social_hover_links_bg":"","ocean_menu_social_links_color":"","ocean_menu_social_hover_links_color":"","ocean_disable_title":"default","ocean_disable_heading":"default","ocean_post_title":"","ocean_post_subheading":"","ocean_post_title_style":"","ocean_post_title_background_color":"","ocean_post_title_background":0,"ocean_post_title_bg_image_position":"","ocean_post_title_bg_image_attachment":"","ocean_post_title_bg_image_repeat":"","ocean_post_title_bg_image_size":"","ocean_post_title_height":0,"ocean_post_title_bg_overlay":0.5,"ocean_post_title_bg_overlay_color":"","ocean_disable_breadcrumbs":"default","ocean_breadcrumbs_color":"","ocean_breadcrumbs_separator_color":"","ocean_breadcrumbs_links_color":"","ocean_breadcrumbs_links_hover_color":"","ocean_display_footer_widgets":"default","ocean_display_footer_bottom":"default","ocean_custom_footer_template":"","footnotes":""},"class_list":["post-40554","page","type-page","status-publish","hentry","entry"],"_links":{"self":[{"href":"https:\/\/carole-pascal.fr\/WORDPRESS\/wp-json\/wp\/v2\/pages\/40554","targetHints":{"allow":["GET"]}}],"collection":[{"href":"https:\/\/carole-pascal.fr\/WORDPRESS\/wp-json\/wp\/v2\/pages"}],"about":[{"href":"https:\/\/carole-pascal.fr\/WORDPRESS\/wp-json\/wp\/v2\/types\/page"}],"author":[{"embeddable":true,"href":"https:\/\/carole-pascal.fr\/WORDPRESS\/wp-json\/wp\/v2\/users\/1"}],"replies":[{"embeddable":true,"href":"https:\/\/carole-pascal.fr\/WORDPRESS\/wp-json\/wp\/v2\/comments?post=40554"}],"version-history":[{"count":0,"href":"https:\/\/carole-pascal.fr\/WORDPRESS\/wp-json\/wp\/v2\/pages\/40554\/revisions"}],"wp:attachment":[{"href":"https:\/\/carole-pascal.fr\/WORDPRESS\/wp-json\/wp\/v2\/media?parent=40554"}],"curies":[{"name":"wp","href":"https:\/\/api.w.org\/{rel}","templated":true}]}}