{"id":43211,"date":"2024-06-10T15:56:15","date_gmt":"2024-06-10T13:56:15","guid":{"rendered":"https:\/\/carole-pascal.fr\/WORDPRESS\/?page_id=43211"},"modified":"2024-06-10T15:58:38","modified_gmt":"2024-06-10T13:58:38","slug":"nouvelle-zelande-ile-du-sud","status":"publish","type":"page","link":"https:\/\/carole-pascal.fr\/WORDPRESS\/nouvelle-zelande-ile-du-sud\/","title":{"rendered":"Nouvelle-Z\u00e9lande &#8211; Ile du sud"},"content":{"rendered":"\t\t<div data-elementor-type=\"wp-page\" data-elementor-id=\"43211\" class=\"elementor elementor-43211\">\n\t\t\t\t<div class=\"elementor-element elementor-element-6eeaca2e e-flex e-con-boxed e-con e-parent\" data-id=\"6eeaca2e\" data-element_type=\"container\" data-e-type=\"container\">\n\t\t\t\t\t<div class=\"e-con-inner\">\n\t\t\t\t<div class=\"elementor-element elementor-element-3717301c elementor-align-center elementor-widget elementor-widget-button\" data-id=\"3717301c\" data-element_type=\"widget\" data-e-type=\"widget\" data-widget_type=\"button.default\">\n\t\t\t\t<div class=\"elementor-widget-container\">\n\t\t\t\t\t\t\t\t\t<div class=\"elementor-button-wrapper\">\n\t\t\t\t\t<a class=\"elementor-button elementor-button-link elementor-size-sm\" href=\"https:\/\/carole-pascal.fr\/WORDPRESS\/nouvelle-zelande-05-mars-au-21-avril-2014\/\">\n\t\t\t\t\t\t<span class=\"elementor-button-content-wrapper\">\n\t\t\t\t\t\t\t\t\t<span class=\"elementor-button-text\">Revenir au menu pr\u00e9c\u00e9dent<\/span>\n\t\t\t\t\t<\/span>\n\t\t\t\t\t<\/a>\n\t\t\t\t<\/div>\n\t\t\t\t\t\t\t\t<\/div>\n\t\t\t\t<\/div>\n\t\t\t\t\t<\/div>\n\t\t\t\t<\/div>\n\t\t<div class=\"elementor-element elementor-element-8e8ddd1 e-flex e-con-boxed e-con e-parent\" data-id=\"8e8ddd1\" data-element_type=\"container\" data-e-type=\"container\">\n\t\t\t\t\t<div class=\"e-con-inner\">\n\t\t\t\t<div class=\"elementor-element elementor-element-d0320b5 elementor-widget elementor-widget-text-editor\" data-id=\"d0320b5\" data-element_type=\"widget\" data-e-type=\"widget\" data-widget_type=\"text-editor.default\">\n\t\t\t\t<div class=\"elementor-widget-container\">\n\t\t\t\t\t\t\t\t\t<p><span style=\"text-decoration: underline;\"><strong>Les parcs de l&rsquo;\u00eele du Sud (l&rsquo;\u00eele de Jade) que nous visiterons<\/strong><\/span><\/p><p><span style=\"text-decoration: underline;\">Parc national de Aoraki \/ Mt Cook<br \/><\/span>Le spectaculaire parc de Aoraki Mt Cook avec ses 700 km2. Sur les 27 sommets de Nouvelle-Z\u00e9lande, d\u00e9passant les 3000 m\u00eatres, 22 sont situ\u00e9s dans le parc. Le sommet que tous les autres regardent est le fameux Mont Cook (3755m), plus haut sommet d&rsquo;Oc\u00e9anie. Son nom maori est Aoraki (\u00ab\u00a0perceur de nuages\u00a0\u00bb). La region de Mont Cook a toujours \u00e9t\u00e9 fameuse pour l&rsquo;alpinisme. Le sommet fut vaincu en 1884 par un trio d&rsquo;alpinistes n\u00e9o-z\u00e9landais. La vue du mont Cook est magnifique (\u00e0 condition qu&rsquo;il n&rsquo;y ait pas de nuages). Il est possible de voir des cerfs et des chamois.<\/p><p><span style=\"text-decoration: underline;\">Parc national de Fjordland<br \/><\/span>Cet immense parc au sud-ouest de l&rsquo;\u00eele n&rsquo;est pratiquement accessible qu&rsquo;en sentier de grande randonn\u00e9e. Cependant la route s&rsquo;avance dans le parc jusuqu&rsquo;\u00e0 Milford Sound, un fjord magnifique, sauvage, entour\u00e9 de hautes falaises et le mont Mitre du haut de ses 1692m. Dans les eaux calmes du fjord, on peut voir des dauphins, des phoques, mais aussi beaucoup de pluie (en moyenne 6 m\u00e8tres par an), ce qui cr\u00e9e un grand nombre de cascades qui tombent dans le fjord.<\/p><p><span style=\"text-decoration: underline;\">Parc national de Mont Aspiring<\/span><br \/>Ce parc est prot\u00e9g\u00e9 depuis 1964 et est maintenant int\u00e9gr\u00e9 \u00e0 l&rsquo;aire de protection de Southwest (qui couvre la majeure partie de l&rsquo;ouest et sud-ouest de l&rsquo;\u00eele). De larges vall\u00e9es, des pr\u00e9s alpins, plus de 100 glaciers et de hautes montagnes font de ce parc un paradis des amoureux des sports de plein-air et de la nature.<\/p><p><span style=\"text-decoration: underline;\">Parc national de Westland Tai Poutini<\/span><br \/>Les deux attractions majeures de ce parc sont les glaciers Fox et Franz Josef. Nulle part ailleurs \u00e0 cette latitude, des glaciers s&rsquo;approchent si pr\u00e8s de la mer. Le d\u00e9veloppement des glaciers est largement due \u00e0 la pluie presque incessante de la c\u00f4te ouest La neige se transforme en glace \u00e0 20m de profondeur. Le glacier Franz avance \u00e0 la vitesse de 1 m\u00e8tre par jour,<\/p><p><span style=\"text-decoration: underline;\">Parc national de Nelson Lakes<\/span><br \/>Le parc national est r\u00e9put\u00e9 pour ses deux magnifiques lacs glaciaires entour\u00e9s de for\u00eats et de montagnes. Cela ressemble un peu \u00e0 Fjordland mais sans la foule des visiteurs. Il y a plusieurs sentiers de randonn\u00e9es le long des lacs.<\/p><p><span style=\"text-decoration: underline;\">Parc national de Abel Tasman<\/span><br \/>Ce parc c\u00f4tier au nord de l&rsquo;\u00eele est tr\u00e8s populaire aupr\u00e8s des randonneurs. Il est situ\u00e9 au nord d&rsquo;une r\u00e9gion vallonn\u00e9e. On y trouve beaucoup de grottes et de trous d&rsquo;eau le long de la c\u00f4te.<\/p><p><a href=\"https:\/\/carole-pascal.fr\/WORDPRESS\/wp-content\/uploads\/2024\/05\/south-island.pdf\" target=\"_blank\" rel=\"noopener\">Carte de l&rsquo;ile du sud<\/a><\/p>\t\t\t\t\t\t\t\t<\/div>\n\t\t\t\t<\/div>\n\t\t\t\t\t<\/div>\n\t\t\t\t<\/div>\n\t\t\t\t<\/div>\n\t\t","protected":false},"excerpt":{"rendered":"<p>Revenir au menu pr\u00e9c\u00e9dent Les parcs de l&rsquo;\u00eele du Sud (l&rsquo;\u00eele de Jade) que nous visiterons Parc national de Aoraki \/ Mt CookLe spectaculaire parc de Aoraki Mt Cook avec ses 700 km2. Sur les 27 sommets de Nouvelle-Z\u00e9lande, d\u00e9passant les 3000 m\u00eatres, 22 sont situ\u00e9s dans le parc. Le sommet que tous les autres [&hellip;]<\/p>\n","protected":false},"author":1,"featured_media":0,"parent":0,"menu_order":0,"comment_status":"closed","ping_status":"closed","template":"","meta":{"ocean_post_layout":"","ocean_both_sidebars_style":"","ocean_both_sidebars_content_width":0,"ocean_both_sidebars_sidebars_width":0,"ocean_sidebar":"","ocean_second_sidebar":"","ocean_disable_margins":"enable","ocean_add_body_class":"","ocean_shortcode_before_top_bar":"","ocean_shortcode_after_top_bar":"","ocean_shortcode_before_header":"","ocean_shortcode_after_header":"","ocean_has_shortcode":"","ocean_shortcode_after_title":"","ocean_shortcode_before_footer_widgets":"","ocean_shortcode_after_footer_widgets":"","ocean_shortcode_before_footer_bottom":"","ocean_shortcode_after_footer_bottom":"","ocean_display_top_bar":"default","ocean_display_header":"default","ocean_header_style":"","ocean_center_header_left_menu":"","ocean_custom_header_template":"","ocean_custom_logo":0,"ocean_custom_retina_logo":0,"ocean_custom_logo_max_width":0,"ocean_custom_logo_tablet_max_width":0,"ocean_custom_logo_mobile_max_width":0,"ocean_custom_logo_max_height":0,"ocean_custom_logo_tablet_max_height":0,"ocean_custom_logo_mobile_max_height":0,"ocean_header_custom_menu":"","ocean_menu_typo_font_family":"","ocean_menu_typo_font_subset":"","ocean_menu_typo_font_size":0,"ocean_menu_typo_font_size_tablet":0,"ocean_menu_typo_font_size_mobile":0,"ocean_menu_typo_font_size_unit":"px","ocean_menu_typo_font_weight":"","ocean_menu_typo_font_weight_tablet":"","ocean_menu_typo_font_weight_mobile":"","ocean_menu_typo_transform":"","ocean_menu_typo_transform_tablet":"","ocean_menu_typo_transform_mobile":"","ocean_menu_typo_line_height":0,"ocean_menu_typo_line_height_tablet":0,"ocean_menu_typo_line_height_mobile":0,"ocean_menu_typo_line_height_unit":"","ocean_menu_typo_spacing":0,"ocean_menu_typo_spacing_tablet":0,"ocean_menu_typo_spacing_mobile":0,"ocean_menu_typo_spacing_unit":"","ocean_menu_link_color":"","ocean_menu_link_color_hover":"","ocean_menu_link_color_active":"","ocean_menu_link_background":"","ocean_menu_link_hover_background":"","ocean_menu_link_active_background":"","ocean_menu_social_links_bg":"","ocean_menu_social_hover_links_bg":"","ocean_menu_social_links_color":"","ocean_menu_social_hover_links_color":"","ocean_disable_title":"default","ocean_disable_heading":"default","ocean_post_title":"","ocean_post_subheading":"","ocean_post_title_style":"","ocean_post_title_background_color":"","ocean_post_title_background":0,"ocean_post_title_bg_image_position":"","ocean_post_title_bg_image_attachment":"","ocean_post_title_bg_image_repeat":"","ocean_post_title_bg_image_size":"","ocean_post_title_height":0,"ocean_post_title_bg_overlay":0.5,"ocean_post_title_bg_overlay_color":"","ocean_disable_breadcrumbs":"default","ocean_breadcrumbs_color":"","ocean_breadcrumbs_separator_color":"","ocean_breadcrumbs_links_color":"","ocean_breadcrumbs_links_hover_color":"","ocean_display_footer_widgets":"default","ocean_display_footer_bottom":"default","ocean_custom_footer_template":"","footnotes":""},"class_list":["post-43211","page","type-page","status-publish","hentry","entry"],"_links":{"self":[{"href":"https:\/\/carole-pascal.fr\/WORDPRESS\/wp-json\/wp\/v2\/pages\/43211","targetHints":{"allow":["GET"]}}],"collection":[{"href":"https:\/\/carole-pascal.fr\/WORDPRESS\/wp-json\/wp\/v2\/pages"}],"about":[{"href":"https:\/\/carole-pascal.fr\/WORDPRESS\/wp-json\/wp\/v2\/types\/page"}],"author":[{"embeddable":true,"href":"https:\/\/carole-pascal.fr\/WORDPRESS\/wp-json\/wp\/v2\/users\/1"}],"replies":[{"embeddable":true,"href":"https:\/\/carole-pascal.fr\/WORDPRESS\/wp-json\/wp\/v2\/comments?post=43211"}],"version-history":[{"count":0,"href":"https:\/\/carole-pascal.fr\/WORDPRESS\/wp-json\/wp\/v2\/pages\/43211\/revisions"}],"wp:attachment":[{"href":"https:\/\/carole-pascal.fr\/WORDPRESS\/wp-json\/wp\/v2\/media?parent=43211"}],"curies":[{"name":"wp","href":"https:\/\/api.w.org\/{rel}","templated":true}]}}