{"id":43264,"date":"2024-06-10T16:24:36","date_gmt":"2024-06-10T14:24:36","guid":{"rendered":"https:\/\/carole-pascal.fr\/WORDPRESS\/?page_id=43264"},"modified":"2024-12-17T15:57:17","modified_gmt":"2024-12-17T14:57:17","slug":"nouvelle-zelande-observations-de-lile-du-nord-27-mars-au-21-avril-2014","status":"publish","type":"page","link":"https:\/\/carole-pascal.fr\/WORDPRESS\/nouvelle-zelande-observations-de-lile-du-nord-27-mars-au-21-avril-2014\/","title":{"rendered":"Nouvelle-Z\u00e9lande \u2013 Observations de l\u2019ILE DU NORD \u2013 27 mars au 20 avril 2014"},"content":{"rendered":"\t\t<div data-elementor-type=\"wp-page\" data-elementor-id=\"43264\" class=\"elementor elementor-43264\">\n\t\t\t\t<div class=\"elementor-element elementor-element-2bfb5071 e-flex e-con-boxed e-con e-parent\" data-id=\"2bfb5071\" data-element_type=\"container\" data-e-type=\"container\">\n\t\t\t\t\t<div class=\"e-con-inner\">\n\t\t\t\t<div class=\"elementor-element elementor-element-72e4661c elementor-align-center elementor-widget elementor-widget-button\" data-id=\"72e4661c\" data-element_type=\"widget\" data-e-type=\"widget\" data-widget_type=\"button.default\">\n\t\t\t\t<div class=\"elementor-widget-container\">\n\t\t\t\t\t\t\t\t\t<div class=\"elementor-button-wrapper\">\n\t\t\t\t\t<a class=\"elementor-button elementor-button-link elementor-size-sm\" href=\"https:\/\/carole-pascal.fr\/WORDPRESS\/nouvelle-zelande-05-mars-au-21-avril-2014\/\">\n\t\t\t\t\t\t<span class=\"elementor-button-content-wrapper\">\n\t\t\t\t\t\t\t\t\t<span class=\"elementor-button-text\">Revenir au menu pr\u00e9c\u00e9dent<\/span>\n\t\t\t\t\t<\/span>\n\t\t\t\t\t<\/a>\n\t\t\t\t<\/div>\n\t\t\t\t\t\t\t\t<\/div>\n\t\t\t\t<\/div>\n\t\t\t\t\t<\/div>\n\t\t\t\t<\/div>\n\t\t<div class=\"elementor-element elementor-element-0013153 e-flex e-con-boxed e-con e-parent\" data-id=\"0013153\" data-element_type=\"container\" data-e-type=\"container\">\n\t\t\t\t\t<div class=\"e-con-inner\">\n\t\t\t\t<div class=\"elementor-element elementor-element-090bc65 elementor-widget elementor-widget-text-editor\" data-id=\"090bc65\" data-element_type=\"widget\" data-e-type=\"widget\" data-widget_type=\"text-editor.default\">\n\t\t\t\t<div class=\"elementor-widget-container\">\n\t\t\t\t\t\t\t\t\t<p>Bilan du nombre d&rsquo;esp\u00e8ces d&rsquo;oiseaux sur l&rsquo;ile du nord : 83<br \/>27.03.2014 (Miranda) : <a href=\"https:\/\/carole-pascal.fr\/WORDPRESS\/wp-content\/uploads\/2024\/06\/2014-03-27.pdf\" target=\"_blank\" rel=\"noopener\">Liste oiseaux<\/a><br \/>28.03.2014 (Coromandel) : <a href=\"https:\/\/carole-pascal.fr\/WORDPRESS\/wp-content\/uploads\/2024\/06\/2014-03-28.pdf\" target=\"_blank\" rel=\"noopener\">Liste oiseaux<\/a><br \/>29.03.2014 (Coromandel \u00e0 Rotorua) : <a href=\"https:\/\/carole-pascal.fr\/WORDPRESS\/wp-content\/uploads\/2024\/06\/2014-03-29.pdf\" target=\"_blank\" rel=\"noopener\">Liste oiseaux<\/a>, 1 phasme, 1 mante religieuse, 1 papillon monarque, lapins<br \/>30.03.2014 (Rotorua) : <a href=\"https:\/\/carole-pascal.fr\/WORDPRESS\/wp-content\/uploads\/2024\/06\/2014-03-30.pdf\" target=\"_blank\" rel=\"noopener\">Liste oiseaux<\/a><br \/>31.03.2014 (Rotorua) : <a href=\"https:\/\/carole-pascal.fr\/WORDPRESS\/wp-content\/uploads\/2024\/06\/2014-03-31.pdf\" target=\"_blank\" rel=\"noopener\">Liste oiseaux<\/a>, Papillons, Lib\u00e9llules<br \/>01.04.2014 (Wirinaki et Ohope beach) : <a href=\"https:\/\/carole-pascal.fr\/WORDPRESS\/wp-content\/uploads\/2024\/06\/2014-04-01.pdf\" target=\"_blank\" rel=\"noopener\">Liste oiseaux<\/a><br \/>02.04.2014 (Opotiki) : <a href=\"https:\/\/carole-pascal.fr\/WORDPRESS\/wp-content\/uploads\/2024\/06\/2014-04-02.pdf\" target=\"_blank\" rel=\"noopener\">Liste oiseaux<\/a><br \/>03.04.2014 (de Opotiki \u00e0 Mahia) : <a href=\"https:\/\/carole-pascal.fr\/WORDPRESS\/wp-content\/uploads\/2024\/06\/2014-04-03.pdf\" target=\"_blank\" rel=\"noopener\">Liste oiseaux<\/a>, 1 papillon monarque, 3 Weta (sorte de criquet end\u00e9mique).<br \/>04.04.2014 (de Mahia \u00e0 Waipatiki) : <a href=\"https:\/\/carole-pascal.fr\/WORDPRESS\/wp-content\/uploads\/2024\/06\/2014-04-04.pdf\" target=\"_blank\" rel=\"noopener\">Liste oiseaux<\/a><br \/>05.04.2014 (Napier, Cape Kidnappers) : <a href=\"https:\/\/carole-pascal.fr\/WORDPRESS\/wp-content\/uploads\/2024\/06\/2014-04-05.pdf\" target=\"_blank\" rel=\"noopener\">Liste oiseaux<\/a><br \/>06.04.2014 (Napier) : <a href=\"https:\/\/carole-pascal.fr\/WORDPRESS\/wp-content\/uploads\/2024\/06\/2014-04-06.pdf\" target=\"_blank\" rel=\"noopener\">Liste oiseaux<\/a><br \/>07.04.2014 (Mt Bruce) : <a href=\"https:\/\/carole-pascal.fr\/WORDPRESS\/wp-content\/uploads\/2024\/06\/2014-04-07.pdf\" target=\"_blank\" rel=\"noopener\">Liste oiseaux<\/a><br \/>10.04.2014 (C\u00f4te sud-ouest) : <a href=\"https:\/\/carole-pascal.fr\/WORDPRESS\/wp-content\/uploads\/2024\/06\/2014-04-10.pdf\" target=\"_blank\" rel=\"noopener\">Liste oiseaux<\/a><br \/>11.04.2014 (Kapiti island) : <a href=\"https:\/\/carole-pascal.fr\/WORDPRESS\/wp-content\/uploads\/2024\/06\/2014-04-11.pdf\" target=\"_blank\" rel=\"noopener\">Liste oiseaux<\/a><br \/>12.04.2014 (de Himatangi \u00e0 Tongariro) : <a href=\"https:\/\/carole-pascal.fr\/WORDPRESS\/wp-content\/uploads\/2024\/06\/2014-04-12.pdf\" target=\"_blank\" rel=\"noopener\">Liste oiseaux<\/a><br \/>13.04.2014 (Tongariro) : <a href=\"https:\/\/carole-pascal.fr\/WORDPRESS\/wp-content\/uploads\/2024\/06\/2014-04-13.pdf\" target=\"_blank\" rel=\"noopener\">Liste oiseaux<\/a><br \/>14.04.2014 (Waitomo &#8211; Hamilton) : <a href=\"https:\/\/carole-pascal.fr\/WORDPRESS\/wp-content\/uploads\/2024\/06\/2014-04-14.pdf\" target=\"_blank\" rel=\"noopener\">Liste oiseaux<\/a><br \/>18.04.2014 (Muriwai beach &#8211; Northland) : <a href=\"https:\/\/carole-pascal.fr\/WORDPRESS\/wp-content\/uploads\/2024\/06\/2014-04-18.pdf\" target=\"_blank\" rel=\"noopener\">Liste oiseaux<\/a><br \/>19.04.2014 (Northland) : <a href=\"https:\/\/carole-pascal.fr\/WORDPRESS\/wp-content\/uploads\/2024\/06\/2014-04-19.pdf\" target=\"_blank\" rel=\"noopener\">Liste oiseaux<\/a><br \/>20.04.2014 (Tiritiri Matangi Island) : <a href=\"https:\/\/carole-pascal.fr\/WORDPRESS\/wp-content\/uploads\/2024\/06\/2014-04-20.pdf\" target=\"_blank\" rel=\"noopener\">Liste oiseaux<\/a><\/p>\t\t\t\t\t\t\t\t<\/div>\n\t\t\t\t<\/div>\n\t\t\t\t\t<\/div>\n\t\t\t\t<\/div>\n\t\t<div class=\"elementor-element elementor-element-7c62e68 e-con-full e-flex e-con e-parent\" data-id=\"7c62e68\" data-element_type=\"container\" data-e-type=\"container\">\n\t\t\t\t<div class=\"elementor-element elementor-element-67f7440 elementor-widget elementor-widget-image\" data-id=\"67f7440\" data-element_type=\"widget\" data-e-type=\"widget\" data-widget_type=\"image.default\">\n\t\t\t\t<div class=\"elementor-widget-container\">\n\t\t\t\t\t\t\t\t\t\t\t\t\t\t\t<img fetchpriority=\"high\" width=\"1024\" height=\"683\"  class=\"attachment-large size-large wp-image-52712 lws-optimize-lazyload\" alt=\"\" srcset=\"https:\/\/carole-pascal.fr\/WORDPRESS\/wp-content\/uploads\/2024\/12\/017_20140420-1024x683.jpg 1024w, https:\/\/carole-pascal.fr\/WORDPRESS\/wp-content\/uploads\/2024\/12\/017_20140420-300x200.jpg 300w, https:\/\/carole-pascal.fr\/WORDPRESS\/wp-content\/uploads\/2024\/12\/017_20140420-768x512.jpg 768w, https:\/\/carole-pascal.fr\/WORDPRESS\/wp-content\/uploads\/2024\/12\/017_20140420-1536x1024.jpg 1536w, https:\/\/carole-pascal.fr\/WORDPRESS\/wp-content\/uploads\/2024\/12\/017_20140420-2048x1365.jpg 2048w\" sizes=\"(max-width: 1024px) 100vw, 1024px\" \/ data-src=\"https:\/\/carole-pascal.fr\/WORDPRESS\/wp-content\/uploads\/2024\/12\/017_20140420-1024x683.jpg\">\t\t\t\t\t\t\t\t\t\t\t\t\t\t\t<\/div>\n\t\t\t\t<\/div>\n\t\t\t\t<\/div>\n\t\t\t\t<\/div>\n\t\t","protected":false},"excerpt":{"rendered":"<p>Revenir au menu pr\u00e9c\u00e9dent Bilan du nombre d&rsquo;esp\u00e8ces d&rsquo;oiseaux sur l&rsquo;ile du nord : 8327.03.2014 (Miranda) : Liste oiseaux28.03.2014 (Coromandel) : Liste oiseaux29.03.2014 (Coromandel \u00e0 Rotorua) : Liste oiseaux, 1 phasme, 1 mante religieuse, 1 papillon monarque, lapins30.03.2014 (Rotorua) : Liste oiseaux31.03.2014 (Rotorua) : Liste oiseaux, Papillons, Lib\u00e9llules01.04.2014 (Wirinaki et Ohope beach) : Liste oiseaux02.04.2014 [&hellip;]<\/p>\n","protected":false},"author":1,"featured_media":0,"parent":0,"menu_order":0,"comment_status":"closed","ping_status":"closed","template":"","meta":{"ocean_post_layout":"","ocean_both_sidebars_style":"","ocean_both_sidebars_content_width":0,"ocean_both_sidebars_sidebars_width":0,"ocean_sidebar":"","ocean_second_sidebar":"","ocean_disable_margins":"enable","ocean_add_body_class":"","ocean_shortcode_before_top_bar":"","ocean_shortcode_after_top_bar":"","ocean_shortcode_before_header":"","ocean_shortcode_after_header":"","ocean_has_shortcode":"","ocean_shortcode_after_title":"","ocean_shortcode_before_footer_widgets":"","ocean_shortcode_after_footer_widgets":"","ocean_shortcode_before_footer_bottom":"","ocean_shortcode_after_footer_bottom":"","ocean_display_top_bar":"default","ocean_display_header":"default","ocean_header_style":"","ocean_center_header_left_menu":"","ocean_custom_header_template":"","ocean_custom_logo":0,"ocean_custom_retina_logo":0,"ocean_custom_logo_max_width":0,"ocean_custom_logo_tablet_max_width":0,"ocean_custom_logo_mobile_max_width":0,"ocean_custom_logo_max_height":0,"ocean_custom_logo_tablet_max_height":0,"ocean_custom_logo_mobile_max_height":0,"ocean_header_custom_menu":"","ocean_menu_typo_font_family":"","ocean_menu_typo_font_subset":"","ocean_menu_typo_font_size":0,"ocean_menu_typo_font_size_tablet":0,"ocean_menu_typo_font_size_mobile":0,"ocean_menu_typo_font_size_unit":"px","ocean_menu_typo_font_weight":"","ocean_menu_typo_font_weight_tablet":"","ocean_menu_typo_font_weight_mobile":"","ocean_menu_typo_transform":"","ocean_menu_typo_transform_tablet":"","ocean_menu_typo_transform_mobile":"","ocean_menu_typo_line_height":0,"ocean_menu_typo_line_height_tablet":0,"ocean_menu_typo_line_height_mobile":0,"ocean_menu_typo_line_height_unit":"","ocean_menu_typo_spacing":0,"ocean_menu_typo_spacing_tablet":0,"ocean_menu_typo_spacing_mobile":0,"ocean_menu_typo_spacing_unit":"","ocean_menu_link_color":"","ocean_menu_link_color_hover":"","ocean_menu_link_color_active":"","ocean_menu_link_background":"","ocean_menu_link_hover_background":"","ocean_menu_link_active_background":"","ocean_menu_social_links_bg":"","ocean_menu_social_hover_links_bg":"","ocean_menu_social_links_color":"","ocean_menu_social_hover_links_color":"","ocean_disable_title":"default","ocean_disable_heading":"default","ocean_post_title":"","ocean_post_subheading":"","ocean_post_title_style":"","ocean_post_title_background_color":"","ocean_post_title_background":0,"ocean_post_title_bg_image_position":"","ocean_post_title_bg_image_attachment":"","ocean_post_title_bg_image_repeat":"","ocean_post_title_bg_image_size":"","ocean_post_title_height":0,"ocean_post_title_bg_overlay":0.5,"ocean_post_title_bg_overlay_color":"","ocean_disable_breadcrumbs":"default","ocean_breadcrumbs_color":"","ocean_breadcrumbs_separator_color":"","ocean_breadcrumbs_links_color":"","ocean_breadcrumbs_links_hover_color":"","ocean_display_footer_widgets":"default","ocean_display_footer_bottom":"default","ocean_custom_footer_template":"","footnotes":""},"class_list":["post-43264","page","type-page","status-publish","hentry","entry"],"_links":{"self":[{"href":"https:\/\/carole-pascal.fr\/WORDPRESS\/wp-json\/wp\/v2\/pages\/43264","targetHints":{"allow":["GET"]}}],"collection":[{"href":"https:\/\/carole-pascal.fr\/WORDPRESS\/wp-json\/wp\/v2\/pages"}],"about":[{"href":"https:\/\/carole-pascal.fr\/WORDPRESS\/wp-json\/wp\/v2\/types\/page"}],"author":[{"embeddable":true,"href":"https:\/\/carole-pascal.fr\/WORDPRESS\/wp-json\/wp\/v2\/users\/1"}],"replies":[{"embeddable":true,"href":"https:\/\/carole-pascal.fr\/WORDPRESS\/wp-json\/wp\/v2\/comments?post=43264"}],"version-history":[{"count":0,"href":"https:\/\/carole-pascal.fr\/WORDPRESS\/wp-json\/wp\/v2\/pages\/43264\/revisions"}],"wp:attachment":[{"href":"https:\/\/carole-pascal.fr\/WORDPRESS\/wp-json\/wp\/v2\/media?parent=43264"}],"curies":[{"name":"wp","href":"https:\/\/api.w.org\/{rel}","templated":true}]}}