{"id":43449,"date":"2024-07-07T17:34:30","date_gmt":"2024-07-07T15:34:30","guid":{"rendered":"https:\/\/carole-pascal.fr\/WORDPRESS\/?page_id=43449"},"modified":"2024-07-07T17:39:25","modified_gmt":"2024-07-07T15:39:25","slug":"australie-australie-occidentale","status":"publish","type":"page","link":"https:\/\/carole-pascal.fr\/WORDPRESS\/australie-australie-occidentale\/","title":{"rendered":"Australie &#8211; Australie occidentale"},"content":{"rendered":"\t\t<div data-elementor-type=\"wp-page\" data-elementor-id=\"43449\" class=\"elementor elementor-43449\">\n\t\t\t\t<div class=\"elementor-element elementor-element-1ae5a3a e-flex e-con-boxed e-con e-parent\" data-id=\"1ae5a3a\" data-element_type=\"container\" data-e-type=\"container\">\n\t\t\t\t\t<div class=\"e-con-inner\">\n\t\t\t\t<div class=\"elementor-element elementor-element-19414913 elementor-align-center elementor-widget elementor-widget-button\" data-id=\"19414913\" data-element_type=\"widget\" data-e-type=\"widget\" data-widget_type=\"button.default\">\n\t\t\t\t<div class=\"elementor-widget-container\">\n\t\t\t\t\t\t\t\t\t<div class=\"elementor-button-wrapper\">\n\t\t\t\t\t<a class=\"elementor-button elementor-button-link elementor-size-sm\" href=\"https:\/\/carole-pascal.fr\/WORDPRESS\/australie-21-avril-au-17-juillet-2014\/\">\n\t\t\t\t\t\t<span class=\"elementor-button-content-wrapper\">\n\t\t\t\t\t\t\t\t\t<span class=\"elementor-button-text\">Revenir au menu pr\u00e9c\u00e9dent<\/span>\n\t\t\t\t\t<\/span>\n\t\t\t\t\t<\/a>\n\t\t\t\t<\/div>\n\t\t\t\t\t\t\t\t<\/div>\n\t\t\t\t<\/div>\n\t\t\t\t\t<\/div>\n\t\t\t\t<\/div>\n\t\t<div class=\"elementor-element elementor-element-16a5908 e-flex e-con-boxed e-con e-parent\" data-id=\"16a5908\" data-element_type=\"container\" data-e-type=\"container\">\n\t\t\t\t\t<div class=\"e-con-inner\">\n\t\t\t\t<div class=\"elementor-element elementor-element-4d3fc04 elementor-widget elementor-widget-image\" data-id=\"4d3fc04\" data-element_type=\"widget\" data-e-type=\"widget\" data-widget_type=\"image.default\">\n\t\t\t\t<div class=\"elementor-widget-container\">\n\t\t\t\t\t\t\t\t\t\t\t\t\t\t\t<img fetchpriority=\"high\" width=\"432\" height=\"216\"  class=\"attachment-large size-large wp-image-42880 lws-optimize-lazyload\" alt=\"\" \/ data-src=\"https:\/\/carole-pascal.fr\/WORDPRESS\/wp-content\/uploads\/2024\/06\/Western_Australia.gif\">\t\t\t\t\t\t\t\t\t\t\t\t\t\t\t<\/div>\n\t\t\t\t<\/div>\n\t\t\t\t\t<\/div>\n\t\t\t\t<\/div>\n\t\t<div class=\"elementor-element elementor-element-5b5c40c e-flex e-con-boxed e-con e-parent\" data-id=\"5b5c40c\" data-element_type=\"container\" data-e-type=\"container\">\n\t\t\t\t\t<div class=\"e-con-inner\">\n\t\t\t\t<div class=\"elementor-element elementor-element-02c571b elementor-widget elementor-widget-text-editor\" data-id=\"02c571b\" data-element_type=\"widget\" data-e-type=\"widget\" data-widget_type=\"text-editor.default\">\n\t\t\t\t<div class=\"elementor-widget-container\">\n\t\t\t\t\t\t\t\t\t<p><a href=\"https:\/\/carole-pascal.fr\/WORDPRESS\/wp-content\/uploads\/2024\/06\/western-australia-map.pdf\" target=\"_blank\" rel=\"noopener\">Carte<\/a><\/p><p>L&rsquo;Australie-Occidentale (en anglais Western Australia, WA) est le plus grand \u00c9tat d&rsquo;Australie. Il repr\u00e9sente environ un tiers de la superficie de l&rsquo;\u00eele principale (2 645 615 km\u00b2). Occupant tout l&rsquo;ouest du pays, il est bord\u00e9 \u00e0 l&rsquo;ouest et au nord par l&rsquo;Oc\u00e9an Indien, \u00e0 l&rsquo;est par le Territoire du Nord et l&rsquo;Australie-M\u00e9ridionale et au sud par la grande baie australienne.<br \/>En 2011, l&rsquo;Australie-Occidentale comptait une population estim\u00e9e \u00e0 2 387 232 habitants soit environ 10 % de la population australienne. La densit\u00e9 de population est tr\u00e8s faible (1 hab\/km2). La majorit\u00e9 de la population habite la capitale Perth avec ses 1 256 035 hab. en 2006. L&rsquo;\u00e9conomie de l&rsquo;\u00c9tat est ax\u00e9e sur l&rsquo;exploitation mini\u00e8re notamment celle du p\u00e9trole. Ses habitants sont famili\u00e8rement appel\u00e9s sandgropers par les autres Australiens. Le sandgroper (litt\u00e9ralement \u00ab tripoteur des sables \u00bb) est le nom donn\u00e9 \u00e0 un insecte qui vit dans les dunes pr\u00e8s de Perth.<br \/>L&rsquo;Australie-Occidentale est frontali\u00e8re de l&rsquo;Australie-M\u00e9ridionale et du Territoire du Nord \u00e0 l&rsquo;est. La fronti\u00e8re rectiligne est le 129e m\u00e9ridien est. Elle est bord\u00e9e par l&rsquo;oc\u00e9an Indien \u00e0 l&rsquo;ouest et au nord. En Australie, la masse d&rsquo;eau se trouvant au sud du continent est officiellement appel\u00e9e \u00ab\u00a0Southern Ocean\u00a0\u00bb (car il se trouve au sud de l&rsquo;\u00eele-continent), bien que l&rsquo;Organisation hydrographique internationale (OHI) le d\u00e9signe comme une partie de l&rsquo;oc\u00e9an Indie]. La distance de l&rsquo;\u00c9tat avec la fronti\u00e8re la plus \u00e0 l&rsquo;est de la nation (ici l&rsquo;Australie) est de 1 862 km et il y a 12 889 km de c\u00f4te. La superficie totale de l&rsquo;\u00c9tat est de 2,5 millions km2.<br \/>La c\u00f4te du Sud-Ouest poss\u00e8de un climat m\u00e9diterran\u00e9en, marqu\u00e9 par une s\u00e9cheresse estivale et des hivers doux et humides. Elle \u00e9tait originellement tr\u00e8s foresti\u00e8re, avec de nombreux karri, un des plus hauts arbres du monde. Cette r\u00e9gion agricole de l&rsquo;Australie-Occidentale fait partie des neuf premiers habitats de la biodiversit\u00e9 terrestre, avec une forte propension \u00e0 l&rsquo;end\u00e9misme. Gr\u00e2ce au courant oc\u00e9anique Leeuwin la r\u00e9gion fait partie des six premi\u00e8res en ce qui concerne la biodiversit\u00e9 marine, avec le r\u00e9cif corallien le plus au sud du monde. Hay Street (Perth). Les pr\u00e9cipitations annuelles moyennes varient de 300 mm au bord de la Wheatbelt \u00e0 1 400 mm dans la r\u00e9gion la plus \u00e0 l&rsquo;ouest pr\u00e8s de Northcliffe, mais durant les mois de novembre \u00e0 mars l&rsquo;\u00e9vaporation est plus importante que les chutes de pluies, et le climat est alors tr\u00e8s sec. Les plantes doivent y \u00eatre adapt\u00e9es de m\u00eame qu&rsquo;elles doivent \u00eatre adapt\u00e9es \u00e0 l&rsquo;extr\u00eame pauvret\u00e9 des sols. Une r\u00e9duction majeure des averses a \u00e9t\u00e9 observ\u00e9e, avec un nombre plus important de pr\u00e9cipitations les mois d&rsquo;\u00e9t\u00e9. Le centre de l&rsquo;\u00c9tat est couvert, \u00e0 environ 80 %, de r\u00e9gion semi-aride ou de d\u00e9sert et est faiblement peupl\u00e9 avec la seule activit\u00e9 significative r\u00e9sultant des mines. Les pr\u00e9cipitations annuelles moyennes varient de 200 \u00e0 250 mm, la plupart n&rsquo;\u00e9tant que des pluies torrentielles sporadiques li\u00e9es aux cyclones tropicaux les mois d&rsquo;\u00e9t\u00e9. Une exception est celle de la r\u00e9gion tropicale du nord. Le Kimberley a un climat de mousson tr\u00e8s chaud avec des pr\u00e9cipitations annuelles moyennes allant de 500 \u00e0 1 500 mm, mais il y a aussi une saison presque sans pluie d&rsquo;avril \u00e0 novembre. 85 % des eaux de ruissellement de l&rsquo;\u00c9tat se trouvent dans Kimberley, mais du fait que ces ruissellements se traduisent par de violentes inondations et \u00e0 cause de la pauvret\u00e9 des sols, le seul d\u00e9veloppement a eu lieu sur les rives de l&rsquo;Ord River. La pr\u00e9sence de neige dans l&rsquo;\u00c9tat est rare, et presque seulement dans la cha\u00eene de Stirling pr\u00e8s d&rsquo;Albany, puisqu&rsquo;il s&rsquo;agit de la seule cha\u00eene de montagnes suffisamment au sud et avec une hauteur suffisante.<\/p>\t\t\t\t\t\t\t\t<\/div>\n\t\t\t\t<\/div>\n\t\t\t\t\t<\/div>\n\t\t\t\t<\/div>\n\t\t\t\t<\/div>\n\t\t","protected":false},"excerpt":{"rendered":"<p>Revenir au menu pr\u00e9c\u00e9dent Carte L&rsquo;Australie-Occidentale (en anglais Western Australia, WA) est le plus grand \u00c9tat d&rsquo;Australie. Il repr\u00e9sente environ un tiers de la superficie de l&rsquo;\u00eele principale (2 645 615 km\u00b2). Occupant tout l&rsquo;ouest du pays, il est bord\u00e9 \u00e0 l&rsquo;ouest et au nord par l&rsquo;Oc\u00e9an Indien, \u00e0 l&rsquo;est par le Territoire du Nord [&hellip;]<\/p>\n","protected":false},"author":1,"featured_media":0,"parent":0,"menu_order":0,"comment_status":"closed","ping_status":"closed","template":"","meta":{"ocean_post_layout":"","ocean_both_sidebars_style":"","ocean_both_sidebars_content_width":0,"ocean_both_sidebars_sidebars_width":0,"ocean_sidebar":"","ocean_second_sidebar":"","ocean_disable_margins":"enable","ocean_add_body_class":"","ocean_shortcode_before_top_bar":"","ocean_shortcode_after_top_bar":"","ocean_shortcode_before_header":"","ocean_shortcode_after_header":"","ocean_has_shortcode":"","ocean_shortcode_after_title":"","ocean_shortcode_before_footer_widgets":"","ocean_shortcode_after_footer_widgets":"","ocean_shortcode_before_footer_bottom":"","ocean_shortcode_after_footer_bottom":"","ocean_display_top_bar":"default","ocean_display_header":"default","ocean_header_style":"","ocean_center_header_left_menu":"","ocean_custom_header_template":"","ocean_custom_logo":0,"ocean_custom_retina_logo":0,"ocean_custom_logo_max_width":0,"ocean_custom_logo_tablet_max_width":0,"ocean_custom_logo_mobile_max_width":0,"ocean_custom_logo_max_height":0,"ocean_custom_logo_tablet_max_height":0,"ocean_custom_logo_mobile_max_height":0,"ocean_header_custom_menu":"","ocean_menu_typo_font_family":"","ocean_menu_typo_font_subset":"","ocean_menu_typo_font_size":0,"ocean_menu_typo_font_size_tablet":0,"ocean_menu_typo_font_size_mobile":0,"ocean_menu_typo_font_size_unit":"px","ocean_menu_typo_font_weight":"","ocean_menu_typo_font_weight_tablet":"","ocean_menu_typo_font_weight_mobile":"","ocean_menu_typo_transform":"","ocean_menu_typo_transform_tablet":"","ocean_menu_typo_transform_mobile":"","ocean_menu_typo_line_height":0,"ocean_menu_typo_line_height_tablet":0,"ocean_menu_typo_line_height_mobile":0,"ocean_menu_typo_line_height_unit":"","ocean_menu_typo_spacing":0,"ocean_menu_typo_spacing_tablet":0,"ocean_menu_typo_spacing_mobile":0,"ocean_menu_typo_spacing_unit":"","ocean_menu_link_color":"","ocean_menu_link_color_hover":"","ocean_menu_link_color_active":"","ocean_menu_link_background":"","ocean_menu_link_hover_background":"","ocean_menu_link_active_background":"","ocean_menu_social_links_bg":"","ocean_menu_social_hover_links_bg":"","ocean_menu_social_links_color":"","ocean_menu_social_hover_links_color":"","ocean_disable_title":"default","ocean_disable_heading":"default","ocean_post_title":"","ocean_post_subheading":"","ocean_post_title_style":"","ocean_post_title_background_color":"","ocean_post_title_background":0,"ocean_post_title_bg_image_position":"","ocean_post_title_bg_image_attachment":"","ocean_post_title_bg_image_repeat":"","ocean_post_title_bg_image_size":"","ocean_post_title_height":0,"ocean_post_title_bg_overlay":0.5,"ocean_post_title_bg_overlay_color":"","ocean_disable_breadcrumbs":"default","ocean_breadcrumbs_color":"","ocean_breadcrumbs_separator_color":"","ocean_breadcrumbs_links_color":"","ocean_breadcrumbs_links_hover_color":"","ocean_display_footer_widgets":"default","ocean_display_footer_bottom":"default","ocean_custom_footer_template":"","footnotes":""},"class_list":["post-43449","page","type-page","status-publish","hentry","entry"],"_links":{"self":[{"href":"https:\/\/carole-pascal.fr\/WORDPRESS\/wp-json\/wp\/v2\/pages\/43449","targetHints":{"allow":["GET"]}}],"collection":[{"href":"https:\/\/carole-pascal.fr\/WORDPRESS\/wp-json\/wp\/v2\/pages"}],"about":[{"href":"https:\/\/carole-pascal.fr\/WORDPRESS\/wp-json\/wp\/v2\/types\/page"}],"author":[{"embeddable":true,"href":"https:\/\/carole-pascal.fr\/WORDPRESS\/wp-json\/wp\/v2\/users\/1"}],"replies":[{"embeddable":true,"href":"https:\/\/carole-pascal.fr\/WORDPRESS\/wp-json\/wp\/v2\/comments?post=43449"}],"version-history":[{"count":0,"href":"https:\/\/carole-pascal.fr\/WORDPRESS\/wp-json\/wp\/v2\/pages\/43449\/revisions"}],"wp:attachment":[{"href":"https:\/\/carole-pascal.fr\/WORDPRESS\/wp-json\/wp\/v2\/media?parent=43449"}],"curies":[{"name":"wp","href":"https:\/\/api.w.org\/{rel}","templated":true}]}}