{"id":43475,"date":"2024-07-07T17:53:11","date_gmt":"2024-07-07T15:53:11","guid":{"rendered":"https:\/\/carole-pascal.fr\/WORDPRESS\/?page_id=43475"},"modified":"2024-07-07T17:56:38","modified_gmt":"2024-07-07T15:56:38","slug":"australie-nouvelle-galles-du-sud","status":"publish","type":"page","link":"https:\/\/carole-pascal.fr\/WORDPRESS\/australie-nouvelle-galles-du-sud\/","title":{"rendered":"Australie &#8211; Nouvelle-Galles du Sud"},"content":{"rendered":"\t\t<div data-elementor-type=\"wp-page\" data-elementor-id=\"43475\" class=\"elementor elementor-43475\">\n\t\t\t\t<div class=\"elementor-element elementor-element-20415343 e-flex e-con-boxed e-con e-parent\" data-id=\"20415343\" data-element_type=\"container\" data-e-type=\"container\">\n\t\t\t\t\t<div class=\"e-con-inner\">\n\t\t\t\t<div class=\"elementor-element elementor-element-3208a04 elementor-align-center elementor-widget elementor-widget-button\" data-id=\"3208a04\" data-element_type=\"widget\" data-e-type=\"widget\" data-widget_type=\"button.default\">\n\t\t\t\t<div class=\"elementor-widget-container\">\n\t\t\t\t\t\t\t\t\t<div class=\"elementor-button-wrapper\">\n\t\t\t\t\t<a class=\"elementor-button elementor-button-link elementor-size-sm\" href=\"https:\/\/carole-pascal.fr\/WORDPRESS\/australie-21-avril-au-17-juillet-2014\/\">\n\t\t\t\t\t\t<span class=\"elementor-button-content-wrapper\">\n\t\t\t\t\t\t\t\t\t<span class=\"elementor-button-text\">Revenir au menu pr\u00e9c\u00e9dent<\/span>\n\t\t\t\t\t<\/span>\n\t\t\t\t\t<\/a>\n\t\t\t\t<\/div>\n\t\t\t\t\t\t\t\t<\/div>\n\t\t\t\t<\/div>\n\t\t\t\t\t<\/div>\n\t\t\t\t<\/div>\n\t\t<div class=\"elementor-element elementor-element-f7e9e48 e-flex e-con-boxed e-con e-parent\" data-id=\"f7e9e48\" data-element_type=\"container\" data-e-type=\"container\">\n\t\t\t\t\t<div class=\"e-con-inner\">\n\t\t\t\t<div class=\"elementor-element elementor-element-09bc484 elementor-widget elementor-widget-image\" data-id=\"09bc484\" data-element_type=\"widget\" data-e-type=\"widget\" data-widget_type=\"image.default\">\n\t\t\t\t<div class=\"elementor-widget-container\">\n\t\t\t\t\t\t\t\t\t\t\t\t\t\t\t<img fetchpriority=\"high\" width=\"432\" height=\"216\"  class=\"attachment-large size-large wp-image-42834 lws-optimize-lazyload\" alt=\"\" \/ data-src=\"https:\/\/carole-pascal.fr\/WORDPRESS\/wp-content\/uploads\/2024\/06\/New-South-Wales.gif\">\t\t\t\t\t\t\t\t\t\t\t\t\t\t\t<\/div>\n\t\t\t\t<\/div>\n\t\t\t\t\t<\/div>\n\t\t\t\t<\/div>\n\t\t<div class=\"elementor-element elementor-element-a4beb0f e-flex e-con-boxed e-con e-parent\" data-id=\"a4beb0f\" data-element_type=\"container\" data-e-type=\"container\">\n\t\t\t\t\t<div class=\"e-con-inner\">\n\t\t\t\t<div class=\"elementor-element elementor-element-778c92c elementor-widget elementor-widget-text-editor\" data-id=\"778c92c\" data-element_type=\"widget\" data-e-type=\"widget\" data-widget_type=\"text-editor.default\">\n\t\t\t\t<div class=\"elementor-widget-container\">\n\t\t\t\t\t\t\t\t\t<p><a href=\"https:\/\/carole-pascal.fr\/WORDPRESS\/wp-content\/uploads\/2024\/06\/new-south-wales-map.pdf\" target=\"_blank\" rel=\"noopener\">Carte<\/a><\/p><p>La Nouvelle-Galles du Sud (en anglais New South Wales, en abr\u00e9g\u00e9 NSW) est le plus peupl\u00e9 des \u00c9tats australiens. Elle est situ\u00e9e au sud-est de l&rsquo;\u00eele principale et partage ses fronti\u00e8res avec le Queensland au nord, avec l&rsquo;Australie-M\u00e9ridionale \u00e0 l&rsquo;ouest et avec le Victoria au sud. Elle est bord\u00e9e par la mer de Tasman \u00e0 l&rsquo;est. La Nouvelle-Galles du Sud encercle le Territoire de la capitale australienne (ACT), o\u00f9 se trouve Canberra, la capitale de l&rsquo;Australie.<br \/>Historiquement, c&rsquo;est le premier \u00c9tat d\u2019Australie. Cr\u00e9\u00e9 en 1788, il couvrait \u00e0 l&rsquo;origine la plus grande partie du continent australien ainsi que la Nouvelle-Z\u00e9lande, les \u00eeles Lord Howe et Norfolk, mais au cours du XIXe si\u00e8cle de grandes parties ont \u00e9t\u00e9 s\u00e9par\u00e9es pour former les colonies britanniques de Tasmanie (1825), d&rsquo;Australie-M\u00e9ridionale (1836), de Victoria (1851) et du Queensland (1859). En 2011, on estimait sa population \u00e0 7,2 millions d&rsquo;habitants. L&rsquo;\u00c9tat tire son nom de la r\u00e9gion Galles du Sud du Pays de Galles. Les services officiels australiens \u00e9crivent \u00ab nouvelle \u00bb au singulier.<br \/>G\u00e9ographiquement, la Nouvelle-Galles du Sud peut-\u00eatre divis\u00e9e en quatre r\u00e9gions: \u00e0 l&rsquo;est, une bande c\u00f4ti\u00e8re avec un climat allant du temp\u00e9r\u00e9 au sud jusqu&rsquo;au subtropical au nord, \u00e0 la limite du Queensland. C&rsquo;est cette r\u00e9gion qui contient la plus grande partie de la population de l&rsquo;\u00c9tat notamment dans les trois villes principales de l&rsquo;\u00c9tat: Newcastle et son agglom\u00e9ration au nord, Sydney au centre et Wollongong au sud.<br \/>On y trouve les r\u00e9gions des C\u00f4tes du sud, de l&rsquo;Illawarra, des C\u00f4tes du centre et de la C\u00f4te Nord. plus \u00e0 l&rsquo;ouest, une zone montagneuse correspondant \u00e0 la Cordill\u00e8re australienne avec ses hauts plateaux et quelques monts dont la plupart ne d\u00e9passent pas les 1?000 m\u00e8tres. C&rsquo;est l\u00e0 que l&rsquo;on trouve le point culminant du continent australien: le mont Kosciuszko (2 229 m\u00e8tres).<br \/>On y trouve les r\u00e9gions des Hautes Terres du sud (Southern Highlands en anglais) au sud, des Plateaux du centre (Central Tablelands) au centre et de la Nouvelle-Angleterre (New-England) au nord. encore plus \u00e0 l&rsquo;ouest, une vaste zone de plaines se r\u00e9tr\u00e9cissant du sud au nord, avec une importante mise en valeur agricole, \u00e0 la population plus clairsem\u00e9e que sur la c\u00f4te. Ce sont les r\u00e9gions de la Riverina et de la zone de Wagga Wagga sur la moiti\u00e9 ouest, une zone plus ou moins d\u00e9sertique s&rsquo;\u00e9largissant du sud au nord : le Far West australien avec quelques rares campements et la seule ville mini\u00e8re de Broken Hill.<br \/>Il faut signaler deux enclaves dans l&rsquo;\u00c9tat : le territoire de la capitale australienne et le territoire de la baie de Jervis<br \/>L&rsquo;\u00c9tat connait un climat subtropical humide sur une majeure partie de son territoire. Les hivers sont souvent doux, et les \u00e9t\u00e9s moites. L&rsquo;influence d\u00e9sertique se fait toutefois de plus en plus sentir vers l&rsquo;int\u00e9rieur des terres. Il peut connaitre de grandes variations de temp\u00e9ratures. Le maximum de 50,0 \u00b0C a \u00e9t\u00e9 atteint le 11 janvier 1939 \u00e0 Wilcannia. Le minimum de &#8211;23,0 \u00b0C a \u00e9t\u00e9 atteint \u00e0 Charlotte Pass le 29 juin 1994.<\/p><p><strong><span style=\"text-decoration: underline;\">Les parcs de la Nouvelle-Galles du sud que nous visiterons<\/span><\/strong><\/p><p><span style=\"text-decoration: underline;\">Parc national Blue Mountains<\/span> : De tous les parcs de la Nouvelle-Galles du sud, c&rsquo;est celui des Blue Mountains qui recoit le plus de visiteurs, ce qui ne surprend gu\u00e8re lorsque l&rsquo;on sait qu&rsquo;il est \u00e0 une centaine de km de Sydney. Il jouit de certains des paysages les plus spectaculaires de toute l&rsquo;Australie. Aucun visiteur ne peut rester de marbre devant la beaut\u00e9 primitive des falaises de gr\u00e8s et des gorges profondes du parc.<\/p><p><span style=\"text-decoration: underline;\">Parc national Border Ranges<\/span> : Au nord les 30000 ha sauvages de for\u00eat tropicale longent la fronti\u00e8re qui s\u00e9pare la Nouvelles-Galles du sud du Queensland et jouxtent le parc de Lamington. Le relief tourment\u00e9 des Border Ranges fut jadis le centre d&rsquo;une activit\u00e9 volcanique intense. Au fil du temps, le plateau s&rsquo;est \u00e9rod\u00e9 cr\u00e9ant de grands corridors et des ravins profonds. Dans les parties basses du parc, les for\u00eats d&rsquo;eucalyptus aux sous-bois de foug\u00e8res dominent le paysage. Le parc est \u00e0 140 km au sud-est de Brisbane.<\/p><p><span style=\"text-decoration: underline;\">Parc national Bundjalung<\/span> : Le parc est la paradis des ornithologues. Cette \u00e9tendue vierge de 17738 ha est situ\u00e9 sur la c\u00f4te au nord de l&rsquo;\u00e9tat. Il s&rsquo;agit d&rsquo;un havre paisible et isol\u00e9 avec des cours d&rsquo;eau limpides et de vastes plages de sable.<\/p><p><span style=\"text-decoration: underline;\">Parc national Kosciuszko<\/span> : En termes de taille, de sites, de distractions et de beaut\u00e9, le parc du Kosciuszko arrive en t\u00eate des parcs de la Nouvelle-Galles du sud. Le plus grand parc de l&rsquo;\u00e9tat et ses 647000 ha s&rsquo;\u00e9tendent ainsi de la fronti\u00e8re du Victoria jusqu&rsquo;au Brindabella Ranges \u00e0 l&rsquo;ouest de Canberra. Il compte les plus haut massifs de la Great Dividing Range et le plus haut sommet d&rsquo;Australie, le mont Kosciuszko avec ses 2228m d&rsquo;altitude.<\/p><p><span style=\"text-decoration: underline;\">Parc national Myall Lakes<\/span> : Situ\u00e9 \u00e0 3h au nord de Sydney, le parc est l&rsquo;un des parc les plus fr\u00e9quent\u00e9s, sans doute parce qu&rsquo;il incarne l&rsquo;histoire d&rsquo;amour de l&rsquo;Australie avec les plages. Le lac Myall s&rsquo;est form\u00e9 \u00e0 le fin du dernier \u00e2ge glaciaire, il y 8000 ans. La mer a envahi les vall\u00e9es coti\u00e8res ne laissant d\u00e9passer que quelques affleurements rocheux. Les 31500 ha du parc comptent de nombreux sentiers dont la plupart traversent une \u00e9tonnante v\u00e9g\u00e9tation de landes.<\/p><p><span style=\"text-decoration: underline;\">Parc national Royal<\/span> : Le plus ancien parc national d&rsquo;Australie, inscrit au journal officiel en 1879, a d&rsquo;abord port\u00e9 le nom de \u00ab\u00a0Parc national\u00a0\u00bb pour \u00eatre rebaptis\u00e9 \u00ab\u00a0Parc national royal\u00a0\u00bb apr\u00e8s la visite de la reine Elisabeth. Le parc est situ\u00e9 \u00e0 25km de Sydney.<\/p><p><span style=\"text-decoration: underline;\">Parc national Wahspool<\/span> : Les torrents tumultueux d\u00e9ferlent dans des gorges envahies par les rochers tandis que, sur les rives pullulent les mousses et les foug\u00e8res aux d\u00e9licates dentelles. plus haut la for\u00eat \u00e9tend son inextricable kaleidoscope de vert. C&rsquo;est le Washpool, r\u00e9gion sauvage de 27700 ha qui abrite la plus vaste for\u00eat ombrophile temp\u00e9r\u00e9e. Elle a \u00e9t\u00e9 class\u00e9e parc national en 1983 et ses tr\u00e9sors naturels exceptionnels ont \u00e9t\u00e9 inscrits depuis au patrimoine mondial de l&rsquo;Unesco.<\/p><p><span style=\"text-decoration: underline;\">Parc national de Bald Rock<\/span> : Nich\u00e9 dans les \u00e9paisses for\u00eats du sud de l&rsquo;\u00e9tat, l&rsquo;\u00e9norme d\u00f4me de granit de Bald Rock est l&rsquo;un des secrets les mieux gard\u00e9s d&rsquo;Australie.<\/p><p><span style=\"text-decoration: underline;\">Parc national Cathedral Rock<\/span> : Le parc est un sanctuaire pour la flore et la faune des plateaux des New England Tablelands om prolif\u00e8rent les moutons. Les animaux sont tr\u00e9s nombreux et il suffit de se promener dans le parc au matin pour identifier jusqu&rsquo;\u00e0 40 esp\u00e8ces d&rsquo;oiseaux.<\/p><p><span style=\"text-decoration: underline;\">Parc national Dharug<\/span> : Le parc porte le nom de la tribu aborig\u00e8ne qui occupait les rudes reliefs karstiques au nord-ouest de Sydney. Il est surtout connu pour Great North Road, route batie par les forcats sur ce qui forme \u00e0 pr\u00e9sent la limite ouest du parc. Construite en 1827, cette route constituait le seul passage vers le nord.<\/p><p><span style=\"text-decoration: underline;\">Parc national Gibraltar Range<\/span> : Ce parc au relief granitique accident\u00e9 offre certains des meilleurs sentiers de randonn\u00e9e de l&rsquo;\u00e9tat. On peut notamment y admirer des paysages vierges, depuis la lande piquet\u00e9e de fleurs sauvages jusqu&rsquo;aux hautes for\u00eats d&rsquo;eucalyptus. La faune y est \u00e9galement tr\u00e9s riche.<\/p><p><span style=\"text-decoration: underline;\">Parc national New England<\/span> : Les rudes paysages de montagnes, les torrents tumultueux, les luxuriantes for\u00eats tropicales et la grande diversit\u00e9 d&rsquo;animaux sauvages font de ce parc l&rsquo;un des plus riches de l&rsquo;\u00e9tat et a \u00e9t\u00e9 inscrit au patrimoine mondial de l&rsquo;Unesco en 1986.<\/p><p><span style=\"text-decoration: underline;\">Parc national Nightcap<\/span> : Le parc doit son nom au spectaculaire massif montagneux de Nightcap range, qui culmine en certains endroits \u00e0 900m d&rsquo;altitude. Le marriage de terres fertiles et de la plus forte pluviom\u00e9trie de l&rsquo;\u00e9tat a favoris\u00e9 la croissance d&rsquo;\u00e9normes buis, d&rsquo;eucalyptus noirs et de gommiers.<\/p>\t\t\t\t\t\t\t\t<\/div>\n\t\t\t\t<\/div>\n\t\t\t\t\t<\/div>\n\t\t\t\t<\/div>\n\t\t\t\t<\/div>\n\t\t","protected":false},"excerpt":{"rendered":"<p>Revenir au menu pr\u00e9c\u00e9dent Carte La Nouvelle-Galles du Sud (en anglais New South Wales, en abr\u00e9g\u00e9 NSW) est le plus peupl\u00e9 des \u00c9tats australiens. Elle est situ\u00e9e au sud-est de l&rsquo;\u00eele principale et partage ses fronti\u00e8res avec le Queensland au nord, avec l&rsquo;Australie-M\u00e9ridionale \u00e0 l&rsquo;ouest et avec le Victoria au sud. Elle est bord\u00e9e par [&hellip;]<\/p>\n","protected":false},"author":1,"featured_media":0,"parent":0,"menu_order":0,"comment_status":"closed","ping_status":"closed","template":"","meta":{"ocean_post_layout":"","ocean_both_sidebars_style":"","ocean_both_sidebars_content_width":0,"ocean_both_sidebars_sidebars_width":0,"ocean_sidebar":"","ocean_second_sidebar":"","ocean_disable_margins":"enable","ocean_add_body_class":"","ocean_shortcode_before_top_bar":"","ocean_shortcode_after_top_bar":"","ocean_shortcode_before_header":"","ocean_shortcode_after_header":"","ocean_has_shortcode":"","ocean_shortcode_after_title":"","ocean_shortcode_before_footer_widgets":"","ocean_shortcode_after_footer_widgets":"","ocean_shortcode_before_footer_bottom":"","ocean_shortcode_after_footer_bottom":"","ocean_display_top_bar":"default","ocean_display_header":"default","ocean_header_style":"","ocean_center_header_left_menu":"","ocean_custom_header_template":"","ocean_custom_logo":0,"ocean_custom_retina_logo":0,"ocean_custom_logo_max_width":0,"ocean_custom_logo_tablet_max_width":0,"ocean_custom_logo_mobile_max_width":0,"ocean_custom_logo_max_height":0,"ocean_custom_logo_tablet_max_height":0,"ocean_custom_logo_mobile_max_height":0,"ocean_header_custom_menu":"","ocean_menu_typo_font_family":"","ocean_menu_typo_font_subset":"","ocean_menu_typo_font_size":0,"ocean_menu_typo_font_size_tablet":0,"ocean_menu_typo_font_size_mobile":0,"ocean_menu_typo_font_size_unit":"px","ocean_menu_typo_font_weight":"","ocean_menu_typo_font_weight_tablet":"","ocean_menu_typo_font_weight_mobile":"","ocean_menu_typo_transform":"","ocean_menu_typo_transform_tablet":"","ocean_menu_typo_transform_mobile":"","ocean_menu_typo_line_height":0,"ocean_menu_typo_line_height_tablet":0,"ocean_menu_typo_line_height_mobile":0,"ocean_menu_typo_line_height_unit":"","ocean_menu_typo_spacing":0,"ocean_menu_typo_spacing_tablet":0,"ocean_menu_typo_spacing_mobile":0,"ocean_menu_typo_spacing_unit":"","ocean_menu_link_color":"","ocean_menu_link_color_hover":"","ocean_menu_link_color_active":"","ocean_menu_link_background":"","ocean_menu_link_hover_background":"","ocean_menu_link_active_background":"","ocean_menu_social_links_bg":"","ocean_menu_social_hover_links_bg":"","ocean_menu_social_links_color":"","ocean_menu_social_hover_links_color":"","ocean_disable_title":"default","ocean_disable_heading":"default","ocean_post_title":"","ocean_post_subheading":"","ocean_post_title_style":"","ocean_post_title_background_color":"","ocean_post_title_background":0,"ocean_post_title_bg_image_position":"","ocean_post_title_bg_image_attachment":"","ocean_post_title_bg_image_repeat":"","ocean_post_title_bg_image_size":"","ocean_post_title_height":0,"ocean_post_title_bg_overlay":0.5,"ocean_post_title_bg_overlay_color":"","ocean_disable_breadcrumbs":"default","ocean_breadcrumbs_color":"","ocean_breadcrumbs_separator_color":"","ocean_breadcrumbs_links_color":"","ocean_breadcrumbs_links_hover_color":"","ocean_display_footer_widgets":"default","ocean_display_footer_bottom":"default","ocean_custom_footer_template":"","footnotes":""},"class_list":["post-43475","page","type-page","status-publish","hentry","entry"],"_links":{"self":[{"href":"https:\/\/carole-pascal.fr\/WORDPRESS\/wp-json\/wp\/v2\/pages\/43475","targetHints":{"allow":["GET"]}}],"collection":[{"href":"https:\/\/carole-pascal.fr\/WORDPRESS\/wp-json\/wp\/v2\/pages"}],"about":[{"href":"https:\/\/carole-pascal.fr\/WORDPRESS\/wp-json\/wp\/v2\/types\/page"}],"author":[{"embeddable":true,"href":"https:\/\/carole-pascal.fr\/WORDPRESS\/wp-json\/wp\/v2\/users\/1"}],"replies":[{"embeddable":true,"href":"https:\/\/carole-pascal.fr\/WORDPRESS\/wp-json\/wp\/v2\/comments?post=43475"}],"version-history":[{"count":0,"href":"https:\/\/carole-pascal.fr\/WORDPRESS\/wp-json\/wp\/v2\/pages\/43475\/revisions"}],"wp:attachment":[{"href":"https:\/\/carole-pascal.fr\/WORDPRESS\/wp-json\/wp\/v2\/media?parent=43475"}],"curies":[{"name":"wp","href":"https:\/\/api.w.org\/{rel}","templated":true}]}}