{"id":43480,"date":"2024-07-07T17:57:09","date_gmt":"2024-07-07T15:57:09","guid":{"rendered":"https:\/\/carole-pascal.fr\/WORDPRESS\/?page_id=43480"},"modified":"2024-07-07T18:00:23","modified_gmt":"2024-07-07T16:00:23","slug":"australie-victoria","status":"publish","type":"page","link":"https:\/\/carole-pascal.fr\/WORDPRESS\/australie-victoria\/","title":{"rendered":"Australie &#8211; Victoria"},"content":{"rendered":"\t\t<div data-elementor-type=\"wp-page\" data-elementor-id=\"43480\" class=\"elementor elementor-43480\">\n\t\t\t\t<div class=\"elementor-element elementor-element-3e9e8489 e-flex e-con-boxed e-con e-parent\" data-id=\"3e9e8489\" data-element_type=\"container\" data-e-type=\"container\">\n\t\t\t\t\t<div class=\"e-con-inner\">\n\t\t\t\t<div class=\"elementor-element elementor-element-661f6ceb elementor-align-center elementor-widget elementor-widget-button\" data-id=\"661f6ceb\" data-element_type=\"widget\" data-e-type=\"widget\" data-widget_type=\"button.default\">\n\t\t\t\t<div class=\"elementor-widget-container\">\n\t\t\t\t\t\t\t\t\t<div class=\"elementor-button-wrapper\">\n\t\t\t\t\t<a class=\"elementor-button elementor-button-link elementor-size-sm\" href=\"https:\/\/carole-pascal.fr\/WORDPRESS\/australie-21-avril-au-17-juillet-2014\/\">\n\t\t\t\t\t\t<span class=\"elementor-button-content-wrapper\">\n\t\t\t\t\t\t\t\t\t<span class=\"elementor-button-text\">Revenir au menu pr\u00e9c\u00e9dent<\/span>\n\t\t\t\t\t<\/span>\n\t\t\t\t\t<\/a>\n\t\t\t\t<\/div>\n\t\t\t\t\t\t\t\t<\/div>\n\t\t\t\t<\/div>\n\t\t\t\t\t<\/div>\n\t\t\t\t<\/div>\n\t\t<div class=\"elementor-element elementor-element-bda3be2 e-flex e-con-boxed e-con e-parent\" data-id=\"bda3be2\" data-element_type=\"container\" data-e-type=\"container\">\n\t\t\t\t\t<div class=\"e-con-inner\">\n\t\t\t\t<div class=\"elementor-element elementor-element-76d57d3 elementor-widget elementor-widget-image\" data-id=\"76d57d3\" data-element_type=\"widget\" data-e-type=\"widget\" data-widget_type=\"image.default\">\n\t\t\t\t<div class=\"elementor-widget-container\">\n\t\t\t\t\t\t\t\t\t\t\t\t\t\t\t<img fetchpriority=\"high\" width=\"432\" height=\"216\"  class=\"attachment-large size-large wp-image-42876 lws-optimize-lazyload\" alt=\"\" \/ data-src=\"https:\/\/carole-pascal.fr\/WORDPRESS\/wp-content\/uploads\/2024\/06\/Victoria.gif\">\t\t\t\t\t\t\t\t\t\t\t\t\t\t\t<\/div>\n\t\t\t\t<\/div>\n\t\t\t\t\t<\/div>\n\t\t\t\t<\/div>\n\t\t<div class=\"elementor-element elementor-element-0d2d83c e-flex e-con-boxed e-con e-parent\" data-id=\"0d2d83c\" data-element_type=\"container\" data-e-type=\"container\">\n\t\t\t\t\t<div class=\"e-con-inner\">\n\t\t\t\t<div class=\"elementor-element elementor-element-710e668 elementor-widget elementor-widget-text-editor\" data-id=\"710e668\" data-element_type=\"widget\" data-e-type=\"widget\" data-widget_type=\"text-editor.default\">\n\t\t\t\t<div class=\"elementor-widget-container\">\n\t\t\t\t\t\t\t\t\t<p><a href=\"https:\/\/carole-pascal.fr\/WORDPRESS\/wp-content\/uploads\/2024\/06\/victoria-map.pdf\" target=\"_blank\" rel=\"noopener\">Carte<\/a><\/p><p>L&rsquo;\u00c9tat de Victoria (ou la Victorie) est situ\u00e9 au sud-est de l&rsquo;\u00eele principale de l&rsquo;Australie. Il est limit\u00e9 au nord par la Nouvelle-Galles du Sud, \u00e0 l&rsquo;ouest par l&rsquo;Australie-M\u00e9ridionale, au sud par l&rsquo;oc\u00e9an Indien (zone maritime consid\u00e9r\u00e9e comme relevant pour les Australiens de l&rsquo;oc\u00e9an Austral (commun\u00e9ment appel\u00e9 oc\u00e9an Antarctique)), \u00e0 l&rsquo;est par l&rsquo;oc\u00e9an Pacifique.<br \/>Avec une superficie de 237 629 km\u00b2, soit environ la taille du Royaume-Uni, Victoria est le plus petit \u00c9tat continental australien. C&rsquo;est aussi le plus urbanis\u00e9 et celui \u00e0 plus forte densit\u00e9 de population (22 habitants au km\u00b2). Au d\u00e9part, dans les ann\u00e9es 1830, la r\u00e9gion \u00e9tait une zone d&rsquo;exploitations agricoles, puis la d\u00e9couverte d&rsquo;or en 1851 la transforma en important centre industriel et commercial.<br \/>Avec 5,6 millions d&rsquo;habitants, Victoria est le deuxi\u00e8me \u00c9tat le plus peupl\u00e9 d&rsquo;Australie derri\u00e8re la Nouvelle-Galles du Sud. La capitale, Melbourne, abrite plus de 70 % de la population de l&rsquo;\u00c9tat. La fronti\u00e8re nord est la rive sud du fleuve Murray, le fleuve lui-m\u00eame \u00e9tant en Nouvelle-Galles-du-Sud, \u00e0 l&rsquo;ouest, l&rsquo;Australie-M\u00e9ridionale et, particularit\u00e9 originale, au Sud, le parall\u00e8le 39\u00b0 12&prime; qui passe sur 85 m au milieu d&rsquo;une \u00eele du d\u00e9troit de Bass, Boundary Islet (\u00ab l&rsquo;\u00eelot Fronti\u00e8re \u00bb), partag\u00e9e entre Victoria au nord et Tasmanie au sud.<br \/>Le Victoria contient diff\u00e9rentes zones topographiques, g\u00e9ologiques et climatiques: des r\u00e9gions humides, temp\u00e9r\u00e9es au sud-est dans le Gippsland, aux montagnes enneig\u00e9es des Alpes australiennes, extr\u00e9mit\u00e9 sud de la Cordill\u00e8re australienne avec le Mont Bogong (1 986 m\u00e8tres) pour finir par les vastes plaines arides ou semi-arides de l&rsquo;ouest et du nord-ouest.<br \/>Malgr\u00e9 sa petite taille, l&rsquo;\u00c9tat de Victoria poss\u00e8de un climat assez vari\u00e9, de transition entre les influences subtropicales humides \u00e0 l&rsquo;est, oc\u00e9anique au sud (\u00eele de Tasmanie), m\u00e9diterran\u00e9ennes \u00e0 l&rsquo;ouest, et arides au nord. La plaine c\u00f4ti\u00e8re au sud de la Cordill\u00e8re australienne a le climat le plus doux du Victoria. Les vents de l&rsquo;oc\u00e9an Indien contribuent \u00e0 r\u00e9duire la chaleur de l&rsquo;\u00e9t\u00e9 et le froid de l&rsquo;hiver. Melbourne et d&rsquo;autres grandes villes sont situ\u00e9es dans cette r\u00e9gion temp\u00e9r\u00e9e. Le Victoria est le plus humide des \u00c9tats australiens apr\u00e8s la Tasmanie.<\/p><p><span style=\"text-decoration: underline;\"><strong>Les parcs du Victoria que nous visiterons<\/strong><\/span><\/p><p>Parc national de Alpine : Hautes montagnes au relief accident\u00e9, puissants torrents, vastes \u00e9tendues enneig\u00e9es, immenses prairies et gorges profondes qui d\u00e9bouchent sur de luxuriantes vall\u00e9es, le plus grand parc du Victoria est aussi l&rsquo;un des plus beaux d&rsquo;Australie. Tr\u00e8s \u00e9tendu sur le Great Dividing Range (ligne de partage des eaux), il forme en outre une importante r\u00e9serve naturelle \u00e0 la flore et \u00e0 la faune exceptionnelle. Le parc couvre une superficie de 635 580 ha et se situe entre 230 et 500 km au nord-est de Melbourne.<\/p><p><span style=\"text-decoration: underline;\">Parc national de Dandenong Ranges<\/span> : Le verdoyant sanctuaire de la chaine des Dandenong, terrain de pique-nique favori des habitants du Victoria depuis plus de soixante-dix ans, s&rsquo;\u00e9tend autour de Ferntree Gully dans les environs de Melbourne. En 1882, les habitants de la r\u00e9gion ont convaincu le ministre de l&rsquo;agriculture de r\u00e9server une r\u00e9gion de 168 ha pour cr\u00e9er un parc de loisirs. Le terrain a \u00e9t\u00e9 agrandi en 1927 et est devenu le deuxi\u00e8me parc national du Victoria.<\/p><p><span style=\"text-decoration: underline;\">Parc d&rsquo;\u00e9tat de Eildon<\/span> : Le relief accident\u00e9 et les rivi\u00e8res qui alimentent le Lac Eildon composent un vaste ensemble naturel id\u00e9al pour les amateurs de plein air. Ce sont les colons blancs en qu\u00eate de verts p\u00e2turages qui d\u00e9couvrirent la r\u00e9gion au d\u00e9but du XIX\u00e8me si\u00e8cle. Situ\u00e9 \u00e0 quelques heures de Melbourne, le parc couvre 24000 ha et a \u00e9t\u00e9 cr\u00e9e en 1980. Le parc forme un v\u00e9ritable sanctuaire pour les animaux sauvages de la r\u00e9gion qui accoutum\u00e9s \u00e0 la pr\u00e9sence humaine, se laissent contempler sans crainte.<\/p><p><span style=\"text-decoration: underline;\">Parc national de Grampians<\/span> : Perch\u00e9 \u00e0 l&rsquo;extr\u00e9mit\u00e9 ouest de la Great Dividing Range, la succession de pics bleut\u00e9s \u00e9galement connus sous le nom de \u00a0\u00bb Gariwerd \u00a0\u00bb dessine une \u00e9trange silhouette \u00e0 l&rsquo;horizon. Un examen plus attentif r\u00e9v\u00e8le la rudesse et la majest\u00e9 des massives sculptures de gr\u00e8s \u00e9maill\u00e9es d&rsquo;une mosa\u00efque de fleurs sauvages. En 1836, Thomas Mitchell fut le premier explorateur europ\u00e9en \u00e0 s&rsquo;aventurer dans le massif. Par la suite, les \u00e9leveurs s&rsquo;install\u00e8rent au pied des montagnes, suivi de pr\u00e8s par les chercheurs d&rsquo;or, mais aussi les bucherons qui exploit\u00e8rent la for\u00eat jusqu&rsquo;\u00e0 la cr\u00e9ation du parc en 1984. Le parc fait 167 000 ha et est situ\u00e9 \u00e0 250 km \u00e0 l&rsquo;ouest de Melbourne.<\/p><p><span style=\"text-decoration: underline;\">Parc c\u00f4tier de Gippsland Lakes<\/span> : Vaste bande c\u00f4ti\u00e8re qui s&rsquo;\u00e9tend entre Seaspray et Lake Entrance, les 172 000 ha du parc abritent des merveilles naturelles comme la plage de Ninety Mile et tout un r\u00e9seau de lagunes. Les lacs se sont form\u00e9s il y a plus d&rsquo;un million d&rsquo;ann\u00e9es, sous l&rsquo;action des vagues qui repoussant inlassablement le sable vers la c\u00f4te, model\u00e8rent un cordon littoral.<\/p><p><span style=\"text-decoration: underline;\">Parc national de Otway<\/span> : Sur les terres abrit\u00e9es par la vo\u00fbte protectrice des immenses fr\u00eanes qui dominent les ravins \u00e0 foug\u00e8res, le parc d&rsquo;Otway offre un havre de fraicheur, loin des plages battues par les vagues et de la c\u00f4te d\u00e9coup\u00e9e. En raison du relief d\u00e9chiquet\u00e9 de la c\u00f4te, la r\u00e9gion est longtemps rest\u00e9e ignor\u00e9e. Le phare fut construit en 1840. Le parc est situ\u00e9 \u00e0 200 km au sud-ouest de Melbourne.<\/p><p><span style=\"text-decoration: underline;\">Parc national de Port Campbell<\/span> : Avec ses hauts rochers et ses grottes creus\u00e9es dans les falaises de gr\u00e8s par l&rsquo;impitoyable oc\u00e9an pacifique sud, la c\u00f4te vent\u00e9e du parc national de Port Campbell s&rsquo;\u00e9l\u00e8ve comme une pierre tombale au dessus des nombreuses \u00e9paves de bateaux qui gisent au large. Le parc de 1 750 ha correspond \u00e0 la c\u00f4te la plus au sud du Victoria. Pendant des centaines d&rsquo;ann\u00e9es, les vagues fracassantes, les bises violentes et les pluies battantes ont d\u00e9coup\u00e9 les hauts rochers et creus\u00e9 dans les falaises, des grottes et des gorges dont les fameux \u00a0\u00bb douze ap\u00f4tres \u00ab\u00a0.<\/p><p><span style=\"text-decoration: underline;\">Parc national de Wilson Promontory<\/span> : L&rsquo;\u00e9norme masse du promontoire s&rsquo;avance dans la mer \u00e0 l&rsquo;extr\u00e9mit\u00e9 sud du Victoria. Le mariage des gigantesques blocs de granit, des plages vierges et de l&rsquo;important massif montagneux fait de ce parc un lieu magnifique et tr\u00e8s touristique. Le parc est prot\u00e9g\u00e9 depuis 1898 mais il a \u00e9t\u00e9 consid\u00e9rablement \u00e9tendu afin de prot\u00e9ger la r\u00e9gion du d\u00e9veloppement \u00e9conomique qui gagnait la c\u00f4te victorienne. Le parc fait 49 000 ha avec 130 km de c\u00f4tes.<\/p><p><span style=\"text-decoration: underline;\">Parc national de Brisbane Ranges<\/span> : Situ\u00e9 \u00e0 80 km au sud-ouest de Melbourne, ce parc compos\u00e9 de gorges et de ravins accident\u00e9s est c\u00e9l\u00e8bre pour sa spectaculaire flore printani\u00e8re. On trouve dans la r\u00e9gion pr\u00e9s du quart de la flore sp\u00e9cifique du Victoria.<\/p><p><span style=\"text-decoration: underline;\">Parc d&rsquo;\u00e9tat de Cathedral range<\/span> : Les gigantesques escarpements de gr\u00e8s qui surplombent la tranquille Acheron Valley \u00e0 100 km \u00e0 peine de Melbourne, constituent l&rsquo;attrait principal de ce parc cr\u00e9e en 1979. Le parc englobe des vall\u00e9es dont la v\u00e9g\u00e9tation luxuriante contraste avec les plateaux plus arides, moins arros\u00e9s du nord-ouest o\u00f9 les for\u00eats claires sont domin\u00e9es par les eucalyptus poivr\u00e9s.<\/p><p><span style=\"text-decoration: underline;\">Parc national de Organ Pipes<\/span> : Les gigantesques colonnes de basaltes, form\u00e9es par les \u00e9ruptions volcaniques il y a des millions d&rsquo;ann\u00e9es, offrent un spectacle fascinant pour les visiteurs de ce parc situ\u00e9 \u00e0 25 km de Melbourne. Il abrite un extraordinaire groupe de colonnes de pr\u00e8s de 20 m\u00e8tres de haut qui \u00e9voquent les tuyaux d&rsquo;un gigantesque orgue.<\/p>\t\t\t\t\t\t\t\t<\/div>\n\t\t\t\t<\/div>\n\t\t\t\t\t<\/div>\n\t\t\t\t<\/div>\n\t\t\t\t<\/div>\n\t\t","protected":false},"excerpt":{"rendered":"<p>Revenir au menu pr\u00e9c\u00e9dent Carte L&rsquo;\u00c9tat de Victoria (ou la Victorie) est situ\u00e9 au sud-est de l&rsquo;\u00eele principale de l&rsquo;Australie. Il est limit\u00e9 au nord par la Nouvelle-Galles du Sud, \u00e0 l&rsquo;ouest par l&rsquo;Australie-M\u00e9ridionale, au sud par l&rsquo;oc\u00e9an Indien (zone maritime consid\u00e9r\u00e9e comme relevant pour les Australiens de l&rsquo;oc\u00e9an Austral (commun\u00e9ment appel\u00e9 oc\u00e9an Antarctique)), \u00e0 [&hellip;]<\/p>\n","protected":false},"author":1,"featured_media":0,"parent":0,"menu_order":0,"comment_status":"closed","ping_status":"closed","template":"","meta":{"ocean_post_layout":"","ocean_both_sidebars_style":"","ocean_both_sidebars_content_width":0,"ocean_both_sidebars_sidebars_width":0,"ocean_sidebar":"","ocean_second_sidebar":"","ocean_disable_margins":"enable","ocean_add_body_class":"","ocean_shortcode_before_top_bar":"","ocean_shortcode_after_top_bar":"","ocean_shortcode_before_header":"","ocean_shortcode_after_header":"","ocean_has_shortcode":"","ocean_shortcode_after_title":"","ocean_shortcode_before_footer_widgets":"","ocean_shortcode_after_footer_widgets":"","ocean_shortcode_before_footer_bottom":"","ocean_shortcode_after_footer_bottom":"","ocean_display_top_bar":"default","ocean_display_header":"default","ocean_header_style":"","ocean_center_header_left_menu":"","ocean_custom_header_template":"","ocean_custom_logo":0,"ocean_custom_retina_logo":0,"ocean_custom_logo_max_width":0,"ocean_custom_logo_tablet_max_width":0,"ocean_custom_logo_mobile_max_width":0,"ocean_custom_logo_max_height":0,"ocean_custom_logo_tablet_max_height":0,"ocean_custom_logo_mobile_max_height":0,"ocean_header_custom_menu":"","ocean_menu_typo_font_family":"","ocean_menu_typo_font_subset":"","ocean_menu_typo_font_size":0,"ocean_menu_typo_font_size_tablet":0,"ocean_menu_typo_font_size_mobile":0,"ocean_menu_typo_font_size_unit":"px","ocean_menu_typo_font_weight":"","ocean_menu_typo_font_weight_tablet":"","ocean_menu_typo_font_weight_mobile":"","ocean_menu_typo_transform":"","ocean_menu_typo_transform_tablet":"","ocean_menu_typo_transform_mobile":"","ocean_menu_typo_line_height":0,"ocean_menu_typo_line_height_tablet":0,"ocean_menu_typo_line_height_mobile":0,"ocean_menu_typo_line_height_unit":"","ocean_menu_typo_spacing":0,"ocean_menu_typo_spacing_tablet":0,"ocean_menu_typo_spacing_mobile":0,"ocean_menu_typo_spacing_unit":"","ocean_menu_link_color":"","ocean_menu_link_color_hover":"","ocean_menu_link_color_active":"","ocean_menu_link_background":"","ocean_menu_link_hover_background":"","ocean_menu_link_active_background":"","ocean_menu_social_links_bg":"","ocean_menu_social_hover_links_bg":"","ocean_menu_social_links_color":"","ocean_menu_social_hover_links_color":"","ocean_disable_title":"default","ocean_disable_heading":"default","ocean_post_title":"","ocean_post_subheading":"","ocean_post_title_style":"","ocean_post_title_background_color":"","ocean_post_title_background":0,"ocean_post_title_bg_image_position":"","ocean_post_title_bg_image_attachment":"","ocean_post_title_bg_image_repeat":"","ocean_post_title_bg_image_size":"","ocean_post_title_height":0,"ocean_post_title_bg_overlay":0.5,"ocean_post_title_bg_overlay_color":"","ocean_disable_breadcrumbs":"default","ocean_breadcrumbs_color":"","ocean_breadcrumbs_separator_color":"","ocean_breadcrumbs_links_color":"","ocean_breadcrumbs_links_hover_color":"","ocean_display_footer_widgets":"default","ocean_display_footer_bottom":"default","ocean_custom_footer_template":"","footnotes":""},"class_list":["post-43480","page","type-page","status-publish","hentry","entry"],"_links":{"self":[{"href":"https:\/\/carole-pascal.fr\/WORDPRESS\/wp-json\/wp\/v2\/pages\/43480","targetHints":{"allow":["GET"]}}],"collection":[{"href":"https:\/\/carole-pascal.fr\/WORDPRESS\/wp-json\/wp\/v2\/pages"}],"about":[{"href":"https:\/\/carole-pascal.fr\/WORDPRESS\/wp-json\/wp\/v2\/types\/page"}],"author":[{"embeddable":true,"href":"https:\/\/carole-pascal.fr\/WORDPRESS\/wp-json\/wp\/v2\/users\/1"}],"replies":[{"embeddable":true,"href":"https:\/\/carole-pascal.fr\/WORDPRESS\/wp-json\/wp\/v2\/comments?post=43480"}],"version-history":[{"count":0,"href":"https:\/\/carole-pascal.fr\/WORDPRESS\/wp-json\/wp\/v2\/pages\/43480\/revisions"}],"wp:attachment":[{"href":"https:\/\/carole-pascal.fr\/WORDPRESS\/wp-json\/wp\/v2\/media?parent=43480"}],"curies":[{"name":"wp","href":"https:\/\/api.w.org\/{rel}","templated":true}]}}