{"id":43485,"date":"2024-07-07T18:00:58","date_gmt":"2024-07-07T16:00:58","guid":{"rendered":"https:\/\/carole-pascal.fr\/WORDPRESS\/?page_id=43485"},"modified":"2024-07-07T18:02:25","modified_gmt":"2024-07-07T16:02:25","slug":"australie-territoire-de-la-capitale-australienne","status":"publish","type":"page","link":"https:\/\/carole-pascal.fr\/WORDPRESS\/australie-territoire-de-la-capitale-australienne\/","title":{"rendered":"Australie &#8211; Territoire de la capitale australienne"},"content":{"rendered":"\t\t<div data-elementor-type=\"wp-page\" data-elementor-id=\"43485\" class=\"elementor elementor-43485\">\n\t\t\t\t<div class=\"elementor-element elementor-element-5615a45d e-flex e-con-boxed e-con e-parent\" data-id=\"5615a45d\" data-element_type=\"container\" data-e-type=\"container\">\n\t\t\t\t\t<div class=\"e-con-inner\">\n\t\t\t\t<div class=\"elementor-element elementor-element-12162bd8 elementor-align-center elementor-widget elementor-widget-button\" data-id=\"12162bd8\" data-element_type=\"widget\" data-e-type=\"widget\" data-widget_type=\"button.default\">\n\t\t\t\t<div class=\"elementor-widget-container\">\n\t\t\t\t\t\t\t\t\t<div class=\"elementor-button-wrapper\">\n\t\t\t\t\t<a class=\"elementor-button elementor-button-link elementor-size-sm\" href=\"https:\/\/carole-pascal.fr\/WORDPRESS\/australie-21-avril-au-17-juillet-2014\/\">\n\t\t\t\t\t\t<span class=\"elementor-button-content-wrapper\">\n\t\t\t\t\t\t\t\t\t<span class=\"elementor-button-text\">Revenir au menu pr\u00e9c\u00e9dent<\/span>\n\t\t\t\t\t<\/span>\n\t\t\t\t\t<\/a>\n\t\t\t\t<\/div>\n\t\t\t\t\t\t\t\t<\/div>\n\t\t\t\t<\/div>\n\t\t\t\t\t<\/div>\n\t\t\t\t<\/div>\n\t\t<div class=\"elementor-element elementor-element-61ac611 e-flex e-con-boxed e-con e-parent\" data-id=\"61ac611\" data-element_type=\"container\" data-e-type=\"container\">\n\t\t\t\t\t<div class=\"e-con-inner\">\n\t\t\t\t<div class=\"elementor-element elementor-element-b83464a elementor-widget elementor-widget-image\" data-id=\"b83464a\" data-element_type=\"widget\" data-e-type=\"widget\" data-widget_type=\"image.default\">\n\t\t\t\t<div class=\"elementor-widget-container\">\n\t\t\t\t\t\t\t\t\t\t\t\t\t\t\t<img fetchpriority=\"high\" width=\"432\" height=\"216\"  class=\"attachment-large size-large wp-image-42826 lws-optimize-lazyload\" alt=\"\" \/ data-src=\"https:\/\/carole-pascal.fr\/WORDPRESS\/wp-content\/uploads\/2024\/06\/Australian_Capital_Territory.gif\">\t\t\t\t\t\t\t\t\t\t\t\t\t\t\t<\/div>\n\t\t\t\t<\/div>\n\t\t\t\t\t<\/div>\n\t\t\t\t<\/div>\n\t\t<div class=\"elementor-element elementor-element-dbdda5c e-flex e-con-boxed e-con e-parent\" data-id=\"dbdda5c\" data-element_type=\"container\" data-e-type=\"container\">\n\t\t\t\t\t<div class=\"e-con-inner\">\n\t\t\t\t<div class=\"elementor-element elementor-element-05abc4e elementor-widget elementor-widget-text-editor\" data-id=\"05abc4e\" data-element_type=\"widget\" data-e-type=\"widget\" data-widget_type=\"text-editor.default\">\n\t\t\t\t<div class=\"elementor-widget-container\">\n\t\t\t\t\t\t\t\t\t<p>Le Territoire de la capitale australienne (Australian Capital Territory \u2013 ACT) est le territoire sur lequel est situ\u00e9e la capitale f\u00e9d\u00e9rale australienne, Canberra. Enclav\u00e9 au sud-est de la Nouvelle-Galles du Sud, il est le plus petit mais aussi le plus dens\u00e9ment peupl\u00e9 des territoires autonomes australiens.<br \/>Il fut imagin\u00e9 pendant les n\u00e9gociations pr\u00e9c\u00e9dant la F\u00e9d\u00e9ration, comme emplacement neutre d\u2019une nouvelle capitale nationale. La constitution australienne pr\u00e9voyait ainsi qu\u2019\u00e0 la suite de l\u2019union, en 1901, du terrain devrait \u00eatre c\u00e9d\u00e9 au nouveau gouvernement f\u00e9d\u00e9ral. La propri\u00e9t\u00e9 du territoire fut transf\u00e9r\u00e9e de la Nouvelle-Galles du Sud au gouvernement f\u00e9d\u00e9ral en 1911 et la construction de la capitale, Canberra, commen\u00e7a en 1913.<br \/>Canberra est la capitale de la f\u00e9d\u00e9ration australienne et du Territoire de la capitale australienne. La ville est situ\u00e9e \u00e0 l&rsquo;extr\u00e9mit\u00e9 nord du territoire de la capitale, \u00e0 280 kilom\u00e8tres au sud-ouest de Sydney et \u00e0 680 km au nord-est de Melbourne. Le site de Canberra a \u00e9t\u00e9 choisi comme capitale australienne en 1908 ; ce choix fut un compromis entre les deux villes rivales de Sydney et Melbourne, les deux plus grandes villes d&rsquo;Australie.<br \/>Le terme de \u00ab canberra \u00bb d\u00e9signe un \u00ab lieu de rassemblement \u00bb en ngunawal, la langue aborig\u00e8ne locale. Canberra offre une particularit\u00e9 pour une ville australienne : ses plans ont \u00e9t\u00e9 r\u00e9alis\u00e9s avant de commencer la moindre construction. Ce n&rsquo;est qu&rsquo;apr\u00e8s un concours international remport\u00e9 par le couple d&rsquo;architectes am\u00e9ricains Walter Burley Griffin et Marion Mahony Griffin que commen\u00e7a le d\u00e9veloppement de la capitale en 1913. La conception de la ville fut fortement influenc\u00e9e par l&rsquo;id\u00e9e de ville verte ; ainsi Canberra poss\u00e8de de vastes zones de v\u00e9g\u00e9tation naturelle qui lui ont valu le nom de \u00ab capitale du bush \u00bb. Bien que la croissance de la ville ait \u00e9t\u00e9 fortement ralentie par les deux guerres mondiales et la Grande D\u00e9pression, Canberra est devenue une ville florissante apr\u00e8s la Seconde Guerre mondiale lorsque le Premier ministre Robert Menzies encouragea son d\u00e9veloppement et cr\u00e9a la National Capital Development Commission (Commission pour le d\u00e9veloppement de la capitale nationale) en lui donnant des pouvoirs ex\u00e9cutifs. Cette commission sera supprim\u00e9e en 1988 et remplac\u00e9e par la National Capital Authority (l&rsquo;Autorit\u00e9 de la capitale nationale) qui permet \u00e0 l&rsquo;\u00c9tat de garder une certaine influence sur le territoire m\u00eame s&rsquo;il est devenu maintenant autonome.<br \/>Si\u00e8ge du gouvernement australien, Canberra abrite aussi le Parlement et la Haute Cour ainsi que de nombreux minist\u00e8res et directions nationales mais c&rsquo;est \u00e9galement le si\u00e8ge de nombreuses institutions sociales et culturelles comme la Galerie nationale, le National Museum, le M\u00e9morial de la guerre, l&rsquo;Universit\u00e9 nationale australienne, l&rsquo;Institut des Sports et la Biblioth\u00e8que nationale. Les officiers de l&rsquo;arm\u00e9e australienne sont form\u00e9s au Coll\u00e8ge militaire royal de Duntroon et l&rsquo;Acad\u00e9mie militaire est \u00e9galement situ\u00e9e dans la capitale. Selon un recensement r\u00e9alis\u00e9 en 2006, la ville poss\u00e8de 323 056 habitants. Comme elle a une forte proportion de fonctionnaires, le gouvernement f\u00e9d\u00e9ral est le plus gros employeur de Canberra.<\/p><p><span style=\"text-decoration: underline;\"><strong>Les parcs de la Capitale Australienne que nous visiterons<\/strong><\/span><\/p><p><span style=\"text-decoration: underline;\">Parc national Namadgi<\/span> : Situ\u00e9 \u00e0 40km au sud de Canberra, ce parc se dresse \u00e0 l&rsquo;extr\u00e9mit\u00e9 nord des Alpes australiennes. Le paysage se d\u00e9cline des larges vall\u00e9es envahies par les gramin\u00e9es jusqu&rsquo;aux for\u00eats de gommiers des neiges et abrite tout un \u00e9ventail d&rsquo;animaux.<\/p>\t\t\t\t\t\t\t\t<\/div>\n\t\t\t\t<\/div>\n\t\t\t\t\t<\/div>\n\t\t\t\t<\/div>\n\t\t\t\t<\/div>\n\t\t","protected":false},"excerpt":{"rendered":"<p>Revenir au menu pr\u00e9c\u00e9dent Le Territoire de la capitale australienne (Australian Capital Territory \u2013 ACT) est le territoire sur lequel est situ\u00e9e la capitale f\u00e9d\u00e9rale australienne, Canberra. Enclav\u00e9 au sud-est de la Nouvelle-Galles du Sud, il est le plus petit mais aussi le plus dens\u00e9ment peupl\u00e9 des territoires autonomes australiens.Il fut imagin\u00e9 pendant les n\u00e9gociations [&hellip;]<\/p>\n","protected":false},"author":1,"featured_media":0,"parent":0,"menu_order":0,"comment_status":"closed","ping_status":"closed","template":"","meta":{"ocean_post_layout":"","ocean_both_sidebars_style":"","ocean_both_sidebars_content_width":0,"ocean_both_sidebars_sidebars_width":0,"ocean_sidebar":"","ocean_second_sidebar":"","ocean_disable_margins":"enable","ocean_add_body_class":"","ocean_shortcode_before_top_bar":"","ocean_shortcode_after_top_bar":"","ocean_shortcode_before_header":"","ocean_shortcode_after_header":"","ocean_has_shortcode":"","ocean_shortcode_after_title":"","ocean_shortcode_before_footer_widgets":"","ocean_shortcode_after_footer_widgets":"","ocean_shortcode_before_footer_bottom":"","ocean_shortcode_after_footer_bottom":"","ocean_display_top_bar":"default","ocean_display_header":"default","ocean_header_style":"","ocean_center_header_left_menu":"","ocean_custom_header_template":"","ocean_custom_logo":0,"ocean_custom_retina_logo":0,"ocean_custom_logo_max_width":0,"ocean_custom_logo_tablet_max_width":0,"ocean_custom_logo_mobile_max_width":0,"ocean_custom_logo_max_height":0,"ocean_custom_logo_tablet_max_height":0,"ocean_custom_logo_mobile_max_height":0,"ocean_header_custom_menu":"","ocean_menu_typo_font_family":"","ocean_menu_typo_font_subset":"","ocean_menu_typo_font_size":0,"ocean_menu_typo_font_size_tablet":0,"ocean_menu_typo_font_size_mobile":0,"ocean_menu_typo_font_size_unit":"px","ocean_menu_typo_font_weight":"","ocean_menu_typo_font_weight_tablet":"","ocean_menu_typo_font_weight_mobile":"","ocean_menu_typo_transform":"","ocean_menu_typo_transform_tablet":"","ocean_menu_typo_transform_mobile":"","ocean_menu_typo_line_height":0,"ocean_menu_typo_line_height_tablet":0,"ocean_menu_typo_line_height_mobile":0,"ocean_menu_typo_line_height_unit":"","ocean_menu_typo_spacing":0,"ocean_menu_typo_spacing_tablet":0,"ocean_menu_typo_spacing_mobile":0,"ocean_menu_typo_spacing_unit":"","ocean_menu_link_color":"","ocean_menu_link_color_hover":"","ocean_menu_link_color_active":"","ocean_menu_link_background":"","ocean_menu_link_hover_background":"","ocean_menu_link_active_background":"","ocean_menu_social_links_bg":"","ocean_menu_social_hover_links_bg":"","ocean_menu_social_links_color":"","ocean_menu_social_hover_links_color":"","ocean_disable_title":"default","ocean_disable_heading":"default","ocean_post_title":"","ocean_post_subheading":"","ocean_post_title_style":"","ocean_post_title_background_color":"","ocean_post_title_background":0,"ocean_post_title_bg_image_position":"","ocean_post_title_bg_image_attachment":"","ocean_post_title_bg_image_repeat":"","ocean_post_title_bg_image_size":"","ocean_post_title_height":0,"ocean_post_title_bg_overlay":0.5,"ocean_post_title_bg_overlay_color":"","ocean_disable_breadcrumbs":"default","ocean_breadcrumbs_color":"","ocean_breadcrumbs_separator_color":"","ocean_breadcrumbs_links_color":"","ocean_breadcrumbs_links_hover_color":"","ocean_display_footer_widgets":"default","ocean_display_footer_bottom":"default","ocean_custom_footer_template":"","footnotes":""},"class_list":["post-43485","page","type-page","status-publish","hentry","entry"],"_links":{"self":[{"href":"https:\/\/carole-pascal.fr\/WORDPRESS\/wp-json\/wp\/v2\/pages\/43485","targetHints":{"allow":["GET"]}}],"collection":[{"href":"https:\/\/carole-pascal.fr\/WORDPRESS\/wp-json\/wp\/v2\/pages"}],"about":[{"href":"https:\/\/carole-pascal.fr\/WORDPRESS\/wp-json\/wp\/v2\/types\/page"}],"author":[{"embeddable":true,"href":"https:\/\/carole-pascal.fr\/WORDPRESS\/wp-json\/wp\/v2\/users\/1"}],"replies":[{"embeddable":true,"href":"https:\/\/carole-pascal.fr\/WORDPRESS\/wp-json\/wp\/v2\/comments?post=43485"}],"version-history":[{"count":0,"href":"https:\/\/carole-pascal.fr\/WORDPRESS\/wp-json\/wp\/v2\/pages\/43485\/revisions"}],"wp:attachment":[{"href":"https:\/\/carole-pascal.fr\/WORDPRESS\/wp-json\/wp\/v2\/media?parent=43485"}],"curies":[{"name":"wp","href":"https:\/\/api.w.org\/{rel}","templated":true}]}}