{"id":43490,"date":"2024-07-07T18:02:55","date_gmt":"2024-07-07T16:02:55","guid":{"rendered":"https:\/\/carole-pascal.fr\/WORDPRESS\/?page_id=43490"},"modified":"2024-07-07T18:05:51","modified_gmt":"2024-07-07T16:05:51","slug":"australie-tasmanie","status":"publish","type":"page","link":"https:\/\/carole-pascal.fr\/WORDPRESS\/australie-tasmanie\/","title":{"rendered":"Australie &#8211; Tasmanie"},"content":{"rendered":"\t\t<div data-elementor-type=\"wp-page\" data-elementor-id=\"43490\" class=\"elementor elementor-43490\">\n\t\t\t\t<div class=\"elementor-element elementor-element-6264a7b0 e-flex e-con-boxed e-con e-parent\" data-id=\"6264a7b0\" data-element_type=\"container\" data-e-type=\"container\">\n\t\t\t\t\t<div class=\"e-con-inner\">\n\t\t\t\t<div class=\"elementor-element elementor-element-3acd0a54 elementor-align-center elementor-widget elementor-widget-button\" data-id=\"3acd0a54\" data-element_type=\"widget\" data-e-type=\"widget\" data-widget_type=\"button.default\">\n\t\t\t\t<div class=\"elementor-widget-container\">\n\t\t\t\t\t\t\t\t\t<div class=\"elementor-button-wrapper\">\n\t\t\t\t\t<a class=\"elementor-button elementor-button-link elementor-size-sm\" href=\"https:\/\/carole-pascal.fr\/WORDPRESS\/australie-21-avril-au-17-juillet-2014\/\">\n\t\t\t\t\t\t<span class=\"elementor-button-content-wrapper\">\n\t\t\t\t\t\t\t\t\t<span class=\"elementor-button-text\">Revenir au menu pr\u00e9c\u00e9dent<\/span>\n\t\t\t\t\t<\/span>\n\t\t\t\t\t<\/a>\n\t\t\t\t<\/div>\n\t\t\t\t\t\t\t\t<\/div>\n\t\t\t\t<\/div>\n\t\t\t\t\t<\/div>\n\t\t\t\t<\/div>\n\t\t<div class=\"elementor-element elementor-element-6585748 e-flex e-con-boxed e-con e-parent\" data-id=\"6585748\" data-element_type=\"container\" data-e-type=\"container\">\n\t\t\t\t\t<div class=\"e-con-inner\">\n\t\t\t\t<div class=\"elementor-element elementor-element-84e1e58 elementor-widget elementor-widget-image\" data-id=\"84e1e58\" data-element_type=\"widget\" data-e-type=\"widget\" data-widget_type=\"image.default\">\n\t\t\t\t<div class=\"elementor-widget-container\">\n\t\t\t\t\t\t\t\t\t\t\t\t\t\t\t<img fetchpriority=\"high\" width=\"432\" height=\"216\"  class=\"attachment-large size-large wp-image-42866 lws-optimize-lazyload\" alt=\"\" \/ data-src=\"https:\/\/carole-pascal.fr\/WORDPRESS\/wp-content\/uploads\/2024\/06\/Tasmania.gif\">\t\t\t\t\t\t\t\t\t\t\t\t\t\t\t<\/div>\n\t\t\t\t<\/div>\n\t\t\t\t\t<\/div>\n\t\t\t\t<\/div>\n\t\t<div class=\"elementor-element elementor-element-634b0b1 e-flex e-con-boxed e-con e-parent\" data-id=\"634b0b1\" data-element_type=\"container\" data-e-type=\"container\">\n\t\t\t\t\t<div class=\"e-con-inner\">\n\t\t\t\t<div class=\"elementor-element elementor-element-4cccf4f elementor-widget elementor-widget-text-editor\" data-id=\"4cccf4f\" data-element_type=\"widget\" data-e-type=\"widget\" data-widget_type=\"text-editor.default\">\n\t\t\t\t<div class=\"elementor-widget-container\">\n\t\t\t\t\t\t\t\t\t<p><a href=\"https:\/\/carole-pascal.fr\/WORDPRESS\/wp-content\/uploads\/2024\/06\/tasmania-map.pdf\" target=\"_blank\" rel=\"noopener\">Carte<\/a><\/p><p>La Tasmanie est situ\u00e9 \u00e0 240 km de la c\u00f4te Sud-Est de l&rsquo;\u00eele principale de l&rsquo;Australie, dont il est s\u00e9par\u00e9 par le d\u00e9troit de Bass. L&rsquo;\u00c9tat de Tasmanie comprend l&rsquo;\u00eele de Tasmanie et mille autres petites \u00eeles. L&rsquo;\u00eele s&rsquo;\u00e9tend sur 364 km du nord au sud et 306 km d&rsquo;ouest en est. Sa superficie est de 68 000 km\u00b2. L&rsquo;\u00c9tat comptait 511 718 habitants en 2011 dont la moiti\u00e9 r\u00e9sidait dans la r\u00e9gion du Grand Hobart (c&rsquo;est-\u00e0-dire les villes de Hobart, Glenorchy et Clarence), la plus grande ville de Tasmanie et la capitale. La Tasmanie fut baptis\u00e9e \u00ab \u00c9tat naturel \u00bb (Natural State) et \u00ab \u00cele de l&rsquo;Inspiration \u00bb (Island of Inspiration) en r\u00e9f\u00e9rence \u00e0 son environnement naturel riche et pr\u00e9serv\u00e9. Plus d&rsquo;un tiers du territoire de la Tasmanie est d&rsquo;ailleurs class\u00e9 en r\u00e9serves naturelles, parcs nationaux et sites du patrimoine mondial de l&rsquo;UNESCO.<br \/>L&rsquo;\u00c9tat est nomm\u00e9 d&rsquo;apr\u00e8s l&rsquo;explorateur n\u00e9erlandais Abel Tasman, qui fut le premier Europ\u00e9en \u00e0 apercevoir l&rsquo;\u00eele le 24 novembre 1642. Il la nomma la Anthony van Diemensland d&rsquo;apr\u00e8s son m\u00e9c\u00e8ne Antonio van Diemen, le gouverneur des Indes orientales n\u00e9erlandaises. Le nom fut plus tard raccourci en Van Diemen&rsquo;s Land par les Britanniques. Elle fut finalement renomm\u00e9e en l&rsquo;honneur de son premier d\u00e9couvreur europ\u00e9en, le 1er janvier 1856<br \/>La superficie de l&rsquo;\u00c9tat de Tasmanie est de 90 758 km km\u00b2. L&rsquo;\u00eele principale qui repr\u00e9sente les trois quart de sont territoire, se trouve sur le passage des \u00ab quaranti\u00e8mes rugissants \u00bb. L&rsquo;\u00eele est entour\u00e9e par les oc\u00e9ans Indien et Pacifique. Au Sud-Est de la Tasmanie, les c\u00f4tes sont d\u00e9coup\u00e9es. Le relief est montagneux, model\u00e9 par les glaciers et tr\u00e8s accident\u00e9 ; la r\u00e9gion la plus montagneuse est celle des Massifs Centraux, qui couvre le centre Ouest de l&rsquo;\u00c9tat. Les Midlands qui se trouvent au centre Est, sont assez plats et sont principalement utilis\u00e9s pour l&rsquo;agriculture, bien que celle-ci soit dispers\u00e9e sur tout l&rsquo;\u00c9tat. La plus haute montagne de Tasmanie est le mont Ossa avec ses 1614 m\u00e8tres. Elle se trouve au c\u0153ur du parc national de Cradle Mountain-Lake St Clair.<br \/>La majeure partie de la Tasmanie est dens\u00e9ment bois\u00e9e, avec le parc national du Sud-Ouest et les r\u00e9gions environnantes qui poss\u00e8dent l&rsquo;une des derni\u00e8res for\u00eats temp\u00e9r\u00e9es humides de l&rsquo;h\u00e9misph\u00e8re sud. Le Tarkine, situ\u00e9 au nord-ouest, est la plus grande for\u00eat humide temp\u00e9r\u00e9e d&rsquo;Australie et une des plus \u00e9tendues au monde couvrant environ 3 800 km\u00b2. Avec sa topographie accident\u00e9e, la Tasmanie a un grand nombre de rivi\u00e8res, qui sont presque toutes coup\u00e9es par des barrages pour fournir de l&rsquo;\u00e9lectricit\u00e9 pour les besoins de l&rsquo;\u00c9tat. La plupart des rivi\u00e8res prennent leur source dans le Massif central et s&rsquo;\u00e9coulent vers les c\u00f4tes. Les estuaires de Tasmanie (portant souvent le nom de \u00ab rivi\u00e8re \u00bb) sont des lieux de regroupement de population.<br \/>Le climat de la Tasmanie est oc\u00e9anique, le temps y est humide, doux et pluvieux. On y distingue quatre saisons : l&rsquo;\u00e9t\u00e9 va de d\u00e9cembre \u00e0 f\u00e9vrier, p\u00e9riode durant laquelle la temp\u00e9rature maximale est de 21 \u00b0C (24 \u00b0C \u00e0 l&rsquo;int\u00e9rieur des terres). Des r\u00e9gions situ\u00e9es \u00e0 l&rsquo;int\u00e9rieur de l&rsquo;\u00eele, comme Liawenee (situ\u00e9e sur le Plateau central), comptent parmi les r\u00e9gions les plus froides d&rsquo;Australie avec des temp\u00e9ratures allant de 4 \u00b0C \u00e0 17 \u00b0C en f\u00e9vrier. L&rsquo;automne dure de mars \u00e0 mai et conna\u00eet un temps variable o\u00f9 le climat de l&rsquo;\u00e9t\u00e9 change progressivement en un climat hivernal.<\/p><p><span style=\"text-decoration: underline;\"><strong>Les parcs de Tasmanie que nous visiterons<\/strong><\/span><\/p><p><span style=\"text-decoration: underline;\">Parc national de Cradle Mountain &#8211; Lake St Clair<\/span> : Inscrit au patrimoine mondial de l&rsquo;Unesco, ce parc est consid\u00e9r\u00e9 comme l&rsquo;un des sites les plus pr\u00e9cieux au monde. Cette r\u00e9gion d&rsquo;une beaut\u00e9 \u00e9poustouflante comprend sommets montagneux, profondes gorges bois\u00e9es, landes, for\u00eats ombrophiles et lacs glaciaires. Il y a quelques 500 000 ans, l&rsquo;eau et les glaciers y ont creus\u00e9 lacs et vall\u00e9es. Reflet de ce patrimoine ancestral, la flore rappelle davantage celles de Nouvelle-Z\u00e9lande et d&rsquo;Am\u00e9rique du sud que celle de l&rsquo;Australie continentale. Avec ses gommiers des neiges et ses arbres \u00e0 herbe g\u00e9ants, ou ses \u00e9tendues de pins pencils couverts de mousse et de lichen, ce paysage bigarr\u00e9 arbite une flore tr\u00e9s diversifi\u00e9e. Avec en moyenne 275 jours de pluie par an et 54 de chutes de neige, on ne d\u00e9nombre que 32 jours de soleil par an.<\/p><p><span style=\"text-decoration: underline;\">Parc national de Freycinet<\/span> : De spectaculaires sommets de granit rouge se refl\u00e8tent dans les eaux bleues et limpides qui viennent l\u00e9cher le sable d&rsquo;un blanc immacul\u00e9. Le parc de Freycinet regorge de paysages paradisiaques. Les trois monts, Amos, Dove, et Mayson appel\u00e9s Hazards dominent l&rsquo;horizon. Bien avant d&rsquo;atteindre la p\u00e9ninsule, ils apparaissent au dessus de Great Oyster Bay. Des panoramas saisissants, une faune et une flore tr\u00e9s riches font de ce parc de 10 000 ha un lieu de vacances id\u00e9al.<\/p><p><span style=\"text-decoration: underline;\">Parc national de Maria Island<\/span> : Cette ile paisible situ\u00e9 \u00e0 15km de la c\u00f4te orientale s&rsquo;enorgueillit de paysages c\u00f4tiers idylliques: plages de sable blanc, falaises aux formes et aux couleurs harmonieuses, for\u00eats, ainsi qu&rsquo;une cha\u00eene de montagnes assez elev\u00e9 pour abriter une for\u00eat ombrophile. Maria se compose en fait de deux iles reli\u00e9es par un isthme \u00e9troit.<\/p><p><span style=\"text-decoration: underline;\">Parc national de Mt Field<\/span> : Le plus ancien parc de Tasmanie est aussi l&rsquo;un des plus beaux. Il offre toute une palette de paysages, for\u00eat ombrophile, montagnes imposantes, chutes d&rsquo;eau et lacs somptueux. Les basses terres de ce parc de 16 257 ha sont peupl\u00e9es de hauts gommiers des marais, h\u00eatres de tasmanie et ravines \u00e0 foug\u00e8res. Plus haut, on observe une v\u00e9g\u00e9tation sub-alpine de conif\u00e8res.<\/p><p><span style=\"text-decoration: underline;\">Parc national de Mt William<\/span> : Le parc national de Mt William, l&rsquo;un des plus m\u00e9connus de Tasmanie, conjure merveilles naturelles et faune abondante dans un paysage littoral qui fait le bonheur des surfeurs, p\u00eacheurs \u00e0 la ligne, randonneurs et autres amoureux de la nature. Destin\u00e9 \u00e0 prot\u00e9ger \u00e0 l&rsquo;origine les kangourous arboricoles alors en voie de disparition, ce parc de 13 812 ha couvre la pointe nord-est de la tasmanie.<\/p><p><span style=\"text-decoration: underline;\">Parc national de South Bruny<\/span>\u00a0 : Dans ce parc national, le plus r\u00e9cent de Tasmanie, les imposantes falaises stri\u00e9es qui surplombent la mer d\u00e9cha\u00een\u00e9e alternent avec de paisibles landes et des baies id\u00e9ales pour la baignade. Il englobe la c\u00f4te sud de Bruny Island. Le phare de Cap Bruny \u00e9rig\u00e9 par les for\u00e7ats est le plus ancien phare en service en Australie. Construit en 1838, il culmine \u00e0 105 m au dessus du niveau de la mer.<\/p><p><span style=\"text-decoration: underline;\">Parc national de Hartz Mountains<\/span> : Ce parc propose des paysages vari\u00e9s, des for\u00eats humides aux montagnes de dol\u00e9rite d\u00e9chiquet\u00e9es, aux lacs glaciaires et de montagne, jusqu&rsquo;aux landes alpines.<\/p><p><span style=\"text-decoration: underline;\">Parc r\u00e9gional de Humbug Point<\/span> : Juste apr\u00e8s Binalong Bay, s&rsquo;\u00e9tend l&rsquo;un des plus belles r\u00e9serves naturelles de l&rsquo;\u00e9tat qui jouit du climat ensoleill\u00e9 de la c\u00f4te est. Ses landes rocheuses couvertes de lichen orange renferment de nombreuses petites baies isol\u00e9es, aux plages de sable blanc et aux eaux limpides.<\/p><p><span style=\"text-decoration: underline;\">Parc national de Rocky Cape<\/span> : Le plus petit parc national de Tasmanie englobe des landes rocheuses de la c\u00f4te nord, de petites plages abrit\u00e9es, des collines recouvertes de bruy\u00e8res et de for\u00eats, ainsi de certains des plus beaux sites aborig\u00e8nes de l&rsquo;\u00e9tat.<\/p><p><span style=\"text-decoration: underline;\">R\u00e9serve d&rsquo;\u00e9tat de Tessellated Pavement et R\u00e9serve d&rsquo;\u00e9tat de Tasman Arch<\/span> : Ce sont sans doute les r\u00e9serves d&rsquo;\u00e9tat les plus visit\u00e9es de la Tasmanie, situ\u00e9es \u00e0 l&rsquo;entr\u00e9e de la p\u00e9ninsule de Tasman. Tesselated pavement est compos\u00e9 de formations g\u00e9ologiques \u00e9tranges situ\u00e9es au bord de l&rsquo;eau et qui rappellent des pav\u00e9s. La r\u00e9serve de Tasman Arch comprend le spectaculaire Blowhole et Devils kitchen (vaste crevasse dans laquelle la mer tourbillonne)<\/p>\t\t\t\t\t\t\t\t<\/div>\n\t\t\t\t<\/div>\n\t\t\t\t\t<\/div>\n\t\t\t\t<\/div>\n\t\t\t\t<\/div>\n\t\t","protected":false},"excerpt":{"rendered":"<p>Revenir au menu pr\u00e9c\u00e9dent Carte La Tasmanie est situ\u00e9 \u00e0 240 km de la c\u00f4te Sud-Est de l&rsquo;\u00eele principale de l&rsquo;Australie, dont il est s\u00e9par\u00e9 par le d\u00e9troit de Bass. L&rsquo;\u00c9tat de Tasmanie comprend l&rsquo;\u00eele de Tasmanie et mille autres petites \u00eeles. L&rsquo;\u00eele s&rsquo;\u00e9tend sur 364 km du nord au sud et 306 km d&rsquo;ouest [&hellip;]<\/p>\n","protected":false},"author":1,"featured_media":0,"parent":0,"menu_order":0,"comment_status":"closed","ping_status":"closed","template":"","meta":{"ocean_post_layout":"","ocean_both_sidebars_style":"","ocean_both_sidebars_content_width":0,"ocean_both_sidebars_sidebars_width":0,"ocean_sidebar":"","ocean_second_sidebar":"","ocean_disable_margins":"enable","ocean_add_body_class":"","ocean_shortcode_before_top_bar":"","ocean_shortcode_after_top_bar":"","ocean_shortcode_before_header":"","ocean_shortcode_after_header":"","ocean_has_shortcode":"","ocean_shortcode_after_title":"","ocean_shortcode_before_footer_widgets":"","ocean_shortcode_after_footer_widgets":"","ocean_shortcode_before_footer_bottom":"","ocean_shortcode_after_footer_bottom":"","ocean_display_top_bar":"default","ocean_display_header":"default","ocean_header_style":"","ocean_center_header_left_menu":"","ocean_custom_header_template":"","ocean_custom_logo":0,"ocean_custom_retina_logo":0,"ocean_custom_logo_max_width":0,"ocean_custom_logo_tablet_max_width":0,"ocean_custom_logo_mobile_max_width":0,"ocean_custom_logo_max_height":0,"ocean_custom_logo_tablet_max_height":0,"ocean_custom_logo_mobile_max_height":0,"ocean_header_custom_menu":"","ocean_menu_typo_font_family":"","ocean_menu_typo_font_subset":"","ocean_menu_typo_font_size":0,"ocean_menu_typo_font_size_tablet":0,"ocean_menu_typo_font_size_mobile":0,"ocean_menu_typo_font_size_unit":"px","ocean_menu_typo_font_weight":"","ocean_menu_typo_font_weight_tablet":"","ocean_menu_typo_font_weight_mobile":"","ocean_menu_typo_transform":"","ocean_menu_typo_transform_tablet":"","ocean_menu_typo_transform_mobile":"","ocean_menu_typo_line_height":0,"ocean_menu_typo_line_height_tablet":0,"ocean_menu_typo_line_height_mobile":0,"ocean_menu_typo_line_height_unit":"","ocean_menu_typo_spacing":0,"ocean_menu_typo_spacing_tablet":0,"ocean_menu_typo_spacing_mobile":0,"ocean_menu_typo_spacing_unit":"","ocean_menu_link_color":"","ocean_menu_link_color_hover":"","ocean_menu_link_color_active":"","ocean_menu_link_background":"","ocean_menu_link_hover_background":"","ocean_menu_link_active_background":"","ocean_menu_social_links_bg":"","ocean_menu_social_hover_links_bg":"","ocean_menu_social_links_color":"","ocean_menu_social_hover_links_color":"","ocean_disable_title":"default","ocean_disable_heading":"default","ocean_post_title":"","ocean_post_subheading":"","ocean_post_title_style":"","ocean_post_title_background_color":"","ocean_post_title_background":0,"ocean_post_title_bg_image_position":"","ocean_post_title_bg_image_attachment":"","ocean_post_title_bg_image_repeat":"","ocean_post_title_bg_image_size":"","ocean_post_title_height":0,"ocean_post_title_bg_overlay":0.5,"ocean_post_title_bg_overlay_color":"","ocean_disable_breadcrumbs":"default","ocean_breadcrumbs_color":"","ocean_breadcrumbs_separator_color":"","ocean_breadcrumbs_links_color":"","ocean_breadcrumbs_links_hover_color":"","ocean_display_footer_widgets":"default","ocean_display_footer_bottom":"default","ocean_custom_footer_template":"","footnotes":""},"class_list":["post-43490","page","type-page","status-publish","hentry","entry"],"_links":{"self":[{"href":"https:\/\/carole-pascal.fr\/WORDPRESS\/wp-json\/wp\/v2\/pages\/43490","targetHints":{"allow":["GET"]}}],"collection":[{"href":"https:\/\/carole-pascal.fr\/WORDPRESS\/wp-json\/wp\/v2\/pages"}],"about":[{"href":"https:\/\/carole-pascal.fr\/WORDPRESS\/wp-json\/wp\/v2\/types\/page"}],"author":[{"embeddable":true,"href":"https:\/\/carole-pascal.fr\/WORDPRESS\/wp-json\/wp\/v2\/users\/1"}],"replies":[{"embeddable":true,"href":"https:\/\/carole-pascal.fr\/WORDPRESS\/wp-json\/wp\/v2\/comments?post=43490"}],"version-history":[{"count":0,"href":"https:\/\/carole-pascal.fr\/WORDPRESS\/wp-json\/wp\/v2\/pages\/43490\/revisions"}],"wp:attachment":[{"href":"https:\/\/carole-pascal.fr\/WORDPRESS\/wp-json\/wp\/v2\/media?parent=43490"}],"curies":[{"name":"wp","href":"https:\/\/api.w.org\/{rel}","templated":true}]}}