{"id":43535,"date":"2024-07-08T16:22:03","date_gmt":"2024-07-08T14:22:03","guid":{"rendered":"https:\/\/carole-pascal.fr\/WORDPRESS\/?page_id=43535"},"modified":"2025-02-22T20:31:31","modified_gmt":"2025-02-22T19:31:31","slug":"australie-observations-du-victoria-02-au-16-juin-2014","status":"publish","type":"page","link":"https:\/\/carole-pascal.fr\/WORDPRESS\/australie-observations-du-victoria-02-au-16-juin-2014\/","title":{"rendered":"Australie &#8211; Observations du VICTORIA &#8211; 02 au 16 juin 2014"},"content":{"rendered":"\t\t<div data-elementor-type=\"wp-page\" data-elementor-id=\"43535\" class=\"elementor elementor-43535\">\n\t\t\t\t<div class=\"elementor-element elementor-element-5abff86b e-flex e-con-boxed e-con e-parent\" data-id=\"5abff86b\" data-element_type=\"container\" data-e-type=\"container\">\n\t\t\t\t\t<div class=\"e-con-inner\">\n\t\t\t\t<div class=\"elementor-element elementor-element-4e2d30b5 elementor-align-center elementor-widget elementor-widget-button\" data-id=\"4e2d30b5\" data-element_type=\"widget\" data-e-type=\"widget\" data-widget_type=\"button.default\">\n\t\t\t\t<div class=\"elementor-widget-container\">\n\t\t\t\t\t\t\t\t\t<div class=\"elementor-button-wrapper\">\n\t\t\t\t\t<a class=\"elementor-button elementor-button-link elementor-size-sm\" href=\"https:\/\/carole-pascal.fr\/WORDPRESS\/australie-21-avril-au-17-juillet-2014\/\">\n\t\t\t\t\t\t<span class=\"elementor-button-content-wrapper\">\n\t\t\t\t\t\t\t\t\t<span class=\"elementor-button-text\">Revenir au menu pr\u00e9c\u00e9dent<\/span>\n\t\t\t\t\t<\/span>\n\t\t\t\t\t<\/a>\n\t\t\t\t<\/div>\n\t\t\t\t\t\t\t\t<\/div>\n\t\t\t\t<\/div>\n\t\t\t\t\t<\/div>\n\t\t\t\t<\/div>\n\t\t<div class=\"elementor-element elementor-element-fe6fab5 e-flex e-con-boxed e-con e-parent\" data-id=\"fe6fab5\" data-element_type=\"container\" data-e-type=\"container\">\n\t\t\t\t\t<div class=\"e-con-inner\">\n\t\t\t\t<div class=\"elementor-element elementor-element-06d019a elementor-widget elementor-widget-text-editor\" data-id=\"06d019a\" data-element_type=\"widget\" data-e-type=\"widget\" data-widget_type=\"text-editor.default\">\n\t\t\t\t<div class=\"elementor-widget-container\">\n\t\t\t\t\t\t\t\t\t<p>02.06.2014 (Beechworth \u00e0 Bairnsdale) : <a href=\"https:\/\/carole-pascal.fr\/WORDPRESS\/wp-content\/uploads\/2024\/06\/2014-06-02.pdf\" target=\"_blank\" rel=\"noopener\">Liste oiseaux<\/a><br \/>03.06.2014 (Gippsland) : <a href=\"https:\/\/carole-pascal.fr\/WORDPRESS\/wp-content\/uploads\/2024\/06\/2014-06-03.pdf\" target=\"_blank\" rel=\"noopener\">Liste oiseaux<\/a>, Chauve-souris (Grey-headed Flying-fox), Kangourous, Lapins<br \/>04.06.2014 (Gippsland, Wilson&rsquo;s promontory) : <a href=\"https:\/\/carole-pascal.fr\/WORDPRESS\/wp-content\/uploads\/2024\/06\/2014-06-04.pdf\" target=\"_blank\" rel=\"noopener\">Liste oiseaux<\/a>, Kangourous, 1 wombat<br \/>05.06.2014 (Phillip Island) : <a href=\"https:\/\/carole-pascal.fr\/WORDPRESS\/wp-content\/uploads\/2024\/06\/2014-06-05.pdf\" target=\"_blank\" rel=\"noopener\">Liste oiseaux<\/a>, Wallabies<br \/>06.06.2014 (Phillip Island, Lac Eildon) : <a href=\"https:\/\/carole-pascal.fr\/WORDPRESS\/wp-content\/uploads\/2024\/06\/2014-06-06.pdf\" target=\"_blank\" rel=\"noopener\">Liste oiseaux<\/a>, Wallabies, Lapins, Otaries \u00e0 fourrure d&rsquo;Australie<br \/>07.06.2014 (Eildon et Dandenong Range) : <a href=\"https:\/\/carole-pascal.fr\/WORDPRESS\/wp-content\/uploads\/2024\/06\/2014-06-07.pdf\" target=\"_blank\" rel=\"noopener\">Liste oiseaux<\/a>, Lapins<br \/>08.06.2014 (Melbourne) : <a href=\"https:\/\/carole-pascal.fr\/WORDPRESS\/wp-content\/uploads\/2024\/06\/2014-06-08.pdf\" target=\"_blank\" rel=\"noopener\">Liste oiseaux<\/a><br \/>09.06.2014 (Melbourne) : <a href=\"https:\/\/carole-pascal.fr\/WORDPRESS\/wp-content\/uploads\/2024\/06\/2014-06-09.pdf\" target=\"_blank\" rel=\"noopener\">Liste oiseaux<\/a><br \/>10.06.2014 (Organ Pipes, Ballarat) : <a href=\"https:\/\/carole-pascal.fr\/WORDPRESS\/wp-content\/uploads\/2024\/06\/2014-06-10.pdf\" target=\"_blank\" rel=\"noopener\">Liste oiseaux<\/a>, 1 wallaby noir<br \/>11.06.2014 (Brisbane ranges, You Yangs, Avalon beach) : <a href=\"https:\/\/carole-pascal.fr\/WORDPRESS\/wp-content\/uploads\/2024\/06\/2014-06-11.pdf\" target=\"_blank\" rel=\"noopener\">Liste oiseaux<\/a>, 2 kangourous<br \/>12.06.2014 (Great ocean road) : <a href=\"https:\/\/carole-pascal.fr\/WORDPRESS\/wp-content\/uploads\/2024\/06\/2014-06-12.pdf\" target=\"_blank\" rel=\"noopener\">Liste oiseaux<\/a>, 1 koala<br \/>13.06.2014 (Great ocean road) : <a href=\"https:\/\/carole-pascal.fr\/WORDPRESS\/wp-content\/uploads\/2024\/06\/2014-06-13.pdf\" target=\"_blank\" rel=\"noopener\">Liste oiseaux<\/a>, 10 koalas, 1 renard, 1 wallaby noir, Kangourous<br \/>14.06.2014 (Great ocean road) : <a href=\"https:\/\/carole-pascal.fr\/WORDPRESS\/wp-content\/uploads\/2024\/06\/2014-06-14.pdf\" target=\"_blank\" rel=\"noopener\">Liste oiseaux<\/a>, Kangourous<br \/>15.06.2014 (Warrnambool, Tower hill) : <a href=\"https:\/\/carole-pascal.fr\/WORDPRESS\/wp-content\/uploads\/2024\/06\/2014-06-15.pdf\" target=\"_blank\" rel=\"noopener\">Liste oiseaux<\/a>, lapins, wallabies noirs, Kangourous, 4 koalas dont 1 jeune<br \/>16.06.2014 (de Port Fairy \u00e0 Portland) : <a href=\"https:\/\/carole-pascal.fr\/WORDPRESS\/wp-content\/uploads\/2024\/06\/2014-06-16.pdf\" target=\"_blank\" rel=\"noopener\">Liste oiseaux<\/a>, Kangourous, 2 wallabies noirs, 3 baleines franches dont 1 jeune, Otaries \u00e0 fourrures jouant dans les vagues<\/p>\t\t\t\t\t\t\t\t<\/div>\n\t\t\t\t<\/div>\n\t\t\t\t\t<\/div>\n\t\t\t\t<\/div>\n\t\t<div class=\"elementor-element elementor-element-fef3abd e-con-full e-flex e-con e-parent\" data-id=\"fef3abd\" data-element_type=\"container\" data-e-type=\"container\">\n\t\t\t\t<div class=\"elementor-element elementor-element-09c4c51 elementor-widget elementor-widget-image\" data-id=\"09c4c51\" data-element_type=\"widget\" data-e-type=\"widget\" data-widget_type=\"image.default\">\n\t\t\t\t<div class=\"elementor-widget-container\">\n\t\t\t\t\t\t\t\t\t\t\t\t\t\t\t<img fetchpriority=\"high\" width=\"1024\" height=\"683\"  class=\"attachment-large size-large wp-image-57174 lws-optimize-lazyload\" alt=\"\" srcset=\"https:\/\/carole-pascal.fr\/WORDPRESS\/wp-content\/uploads\/2025\/02\/41_20140615-1024x683.jpg 1024w, https:\/\/carole-pascal.fr\/WORDPRESS\/wp-content\/uploads\/2025\/02\/41_20140615-300x200.jpg 300w, https:\/\/carole-pascal.fr\/WORDPRESS\/wp-content\/uploads\/2025\/02\/41_20140615-768x512.jpg 768w, https:\/\/carole-pascal.fr\/WORDPRESS\/wp-content\/uploads\/2025\/02\/41_20140615-1536x1024.jpg 1536w, https:\/\/carole-pascal.fr\/WORDPRESS\/wp-content\/uploads\/2025\/02\/41_20140615-2048x1365.jpg 2048w\" sizes=\"(max-width: 1024px) 100vw, 1024px\" \/ data-src=\"https:\/\/carole-pascal.fr\/WORDPRESS\/wp-content\/uploads\/2025\/02\/41_20140615-1024x683.jpg\">\t\t\t\t\t\t\t\t\t\t\t\t\t\t\t<\/div>\n\t\t\t\t<\/div>\n\t\t\t\t<\/div>\n\t\t\t\t<\/div>\n\t\t","protected":false},"excerpt":{"rendered":"<p>Revenir au menu pr\u00e9c\u00e9dent 02.06.2014 (Beechworth \u00e0 Bairnsdale) : Liste oiseaux03.06.2014 (Gippsland) : Liste oiseaux, Chauve-souris (Grey-headed Flying-fox), Kangourous, Lapins04.06.2014 (Gippsland, Wilson&rsquo;s promontory) : Liste oiseaux, Kangourous, 1 wombat05.06.2014 (Phillip Island) : Liste oiseaux, Wallabies06.06.2014 (Phillip Island, Lac Eildon) : Liste oiseaux, Wallabies, Lapins, Otaries \u00e0 fourrure d&rsquo;Australie07.06.2014 (Eildon et Dandenong Range) : Liste oiseaux, [&hellip;]<\/p>\n","protected":false},"author":1,"featured_media":0,"parent":0,"menu_order":0,"comment_status":"closed","ping_status":"closed","template":"","meta":{"ocean_post_layout":"","ocean_both_sidebars_style":"","ocean_both_sidebars_content_width":0,"ocean_both_sidebars_sidebars_width":0,"ocean_sidebar":"","ocean_second_sidebar":"","ocean_disable_margins":"enable","ocean_add_body_class":"","ocean_shortcode_before_top_bar":"","ocean_shortcode_after_top_bar":"","ocean_shortcode_before_header":"","ocean_shortcode_after_header":"","ocean_has_shortcode":"","ocean_shortcode_after_title":"","ocean_shortcode_before_footer_widgets":"","ocean_shortcode_after_footer_widgets":"","ocean_shortcode_before_footer_bottom":"","ocean_shortcode_after_footer_bottom":"","ocean_display_top_bar":"default","ocean_display_header":"default","ocean_header_style":"","ocean_center_header_left_menu":"","ocean_custom_header_template":"","ocean_custom_logo":0,"ocean_custom_retina_logo":0,"ocean_custom_logo_max_width":0,"ocean_custom_logo_tablet_max_width":0,"ocean_custom_logo_mobile_max_width":0,"ocean_custom_logo_max_height":0,"ocean_custom_logo_tablet_max_height":0,"ocean_custom_logo_mobile_max_height":0,"ocean_header_custom_menu":"","ocean_menu_typo_font_family":"","ocean_menu_typo_font_subset":"","ocean_menu_typo_font_size":0,"ocean_menu_typo_font_size_tablet":0,"ocean_menu_typo_font_size_mobile":0,"ocean_menu_typo_font_size_unit":"px","ocean_menu_typo_font_weight":"","ocean_menu_typo_font_weight_tablet":"","ocean_menu_typo_font_weight_mobile":"","ocean_menu_typo_transform":"","ocean_menu_typo_transform_tablet":"","ocean_menu_typo_transform_mobile":"","ocean_menu_typo_line_height":0,"ocean_menu_typo_line_height_tablet":0,"ocean_menu_typo_line_height_mobile":0,"ocean_menu_typo_line_height_unit":"","ocean_menu_typo_spacing":0,"ocean_menu_typo_spacing_tablet":0,"ocean_menu_typo_spacing_mobile":0,"ocean_menu_typo_spacing_unit":"","ocean_menu_link_color":"","ocean_menu_link_color_hover":"","ocean_menu_link_color_active":"","ocean_menu_link_background":"","ocean_menu_link_hover_background":"","ocean_menu_link_active_background":"","ocean_menu_social_links_bg":"","ocean_menu_social_hover_links_bg":"","ocean_menu_social_links_color":"","ocean_menu_social_hover_links_color":"","ocean_disable_title":"default","ocean_disable_heading":"default","ocean_post_title":"","ocean_post_subheading":"","ocean_post_title_style":"","ocean_post_title_background_color":"","ocean_post_title_background":0,"ocean_post_title_bg_image_position":"","ocean_post_title_bg_image_attachment":"","ocean_post_title_bg_image_repeat":"","ocean_post_title_bg_image_size":"","ocean_post_title_height":0,"ocean_post_title_bg_overlay":0.5,"ocean_post_title_bg_overlay_color":"","ocean_disable_breadcrumbs":"default","ocean_breadcrumbs_color":"","ocean_breadcrumbs_separator_color":"","ocean_breadcrumbs_links_color":"","ocean_breadcrumbs_links_hover_color":"","ocean_display_footer_widgets":"default","ocean_display_footer_bottom":"default","ocean_custom_footer_template":"","footnotes":""},"class_list":["post-43535","page","type-page","status-publish","hentry","entry"],"_links":{"self":[{"href":"https:\/\/carole-pascal.fr\/WORDPRESS\/wp-json\/wp\/v2\/pages\/43535","targetHints":{"allow":["GET"]}}],"collection":[{"href":"https:\/\/carole-pascal.fr\/WORDPRESS\/wp-json\/wp\/v2\/pages"}],"about":[{"href":"https:\/\/carole-pascal.fr\/WORDPRESS\/wp-json\/wp\/v2\/types\/page"}],"author":[{"embeddable":true,"href":"https:\/\/carole-pascal.fr\/WORDPRESS\/wp-json\/wp\/v2\/users\/1"}],"replies":[{"embeddable":true,"href":"https:\/\/carole-pascal.fr\/WORDPRESS\/wp-json\/wp\/v2\/comments?post=43535"}],"version-history":[{"count":0,"href":"https:\/\/carole-pascal.fr\/WORDPRESS\/wp-json\/wp\/v2\/pages\/43535\/revisions"}],"wp:attachment":[{"href":"https:\/\/carole-pascal.fr\/WORDPRESS\/wp-json\/wp\/v2\/media?parent=43535"}],"curies":[{"name":"wp","href":"https:\/\/api.w.org\/{rel}","templated":true}]}}