{"id":43568,"date":"2024-07-10T16:03:13","date_gmt":"2024-07-10T14:03:13","guid":{"rendered":"https:\/\/carole-pascal.fr\/WORDPRESS\/?page_id=43568"},"modified":"2025-02-28T16:13:02","modified_gmt":"2025-02-28T15:13:02","slug":"australie-21-avril-au-17-juillet-2014-photos","status":"publish","type":"page","link":"https:\/\/carole-pascal.fr\/WORDPRESS\/australie-21-avril-au-17-juillet-2014-photos\/","title":{"rendered":"Australie \u2013 21 avril au 17 juillet 2014 &#8211; Photos"},"content":{"rendered":"\t\t<div data-elementor-type=\"wp-page\" data-elementor-id=\"43568\" class=\"elementor elementor-43568\">\n\t\t\t\t<div class=\"elementor-element elementor-element-80ae53a e-flex e-con-boxed e-con e-parent\" data-id=\"80ae53a\" data-element_type=\"container\" data-e-type=\"container\">\n\t\t\t\t\t<div class=\"e-con-inner\">\n\t\t\t\t<div class=\"elementor-element elementor-element-4c7228a1 elementor-align-center elementor-widget elementor-widget-button\" data-id=\"4c7228a1\" data-element_type=\"widget\" data-e-type=\"widget\" data-widget_type=\"button.default\">\n\t\t\t\t<div class=\"elementor-widget-container\">\n\t\t\t\t\t\t\t\t\t<div class=\"elementor-button-wrapper\">\n\t\t\t\t\t<a class=\"elementor-button elementor-button-link elementor-size-sm\" href=\"https:\/\/carole-pascal.fr\/WORDPRESS\/australie-21-avril-au-17-juillet-2014\/\">\n\t\t\t\t\t\t<span class=\"elementor-button-content-wrapper\">\n\t\t\t\t\t\t\t\t\t<span class=\"elementor-button-text\">Revenir au menu pr\u00e9c\u00e9dent<\/span>\n\t\t\t\t\t<\/span>\n\t\t\t\t\t<\/a>\n\t\t\t\t<\/div>\n\t\t\t\t\t\t\t\t<\/div>\n\t\t\t\t<\/div>\n\t\t\t\t\t<\/div>\n\t\t\t\t<\/div>\n\t\t<div class=\"elementor-element elementor-element-4992097e e-flex e-con-boxed e-con e-parent\" data-id=\"4992097e\" data-element_type=\"container\" data-e-type=\"container\">\n\t\t\t\t\t<div class=\"e-con-inner\">\n\t\t<div class=\"elementor-element elementor-element-7ac4222c e-con-full e-flex e-con e-child\" data-id=\"7ac4222c\" data-element_type=\"container\" data-e-type=\"container\">\n\t\t\t\t<div class=\"elementor-element elementor-element-5e7e1504 elementor-widget elementor-widget-image\" data-id=\"5e7e1504\" data-element_type=\"widget\" data-e-type=\"widget\" data-widget_type=\"image.default\">\n\t\t\t\t<div class=\"elementor-widget-container\">\n\t\t\t\t\t\t\t\t\t\t\t\t<figure class=\"wp-caption\">\n\t\t\t\t\t\t\t\t\t\t\t<a href=\"https:\/\/carole-pascal.fr\/WORDPRESS\/australie-mammiferes-de-tasmanie\/\">\n\t\t\t\t\t\t\t<img fetchpriority=\"high\" width=\"768\" height=\"512\"  class=\"attachment-medium_large size-medium_large wp-image-58132 lws-optimize-lazyload\" alt=\"\" srcset=\"https:\/\/carole-pascal.fr\/WORDPRESS\/wp-content\/uploads\/2025\/02\/13_201404_Mammiferes-Tasmanie-768x512.jpg 768w, https:\/\/carole-pascal.fr\/WORDPRESS\/wp-content\/uploads\/2025\/02\/13_201404_Mammiferes-Tasmanie-300x200.jpg 300w, https:\/\/carole-pascal.fr\/WORDPRESS\/wp-content\/uploads\/2025\/02\/13_201404_Mammiferes-Tasmanie-1024x683.jpg 1024w, https:\/\/carole-pascal.fr\/WORDPRESS\/wp-content\/uploads\/2025\/02\/13_201404_Mammiferes-Tasmanie-1536x1024.jpg 1536w, https:\/\/carole-pascal.fr\/WORDPRESS\/wp-content\/uploads\/2025\/02\/13_201404_Mammiferes-Tasmanie-2048x1365.jpg 2048w\" sizes=\"(max-width: 768px) 100vw, 768px\" \/ data-src=\"https:\/\/carole-pascal.fr\/WORDPRESS\/wp-content\/uploads\/2025\/02\/13_201404_Mammiferes-Tasmanie-768x512.jpg\">\t\t\t\t\t\t\t\t<\/a>\n\t\t\t\t\t\t\t\t\t\t\t<figcaption class=\"widget-image-caption wp-caption-text\">Mammif\u00e8res de Tasmanie<\/figcaption>\n\t\t\t\t\t\t\t\t\t\t<\/figure>\n\t\t\t\t\t\t\t\t\t<\/div>\n\t\t\t\t<\/div>\n\t\t\t\t<\/div>\n\t\t<div class=\"elementor-element elementor-element-10c2ac32 e-con-full e-flex e-con e-child\" data-id=\"10c2ac32\" data-element_type=\"container\" data-e-type=\"container\">\n\t\t\t\t<div class=\"elementor-element elementor-element-2da8039 elementor-widget elementor-widget-image\" data-id=\"2da8039\" data-element_type=\"widget\" data-e-type=\"widget\" data-widget_type=\"image.default\">\n\t\t\t\t<div class=\"elementor-widget-container\">\n\t\t\t\t\t\t\t\t\t\t\t\t<figure class=\"wp-caption\">\n\t\t\t\t\t\t\t\t\t\t\t<a href=\"https:\/\/carole-pascal.fr\/WORDPRESS\/australie-oiseaux-de-tasmanie\/\">\n\t\t\t\t\t\t\t<img width=\"768\" height=\"512\"  class=\"attachment-medium_large size-medium_large wp-image-58157 lws-optimize-lazyload\" alt=\"\" srcset=\"https:\/\/carole-pascal.fr\/WORDPRESS\/wp-content\/uploads\/2025\/02\/25_201404_Oiseaux-Tasmanie-768x512.jpg 768w, https:\/\/carole-pascal.fr\/WORDPRESS\/wp-content\/uploads\/2025\/02\/25_201404_Oiseaux-Tasmanie-300x200.jpg 300w, https:\/\/carole-pascal.fr\/WORDPRESS\/wp-content\/uploads\/2025\/02\/25_201404_Oiseaux-Tasmanie-1024x683.jpg 1024w, https:\/\/carole-pascal.fr\/WORDPRESS\/wp-content\/uploads\/2025\/02\/25_201404_Oiseaux-Tasmanie-1536x1024.jpg 1536w, https:\/\/carole-pascal.fr\/WORDPRESS\/wp-content\/uploads\/2025\/02\/25_201404_Oiseaux-Tasmanie-2048x1365.jpg 2048w\" sizes=\"(max-width: 768px) 100vw, 768px\" \/ data-src=\"https:\/\/carole-pascal.fr\/WORDPRESS\/wp-content\/uploads\/2025\/02\/25_201404_Oiseaux-Tasmanie-768x512.jpg\">\t\t\t\t\t\t\t\t<\/a>\n\t\t\t\t\t\t\t\t\t\t\t<figcaption class=\"widget-image-caption wp-caption-text\">Oiseaux de Tasmanie<\/figcaption>\n\t\t\t\t\t\t\t\t\t\t<\/figure>\n\t\t\t\t\t\t\t\t\t<\/div>\n\t\t\t\t<\/div>\n\t\t\t\t<\/div>\n\t\t<div class=\"elementor-element elementor-element-99b77bf e-con-full e-flex e-con e-child\" data-id=\"99b77bf\" data-element_type=\"container\" data-e-type=\"container\">\n\t\t\t\t<div class=\"elementor-element elementor-element-e6364cf elementor-widget elementor-widget-image\" data-id=\"e6364cf\" data-element_type=\"widget\" data-e-type=\"widget\" data-widget_type=\"image.default\">\n\t\t\t\t<div class=\"elementor-widget-container\">\n\t\t\t\t\t\t\t\t\t\t\t\t<figure class=\"wp-caption\">\n\t\t\t\t\t\t\t\t\t\t\t<a href=\"https:\/\/carole-pascal.fr\/WORDPRESS\/australie-mammiferes-daustralie-continentale-reptiles-batraciens\/\">\n\t\t\t\t\t\t\t<img width=\"768\" height=\"512\"  class=\"attachment-medium_large size-medium_large wp-image-58530 lws-optimize-lazyload\" alt=\"\" srcset=\"https:\/\/carole-pascal.fr\/WORDPRESS\/wp-content\/uploads\/2025\/02\/20_2014_Australie-768x512.jpg 768w, https:\/\/carole-pascal.fr\/WORDPRESS\/wp-content\/uploads\/2025\/02\/20_2014_Australie-300x200.jpg 300w, https:\/\/carole-pascal.fr\/WORDPRESS\/wp-content\/uploads\/2025\/02\/20_2014_Australie-1024x683.jpg 1024w, https:\/\/carole-pascal.fr\/WORDPRESS\/wp-content\/uploads\/2025\/02\/20_2014_Australie-1536x1024.jpg 1536w, https:\/\/carole-pascal.fr\/WORDPRESS\/wp-content\/uploads\/2025\/02\/20_2014_Australie-2048x1365.jpg 2048w\" sizes=\"(max-width: 768px) 100vw, 768px\" \/ data-src=\"https:\/\/carole-pascal.fr\/WORDPRESS\/wp-content\/uploads\/2025\/02\/20_2014_Australie-768x512.jpg\">\t\t\t\t\t\t\t\t<\/a>\n\t\t\t\t\t\t\t\t\t\t\t<figcaption class=\"widget-image-caption wp-caption-text\">Mammif\u00e8res d'Australie continentale + reptiles + batraciens<\/figcaption>\n\t\t\t\t\t\t\t\t\t\t<\/figure>\n\t\t\t\t\t\t\t\t\t<\/div>\n\t\t\t\t<\/div>\n\t\t\t\t<\/div>\n\t\t<div class=\"elementor-element elementor-element-298b150 e-con-full e-flex e-con e-child\" data-id=\"298b150\" data-element_type=\"container\" data-e-type=\"container\">\n\t\t\t\t<div class=\"elementor-element elementor-element-d3ea55d elementor-widget elementor-widget-image\" data-id=\"d3ea55d\" data-element_type=\"widget\" data-e-type=\"widget\" data-widget_type=\"image.default\">\n\t\t\t\t<div class=\"elementor-widget-container\">\n\t\t\t\t\t\t\t\t\t\t\t\t<figure class=\"wp-caption\">\n\t\t\t\t\t\t\t\t\t\t\t<a href=\"https:\/\/carole-pascal.fr\/WORDPRESS\/australie-oiseaux-du-queensland\/\">\n\t\t\t\t\t\t\t<img loading=\"lazy\" width=\"768\" height=\"525\"  class=\"attachment-medium_large size-medium_large wp-image-58683 lws-optimize-lazyload\" alt=\"\" srcset=\"https:\/\/carole-pascal.fr\/WORDPRESS\/wp-content\/uploads\/2025\/02\/15_2014_Australie_Queensland_oiseaux-768x525.jpg 768w, https:\/\/carole-pascal.fr\/WORDPRESS\/wp-content\/uploads\/2025\/02\/15_2014_Australie_Queensland_oiseaux-300x205.jpg 300w, https:\/\/carole-pascal.fr\/WORDPRESS\/wp-content\/uploads\/2025\/02\/15_2014_Australie_Queensland_oiseaux-1024x700.jpg 1024w, https:\/\/carole-pascal.fr\/WORDPRESS\/wp-content\/uploads\/2025\/02\/15_2014_Australie_Queensland_oiseaux-1536x1050.jpg 1536w, https:\/\/carole-pascal.fr\/WORDPRESS\/wp-content\/uploads\/2025\/02\/15_2014_Australie_Queensland_oiseaux-2048x1400.jpg 2048w\" sizes=\"(max-width: 768px) 100vw, 768px\" \/ data-src=\"https:\/\/carole-pascal.fr\/WORDPRESS\/wp-content\/uploads\/2025\/02\/15_2014_Australie_Queensland_oiseaux-768x525.jpg\">\t\t\t\t\t\t\t\t<\/a>\n\t\t\t\t\t\t\t\t\t\t\t<figcaption class=\"widget-image-caption wp-caption-text\">Oiseaux du Queensland<\/figcaption>\n\t\t\t\t\t\t\t\t\t\t<\/figure>\n\t\t\t\t\t\t\t\t\t<\/div>\n\t\t\t\t<\/div>\n\t\t\t\t<\/div>\n\t\t<div class=\"elementor-element elementor-element-e3aae55 e-con-full e-flex e-con e-child\" data-id=\"e3aae55\" data-element_type=\"container\" data-e-type=\"container\">\n\t\t\t\t<div class=\"elementor-element elementor-element-1ef0b4f elementor-widget elementor-widget-image\" data-id=\"1ef0b4f\" data-element_type=\"widget\" data-e-type=\"widget\" data-widget_type=\"image.default\">\n\t\t\t\t<div class=\"elementor-widget-container\">\n\t\t\t\t\t\t\t\t\t\t\t\t<figure class=\"wp-caption\">\n\t\t\t\t\t\t\t\t\t\t\t<a href=\"https:\/\/carole-pascal.fr\/WORDPRESS\/australie-oiseaux-de-nouvelle-galles-du-sud\/\">\n\t\t\t\t\t\t\t<img loading=\"lazy\" width=\"768\" height=\"535\"  class=\"attachment-medium_large size-medium_large wp-image-58605 lws-optimize-lazyload\" alt=\"\" srcset=\"https:\/\/carole-pascal.fr\/WORDPRESS\/wp-content\/uploads\/2025\/02\/30_2014_Australie_Nouvelle-Galles-du-Sud_oiseaux-768x535.jpg 768w, https:\/\/carole-pascal.fr\/WORDPRESS\/wp-content\/uploads\/2025\/02\/30_2014_Australie_Nouvelle-Galles-du-Sud_oiseaux-300x209.jpg 300w, https:\/\/carole-pascal.fr\/WORDPRESS\/wp-content\/uploads\/2025\/02\/30_2014_Australie_Nouvelle-Galles-du-Sud_oiseaux-1024x713.jpg 1024w, https:\/\/carole-pascal.fr\/WORDPRESS\/wp-content\/uploads\/2025\/02\/30_2014_Australie_Nouvelle-Galles-du-Sud_oiseaux-1536x1070.jpg 1536w, https:\/\/carole-pascal.fr\/WORDPRESS\/wp-content\/uploads\/2025\/02\/30_2014_Australie_Nouvelle-Galles-du-Sud_oiseaux-2048x1427.jpg 2048w\" sizes=\"(max-width: 768px) 100vw, 768px\" \/ data-src=\"https:\/\/carole-pascal.fr\/WORDPRESS\/wp-content\/uploads\/2025\/02\/30_2014_Australie_Nouvelle-Galles-du-Sud_oiseaux-768x535.jpg\">\t\t\t\t\t\t\t\t<\/a>\n\t\t\t\t\t\t\t\t\t\t\t<figcaption class=\"widget-image-caption wp-caption-text\">Oiseaux de Nouvelle-Galles-du-sud<\/figcaption>\n\t\t\t\t\t\t\t\t\t\t<\/figure>\n\t\t\t\t\t\t\t\t\t<\/div>\n\t\t\t\t<\/div>\n\t\t\t\t<\/div>\n\t\t<div class=\"elementor-element elementor-element-fe6afb1 e-con-full e-flex e-con e-child\" data-id=\"fe6afb1\" data-element_type=\"container\" data-e-type=\"container\">\n\t\t\t\t<div class=\"elementor-element elementor-element-b5a812c elementor-widget elementor-widget-image\" data-id=\"b5a812c\" data-element_type=\"widget\" data-e-type=\"widget\" data-widget_type=\"image.default\">\n\t\t\t\t<div class=\"elementor-widget-container\">\n\t\t\t\t\t\t\t\t\t\t\t\t<figure class=\"wp-caption\">\n\t\t\t\t\t\t\t\t\t\t\t<a href=\"https:\/\/carole-pascal.fr\/WORDPRESS\/australie-oiseaux-du-victoria-et-canberra\/\">\n\t\t\t\t\t\t\t<img loading=\"lazy\" width=\"768\" height=\"512\"  class=\"attachment-medium_large size-medium_large wp-image-58720 lws-optimize-lazyload\" alt=\"\" srcset=\"https:\/\/carole-pascal.fr\/WORDPRESS\/wp-content\/uploads\/2025\/02\/25_2014_Australie_Victoria-Canberra_oiseaux-768x512.jpg 768w, https:\/\/carole-pascal.fr\/WORDPRESS\/wp-content\/uploads\/2025\/02\/25_2014_Australie_Victoria-Canberra_oiseaux-300x200.jpg 300w, https:\/\/carole-pascal.fr\/WORDPRESS\/wp-content\/uploads\/2025\/02\/25_2014_Australie_Victoria-Canberra_oiseaux-1024x683.jpg 1024w, https:\/\/carole-pascal.fr\/WORDPRESS\/wp-content\/uploads\/2025\/02\/25_2014_Australie_Victoria-Canberra_oiseaux-1536x1024.jpg 1536w, https:\/\/carole-pascal.fr\/WORDPRESS\/wp-content\/uploads\/2025\/02\/25_2014_Australie_Victoria-Canberra_oiseaux-2048x1365.jpg 2048w\" sizes=\"(max-width: 768px) 100vw, 768px\" \/ data-src=\"https:\/\/carole-pascal.fr\/WORDPRESS\/wp-content\/uploads\/2025\/02\/25_2014_Australie_Victoria-Canberra_oiseaux-768x512.jpg\">\t\t\t\t\t\t\t\t<\/a>\n\t\t\t\t\t\t\t\t\t\t\t<figcaption class=\"widget-image-caption wp-caption-text\">Oiseaux du Victoria et Canberra<\/figcaption>\n\t\t\t\t\t\t\t\t\t\t<\/figure>\n\t\t\t\t\t\t\t\t\t<\/div>\n\t\t\t\t<\/div>\n\t\t\t\t<\/div>\n\t\t<div class=\"elementor-element elementor-element-a991005 e-con-full e-flex e-con e-child\" data-id=\"a991005\" data-element_type=\"container\" data-e-type=\"container\">\n\t\t\t\t<div class=\"elementor-element elementor-element-82f76a2 elementor-widget elementor-widget-image\" data-id=\"82f76a2\" data-element_type=\"widget\" data-e-type=\"widget\" data-widget_type=\"image.default\">\n\t\t\t\t<div class=\"elementor-widget-container\">\n\t\t\t\t\t\t\t\t\t\t\t\t<figure class=\"wp-caption\">\n\t\t\t\t\t\t\t\t\t\t\t<a href=\"https:\/\/carole-pascal.fr\/WORDPRESS\/australie-oiseaux-daustralie-meridionale\/\">\n\t\t\t\t\t\t\t<img loading=\"lazy\" width=\"768\" height=\"512\"  class=\"attachment-medium_large size-medium_large wp-image-58561 lws-optimize-lazyload\" alt=\"\" srcset=\"https:\/\/carole-pascal.fr\/WORDPRESS\/wp-content\/uploads\/2025\/02\/13_2014_Australie_meridionale_oiseaux-768x512.jpg 768w, https:\/\/carole-pascal.fr\/WORDPRESS\/wp-content\/uploads\/2025\/02\/13_2014_Australie_meridionale_oiseaux-300x200.jpg 300w, https:\/\/carole-pascal.fr\/WORDPRESS\/wp-content\/uploads\/2025\/02\/13_2014_Australie_meridionale_oiseaux-1024x683.jpg 1024w, https:\/\/carole-pascal.fr\/WORDPRESS\/wp-content\/uploads\/2025\/02\/13_2014_Australie_meridionale_oiseaux-1536x1024.jpg 1536w, https:\/\/carole-pascal.fr\/WORDPRESS\/wp-content\/uploads\/2025\/02\/13_2014_Australie_meridionale_oiseaux-2048x1365.jpg 2048w\" sizes=\"(max-width: 768px) 100vw, 768px\" \/ data-src=\"https:\/\/carole-pascal.fr\/WORDPRESS\/wp-content\/uploads\/2025\/02\/13_2014_Australie_meridionale_oiseaux-768x512.jpg\">\t\t\t\t\t\t\t\t<\/a>\n\t\t\t\t\t\t\t\t\t\t\t<figcaption class=\"widget-image-caption wp-caption-text\">Oiseaux d'Australie m\u00e9ridionale<\/figcaption>\n\t\t\t\t\t\t\t\t\t\t<\/figure>\n\t\t\t\t\t\t\t\t\t<\/div>\n\t\t\t\t<\/div>\n\t\t\t\t<\/div>\n\t\t<div class=\"elementor-element elementor-element-ec687c5 e-con-full e-flex e-con e-child\" data-id=\"ec687c5\" data-element_type=\"container\" data-e-type=\"container\">\n\t\t\t\t<div class=\"elementor-element elementor-element-34f861f elementor-widget elementor-widget-image\" data-id=\"34f861f\" data-element_type=\"widget\" data-e-type=\"widget\" data-widget_type=\"image.default\">\n\t\t\t\t<div class=\"elementor-widget-container\">\n\t\t\t\t\t\t\t\t\t\t\t\t<figure class=\"wp-caption\">\n\t\t\t\t\t\t\t\t\t\t\t<a href=\"https:\/\/carole-pascal.fr\/WORDPRESS\/australie-oiseaux-du-territoire-du-nord\/\">\n\t\t\t\t\t\t\t<img loading=\"lazy\" width=\"768\" height=\"512\"  class=\"attachment-medium_large size-medium_large wp-image-58816 lws-optimize-lazyload\" alt=\"\" srcset=\"https:\/\/carole-pascal.fr\/WORDPRESS\/wp-content\/uploads\/2025\/02\/23_201406_Oiseaux_Territoires-Nord-768x512.jpg 768w, https:\/\/carole-pascal.fr\/WORDPRESS\/wp-content\/uploads\/2025\/02\/23_201406_Oiseaux_Territoires-Nord-300x200.jpg 300w, https:\/\/carole-pascal.fr\/WORDPRESS\/wp-content\/uploads\/2025\/02\/23_201406_Oiseaux_Territoires-Nord-1024x683.jpg 1024w, https:\/\/carole-pascal.fr\/WORDPRESS\/wp-content\/uploads\/2025\/02\/23_201406_Oiseaux_Territoires-Nord-1536x1024.jpg 1536w, https:\/\/carole-pascal.fr\/WORDPRESS\/wp-content\/uploads\/2025\/02\/23_201406_Oiseaux_Territoires-Nord-2048x1365.jpg 2048w\" sizes=\"(max-width: 768px) 100vw, 768px\" \/ data-src=\"https:\/\/carole-pascal.fr\/WORDPRESS\/wp-content\/uploads\/2025\/02\/23_201406_Oiseaux_Territoires-Nord-768x512.jpg\">\t\t\t\t\t\t\t\t<\/a>\n\t\t\t\t\t\t\t\t\t\t\t<figcaption class=\"widget-image-caption wp-caption-text\">Oiseaux du Territoire du nord<\/figcaption>\n\t\t\t\t\t\t\t\t\t\t<\/figure>\n\t\t\t\t\t\t\t\t\t<\/div>\n\t\t\t\t<\/div>\n\t\t\t\t<\/div>\n\t\t<div class=\"elementor-element elementor-element-41a1099 e-con-full e-flex e-con e-child\" data-id=\"41a1099\" data-element_type=\"container\" data-e-type=\"container\">\n\t\t\t\t<div class=\"elementor-element elementor-element-417afc5 elementor-widget elementor-widget-image\" data-id=\"417afc5\" data-element_type=\"widget\" data-e-type=\"widget\" data-widget_type=\"image.default\">\n\t\t\t\t<div class=\"elementor-widget-container\">\n\t\t\t\t\t\t\t\t\t\t\t\t<figure class=\"wp-caption\">\n\t\t\t\t\t\t\t\t\t\t\t<a href=\"https:\/\/carole-pascal.fr\/WORDPRESS\/australie-insectes\/\">\n\t\t\t\t\t\t\t<img loading=\"lazy\" width=\"768\" height=\"512\"  class=\"attachment-medium_large size-medium_large wp-image-58510 lws-optimize-lazyload\" alt=\"\" srcset=\"https:\/\/carole-pascal.fr\/WORDPRESS\/wp-content\/uploads\/2025\/02\/19_2014_Australie_insectes-768x512.jpg 768w, https:\/\/carole-pascal.fr\/WORDPRESS\/wp-content\/uploads\/2025\/02\/19_2014_Australie_insectes-300x200.jpg 300w, https:\/\/carole-pascal.fr\/WORDPRESS\/wp-content\/uploads\/2025\/02\/19_2014_Australie_insectes-1024x683.jpg 1024w, https:\/\/carole-pascal.fr\/WORDPRESS\/wp-content\/uploads\/2025\/02\/19_2014_Australie_insectes-1536x1024.jpg 1536w, https:\/\/carole-pascal.fr\/WORDPRESS\/wp-content\/uploads\/2025\/02\/19_2014_Australie_insectes-2048x1365.jpg 2048w\" sizes=\"(max-width: 768px) 100vw, 768px\" \/ data-src=\"https:\/\/carole-pascal.fr\/WORDPRESS\/wp-content\/uploads\/2025\/02\/19_2014_Australie_insectes-768x512.jpg\">\t\t\t\t\t\t\t\t<\/a>\n\t\t\t\t\t\t\t\t\t\t\t<figcaption class=\"widget-image-caption wp-caption-text\">Insectes<\/figcaption>\n\t\t\t\t\t\t\t\t\t\t<\/figure>\n\t\t\t\t\t\t\t\t\t<\/div>\n\t\t\t\t<\/div>\n\t\t\t\t<\/div>\n\t\t<div class=\"elementor-element elementor-element-a8458d7 e-con-full e-flex e-con e-child\" data-id=\"a8458d7\" data-element_type=\"container\" data-e-type=\"container\">\n\t\t\t\t<div class=\"elementor-element elementor-element-2b248de elementor-widget elementor-widget-image\" data-id=\"2b248de\" data-element_type=\"widget\" data-e-type=\"widget\" data-widget_type=\"image.default\">\n\t\t\t\t<div class=\"elementor-widget-container\">\n\t\t\t\t\t\t\t\t\t\t\t\t<figure class=\"wp-caption\">\n\t\t\t\t\t\t\t\t\t\t\t<a href=\"https:\/\/carole-pascal.fr\/WORDPRESS\/australie-flore\/\">\n\t\t\t\t\t\t\t<img loading=\"lazy\" width=\"768\" height=\"510\"  class=\"attachment-medium_large size-medium_large wp-image-58786 lws-optimize-lazyload\" alt=\"\" srcset=\"https:\/\/carole-pascal.fr\/WORDPRESS\/wp-content\/uploads\/2025\/02\/58_2014_Australie_Flore-768x510.jpg 768w, https:\/\/carole-pascal.fr\/WORDPRESS\/wp-content\/uploads\/2025\/02\/58_2014_Australie_Flore-300x199.jpg 300w, https:\/\/carole-pascal.fr\/WORDPRESS\/wp-content\/uploads\/2025\/02\/58_2014_Australie_Flore-1024x680.jpg 1024w, https:\/\/carole-pascal.fr\/WORDPRESS\/wp-content\/uploads\/2025\/02\/58_2014_Australie_Flore-1536x1020.jpg 1536w, https:\/\/carole-pascal.fr\/WORDPRESS\/wp-content\/uploads\/2025\/02\/58_2014_Australie_Flore-2048x1360.jpg 2048w\" sizes=\"(max-width: 768px) 100vw, 768px\" \/ data-src=\"https:\/\/carole-pascal.fr\/WORDPRESS\/wp-content\/uploads\/2025\/02\/58_2014_Australie_Flore-768x510.jpg\">\t\t\t\t\t\t\t\t<\/a>\n\t\t\t\t\t\t\t\t\t\t\t<figcaption class=\"widget-image-caption wp-caption-text\">Flore<\/figcaption>\n\t\t\t\t\t\t\t\t\t\t<\/figure>\n\t\t\t\t\t\t\t\t\t<\/div>\n\t\t\t\t<\/div>\n\t\t\t\t<\/div>\n\t\t\t\t\t<\/div>\n\t\t\t\t<\/div>\n\t\t\t\t<\/div>\n\t\t","protected":false},"excerpt":{"rendered":"<p>Revenir au menu pr\u00e9c\u00e9dent Mammif\u00e8res de Tasmanie Oiseaux de Tasmanie Mammif\u00e8res d&rsquo;Australie continentale + reptiles + batraciens Oiseaux du Queensland Oiseaux de Nouvelle-Galles-du-sud Oiseaux du Victoria et Canberra Oiseaux d&rsquo;Australie m\u00e9ridionale Oiseaux du Territoire du nord Insectes Flore<\/p>\n","protected":false},"author":1,"featured_media":0,"parent":0,"menu_order":0,"comment_status":"closed","ping_status":"closed","template":"","meta":{"ocean_post_layout":"","ocean_both_sidebars_style":"","ocean_both_sidebars_content_width":0,"ocean_both_sidebars_sidebars_width":0,"ocean_sidebar":"","ocean_second_sidebar":"","ocean_disable_margins":"enable","ocean_add_body_class":"","ocean_shortcode_before_top_bar":"","ocean_shortcode_after_top_bar":"","ocean_shortcode_before_header":"","ocean_shortcode_after_header":"","ocean_has_shortcode":"","ocean_shortcode_after_title":"","ocean_shortcode_before_footer_widgets":"","ocean_shortcode_after_footer_widgets":"","ocean_shortcode_before_footer_bottom":"","ocean_shortcode_after_footer_bottom":"","ocean_display_top_bar":"default","ocean_display_header":"default","ocean_header_style":"","ocean_center_header_left_menu":"","ocean_custom_header_template":"","ocean_custom_logo":0,"ocean_custom_retina_logo":0,"ocean_custom_logo_max_width":0,"ocean_custom_logo_tablet_max_width":0,"ocean_custom_logo_mobile_max_width":0,"ocean_custom_logo_max_height":0,"ocean_custom_logo_tablet_max_height":0,"ocean_custom_logo_mobile_max_height":0,"ocean_header_custom_menu":"","ocean_menu_typo_font_family":"","ocean_menu_typo_font_subset":"","ocean_menu_typo_font_size":0,"ocean_menu_typo_font_size_tablet":0,"ocean_menu_typo_font_size_mobile":0,"ocean_menu_typo_font_size_unit":"px","ocean_menu_typo_font_weight":"","ocean_menu_typo_font_weight_tablet":"","ocean_menu_typo_font_weight_mobile":"","ocean_menu_typo_transform":"","ocean_menu_typo_transform_tablet":"","ocean_menu_typo_transform_mobile":"","ocean_menu_typo_line_height":0,"ocean_menu_typo_line_height_tablet":0,"ocean_menu_typo_line_height_mobile":0,"ocean_menu_typo_line_height_unit":"","ocean_menu_typo_spacing":0,"ocean_menu_typo_spacing_tablet":0,"ocean_menu_typo_spacing_mobile":0,"ocean_menu_typo_spacing_unit":"","ocean_menu_link_color":"","ocean_menu_link_color_hover":"","ocean_menu_link_color_active":"","ocean_menu_link_background":"","ocean_menu_link_hover_background":"","ocean_menu_link_active_background":"","ocean_menu_social_links_bg":"","ocean_menu_social_hover_links_bg":"","ocean_menu_social_links_color":"","ocean_menu_social_hover_links_color":"","ocean_disable_title":"default","ocean_disable_heading":"default","ocean_post_title":"","ocean_post_subheading":"","ocean_post_title_style":"","ocean_post_title_background_color":"","ocean_post_title_background":0,"ocean_post_title_bg_image_position":"","ocean_post_title_bg_image_attachment":"","ocean_post_title_bg_image_repeat":"","ocean_post_title_bg_image_size":"","ocean_post_title_height":0,"ocean_post_title_bg_overlay":0.5,"ocean_post_title_bg_overlay_color":"","ocean_disable_breadcrumbs":"default","ocean_breadcrumbs_color":"","ocean_breadcrumbs_separator_color":"","ocean_breadcrumbs_links_color":"","ocean_breadcrumbs_links_hover_color":"","ocean_display_footer_widgets":"default","ocean_display_footer_bottom":"default","ocean_custom_footer_template":"","footnotes":""},"class_list":["post-43568","page","type-page","status-publish","hentry","entry"],"_links":{"self":[{"href":"https:\/\/carole-pascal.fr\/WORDPRESS\/wp-json\/wp\/v2\/pages\/43568","targetHints":{"allow":["GET"]}}],"collection":[{"href":"https:\/\/carole-pascal.fr\/WORDPRESS\/wp-json\/wp\/v2\/pages"}],"about":[{"href":"https:\/\/carole-pascal.fr\/WORDPRESS\/wp-json\/wp\/v2\/types\/page"}],"author":[{"embeddable":true,"href":"https:\/\/carole-pascal.fr\/WORDPRESS\/wp-json\/wp\/v2\/users\/1"}],"replies":[{"embeddable":true,"href":"https:\/\/carole-pascal.fr\/WORDPRESS\/wp-json\/wp\/v2\/comments?post=43568"}],"version-history":[{"count":0,"href":"https:\/\/carole-pascal.fr\/WORDPRESS\/wp-json\/wp\/v2\/pages\/43568\/revisions"}],"wp:attachment":[{"href":"https:\/\/carole-pascal.fr\/WORDPRESS\/wp-json\/wp\/v2\/media?parent=43568"}],"curies":[{"name":"wp","href":"https:\/\/api.w.org\/{rel}","templated":true}]}}