{"id":45564,"date":"2024-10-17T14:01:25","date_gmt":"2024-10-17T12:01:25","guid":{"rendered":"https:\/\/carole-pascal.fr\/WORDPRESS\/?page_id=45564"},"modified":"2024-10-17T14:47:02","modified_gmt":"2024-10-17T12:47:02","slug":"namibie-parc-transfrontalier-de-ai-ais","status":"publish","type":"page","link":"https:\/\/carole-pascal.fr\/WORDPRESS\/namibie-parc-transfrontalier-de-ai-ais\/","title":{"rendered":"Namibie &#8211; Parc transfrontalier de Ai-Ais"},"content":{"rendered":"\t\t<div data-elementor-type=\"wp-page\" data-elementor-id=\"45564\" class=\"elementor elementor-45564\">\n\t\t\t\t<div class=\"elementor-element elementor-element-9c8bbee e-flex e-con-boxed e-con e-parent\" data-id=\"9c8bbee\" data-element_type=\"container\" data-e-type=\"container\">\n\t\t\t\t\t<div class=\"e-con-inner\">\n\t\t\t\t<div class=\"elementor-element elementor-element-394fb659 elementor-align-center elementor-widget elementor-widget-button\" data-id=\"394fb659\" data-element_type=\"widget\" data-e-type=\"widget\" data-widget_type=\"button.default\">\n\t\t\t\t<div class=\"elementor-widget-container\">\n\t\t\t\t\t\t\t\t\t<div class=\"elementor-button-wrapper\">\n\t\t\t\t\t<a class=\"elementor-button elementor-button-link elementor-size-sm\" href=\"https:\/\/carole-pascal.fr\/WORDPRESS\/namibie-parc-nationaux\/\">\n\t\t\t\t\t\t<span class=\"elementor-button-content-wrapper\">\n\t\t\t\t\t\t\t\t\t<span class=\"elementor-button-text\">Revenir au menu pr\u00e9c\u00e9dent<\/span>\n\t\t\t\t\t<\/span>\n\t\t\t\t\t<\/a>\n\t\t\t\t<\/div>\n\t\t\t\t\t\t\t\t<\/div>\n\t\t\t\t<\/div>\n\t\t\t\t\t<\/div>\n\t\t\t\t<\/div>\n\t\t<div class=\"elementor-element elementor-element-86534d4 e-flex e-con-boxed e-con e-parent\" data-id=\"86534d4\" data-element_type=\"container\" data-e-type=\"container\">\n\t\t\t\t\t<div class=\"e-con-inner\">\n\t\t\t\t<div class=\"elementor-element elementor-element-d0dceed elementor-widget elementor-widget-text-editor\" data-id=\"d0dceed\" data-element_type=\"widget\" data-e-type=\"widget\" data-widget_type=\"text-editor.default\">\n\t\t\t\t<div class=\"elementor-widget-container\">\n\t\t\t\t\t\t\t\t\t<p>Le parc de Ai-Ais au sud de la Namibie est transfrontalier avec le parc de Richtersveld en Afrique du sud. Le parc fait 4358 km2 et a \u00e9t\u00e9 fond\u00e9 en 1968. La r\u00e9union des deux parcs s&rsquo;est fait en 2003. L&rsquo;attraction principale de Ai-Ais est le canyon de la rivi\u00e8re Fish.<\/p>\t\t\t\t\t\t\t\t<\/div>\n\t\t\t\t<\/div>\n\t\t\t\t\t<\/div>\n\t\t\t\t<\/div>\n\t\t<div class=\"elementor-element elementor-element-e7d4378 e-flex e-con-boxed e-con e-parent\" data-id=\"e7d4378\" data-element_type=\"container\" data-e-type=\"container\">\n\t\t\t\t\t<div class=\"e-con-inner\">\n\t\t\t\t<div class=\"elementor-element elementor-element-77fe4e3 elementor-widget elementor-widget-image\" data-id=\"77fe4e3\" data-element_type=\"widget\" data-e-type=\"widget\" data-widget_type=\"image.default\">\n\t\t\t\t<div class=\"elementor-widget-container\">\n\t\t\t\t\t\t\t\t\t\t\t\t\t\t\t<img fetchpriority=\"high\" width=\"631\" height=\"1024\"  class=\"attachment-large size-large wp-image-45578 lws-optimize-lazyload\" alt=\"\" srcset=\"https:\/\/carole-pascal.fr\/WORDPRESS\/wp-content\/uploads\/2024\/10\/AiAis-631x1024.jpg 631w, https:\/\/carole-pascal.fr\/WORDPRESS\/wp-content\/uploads\/2024\/10\/AiAis-185x300.jpg 185w, https:\/\/carole-pascal.fr\/WORDPRESS\/wp-content\/uploads\/2024\/10\/AiAis.jpg 648w\" sizes=\"(max-width: 631px) 100vw, 631px\" \/ data-src=\"https:\/\/carole-pascal.fr\/WORDPRESS\/wp-content\/uploads\/2024\/10\/AiAis-631x1024.jpg\">\t\t\t\t\t\t\t\t\t\t\t\t\t\t\t<\/div>\n\t\t\t\t<\/div>\n\t\t\t\t\t<\/div>\n\t\t\t\t<\/div>\n\t\t<div class=\"elementor-element elementor-element-64b4fb3 e-flex e-con-boxed e-con e-parent\" data-id=\"64b4fb3\" data-element_type=\"container\" data-e-type=\"container\">\n\t\t\t\t\t<div class=\"e-con-inner\">\n\t\t\t\t<div class=\"elementor-element elementor-element-a794861 elementor-widget elementor-widget-text-editor\" data-id=\"a794861\" data-element_type=\"widget\" data-e-type=\"widget\" data-widget_type=\"text-editor.default\">\n\t\t\t\t<div class=\"elementor-widget-container\">\n\t\t\t\t\t\t\t\t\t<p>Le Fish River Canyon est connu comme le deuxi\u00e8me plus grand canyon du monde apr\u00e8s le Grand Canyon aux \u00c9tats-Unis. Ce classement d\u00e9pend des crit\u00e8res selon lesquels les canyons sont d\u00e9finis et mesur\u00e9s. Les dimensions g\u00e9n\u00e9ralement cit\u00e9es du Fish River Canyon &#8211; 160 kilom\u00e8tres de long, 27 kilom\u00e8tres de large et 550 m\u00e8tres de profondeur &#8211; sont un peu arbitraires. Quels points de ce vaste paysage d&rsquo;\u00e9rosion doivent \u00eatre consid\u00e9r\u00e9s comme ses extr\u00e9mit\u00e9s les plus \u00e9loign\u00e9es ? O\u00f9 commence-t-il \u00e0 \u00eatre un canyon et o\u00f9 se termine-t-il ?<br \/>D&rsquo;autres canyons du monde &#8211; en Am\u00e9rique, en Asie, en Australie et en Afrique du Nord &#8211; sont \u00e9galement consid\u00e9r\u00e9s comme parmi les plus grands du monde, selon que l&rsquo;on mesure leur profondeur, leur longueur, leur largeur ou une combinaison des deux. Pourtant, tout classement semble sans importance lorsque l&rsquo;on est englouti par le paysage de la Fish River. C&rsquo;est un royaume unique et singuli\u00e8rement impressionnant qui nous fait sentir tr\u00e8s petit.<br \/>La formation du canyon est aussi complexe et tortueuse que les paysages qui nous \u00e9merveillent aujourd&rsquo;hui. Le gouffre peut \u00eatre divis\u00e9 en un canyon sup\u00e9rieur plus ancien et beaucoup plus large et, \u00e0 l&rsquo;int\u00e9rieur de celui-ci, un canyon inf\u00e9rieur plus jeune, profond et \u00e9troit. Ces deux \u00e9l\u00e9ments ont \u00e9volu\u00e9 selon des processus distincts qui ont commenc\u00e9 il y a plus d&rsquo;un milliard d&rsquo;ann\u00e9es.<br \/>Les roches les plus anciennes de la r\u00e9gion font partie du complexe m\u00e9tamorphique de Namaqua, model\u00e9 entre 1400 et 1050 millions d&rsquo;ann\u00e9es au cours d&rsquo;une activit\u00e9 tectonique li\u00e9e \u00e0 la formation du supercontinent Rodinia. Le soul\u00e8vement et le plissement des s\u00e9diments accumul\u00e9s auparavant ont \u00e9t\u00e9 accompagn\u00e9s d&rsquo;intrusions granitiques, cr\u00e9ant une cro\u00fbte m\u00e9tamorphique complexe (celle-ci a \u00e9t\u00e9 expos\u00e9e par le canyon inf\u00e9rieur plus de 900 millions d&rsquo;ann\u00e9es plus tard).<br \/>Au fil du temps, le relief sur\u00e9lev\u00e9 s&rsquo;est aplani pour former une p\u00e9n\u00e9plaine sous l&rsquo;effet de l&rsquo;\u00e9rosion. Elle a ensuite \u00e9t\u00e9 recouverte par de nouvelles couches de s\u00e9diments du groupe Nama entre 600 et 540 millions d&rsquo;ann\u00e9es, lorsque la zone a \u00e9t\u00e9 inond\u00e9e par un oc\u00e9an apr\u00e8s la rupture de Rodinia. Une fois les continents r\u00e9align\u00e9s pour former le Gondwana, les forces \u00e9rosives ont commenc\u00e9 \u00e0 creuser la couche s\u00e9dimentaire d\u00e9sormais expos\u00e9e, cr\u00e9ant le canyon sup\u00e9rieur. Parmi ces forces, on peut citer l&rsquo;\u00e9rosion glaciaire pendant la glaciation de Dwyka il y a environ 300 millions d&rsquo;ann\u00e9es.<br \/>Lorsque le Gondwana s&rsquo;est d\u00e9sint\u00e9gr\u00e9 il y a 120 millions d&rsquo;ann\u00e9es, la pente de la rivi\u00e8re Fish a augment\u00e9 en raison du soul\u00e8vement et de la rupture localis\u00e9e. Cela a consid\u00e9rablement acc\u00e9l\u00e9r\u00e9 le taux d&rsquo;\u00e9rosion, for\u00e7ant la profonde entaille du canyon inf\u00e9rieur dans les roches sous-jacentes du complexe m\u00e9tamorphique de Namaqua. Les digues de dol\u00e9rite distincts qui s&rsquo;\u00e9tendent sur 100 kilom\u00e8tres \u00e0 travers le paysage ici t\u00e9moignent de l&rsquo;activit\u00e9 volcanique qui faisait partie de la m\u00e9tamorphose originelle.<br \/>Une merveilleuse l\u00e9gende Khoesan, selon laquelle le canyon a \u00e9t\u00e9 cr\u00e9\u00e9 par un serpent gargantuesque et sinueux, est une analogie appropri\u00e9e des forces g\u00e9ologiques qui ont d\u00e9plac\u00e9 ces paysages et creus\u00e9 le canyon.<br \/>La rivi\u00e8re Fish est la plus longue rivi\u00e8re \u00e9ph\u00e9m\u00e8re de Namibie, avec un bassin versant de plus de 88 000 kilom\u00e8tres carr\u00e9s. Ses sources commencent leur parcours \u00e0 l&rsquo;est de la montagne Naukluft. La rivi\u00e8re recueille les eaux saisonni\u00e8res de nombreux affluents, dont les rivi\u00e8res Hudup, Lewer, L\u00f6wen et Konkiep, avant de se jeter dans la rivi\u00e8re Orange apr\u00e8s son parcours de 635 kilom\u00e8tres. Le canyon repr\u00e9sente environ un quart de la longueur totale de la rivi\u00e8re Fish.<\/p>\t\t\t\t\t\t\t\t<\/div>\n\t\t\t\t<\/div>\n\t\t\t\t\t<\/div>\n\t\t\t\t<\/div>\n\t\t\t\t<\/div>\n\t\t","protected":false},"excerpt":{"rendered":"<p>Revenir au menu pr\u00e9c\u00e9dent Le parc de Ai-Ais au sud de la Namibie est transfrontalier avec le parc de Richtersveld en Afrique du sud. Le parc fait 4358 km2 et a \u00e9t\u00e9 fond\u00e9 en 1968. La r\u00e9union des deux parcs s&rsquo;est fait en 2003. L&rsquo;attraction principale de Ai-Ais est le canyon de la rivi\u00e8re Fish. [&hellip;]<\/p>\n","protected":false},"author":1,"featured_media":0,"parent":0,"menu_order":0,"comment_status":"closed","ping_status":"closed","template":"","meta":{"ocean_post_layout":"","ocean_both_sidebars_style":"","ocean_both_sidebars_content_width":0,"ocean_both_sidebars_sidebars_width":0,"ocean_sidebar":"","ocean_second_sidebar":"","ocean_disable_margins":"enable","ocean_add_body_class":"","ocean_shortcode_before_top_bar":"","ocean_shortcode_after_top_bar":"","ocean_shortcode_before_header":"","ocean_shortcode_after_header":"","ocean_has_shortcode":"","ocean_shortcode_after_title":"","ocean_shortcode_before_footer_widgets":"","ocean_shortcode_after_footer_widgets":"","ocean_shortcode_before_footer_bottom":"","ocean_shortcode_after_footer_bottom":"","ocean_display_top_bar":"default","ocean_display_header":"default","ocean_header_style":"","ocean_center_header_left_menu":"","ocean_custom_header_template":"","ocean_custom_logo":0,"ocean_custom_retina_logo":0,"ocean_custom_logo_max_width":0,"ocean_custom_logo_tablet_max_width":0,"ocean_custom_logo_mobile_max_width":0,"ocean_custom_logo_max_height":0,"ocean_custom_logo_tablet_max_height":0,"ocean_custom_logo_mobile_max_height":0,"ocean_header_custom_menu":"","ocean_menu_typo_font_family":"","ocean_menu_typo_font_subset":"","ocean_menu_typo_font_size":0,"ocean_menu_typo_font_size_tablet":0,"ocean_menu_typo_font_size_mobile":0,"ocean_menu_typo_font_size_unit":"px","ocean_menu_typo_font_weight":"","ocean_menu_typo_font_weight_tablet":"","ocean_menu_typo_font_weight_mobile":"","ocean_menu_typo_transform":"","ocean_menu_typo_transform_tablet":"","ocean_menu_typo_transform_mobile":"","ocean_menu_typo_line_height":0,"ocean_menu_typo_line_height_tablet":0,"ocean_menu_typo_line_height_mobile":0,"ocean_menu_typo_line_height_unit":"","ocean_menu_typo_spacing":0,"ocean_menu_typo_spacing_tablet":0,"ocean_menu_typo_spacing_mobile":0,"ocean_menu_typo_spacing_unit":"","ocean_menu_link_color":"","ocean_menu_link_color_hover":"","ocean_menu_link_color_active":"","ocean_menu_link_background":"","ocean_menu_link_hover_background":"","ocean_menu_link_active_background":"","ocean_menu_social_links_bg":"","ocean_menu_social_hover_links_bg":"","ocean_menu_social_links_color":"","ocean_menu_social_hover_links_color":"","ocean_disable_title":"default","ocean_disable_heading":"default","ocean_post_title":"","ocean_post_subheading":"","ocean_post_title_style":"","ocean_post_title_background_color":"","ocean_post_title_background":0,"ocean_post_title_bg_image_position":"","ocean_post_title_bg_image_attachment":"","ocean_post_title_bg_image_repeat":"","ocean_post_title_bg_image_size":"","ocean_post_title_height":0,"ocean_post_title_bg_overlay":0.5,"ocean_post_title_bg_overlay_color":"","ocean_disable_breadcrumbs":"default","ocean_breadcrumbs_color":"","ocean_breadcrumbs_separator_color":"","ocean_breadcrumbs_links_color":"","ocean_breadcrumbs_links_hover_color":"","ocean_display_footer_widgets":"default","ocean_display_footer_bottom":"default","ocean_custom_footer_template":"","footnotes":""},"class_list":["post-45564","page","type-page","status-publish","hentry","entry"],"_links":{"self":[{"href":"https:\/\/carole-pascal.fr\/WORDPRESS\/wp-json\/wp\/v2\/pages\/45564","targetHints":{"allow":["GET"]}}],"collection":[{"href":"https:\/\/carole-pascal.fr\/WORDPRESS\/wp-json\/wp\/v2\/pages"}],"about":[{"href":"https:\/\/carole-pascal.fr\/WORDPRESS\/wp-json\/wp\/v2\/types\/page"}],"author":[{"embeddable":true,"href":"https:\/\/carole-pascal.fr\/WORDPRESS\/wp-json\/wp\/v2\/users\/1"}],"replies":[{"embeddable":true,"href":"https:\/\/carole-pascal.fr\/WORDPRESS\/wp-json\/wp\/v2\/comments?post=45564"}],"version-history":[{"count":0,"href":"https:\/\/carole-pascal.fr\/WORDPRESS\/wp-json\/wp\/v2\/pages\/45564\/revisions"}],"wp:attachment":[{"href":"https:\/\/carole-pascal.fr\/WORDPRESS\/wp-json\/wp\/v2\/media?parent=45564"}],"curies":[{"name":"wp","href":"https:\/\/api.w.org\/{rel}","templated":true}]}}