{"id":45615,"date":"2024-10-18T14:25:25","date_gmt":"2024-10-18T12:25:25","guid":{"rendered":"https:\/\/carole-pascal.fr\/WORDPRESS\/?page_id=45615"},"modified":"2024-10-18T15:05:00","modified_gmt":"2024-10-18T13:05:00","slug":"namibie-reserve-dotaries-de-cape-cross","status":"publish","type":"page","link":"https:\/\/carole-pascal.fr\/WORDPRESS\/namibie-reserve-dotaries-de-cape-cross\/","title":{"rendered":"Namibie &#8211; R\u00e9serve d&rsquo;otaries de Cape Cross"},"content":{"rendered":"\t\t<div data-elementor-type=\"wp-page\" data-elementor-id=\"45615\" class=\"elementor elementor-45615\">\n\t\t\t\t<div class=\"elementor-element elementor-element-53edbb58 e-flex e-con-boxed e-con e-parent\" data-id=\"53edbb58\" data-element_type=\"container\" data-e-type=\"container\">\n\t\t\t\t\t<div class=\"e-con-inner\">\n\t\t\t\t<div class=\"elementor-element elementor-element-73b37b77 elementor-align-center elementor-widget elementor-widget-button\" data-id=\"73b37b77\" data-element_type=\"widget\" data-e-type=\"widget\" data-widget_type=\"button.default\">\n\t\t\t\t<div class=\"elementor-widget-container\">\n\t\t\t\t\t\t\t\t\t<div class=\"elementor-button-wrapper\">\n\t\t\t\t\t<a class=\"elementor-button elementor-button-link elementor-size-sm\" href=\"https:\/\/carole-pascal.fr\/WORDPRESS\/namibie-parc-nationaux\/\">\n\t\t\t\t\t\t<span class=\"elementor-button-content-wrapper\">\n\t\t\t\t\t\t\t\t\t<span class=\"elementor-button-text\">Revenir au menu pr\u00e9c\u00e9dent<\/span>\n\t\t\t\t\t<\/span>\n\t\t\t\t\t<\/a>\n\t\t\t\t<\/div>\n\t\t\t\t\t\t\t\t<\/div>\n\t\t\t\t<\/div>\n\t\t\t\t\t<\/div>\n\t\t\t\t<\/div>\n\t\t<div class=\"elementor-element elementor-element-a75312d e-flex e-con-boxed e-con e-parent\" data-id=\"a75312d\" data-element_type=\"container\" data-e-type=\"container\">\n\t\t\t\t\t<div class=\"e-con-inner\">\n\t\t\t\t<div class=\"elementor-element elementor-element-129d084 elementor-widget elementor-widget-text-editor\" data-id=\"129d084\" data-element_type=\"widget\" data-e-type=\"widget\" data-widget_type=\"text-editor.default\">\n\t\t\t\t<div class=\"elementor-widget-container\">\n\t\t\t\t\t\t\t\t\t<p>La c\u00f4te nord de la Namibie pr\u00e9sente peu de reliefs topographiques. Le cap de Cape Cross est l&rsquo;indentation la plus remarquable du littoral entre Walvis Bay et l&#8217;embouchure de Kunene. La base du cap rocheux qui s&rsquo;avance dans l&rsquo;Atlantique est une cr\u00eate de granit, issue de l&rsquo;\u00e9volution de la masse continentale du Gondwana il y a plus d&rsquo;un million d&rsquo;ann\u00e9es.<br \/>Le niveau de la mer et donc le littoral ont consid\u00e9rablement fluctu\u00e9 au cours des derniers mill\u00e9naires. Ce qui est aujourd&rsquo;hui le marais salant de la Dame Blanche \u00e9tait peut-\u00eatre encore une baie peu profonde avec de petites \u00eeles lorsque les Portugais ont explor\u00e9 la c\u00f4te pour la premi\u00e8re fois. Les \u00eeles \u00e9taient un refuge pour les oiseaux de mer, qui au fil des si\u00e8cles ont d\u00e9pos\u00e9 de profondes couches de guano. Au moment o\u00f9 la c\u00f4te a \u00e9t\u00e9 explor\u00e9e depuis le continent \u00e0 la fin des ann\u00e9es 1800, le littoral avait recul\u00e9. Les \u00eeles n&rsquo;\u00e9taient plus que des terres sur\u00e9lev\u00e9es dans de vastes salines. Expos\u00e9es aux pr\u00e9dateurs terrestres, les oiseaux \u00e9taient partis et le guano \u00e9tait facilement accessible.<\/p>\t\t\t\t\t\t\t\t<\/div>\n\t\t\t\t<\/div>\n\t\t\t\t\t<\/div>\n\t\t\t\t<\/div>\n\t\t<div class=\"elementor-element elementor-element-0830d88 e-flex e-con-boxed e-con e-parent\" data-id=\"0830d88\" data-element_type=\"container\" data-e-type=\"container\">\n\t\t\t\t\t<div class=\"e-con-inner\">\n\t\t\t\t<div class=\"elementor-element elementor-element-0fb4c4d elementor-widget elementor-widget-image\" data-id=\"0fb4c4d\" data-element_type=\"widget\" data-e-type=\"widget\" data-widget_type=\"image.default\">\n\t\t\t\t<div class=\"elementor-widget-container\">\n\t\t\t\t\t\t\t\t\t\t\t\t\t\t\t<img fetchpriority=\"high\" width=\"365\" height=\"427\"  class=\"attachment-large size-large wp-image-45613 lws-optimize-lazyload\" alt=\"\" srcset=\"https:\/\/carole-pascal.fr\/WORDPRESS\/wp-content\/uploads\/2024\/10\/CapeCross.jpg 365w, https:\/\/carole-pascal.fr\/WORDPRESS\/wp-content\/uploads\/2024\/10\/CapeCross-256x300.jpg 256w\" sizes=\"(max-width: 365px) 100vw, 365px\" \/ data-src=\"https:\/\/carole-pascal.fr\/WORDPRESS\/wp-content\/uploads\/2024\/10\/CapeCross.jpg\">\t\t\t\t\t\t\t\t\t\t\t\t\t\t\t<\/div>\n\t\t\t\t<\/div>\n\t\t\t\t\t<\/div>\n\t\t\t\t<\/div>\n\t\t<div class=\"elementor-element elementor-element-1342d4c e-flex e-con-boxed e-con e-parent\" data-id=\"1342d4c\" data-element_type=\"container\" data-e-type=\"container\">\n\t\t\t\t\t<div class=\"e-con-inner\">\n\t\t\t\t<div class=\"elementor-element elementor-element-b2e58a4 elementor-widget elementor-widget-text-editor\" data-id=\"b2e58a4\" data-element_type=\"widget\" data-e-type=\"widget\" data-widget_type=\"text-editor.default\">\n\t\t\t\t<div class=\"elementor-widget-container\">\n\t\t\t\t\t\t\t\t\t<p>La r\u00e9serve de Cape Cross a \u00e9t\u00e9 cr\u00e9\u00e9e en 1969 pour prot\u00e9ger la colonie d&rsquo;otaries \u00e0 fourrure du Cap. Pendant la p\u00e9riode de reproduction, le nombre d&rsquo;otaries \u00e0 fourrure peut d\u00e9passer 200 000 individus. De telles colonies reproductrices continentales de grande taille \u00e9taient rares ou absentes lors des premi\u00e8res \u00e9tudes europ\u00e9ennes sur cette c\u00f4te. Les colonies \u00e9taient limit\u00e9es aux \u00eeles et on suppose que les chasseurs-cueilleurs vivant le long de la c\u00f4te et les pr\u00e9dateurs tels que les lions ont pu inhiber les colonies sur le continent.<br \/>L&rsquo;\u00e9tablissement de sites de reproduction sur le continent a \u00e9t\u00e9 document\u00e9 dans le cadre du r\u00e9tablissement de la population d&rsquo;otaries \u00e0 fourrure au cours du si\u00e8cle dernier, lorsque la majeure partie de la c\u00f4te \u00e9tait prot\u00e9g\u00e9e de l&rsquo;influence humaine. Il existe aujourd&rsquo;hui plus de 20 colonies de reproduction en Namibie et 60 % de la population totale se trouve ici.<br \/>Les otaries \u00e0 fourrure attirent toujours une vari\u00e9t\u00e9 de charognards, notamment les hy\u00e8nes brunes et les chacals \u00e0 dos noir, mais leur impact est mineur. Les lions sont g\u00e9n\u00e9ralement absents de la c\u00f4te centrale depuis plus d&rsquo;un si\u00e8cle, bien que des vagabonds puissent occasionnellement y passer. Le dernier lion \u00e0 avoir \u00e9t\u00e9 aper\u00e7u \u00e0 proximit\u00e9 de Cape Cross remonte \u00e0 1984. Les go\u00e9lands dominicains sont les charognards aviaires les plus grands et les plus nombreux, mais une vari\u00e9t\u00e9 d&rsquo;autres oiseaux c\u00f4tiers fr\u00e9quentent la r\u00e9serve.<\/p>\t\t\t\t\t\t\t\t<\/div>\n\t\t\t\t<\/div>\n\t\t\t\t\t<\/div>\n\t\t\t\t<\/div>\n\t\t\t\t<\/div>\n\t\t","protected":false},"excerpt":{"rendered":"<p>Revenir au menu pr\u00e9c\u00e9dent La c\u00f4te nord de la Namibie pr\u00e9sente peu de reliefs topographiques. Le cap de Cape Cross est l&rsquo;indentation la plus remarquable du littoral entre Walvis Bay et l&#8217;embouchure de Kunene. La base du cap rocheux qui s&rsquo;avance dans l&rsquo;Atlantique est une cr\u00eate de granit, issue de l&rsquo;\u00e9volution de la masse continentale [&hellip;]<\/p>\n","protected":false},"author":1,"featured_media":0,"parent":0,"menu_order":0,"comment_status":"closed","ping_status":"closed","template":"","meta":{"ocean_post_layout":"","ocean_both_sidebars_style":"","ocean_both_sidebars_content_width":0,"ocean_both_sidebars_sidebars_width":0,"ocean_sidebar":"","ocean_second_sidebar":"","ocean_disable_margins":"enable","ocean_add_body_class":"","ocean_shortcode_before_top_bar":"","ocean_shortcode_after_top_bar":"","ocean_shortcode_before_header":"","ocean_shortcode_after_header":"","ocean_has_shortcode":"","ocean_shortcode_after_title":"","ocean_shortcode_before_footer_widgets":"","ocean_shortcode_after_footer_widgets":"","ocean_shortcode_before_footer_bottom":"","ocean_shortcode_after_footer_bottom":"","ocean_display_top_bar":"default","ocean_display_header":"default","ocean_header_style":"","ocean_center_header_left_menu":"","ocean_custom_header_template":"","ocean_custom_logo":0,"ocean_custom_retina_logo":0,"ocean_custom_logo_max_width":0,"ocean_custom_logo_tablet_max_width":0,"ocean_custom_logo_mobile_max_width":0,"ocean_custom_logo_max_height":0,"ocean_custom_logo_tablet_max_height":0,"ocean_custom_logo_mobile_max_height":0,"ocean_header_custom_menu":"","ocean_menu_typo_font_family":"","ocean_menu_typo_font_subset":"","ocean_menu_typo_font_size":0,"ocean_menu_typo_font_size_tablet":0,"ocean_menu_typo_font_size_mobile":0,"ocean_menu_typo_font_size_unit":"px","ocean_menu_typo_font_weight":"","ocean_menu_typo_font_weight_tablet":"","ocean_menu_typo_font_weight_mobile":"","ocean_menu_typo_transform":"","ocean_menu_typo_transform_tablet":"","ocean_menu_typo_transform_mobile":"","ocean_menu_typo_line_height":0,"ocean_menu_typo_line_height_tablet":0,"ocean_menu_typo_line_height_mobile":0,"ocean_menu_typo_line_height_unit":"","ocean_menu_typo_spacing":0,"ocean_menu_typo_spacing_tablet":0,"ocean_menu_typo_spacing_mobile":0,"ocean_menu_typo_spacing_unit":"","ocean_menu_link_color":"","ocean_menu_link_color_hover":"","ocean_menu_link_color_active":"","ocean_menu_link_background":"","ocean_menu_link_hover_background":"","ocean_menu_link_active_background":"","ocean_menu_social_links_bg":"","ocean_menu_social_hover_links_bg":"","ocean_menu_social_links_color":"","ocean_menu_social_hover_links_color":"","ocean_disable_title":"default","ocean_disable_heading":"default","ocean_post_title":"","ocean_post_subheading":"","ocean_post_title_style":"","ocean_post_title_background_color":"","ocean_post_title_background":0,"ocean_post_title_bg_image_position":"","ocean_post_title_bg_image_attachment":"","ocean_post_title_bg_image_repeat":"","ocean_post_title_bg_image_size":"","ocean_post_title_height":0,"ocean_post_title_bg_overlay":0.5,"ocean_post_title_bg_overlay_color":"","ocean_disable_breadcrumbs":"default","ocean_breadcrumbs_color":"","ocean_breadcrumbs_separator_color":"","ocean_breadcrumbs_links_color":"","ocean_breadcrumbs_links_hover_color":"","ocean_display_footer_widgets":"default","ocean_display_footer_bottom":"default","ocean_custom_footer_template":"","footnotes":""},"class_list":["post-45615","page","type-page","status-publish","hentry","entry"],"_links":{"self":[{"href":"https:\/\/carole-pascal.fr\/WORDPRESS\/wp-json\/wp\/v2\/pages\/45615","targetHints":{"allow":["GET"]}}],"collection":[{"href":"https:\/\/carole-pascal.fr\/WORDPRESS\/wp-json\/wp\/v2\/pages"}],"about":[{"href":"https:\/\/carole-pascal.fr\/WORDPRESS\/wp-json\/wp\/v2\/types\/page"}],"author":[{"embeddable":true,"href":"https:\/\/carole-pascal.fr\/WORDPRESS\/wp-json\/wp\/v2\/users\/1"}],"replies":[{"embeddable":true,"href":"https:\/\/carole-pascal.fr\/WORDPRESS\/wp-json\/wp\/v2\/comments?post=45615"}],"version-history":[{"count":0,"href":"https:\/\/carole-pascal.fr\/WORDPRESS\/wp-json\/wp\/v2\/pages\/45615\/revisions"}],"wp:attachment":[{"href":"https:\/\/carole-pascal.fr\/WORDPRESS\/wp-json\/wp\/v2\/media?parent=45615"}],"curies":[{"name":"wp","href":"https:\/\/api.w.org\/{rel}","templated":true}]}}