{"id":45702,"date":"2024-10-20T15:14:29","date_gmt":"2024-10-20T13:14:29","guid":{"rendered":"https:\/\/carole-pascal.fr\/WORDPRESS\/?page_id=45702"},"modified":"2024-10-26T12:23:27","modified_gmt":"2024-10-26T10:23:27","slug":"namibie-parc-national-detosha","status":"publish","type":"page","link":"https:\/\/carole-pascal.fr\/WORDPRESS\/namibie-parc-national-detosha\/","title":{"rendered":"Namibie &#8211; Parc national d&rsquo;Etosha"},"content":{"rendered":"\t\t<div data-elementor-type=\"wp-page\" data-elementor-id=\"45702\" class=\"elementor elementor-45702\">\n\t\t\t\t<div class=\"elementor-element elementor-element-6eb5c0ce e-flex e-con-boxed e-con e-parent\" data-id=\"6eb5c0ce\" data-element_type=\"container\" data-e-type=\"container\">\n\t\t\t\t\t<div class=\"e-con-inner\">\n\t\t\t\t<div class=\"elementor-element elementor-element-72f63603 elementor-align-center elementor-widget elementor-widget-button\" data-id=\"72f63603\" data-element_type=\"widget\" data-e-type=\"widget\" data-widget_type=\"button.default\">\n\t\t\t\t<div class=\"elementor-widget-container\">\n\t\t\t\t\t\t\t\t\t<div class=\"elementor-button-wrapper\">\n\t\t\t\t\t<a class=\"elementor-button elementor-button-link elementor-size-sm\" href=\"https:\/\/carole-pascal.fr\/WORDPRESS\/namibie-parc-nationaux\/\">\n\t\t\t\t\t\t<span class=\"elementor-button-content-wrapper\">\n\t\t\t\t\t\t\t\t\t<span class=\"elementor-button-text\">Revenir au menu pr\u00e9c\u00e9dent<\/span>\n\t\t\t\t\t<\/span>\n\t\t\t\t\t<\/a>\n\t\t\t\t<\/div>\n\t\t\t\t\t\t\t\t<\/div>\n\t\t\t\t<\/div>\n\t\t\t\t\t<\/div>\n\t\t\t\t<\/div>\n\t\t<div class=\"elementor-element elementor-element-4f54a1e e-flex e-con-boxed e-con e-parent\" data-id=\"4f54a1e\" data-element_type=\"container\" data-e-type=\"container\">\n\t\t\t\t\t<div class=\"e-con-inner\">\n\t\t\t\t<div class=\"elementor-element elementor-element-851a2bb elementor-widget elementor-widget-text-editor\" data-id=\"851a2bb\" data-element_type=\"widget\" data-e-type=\"widget\" data-widget_type=\"text-editor.default\">\n\t\t\t\t<div class=\"elementor-widget-container\">\n\t\t\t\t\t\t\t\t\t<p>Etosha est le premier parc de Namibie. C&rsquo;est le plus ancien (1907 puis 1967). C&rsquo;est l&rsquo;un des plus grands. C&rsquo;est le plus visit\u00e9. C&rsquo;est tout simplement spectaculaire. Des paysages \u00e9piques peupl\u00e9s d&rsquo;animaux sauvages en nombre incroyable, aussi pr\u00e8s que vous le souhaitez. De l&rsquo;\u00e9l\u00e9phant \u00e0 l&rsquo;oryct\u00e9rope, de la girafe \u00e0 l&rsquo;\u00e9cureuil terrestre, du lion au ratel, du gnou au phacoch\u00e8re, de l&rsquo;autruche au flamant rose ; tous et bien plus encore seront rencontr\u00e9s par le patient et le chanceux.<br \/>Etosha est un immense parc, \u00e0 la fois vaste et sauvage. Il s&rsquo;\u00e9tend sur une centaine de kilom\u00e8tres du nord au sud et sur 300 kilom\u00e8tres d&rsquo;est en ouest (22931 km2). L&rsquo;extr\u00eame platitude du terrain semble agrandir l&rsquo;immensit\u00e9 sous ce ciel infini. Et la faune y est impressionnante en nombre : les troupeaux de springboks, de z\u00e8bres et de gnous dans les plaines, les majestueuses girafes perch\u00e9es sur de grands arbres \u00e9pineux, les \u00e9l\u00e9phants assoiff\u00e9s, les koudous et les impalas, les groupes de gangas au bord de l&rsquo;eau&#8230; Pendant ce temps, les pr\u00e9dateurs en traque cr\u00e9ent un suspense constant et discret qui nous rappelle le cycle naturel de la vie et de la mort.<br \/>Aujourd&rsquo;hui, l&rsquo;abondance et la diversit\u00e9 de la faune sauvage du parc d&rsquo;Etosha peuvent donner l&rsquo;impression qu&rsquo;il en a toujours \u00e9t\u00e9 ainsi : un havre de vie sauvage intact, pr\u00e9serv\u00e9 inchang\u00e9 pour l&rsquo;\u00e9ternit\u00e9. Pourtant, les populations du parc ont un pass\u00e9 \u00e9tonnamment mouvement\u00e9. Comme c&rsquo;est le cas pour tant de parcs namibiens, l&rsquo;histoire d&rsquo;Etosha est celle du retour de la faune sauvage. Les populations de nombreuses esp\u00e8ces ont d\u00fb \u00eatre reconstitu\u00e9es \u00e0 partir de z\u00e9ro. Le parc est un hommage \u00e0 une conservation r\u00e9ussie.<br \/>C&rsquo;est une histoire de gens et de leur environnement. Les chasseurs-cueilleurs Hai||om, les caravanes de sel Owanbo, les \u00e9leveurs Herero et Owambo, les explorateurs et chasseurs europ\u00e9ens, les pionniers du Dorsland, les \u00ab\u00a0Schuztruppe\u00a0\u00bb allemands (militaires) et leurs forts&#8230; et puis tout le spectre d&rsquo;un si\u00e8cle de conservation de la nature en Namibie. Quelle diversit\u00e9 merveilleuse et fascinante.<\/p>\t\t\t\t\t\t\t\t<\/div>\n\t\t\t\t<\/div>\n\t\t\t\t\t<\/div>\n\t\t\t\t<\/div>\n\t\t<div class=\"elementor-element elementor-element-1b11071 e-flex e-con-boxed e-con e-parent\" data-id=\"1b11071\" data-element_type=\"container\" data-e-type=\"container\">\n\t\t\t\t\t<div class=\"e-con-inner\">\n\t\t\t\t<div class=\"elementor-element elementor-element-57525d3 elementor-widget elementor-widget-image\" data-id=\"57525d3\" data-element_type=\"widget\" data-e-type=\"widget\" data-widget_type=\"image.default\">\n\t\t\t\t<div class=\"elementor-widget-container\">\n\t\t\t\t\t\t\t\t\t\t\t\t\t\t\t<img fetchpriority=\"high\" width=\"1024\" height=\"771\"  class=\"attachment-large size-large wp-image-45717 lws-optimize-lazyload\" alt=\"\" srcset=\"https:\/\/carole-pascal.fr\/WORDPRESS\/wp-content\/uploads\/2024\/10\/EtoshaWest-1024x771.jpg 1024w, https:\/\/carole-pascal.fr\/WORDPRESS\/wp-content\/uploads\/2024\/10\/EtoshaWest-300x226.jpg 300w, https:\/\/carole-pascal.fr\/WORDPRESS\/wp-content\/uploads\/2024\/10\/EtoshaWest-768x579.jpg 768w, https:\/\/carole-pascal.fr\/WORDPRESS\/wp-content\/uploads\/2024\/10\/EtoshaWest.jpg 1382w\" sizes=\"(max-width: 1024px) 100vw, 1024px\" \/ data-src=\"https:\/\/carole-pascal.fr\/WORDPRESS\/wp-content\/uploads\/2024\/10\/EtoshaWest-1024x771.jpg\">\t\t\t\t\t\t\t\t\t\t\t\t\t\t\t<\/div>\n\t\t\t\t<\/div>\n\t\t\t\t\t<\/div>\n\t\t\t\t<\/div>\n\t\t<div class=\"elementor-element elementor-element-3cf4d72 e-flex e-con-boxed e-con e-parent\" data-id=\"3cf4d72\" data-element_type=\"container\" data-e-type=\"container\">\n\t\t\t\t\t<div class=\"e-con-inner\">\n\t\t\t\t<div class=\"elementor-element elementor-element-6988050 elementor-widget elementor-widget-text-editor\" data-id=\"6988050\" data-element_type=\"widget\" data-e-type=\"widget\" data-widget_type=\"text-editor.default\">\n\t\t\t\t<div class=\"elementor-widget-container\">\n\t\t\t\t\t\t\t\t\t<p>Le parc national d&rsquo;Etosha doit son nom au grand bassin, qui domine celui-ci. S&rsquo;\u00e9tendant au-del\u00e0 de l&rsquo;horizon, il donne l&rsquo;impression d&rsquo;espace qui a fait la renomm\u00e9e de la Namibie. Il est immense et plat : son altitude varie de moins de 10 m\u00e8tres sur toute sa surface. Pendant les br\u00e8ves p\u00e9riodes o\u00f9 il se remplit partiellement d&rsquo;eau, il devient un monde merveilleux d&rsquo;abondance. La vue du bassin, humide ou sec, est vraiment impressionnante, mais la complexit\u00e9 de son hydrologie et les merveilles de sa formation sont encore plus remarquables.<br \/>Il existe des preuves sugg\u00e9rant que le bassin d&rsquo;Owambo a \u00e9t\u00e9 cr\u00e9\u00e9 par une collision continentale lors de l&rsquo;alignement du Gondwana il y a plus de 550 millions d&rsquo;ann\u00e9es, et que sa structure de base a peu chang\u00e9 depuis. Cela pr\u00e9c\u00e8de la formation du bassin du Kalahari, dont l&rsquo;Owambo est aujourd&rsquo;hui un petit sous-bassin. Il est encercl\u00e9 par un large croissant de collines accident\u00e9es qui s&rsquo;\u00e9tendent des montagnes Otavi au sud-est jusqu&rsquo;aux montagnes Joubert au nord-ouest. Ce paysage de cr\u00eates calcaires, de fissures et de dolines est connu sous le nom de Karstveld. Il donne au pan, le point le plus bas du bassin, sa frange caract\u00e9ristique de calcr\u00e8te.<br \/>Bien que quelques rivi\u00e8res coulent chaque ann\u00e9e, aliment\u00e9s principalement par les pluies en Angola, cela varie de l\u00e9g\u00e8res infiltrations \u00e0 des inondations massives. Lors de crues extr\u00eames, le d\u00e9bordement des lacs Omadhiya atteint le bassin d&rsquo;Etosha via les canaux d&rsquo;Ekuma et d&rsquo;Oshigambo et peut en remplir une grande partie &#8211; un \u00e9v\u00e9nement rare qui se produit peut-\u00eatre une fois par d\u00e9cennie. Il s&rsquo;agit d&rsquo;un bref retour \u00e0 la gloire du lac, bien que l&rsquo;eau ne soit pas tr\u00e8s profonde et s&rsquo;\u00e9vapore rapidement. Le petit bassin de Fischer \u00e0 la p\u00e9riph\u00e9rie est, aliment\u00e9 s\u00e9par\u00e9ment par l&rsquo;Omuramba Owambo, re\u00e7oit de l&rsquo;eau plus r\u00e9guli\u00e8rement.<br \/>\u00c0 plusieurs endroits, le long des bords du bassin, l&rsquo;eau souterraine s&rsquo;infiltre \u00e0 la surface, cr\u00e9ant des points d&rsquo;eau importants pour la faune. Ceux-ci ont \u00e9t\u00e9 augment\u00e9s par une soixantaine de points artificiels diss\u00e9min\u00e9s dans le parc.<br \/>La plaine est bord\u00e9e d&rsquo;une large ceinture de prairies. C&rsquo;est l\u00e0 que se rassemblent les grands troupeaux, surtout pendant les mois d&rsquo;\u00e9t\u00e9. Les vastes plaines s&rsquo;\u00e9tendent en une mosa\u00efque de maquis, souvent domin\u00e9s par des peuplements denses de ronces d&rsquo;eau. Au-del\u00e0 des prairies, les for\u00eats s&rsquo;\u00e9tendent dans toutes les directions, avec leur propre atmosph\u00e8re secr\u00e8te.<br \/>Les collines proches de Halali sont les seuls points de v\u00e9ritable \u00e9l\u00e9vation dans la majeure partie du parc. Ce n&rsquo;est qu&rsquo;\u00e0 l&rsquo;extr\u00eame ouest que la topographie change &#8211; mais alors brusquement. Des collines de dolomite pittoresques s&rsquo;\u00e9l\u00e8vent ici et m\u00e8nent \u00e0 un paysage magnifique et accident\u00e9 qui constitue le bord du bassin d&rsquo;Owambo, s&rsquo;\u00e9tendant vers l&rsquo;ouest jusqu&rsquo;\u00e0 Kaoko.<br \/><br \/><\/p>\t\t\t\t\t\t\t\t<\/div>\n\t\t\t\t<\/div>\n\t\t\t\t\t<\/div>\n\t\t\t\t<\/div>\n\t\t<div class=\"elementor-element elementor-element-f0274a7 e-flex e-con-boxed e-con e-parent\" data-id=\"f0274a7\" data-element_type=\"container\" data-e-type=\"container\">\n\t\t\t\t\t<div class=\"e-con-inner\">\n\t\t\t\t<div class=\"elementor-element elementor-element-0b740a7 elementor-widget elementor-widget-image\" data-id=\"0b740a7\" data-element_type=\"widget\" data-e-type=\"widget\" data-widget_type=\"image.default\">\n\t\t\t\t<div class=\"elementor-widget-container\">\n\t\t\t\t\t\t\t\t\t\t\t\t\t\t\t<img width=\"1024\" height=\"782\"  class=\"attachment-large size-large wp-image-45716 lws-optimize-lazyload\" alt=\"\" srcset=\"https:\/\/carole-pascal.fr\/WORDPRESS\/wp-content\/uploads\/2024\/10\/EtoshaEast-1024x782.jpg 1024w, https:\/\/carole-pascal.fr\/WORDPRESS\/wp-content\/uploads\/2024\/10\/EtoshaEast-300x229.jpg 300w, https:\/\/carole-pascal.fr\/WORDPRESS\/wp-content\/uploads\/2024\/10\/EtoshaEast-768x586.jpg 768w, https:\/\/carole-pascal.fr\/WORDPRESS\/wp-content\/uploads\/2024\/10\/EtoshaEast.jpg 1370w\" sizes=\"(max-width: 1024px) 100vw, 1024px\" \/ data-src=\"https:\/\/carole-pascal.fr\/WORDPRESS\/wp-content\/uploads\/2024\/10\/EtoshaEast-1024x782.jpg\">\t\t\t\t\t\t\t\t\t\t\t\t\t\t\t<\/div>\n\t\t\t\t<\/div>\n\t\t\t\t\t<\/div>\n\t\t\t\t<\/div>\n\t\t<div class=\"elementor-element elementor-element-8fbb2ef e-flex e-con-boxed e-con e-parent\" data-id=\"8fbb2ef\" data-element_type=\"container\" data-e-type=\"container\">\n\t\t\t\t\t<div class=\"e-con-inner\">\n\t\t\t\t<div class=\"elementor-element elementor-element-ab2bf56 elementor-widget elementor-widget-text-editor\" data-id=\"ab2bf56\" data-element_type=\"widget\" data-e-type=\"widget\" data-widget_type=\"text-editor.default\">\n\t\t\t\t<div class=\"elementor-widget-container\">\n\t\t\t\t\t\t\t\t\t<p>Etosha abrite l&rsquo;une des plus fortes densit\u00e9s d&rsquo;animaux sauvages des zones semi-arides de la plan\u00e8te. Les plus grands nombres se trouvent le long des bordures sud et est du pan, atteignant une moyenne de plus de 70 grands mammif\u00e8res par kilom\u00e8tre carr\u00e9. Les grands troupeaux se rassemblent \u00e9galement \u00e0 l&rsquo;extr\u00eame ouest du parc.<br \/>La migration saisonni\u00e8re vers le Cuvelai, ou vers l&rsquo;ouest vers Kaoko et vers l&rsquo;est vers le sandveld du Kalahari n&rsquo;a plus lieu, et la dispersion des animaux en r\u00e9ponse \u00e0 la croissance d\u00e9mographique est bloqu\u00e9e. Pourtant, Etosha est un immense parc, et la faune se d\u00e9place toujours sur des distances importantes entre les aires de r\u00e9partition de la saison s\u00e8che et de la saison humide. La plupart des quelque 3000 \u00e9l\u00e9phants d&rsquo;Etosha passent la saison s\u00e8che pr\u00e8s des points d&rsquo;eau le long des bordures sud du bassin, mais semblent dispara\u00eetre au d\u00e9but des pluies, lorsqu&rsquo;ils se dispersent dans les zones bois\u00e9es. Les gnous, les z\u00e8bres des plaines de Burchell et les springboks migrent entre les vastes prairies de l&rsquo;est et de l&rsquo;ouest, apr\u00e8s la pluie.<br \/>Plus de 100 esp\u00e8ces de mammif\u00e8res et plus de 400 esp\u00e8ces d&rsquo;oiseaux ont \u00e9t\u00e9 recens\u00e9es \u00e0 Etosha. Mais la diversit\u00e9 \u00e9tait autrefois encore plus grande. L&rsquo;oursi, le phacoch\u00e8re et le cobe des roseaux ont disparu, tout comme le buffle, le rouan, la zibeline et le lycaon. Les fossiles des 12 000 derni\u00e8res ann\u00e9es comprennent \u00e9galement des hippopotames, des sitatungas (guibe d&rsquo;eau) et des tsessebe (sassabi). Etosha \u00e9tait \u00e9videmment un centre d&rsquo;\u00e9volution important. Les os d&rsquo;esp\u00e8ces pr\u00e9historiques d&rsquo;\u00e9l\u00e9phants, de rhinoc\u00e9ros, d&rsquo;hippopotames, de crocodiles et d&rsquo;autruches d\u00e9couverts ici datent de 6 millions d&rsquo;ann\u00e9es. La d\u00e9couverte la plus spectaculaire est peut-\u00eatre celle d&rsquo;un mammouth sud-africain, d\u00e9couverte en 2007.<br \/>Pour beaucoup, l&rsquo;Afrique est synonyme de cinq grands animaux. Etosha est un endroit id\u00e9al pour en d\u00e9couvrir quatre, le seul qui manque est le buffle. Les \u00e9l\u00e9phants et les lions, en particulier, peuvent \u00eatre aper\u00e7us de pr\u00e8s. Parmi les nombreux points d&rsquo;eau fr\u00e9quent\u00e9s par les \u00e9l\u00e9phants, Goas et Olifantsbad sont remarquables pour leurs grands troupeaux. Les pr\u00e9dateurs ne sont g\u00e9n\u00e9ralement pas faciles \u00e0 trouver, mais les lions et les l\u00e9opards chassent r\u00e9guli\u00e8rement aux points d&rsquo;eau ou \u00e0 proximit\u00e9 ; ils viennent \u00e9galement boire dans l&rsquo;eau, souvent la nuit.<br \/>Comme peu d&rsquo;autres endroits, Etosha permet de d\u00e9couvrir la nuit africaine. Les points d&rsquo;eau \u00e9clair\u00e9s des complexes h\u00f4teliers et des camps offrent un aper\u00e7u fascinant des cr\u00e9atures nocturnes et de leurs habitudes. Les hy\u00e8nes se glissent souvent dans l&rsquo;eau dans l&rsquo;obscurit\u00e9. Les rhinoc\u00e9ros noirs sont des habitu\u00e9s de certains points d&rsquo;eau des complexes h\u00f4teliers la nuit (Etosha est le bastion des rhinoc\u00e9ros noirs et blancs en Namibie).Les vastes prairies parsem\u00e9es de springboks sont un bon endroit pour chercher des gu\u00e9pards dans la fra\u00eecheur du matin, m\u00eame si un peu de chance est n\u00e9cessaire pour les rep\u00e9rer. Les concentrations de girafes sont plus \u00e9lev\u00e9es \u00e0 l&rsquo;est du parc. L&rsquo;animal le plus grand de la plan\u00e8te est difficile \u00e0 ignorer. Parmi les 11 esp\u00e8ces d&rsquo;antilopes du parc, l&rsquo;impala \u00e0 face noire se distingue comme une sous-esp\u00e8ce frappante, presque end\u00e9mique. La piste \u00ab\u00a0Dik-Dik\u00a0\u00bb est id\u00e9ale pour voir la plus petite des antilopes de Namibie et offre une merveilleuse ambiance bois\u00e9e.<\/p>\t\t\t\t\t\t\t\t<\/div>\n\t\t\t\t<\/div>\n\t\t\t\t\t<\/div>\n\t\t\t\t<\/div>\n\t\t\t\t<\/div>\n\t\t","protected":false},"excerpt":{"rendered":"<p>Revenir au menu pr\u00e9c\u00e9dent Etosha est le premier parc de Namibie. C&rsquo;est le plus ancien (1907 puis 1967). C&rsquo;est l&rsquo;un des plus grands. C&rsquo;est le plus visit\u00e9. C&rsquo;est tout simplement spectaculaire. Des paysages \u00e9piques peupl\u00e9s d&rsquo;animaux sauvages en nombre incroyable, aussi pr\u00e8s que vous le souhaitez. De l&rsquo;\u00e9l\u00e9phant \u00e0 l&rsquo;oryct\u00e9rope, de la girafe \u00e0 l&rsquo;\u00e9cureuil [&hellip;]<\/p>\n","protected":false},"author":1,"featured_media":0,"parent":0,"menu_order":0,"comment_status":"closed","ping_status":"closed","template":"","meta":{"ocean_post_layout":"","ocean_both_sidebars_style":"","ocean_both_sidebars_content_width":0,"ocean_both_sidebars_sidebars_width":0,"ocean_sidebar":"","ocean_second_sidebar":"","ocean_disable_margins":"enable","ocean_add_body_class":"","ocean_shortcode_before_top_bar":"","ocean_shortcode_after_top_bar":"","ocean_shortcode_before_header":"","ocean_shortcode_after_header":"","ocean_has_shortcode":"","ocean_shortcode_after_title":"","ocean_shortcode_before_footer_widgets":"","ocean_shortcode_after_footer_widgets":"","ocean_shortcode_before_footer_bottom":"","ocean_shortcode_after_footer_bottom":"","ocean_display_top_bar":"default","ocean_display_header":"default","ocean_header_style":"","ocean_center_header_left_menu":"","ocean_custom_header_template":"","ocean_custom_logo":0,"ocean_custom_retina_logo":0,"ocean_custom_logo_max_width":0,"ocean_custom_logo_tablet_max_width":0,"ocean_custom_logo_mobile_max_width":0,"ocean_custom_logo_max_height":0,"ocean_custom_logo_tablet_max_height":0,"ocean_custom_logo_mobile_max_height":0,"ocean_header_custom_menu":"","ocean_menu_typo_font_family":"","ocean_menu_typo_font_subset":"","ocean_menu_typo_font_size":0,"ocean_menu_typo_font_size_tablet":0,"ocean_menu_typo_font_size_mobile":0,"ocean_menu_typo_font_size_unit":"px","ocean_menu_typo_font_weight":"","ocean_menu_typo_font_weight_tablet":"","ocean_menu_typo_font_weight_mobile":"","ocean_menu_typo_transform":"","ocean_menu_typo_transform_tablet":"","ocean_menu_typo_transform_mobile":"","ocean_menu_typo_line_height":0,"ocean_menu_typo_line_height_tablet":0,"ocean_menu_typo_line_height_mobile":0,"ocean_menu_typo_line_height_unit":"","ocean_menu_typo_spacing":0,"ocean_menu_typo_spacing_tablet":0,"ocean_menu_typo_spacing_mobile":0,"ocean_menu_typo_spacing_unit":"","ocean_menu_link_color":"","ocean_menu_link_color_hover":"","ocean_menu_link_color_active":"","ocean_menu_link_background":"","ocean_menu_link_hover_background":"","ocean_menu_link_active_background":"","ocean_menu_social_links_bg":"","ocean_menu_social_hover_links_bg":"","ocean_menu_social_links_color":"","ocean_menu_social_hover_links_color":"","ocean_disable_title":"default","ocean_disable_heading":"default","ocean_post_title":"","ocean_post_subheading":"","ocean_post_title_style":"","ocean_post_title_background_color":"","ocean_post_title_background":0,"ocean_post_title_bg_image_position":"","ocean_post_title_bg_image_attachment":"","ocean_post_title_bg_image_repeat":"","ocean_post_title_bg_image_size":"","ocean_post_title_height":0,"ocean_post_title_bg_overlay":0.5,"ocean_post_title_bg_overlay_color":"","ocean_disable_breadcrumbs":"default","ocean_breadcrumbs_color":"","ocean_breadcrumbs_separator_color":"","ocean_breadcrumbs_links_color":"","ocean_breadcrumbs_links_hover_color":"","ocean_display_footer_widgets":"default","ocean_display_footer_bottom":"default","ocean_custom_footer_template":"","footnotes":""},"class_list":["post-45702","page","type-page","status-publish","hentry","entry"],"_links":{"self":[{"href":"https:\/\/carole-pascal.fr\/WORDPRESS\/wp-json\/wp\/v2\/pages\/45702","targetHints":{"allow":["GET"]}}],"collection":[{"href":"https:\/\/carole-pascal.fr\/WORDPRESS\/wp-json\/wp\/v2\/pages"}],"about":[{"href":"https:\/\/carole-pascal.fr\/WORDPRESS\/wp-json\/wp\/v2\/types\/page"}],"author":[{"embeddable":true,"href":"https:\/\/carole-pascal.fr\/WORDPRESS\/wp-json\/wp\/v2\/users\/1"}],"replies":[{"embeddable":true,"href":"https:\/\/carole-pascal.fr\/WORDPRESS\/wp-json\/wp\/v2\/comments?post=45702"}],"version-history":[{"count":0,"href":"https:\/\/carole-pascal.fr\/WORDPRESS\/wp-json\/wp\/v2\/pages\/45702\/revisions"}],"wp:attachment":[{"href":"https:\/\/carole-pascal.fr\/WORDPRESS\/wp-json\/wp\/v2\/media?parent=45702"}],"curies":[{"name":"wp","href":"https:\/\/api.w.org\/{rel}","templated":true}]}}