{"id":45764,"date":"2024-10-22T11:16:10","date_gmt":"2024-10-22T09:16:10","guid":{"rendered":"https:\/\/carole-pascal.fr\/WORDPRESS\/?page_id=45764"},"modified":"2024-10-22T11:39:25","modified_gmt":"2024-10-22T09:39:25","slug":"namibie-reserve-de-hardap","status":"publish","type":"page","link":"https:\/\/carole-pascal.fr\/WORDPRESS\/namibie-reserve-de-hardap\/","title":{"rendered":"Namibie &#8211; R\u00e9serve de Hardap"},"content":{"rendered":"\t\t<div data-elementor-type=\"wp-page\" data-elementor-id=\"45764\" class=\"elementor elementor-45764\">\n\t\t\t\t<div class=\"elementor-element elementor-element-2fdc9292 e-flex e-con-boxed e-con e-parent\" data-id=\"2fdc9292\" data-element_type=\"container\" data-e-type=\"container\">\n\t\t\t\t\t<div class=\"e-con-inner\">\n\t\t\t\t<div class=\"elementor-element elementor-element-5a3ce42a elementor-align-center elementor-widget elementor-widget-button\" data-id=\"5a3ce42a\" data-element_type=\"widget\" data-e-type=\"widget\" data-widget_type=\"button.default\">\n\t\t\t\t<div class=\"elementor-widget-container\">\n\t\t\t\t\t\t\t\t\t<div class=\"elementor-button-wrapper\">\n\t\t\t\t\t<a class=\"elementor-button elementor-button-link elementor-size-sm\" href=\"https:\/\/carole-pascal.fr\/WORDPRESS\/namibie-parc-nationaux\/\">\n\t\t\t\t\t\t<span class=\"elementor-button-content-wrapper\">\n\t\t\t\t\t\t\t\t\t<span class=\"elementor-button-text\">Revenir au menu pr\u00e9c\u00e9dent<\/span>\n\t\t\t\t\t<\/span>\n\t\t\t\t\t<\/a>\n\t\t\t\t<\/div>\n\t\t\t\t\t\t\t\t<\/div>\n\t\t\t\t<\/div>\n\t\t\t\t\t<\/div>\n\t\t\t\t<\/div>\n\t\t<div class=\"elementor-element elementor-element-afb4bbf e-flex e-con-boxed e-con e-parent\" data-id=\"afb4bbf\" data-element_type=\"container\" data-e-type=\"container\">\n\t\t\t\t\t<div class=\"e-con-inner\">\n\t\t\t\t<div class=\"elementor-element elementor-element-4114047 elementor-widget elementor-widget-text-editor\" data-id=\"4114047\" data-element_type=\"widget\" data-e-type=\"widget\" data-widget_type=\"text-editor.default\">\n\t\t\t\t<div class=\"elementor-widget-container\">\n\t\t\t\t\t\t\t\t\t<p>Hardap est bien plus qu\u2019un simple barrage. Un immense plan d\u2019eau dans un paysage d\u00e9sertique change les choses. Il cr\u00e9e une interface fascinante entre les zones humides et les zones s\u00e8ches. Toute vie s\u2019y adapte. Les poissons, amen\u00e9s par la rivi\u00e8re ou introduits par l\u2019homme, s\u2019y installent et s\u2019y reproduisent. Les oiseaux sont attir\u00e9s par le barrage et y trouvent un nouveau refuge pour leurs colonies de reproduction. L\u2019eau permanente permet \u00e0 la faune du d\u00e9sert de devenir plus s\u00e9dentaire. Un nouveau rythme de vie se d\u00e9veloppe.<\/p>\t\t\t\t\t\t\t\t<\/div>\n\t\t\t\t<\/div>\n\t\t\t\t\t<\/div>\n\t\t\t\t<\/div>\n\t\t<div class=\"elementor-element elementor-element-9d9c7f3 e-flex e-con-boxed e-con e-parent\" data-id=\"9d9c7f3\" data-element_type=\"container\" data-e-type=\"container\">\n\t\t\t\t\t<div class=\"e-con-inner\">\n\t\t\t\t<div class=\"elementor-element elementor-element-51850d7 elementor-widget elementor-widget-image\" data-id=\"51850d7\" data-element_type=\"widget\" data-e-type=\"widget\" data-widget_type=\"image.default\">\n\t\t\t\t<div class=\"elementor-widget-container\">\n\t\t\t\t\t\t\t\t\t\t\t\t\t\t\t<img fetchpriority=\"high\" width=\"713\" height=\"536\"  class=\"attachment-large size-large wp-image-45763 lws-optimize-lazyload\" alt=\"\" srcset=\"https:\/\/carole-pascal.fr\/WORDPRESS\/wp-content\/uploads\/2024\/10\/Hardap.jpg 713w, https:\/\/carole-pascal.fr\/WORDPRESS\/wp-content\/uploads\/2024\/10\/Hardap-300x226.jpg 300w\" sizes=\"(max-width: 713px) 100vw, 713px\" \/ data-src=\"https:\/\/carole-pascal.fr\/WORDPRESS\/wp-content\/uploads\/2024\/10\/Hardap.jpg\">\t\t\t\t\t\t\t\t\t\t\t\t\t\t\t<\/div>\n\t\t\t\t<\/div>\n\t\t\t\t\t<\/div>\n\t\t\t\t<\/div>\n\t\t<div class=\"elementor-element elementor-element-7ac76ba e-flex e-con-boxed e-con e-parent\" data-id=\"7ac76ba\" data-element_type=\"container\" data-e-type=\"container\">\n\t\t\t\t\t<div class=\"e-con-inner\">\n\t\t\t\t<div class=\"elementor-element elementor-element-7c33966 elementor-widget elementor-widget-text-editor\" data-id=\"7c33966\" data-element_type=\"widget\" data-e-type=\"widget\" data-widget_type=\"text-editor.default\">\n\t\t\t\t<div class=\"elementor-widget-container\">\n\t\t\t\t\t\t\t\t\t<p>La rivi\u00e8re Fish est le plus long fleuve \u00e9ph\u00e9m\u00e8re de Namibie. Elle prend sa source pr\u00e8s du centre du pays. Apr\u00e8s avoir serpent\u00e9 dans le sud de la Namibie sur plus de 600 kilom\u00e8tres, elle rejoint la rivi\u00e8re Orange sur son parcours vers l&rsquo;Atlantique. Son cours est riche en curiosit\u00e9s. Le canyon de la rivi\u00e8re Fish est le plus c\u00e9l\u00e8bre. Le barrage de Hardap est souvent n\u00e9glig\u00e9.<br \/>La r\u00e9serve de Hardap (cr\u00e9e en 1968, 243 km2) a tendance \u00e0 \u00eatre une r\u00e9v\u00e9lation pour les visiteurs. Ses paysages sont saisissants. Ce sont des franges escarp\u00e9es du Nama Karoo, avec leurs teintes violettes typiques, leur v\u00e9g\u00e9tation clairsem\u00e9e, leur topographie accident\u00e9e. Elles abritent une faune sauvage diversifi\u00e9e et abondante du d\u00e9sert.<br \/>Le barrage Hardap, situ\u00e9 dans le cours sup\u00e9rieur du fleuve, ne capte qu&rsquo;environ un septi\u00e8me du bassin hydrographique total du fleuve, mais se trouve dans la zone la plus productive en termes de pr\u00e9cipitations et de ruissellement potentiel. Des pr\u00e9cipitations irr\u00e9guli\u00e8res entra\u00eenent d&rsquo;importantes fluctuations d&rsquo;apport, mais en raison de sa taille, le barrage Hardap ne s&rsquo;ass\u00e8che g\u00e9n\u00e9ralement pas. La baisse du niveau du barrage produit un tapis d&rsquo;herbe verte courte pendant la saison s\u00e8che, car l&rsquo;eau est siphonn\u00e9e pour \u00eatre utilis\u00e9e, et les \u00e9vaporations extr\u00eamement \u00e9lev\u00e9es font des ravages.<br \/>La nature s&rsquo;est adapt\u00e9e \u00e0 l&rsquo;inondation au cours de plus d&rsquo;un demi-si\u00e8cle. Le barrage a cr\u00e9\u00e9 un monde aquatique vital pour les oiseaux des zones humides. Les p\u00e9licans blancs ont fait de leur site de reproduction pr\u00e9f\u00e9r\u00e9 l&rsquo;un des deux seuls grands sites de nidification r\u00e9guliers en Namibie (l&rsquo;autre se trouve sur une plate-forme de guano sur la c\u00f4te centrale). Les oiseaux peuplent environ 250 nids chaque hiver sur les \u00eeles du barrage. Les p\u00e9licans blancs sont nomades et se rassemblent parfois en congr\u00e9gations \u00e9tonnantes. On estime que 4 000 ont \u00e9t\u00e9 recens\u00e9s \u00e0 Hardap en 2003, le plus grand rassemblement connu en Namibie. Le barrage est \u00e9galement une importante zone de reproduction pour les esp\u00e8ces de cormorans de l&rsquo;int\u00e9rieur : les cormorans \u00e0 poitrine blanche et les cormorans des roseaux, ainsi que les anhingas africains, nichent tous ici. Au total, pr\u00e8s de 300 esp\u00e8ces d&rsquo;oiseaux ont \u00e9t\u00e9 recens\u00e9es \u00e0 Hardap, compos\u00e9es d&rsquo;un m\u00e9lange d&rsquo;oiseaux des zones humides et arides.<br \/>Les mammif\u00e8res de Hardap comprennent de nombreuses cr\u00e9atures de grande taille et recherch\u00e9es, le l\u00e9opard \u00e9tant le plus discret et rarement aper\u00e7u. La pr\u00e9sence de rhinoc\u00e9ros noirs ajoute un grand sentiment d&rsquo;anticipation, bien qu&rsquo;ils ne soient pas souvent rencontr\u00e9s. Les girafes sont vues plus r\u00e9guli\u00e8rement et le parc est excellent pour observer le z\u00e8bre de montagne de Hartmann, le koudou, l&rsquo;oryx, le springbok et le phacoch\u00e8re sont tous courants.<\/p>\t\t\t\t\t\t\t\t<\/div>\n\t\t\t\t<\/div>\n\t\t\t\t\t<\/div>\n\t\t\t\t<\/div>\n\t\t\t\t<\/div>\n\t\t","protected":false},"excerpt":{"rendered":"<p>Revenir au menu pr\u00e9c\u00e9dent Hardap est bien plus qu\u2019un simple barrage. Un immense plan d\u2019eau dans un paysage d\u00e9sertique change les choses. Il cr\u00e9e une interface fascinante entre les zones humides et les zones s\u00e8ches. Toute vie s\u2019y adapte. Les poissons, amen\u00e9s par la rivi\u00e8re ou introduits par l\u2019homme, s\u2019y installent et s\u2019y reproduisent. Les [&hellip;]<\/p>\n","protected":false},"author":1,"featured_media":0,"parent":0,"menu_order":0,"comment_status":"closed","ping_status":"closed","template":"","meta":{"ocean_post_layout":"","ocean_both_sidebars_style":"","ocean_both_sidebars_content_width":0,"ocean_both_sidebars_sidebars_width":0,"ocean_sidebar":"","ocean_second_sidebar":"","ocean_disable_margins":"enable","ocean_add_body_class":"","ocean_shortcode_before_top_bar":"","ocean_shortcode_after_top_bar":"","ocean_shortcode_before_header":"","ocean_shortcode_after_header":"","ocean_has_shortcode":"","ocean_shortcode_after_title":"","ocean_shortcode_before_footer_widgets":"","ocean_shortcode_after_footer_widgets":"","ocean_shortcode_before_footer_bottom":"","ocean_shortcode_after_footer_bottom":"","ocean_display_top_bar":"default","ocean_display_header":"default","ocean_header_style":"","ocean_center_header_left_menu":"","ocean_custom_header_template":"","ocean_custom_logo":0,"ocean_custom_retina_logo":0,"ocean_custom_logo_max_width":0,"ocean_custom_logo_tablet_max_width":0,"ocean_custom_logo_mobile_max_width":0,"ocean_custom_logo_max_height":0,"ocean_custom_logo_tablet_max_height":0,"ocean_custom_logo_mobile_max_height":0,"ocean_header_custom_menu":"","ocean_menu_typo_font_family":"","ocean_menu_typo_font_subset":"","ocean_menu_typo_font_size":0,"ocean_menu_typo_font_size_tablet":0,"ocean_menu_typo_font_size_mobile":0,"ocean_menu_typo_font_size_unit":"px","ocean_menu_typo_font_weight":"","ocean_menu_typo_font_weight_tablet":"","ocean_menu_typo_font_weight_mobile":"","ocean_menu_typo_transform":"","ocean_menu_typo_transform_tablet":"","ocean_menu_typo_transform_mobile":"","ocean_menu_typo_line_height":0,"ocean_menu_typo_line_height_tablet":0,"ocean_menu_typo_line_height_mobile":0,"ocean_menu_typo_line_height_unit":"","ocean_menu_typo_spacing":0,"ocean_menu_typo_spacing_tablet":0,"ocean_menu_typo_spacing_mobile":0,"ocean_menu_typo_spacing_unit":"","ocean_menu_link_color":"","ocean_menu_link_color_hover":"","ocean_menu_link_color_active":"","ocean_menu_link_background":"","ocean_menu_link_hover_background":"","ocean_menu_link_active_background":"","ocean_menu_social_links_bg":"","ocean_menu_social_hover_links_bg":"","ocean_menu_social_links_color":"","ocean_menu_social_hover_links_color":"","ocean_disable_title":"default","ocean_disable_heading":"default","ocean_post_title":"","ocean_post_subheading":"","ocean_post_title_style":"","ocean_post_title_background_color":"","ocean_post_title_background":0,"ocean_post_title_bg_image_position":"","ocean_post_title_bg_image_attachment":"","ocean_post_title_bg_image_repeat":"","ocean_post_title_bg_image_size":"","ocean_post_title_height":0,"ocean_post_title_bg_overlay":0.5,"ocean_post_title_bg_overlay_color":"","ocean_disable_breadcrumbs":"default","ocean_breadcrumbs_color":"","ocean_breadcrumbs_separator_color":"","ocean_breadcrumbs_links_color":"","ocean_breadcrumbs_links_hover_color":"","ocean_display_footer_widgets":"default","ocean_display_footer_bottom":"default","ocean_custom_footer_template":"","footnotes":""},"class_list":["post-45764","page","type-page","status-publish","hentry","entry"],"_links":{"self":[{"href":"https:\/\/carole-pascal.fr\/WORDPRESS\/wp-json\/wp\/v2\/pages\/45764","targetHints":{"allow":["GET"]}}],"collection":[{"href":"https:\/\/carole-pascal.fr\/WORDPRESS\/wp-json\/wp\/v2\/pages"}],"about":[{"href":"https:\/\/carole-pascal.fr\/WORDPRESS\/wp-json\/wp\/v2\/types\/page"}],"author":[{"embeddable":true,"href":"https:\/\/carole-pascal.fr\/WORDPRESS\/wp-json\/wp\/v2\/users\/1"}],"replies":[{"embeddable":true,"href":"https:\/\/carole-pascal.fr\/WORDPRESS\/wp-json\/wp\/v2\/comments?post=45764"}],"version-history":[{"count":0,"href":"https:\/\/carole-pascal.fr\/WORDPRESS\/wp-json\/wp\/v2\/pages\/45764\/revisions"}],"wp:attachment":[{"href":"https:\/\/carole-pascal.fr\/WORDPRESS\/wp-json\/wp\/v2\/media?parent=45764"}],"curies":[{"name":"wp","href":"https:\/\/api.w.org\/{rel}","templated":true}]}}