{"id":48178,"date":"2024-10-25T16:04:01","date_gmt":"2024-10-25T14:04:01","guid":{"rendered":"https:\/\/carole-pascal.fr\/WORDPRESS\/?page_id=48178"},"modified":"2024-10-25T17:22:09","modified_gmt":"2024-10-25T15:22:09","slug":"namibie-parc-national-de-namib-naukluft","status":"publish","type":"page","link":"https:\/\/carole-pascal.fr\/WORDPRESS\/namibie-parc-national-de-namib-naukluft\/","title":{"rendered":"Namibie &#8211; Parc national de Namib-Naukluft"},"content":{"rendered":"\t\t<div data-elementor-type=\"wp-page\" data-elementor-id=\"48178\" class=\"elementor elementor-48178\">\n\t\t\t\t<div class=\"elementor-element elementor-element-164a9bf7 e-flex e-con-boxed e-con e-parent\" data-id=\"164a9bf7\" data-element_type=\"container\" data-e-type=\"container\">\n\t\t\t\t\t<div class=\"e-con-inner\">\n\t\t\t\t<div class=\"elementor-element elementor-element-404d9df5 elementor-align-center elementor-widget elementor-widget-button\" data-id=\"404d9df5\" data-element_type=\"widget\" data-e-type=\"widget\" data-widget_type=\"button.default\">\n\t\t\t\t<div class=\"elementor-widget-container\">\n\t\t\t\t\t\t\t\t\t<div class=\"elementor-button-wrapper\">\n\t\t\t\t\t<a class=\"elementor-button elementor-button-link elementor-size-sm\" href=\"https:\/\/carole-pascal.fr\/WORDPRESS\/namibie-parc-nationaux\/\">\n\t\t\t\t\t\t<span class=\"elementor-button-content-wrapper\">\n\t\t\t\t\t\t\t\t\t<span class=\"elementor-button-text\">Revenir au menu pr\u00e9c\u00e9dent<\/span>\n\t\t\t\t\t<\/span>\n\t\t\t\t\t<\/a>\n\t\t\t\t<\/div>\n\t\t\t\t\t\t\t\t<\/div>\n\t\t\t\t<\/div>\n\t\t\t\t\t<\/div>\n\t\t\t\t<\/div>\n\t\t<div class=\"elementor-element elementor-element-b1ab9a0 e-flex e-con-boxed e-con e-parent\" data-id=\"b1ab9a0\" data-element_type=\"container\" data-e-type=\"container\">\n\t\t\t\t\t<div class=\"e-con-inner\">\n\t\t\t\t<div class=\"elementor-element elementor-element-4761b19 elementor-widget elementor-widget-text-editor\" data-id=\"4761b19\" data-element_type=\"widget\" data-e-type=\"widget\" data-widget_type=\"text-editor.default\">\n\t\t\t\t<div class=\"elementor-widget-container\">\n\t\t\t\t\t\t\t\t\t<p>Les d\u00e9serts sont, par d\u00e9finition, des lieux o\u00f9 il y a peu de vie. Pourtant, ce sont des lieux o\u00f9 la vie est unique. Des cr\u00e9atures grandes et petites, \u00e9tonnamment adapt\u00e9es, peuplent le Namib en faible abondance mais avec une diversit\u00e9 impressionnante. Ce vaste d\u00e9sert offre une large gamme d&rsquo;habitats et de reliefs, depuis la montagne accident\u00e9e de Naukluft \u00e0 l&rsquo;est jusqu&rsquo;\u00e0 un littoral spectaculaire o\u00f9 les dunes plongent dans l&rsquo;oc\u00e9an \u00e0 l&rsquo;ouest ; d&rsquo;une vaste mer de sable \u00e0 des plaines de gravier sans fin, diss\u00e9qu\u00e9es par les \u00e9troites lignes de vie de rivi\u00e8res \u00e9ph\u00e9m\u00e8res.<br \/>Le Namib est \u00e0 l&rsquo;origine du nom de la Namibie. Il domine le quart occidental du pays. Il couvre toute la c\u00f4te et s&rsquo;\u00e9tend sur plus de cent kilom\u00e8tres \u00e0 l&rsquo;int\u00e9rieur des terres. Il est tout \u00e0 fait normal qu&rsquo;une grande partie de ce territoire soit pr\u00e9serv\u00e9e dans le parc du Namib-Naukluft et dans les autres parcs c\u00f4tiers qui lui sont adjacents. Une grande partie, la remarquable mer de sable du Namib, est d&rsquo;ailleurs reconnue comme site du patrimoine mondial. Le Namib-Naukluft est de loin le plus grand de tous les parcs nationaux de Namibie et l&rsquo;un des plus grands d&rsquo;Afrique. Sa partie centrale, le Namib central, fut \u00e9galement l&rsquo;un des trois premiers parcs proclam\u00e9s en Namibie, il y a plus de cent ans.<br \/>Le parc est si grand qu&rsquo;il est divis\u00e9 en trois zones principales pour les visiteurs : le Namib central ; Sossusvlei et la mer de sable du Namib ; et la montagne Naukluft. Chaque zone a un caract\u00e8re unique et m\u00e9rite une visite \u00e0 elle seule. Sossusvlei est un d\u00e9sert resplendissant au-del\u00e0 des superlatifs. D&rsquo;autres parties du Namib sont plus subtiles, l&rsquo;espace \u00e9crasant des plaines de gravier ; le paysage lunaire labyrinthique ; le royaume accident\u00e9 du Naukluft ; l&rsquo;interface de la mer et du sable \u00e0 Sandwich Harbour.<br \/>Du plus grand animal de la plan\u00e8te \u00e0 la vie microscopique, des Welwitschias aux lichens, le Namib est habit\u00e9 par une profusion de formes de vie fascinantes. Beaucoup sont end\u00e9miques \u00e0 ses habitats. La diversit\u00e9 et le caract\u00e8re de ce d\u00e9sert \u00e9tonnant nous offrent de pr\u00e9cieux enseignements. De nouveaux horizons pour les voyageurs et de nouvelles perspectives pour la science.<\/p>\t\t\t\t\t\t\t\t<\/div>\n\t\t\t\t<\/div>\n\t\t\t\t\t<\/div>\n\t\t\t\t<\/div>\n\t\t<div class=\"elementor-element elementor-element-8a8b811 e-flex e-con-boxed e-con e-parent\" data-id=\"8a8b811\" data-element_type=\"container\" data-e-type=\"container\">\n\t\t\t\t\t<div class=\"e-con-inner\">\n\t\t\t\t<div class=\"elementor-element elementor-element-6f2af07 elementor-widget elementor-widget-image\" data-id=\"6f2af07\" data-element_type=\"widget\" data-e-type=\"widget\" data-widget_type=\"image.default\">\n\t\t\t\t<div class=\"elementor-widget-container\">\n\t\t\t\t\t\t\t\t\t\t\t\t\t\t\t<img fetchpriority=\"high\" width=\"589\" height=\"1024\"  class=\"attachment-large size-large wp-image-48205 lws-optimize-lazyload\" alt=\"\" srcset=\"https:\/\/carole-pascal.fr\/WORDPRESS\/wp-content\/uploads\/2024\/10\/NamibNaukluft-589x1024.jpg 589w, https:\/\/carole-pascal.fr\/WORDPRESS\/wp-content\/uploads\/2024\/10\/NamibNaukluft-173x300.jpg 173w, https:\/\/carole-pascal.fr\/WORDPRESS\/wp-content\/uploads\/2024\/10\/NamibNaukluft.jpg 630w\" sizes=\"(max-width: 589px) 100vw, 589px\" \/ data-src=\"https:\/\/carole-pascal.fr\/WORDPRESS\/wp-content\/uploads\/2024\/10\/NamibNaukluft-589x1024.jpg\">\t\t\t\t\t\t\t\t\t\t\t\t\t\t\t<\/div>\n\t\t\t\t<\/div>\n\t\t\t\t\t<\/div>\n\t\t\t\t<\/div>\n\t\t<div class=\"elementor-element elementor-element-42d1268 e-flex e-con-boxed e-con e-parent\" data-id=\"42d1268\" data-element_type=\"container\" data-e-type=\"container\">\n\t\t\t\t\t<div class=\"e-con-inner\">\n\t\t\t\t<div class=\"elementor-element elementor-element-057c6f2 elementor-widget elementor-widget-text-editor\" data-id=\"057c6f2\" data-element_type=\"widget\" data-e-type=\"widget\" data-widget_type=\"text-editor.default\">\n\t\t\t\t<div class=\"elementor-widget-container\">\n\t\t\t\t\t\t\t\t\t<p>Sossusvlei et la mer de sable du Namib : plus de 34 000 kilom\u00e8tres carr\u00e9s de champs de dunes.<br \/>L&rsquo;eau est une force \u00e9rosive incroyablement puissante. Elle emporte des montagnes enti\u00e8res dans la mer, lentement, imperceptiblement, sous forme de sable. Dans l&rsquo;une de ces ironiques dichotomies de la nature, le sable \u00e9rod\u00e9 peut lui-m\u00eame se transformer en une grande \u00ab mer \u00bb &#8211; constitu\u00e9e uniquement de dunes ondulantes d\u00e9pourvues d&rsquo;eau ; des dunes qui suffisent aux rivi\u00e8res qui tentent de les traverser. Une ironique r\u00e9tribution. <br \/>L&rsquo;erg de Sossus, cette immense nappe de sable qui recouvre de dunes des centaines de kilom\u00e8tres du Namib, est l&rsquo;une des plus grandes \u00e9tendues de dunes continues au monde. Elle s&rsquo;\u00e9tend sur 300 kilom\u00e8tres du nord au sud et sur environ 125 kilom\u00e8tres d&rsquo;est en ouest. Form\u00e9 au cours des deux derniers millions d&rsquo;ann\u00e9es, il continue de s&rsquo;accumuler. Certaines publications continuent de contester l&rsquo;origine de tout ce sable, mais des \u00e9tudes r\u00e9centes sur ses particules ont clairement mis en \u00e9vidence leur origine \u00e0 l&rsquo;int\u00e9rieur de l&rsquo;Afrique australe et leur cheminement vers l&rsquo;Atlantique via le bassin versant du fleuve Orange, sans aucun doute.<br \/>La mer de sable du Namib comprend 16 types de dunes d\u00e9finies, dont trois dominent l&rsquo;erg. Les dunes transversales, form\u00e9es par des vents forts venant d&rsquo;une direction, sont les dunes les plus courantes le long d&rsquo;une grande partie de la c\u00f4te. Les dunes lin\u00e9aires sont form\u00e9es par une interaction entre diff\u00e9rents r\u00e9gimes de vent et dominent une grande partie du noyau de la mer de sable. Elles mesurent entre 50 et 150 m\u00e8tres de haut et sont situ\u00e9es entre 1 500 et 2 000 m\u00e8tres d&rsquo;intervalle. Les dunes en \u00e9toile qui encerclent Sossusvlei sont associ\u00e9es \u00e0 des sch\u00e9mas de vent complexes venant de diff\u00e9rentes directions. Ceux-ci cr\u00e9ent trois \u00ab bras \u00bb ou plus, qui donnent au sable une stabilit\u00e9 permettant la formation de certaines des dunes les plus hautes du monde. Les dunes de Sossus peuvent atteindre des hauteurs de plus de 300 m\u00e8tres. La dune 7, la septi\u00e8me dune \u00e0 l&rsquo;ouest du point de vue de Sossuspoort et au nord du Tsauchab, a \u00e9t\u00e9 mesur\u00e9e \u00e0 plus de 380 m\u00e8tres de la base au sommet. Tout au long de la mer de dunes, les couches de sable ne sont perc\u00e9es que par une poign\u00e9e d&rsquo;inselbergs, mais sont en partie p\u00e9n\u00e9tr\u00e9es par les rivi\u00e8res Tsauchab et Tsondab, qui se terminent toutes deux dans des vleis entour\u00e9s de sable.<\/p>\t\t\t\t\t\t\t\t<\/div>\n\t\t\t\t<\/div>\n\t\t\t\t\t<\/div>\n\t\t\t\t<\/div>\n\t\t<div class=\"elementor-element elementor-element-48763e8 e-flex e-con-boxed e-con e-parent\" data-id=\"48763e8\" data-element_type=\"container\" data-e-type=\"container\">\n\t\t\t\t\t<div class=\"e-con-inner\">\n\t\t\t\t<div class=\"elementor-element elementor-element-14adbe7 elementor-widget elementor-widget-image\" data-id=\"14adbe7\" data-element_type=\"widget\" data-e-type=\"widget\" data-widget_type=\"image.default\">\n\t\t\t\t<div class=\"elementor-widget-container\">\n\t\t\t\t\t\t\t\t\t\t\t\t\t\t\t<img width=\"723\" height=\"1004\"  class=\"attachment-large size-large wp-image-48206 lws-optimize-lazyload\" alt=\"\" srcset=\"https:\/\/carole-pascal.fr\/WORDPRESS\/wp-content\/uploads\/2024\/10\/Sossusvlei.jpg 723w, https:\/\/carole-pascal.fr\/WORDPRESS\/wp-content\/uploads\/2024\/10\/Sossusvlei-216x300.jpg 216w\" sizes=\"(max-width: 723px) 100vw, 723px\" \/ data-src=\"https:\/\/carole-pascal.fr\/WORDPRESS\/wp-content\/uploads\/2024\/10\/Sossusvlei.jpg\">\t\t\t\t\t\t\t\t\t\t\t\t\t\t\t<\/div>\n\t\t\t\t<\/div>\n\t\t\t\t\t<\/div>\n\t\t\t\t<\/div>\n\t\t\t\t<\/div>\n\t\t","protected":false},"excerpt":{"rendered":"<p>Revenir au menu pr\u00e9c\u00e9dent Les d\u00e9serts sont, par d\u00e9finition, des lieux o\u00f9 il y a peu de vie. Pourtant, ce sont des lieux o\u00f9 la vie est unique. Des cr\u00e9atures grandes et petites, \u00e9tonnamment adapt\u00e9es, peuplent le Namib en faible abondance mais avec une diversit\u00e9 impressionnante. Ce vaste d\u00e9sert offre une large gamme d&rsquo;habitats et [&hellip;]<\/p>\n","protected":false},"author":1,"featured_media":0,"parent":0,"menu_order":0,"comment_status":"closed","ping_status":"closed","template":"","meta":{"ocean_post_layout":"","ocean_both_sidebars_style":"","ocean_both_sidebars_content_width":0,"ocean_both_sidebars_sidebars_width":0,"ocean_sidebar":"","ocean_second_sidebar":"","ocean_disable_margins":"enable","ocean_add_body_class":"","ocean_shortcode_before_top_bar":"","ocean_shortcode_after_top_bar":"","ocean_shortcode_before_header":"","ocean_shortcode_after_header":"","ocean_has_shortcode":"","ocean_shortcode_after_title":"","ocean_shortcode_before_footer_widgets":"","ocean_shortcode_after_footer_widgets":"","ocean_shortcode_before_footer_bottom":"","ocean_shortcode_after_footer_bottom":"","ocean_display_top_bar":"default","ocean_display_header":"default","ocean_header_style":"","ocean_center_header_left_menu":"","ocean_custom_header_template":"","ocean_custom_logo":0,"ocean_custom_retina_logo":0,"ocean_custom_logo_max_width":0,"ocean_custom_logo_tablet_max_width":0,"ocean_custom_logo_mobile_max_width":0,"ocean_custom_logo_max_height":0,"ocean_custom_logo_tablet_max_height":0,"ocean_custom_logo_mobile_max_height":0,"ocean_header_custom_menu":"","ocean_menu_typo_font_family":"","ocean_menu_typo_font_subset":"","ocean_menu_typo_font_size":0,"ocean_menu_typo_font_size_tablet":0,"ocean_menu_typo_font_size_mobile":0,"ocean_menu_typo_font_size_unit":"px","ocean_menu_typo_font_weight":"","ocean_menu_typo_font_weight_tablet":"","ocean_menu_typo_font_weight_mobile":"","ocean_menu_typo_transform":"","ocean_menu_typo_transform_tablet":"","ocean_menu_typo_transform_mobile":"","ocean_menu_typo_line_height":0,"ocean_menu_typo_line_height_tablet":0,"ocean_menu_typo_line_height_mobile":0,"ocean_menu_typo_line_height_unit":"","ocean_menu_typo_spacing":0,"ocean_menu_typo_spacing_tablet":0,"ocean_menu_typo_spacing_mobile":0,"ocean_menu_typo_spacing_unit":"","ocean_menu_link_color":"","ocean_menu_link_color_hover":"","ocean_menu_link_color_active":"","ocean_menu_link_background":"","ocean_menu_link_hover_background":"","ocean_menu_link_active_background":"","ocean_menu_social_links_bg":"","ocean_menu_social_hover_links_bg":"","ocean_menu_social_links_color":"","ocean_menu_social_hover_links_color":"","ocean_disable_title":"default","ocean_disable_heading":"default","ocean_post_title":"","ocean_post_subheading":"","ocean_post_title_style":"","ocean_post_title_background_color":"","ocean_post_title_background":0,"ocean_post_title_bg_image_position":"","ocean_post_title_bg_image_attachment":"","ocean_post_title_bg_image_repeat":"","ocean_post_title_bg_image_size":"","ocean_post_title_height":0,"ocean_post_title_bg_overlay":0.5,"ocean_post_title_bg_overlay_color":"","ocean_disable_breadcrumbs":"default","ocean_breadcrumbs_color":"","ocean_breadcrumbs_separator_color":"","ocean_breadcrumbs_links_color":"","ocean_breadcrumbs_links_hover_color":"","ocean_display_footer_widgets":"default","ocean_display_footer_bottom":"default","ocean_custom_footer_template":"","footnotes":""},"class_list":["post-48178","page","type-page","status-publish","hentry","entry"],"_links":{"self":[{"href":"https:\/\/carole-pascal.fr\/WORDPRESS\/wp-json\/wp\/v2\/pages\/48178","targetHints":{"allow":["GET"]}}],"collection":[{"href":"https:\/\/carole-pascal.fr\/WORDPRESS\/wp-json\/wp\/v2\/pages"}],"about":[{"href":"https:\/\/carole-pascal.fr\/WORDPRESS\/wp-json\/wp\/v2\/types\/page"}],"author":[{"embeddable":true,"href":"https:\/\/carole-pascal.fr\/WORDPRESS\/wp-json\/wp\/v2\/users\/1"}],"replies":[{"embeddable":true,"href":"https:\/\/carole-pascal.fr\/WORDPRESS\/wp-json\/wp\/v2\/comments?post=48178"}],"version-history":[{"count":0,"href":"https:\/\/carole-pascal.fr\/WORDPRESS\/wp-json\/wp\/v2\/pages\/48178\/revisions"}],"wp:attachment":[{"href":"https:\/\/carole-pascal.fr\/WORDPRESS\/wp-json\/wp\/v2\/media?parent=48178"}],"curies":[{"name":"wp","href":"https:\/\/api.w.org\/{rel}","templated":true}]}}