{"id":54394,"date":"2025-01-16T15:54:13","date_gmt":"2025-01-16T14:54:13","guid":{"rendered":"https:\/\/carole-pascal.fr\/WORDPRESS\/?page_id=54394"},"modified":"2025-01-16T16:06:18","modified_gmt":"2025-01-16T15:06:18","slug":"arkansas-usa-03-au-05-juillet-2004","status":"publish","type":"page","link":"https:\/\/carole-pascal.fr\/WORDPRESS\/arkansas-usa-03-au-05-juillet-2004\/","title":{"rendered":"Arkansas (USA) &#8211; 03 au 05 juillet 2004"},"content":{"rendered":"\t\t<div data-elementor-type=\"wp-page\" data-elementor-id=\"54394\" class=\"elementor elementor-54394\">\n\t\t\t\t<div class=\"elementor-element elementor-element-1986e1a9 e-flex e-con-boxed e-con e-parent\" data-id=\"1986e1a9\" data-element_type=\"container\" data-e-type=\"container\">\n\t\t\t\t\t<div class=\"e-con-inner\">\n\t\t<div class=\"elementor-element elementor-element-78b70a2b e-con-full e-flex e-con e-child\" data-id=\"78b70a2b\" data-element_type=\"container\" data-e-type=\"container\">\n\t\t\t\t<div class=\"elementor-element elementor-element-3894c41f elementor-widget elementor-widget-image\" data-id=\"3894c41f\" data-element_type=\"widget\" data-e-type=\"widget\" data-widget_type=\"image.default\">\n\t\t\t\t<div class=\"elementor-widget-container\">\n\t\t\t\t\t\t\t\t\t\t\t\t\t\t\t<img  title=\"Flag_of_Arkansas\" alt=\"Flag_of_Arkansas\" loading=\"lazy\" \/ class=\"lws-optimize-lazyload\" data-src=\"https:\/\/carole-pascal.fr\/WORDPRESS\/wp-content\/uploads\/elementor\/thumbs\/Flag_of_Arkansas-r03hvsrnpp9l2kxwp4imt04x5gjpttfeq4f2651czo.png\">\t\t\t\t\t\t\t\t\t\t\t\t\t\t\t<\/div>\n\t\t\t\t<\/div>\n\t\t\t\t<\/div>\n\t\t<div class=\"elementor-element elementor-element-1df911af e-con-full e-flex e-con e-child\" data-id=\"1df911af\" data-element_type=\"container\" data-e-type=\"container\">\n\t\t\t\t<div class=\"elementor-element elementor-element-1e114ce elementor-align-center elementor-widget elementor-widget-button\" data-id=\"1e114ce\" data-element_type=\"widget\" data-e-type=\"widget\" data-widget_type=\"button.default\">\n\t\t\t\t<div class=\"elementor-widget-container\">\n\t\t\t\t\t\t\t\t\t<div class=\"elementor-button-wrapper\">\n\t\t\t\t\t<a class=\"elementor-button elementor-button-link elementor-size-sm\" href=\"https:\/\/carole-pascal.fr\/WORDPRESS\/arkansas-usa-03-au-05-juillet-2004-carte\/\">\n\t\t\t\t\t\t<span class=\"elementor-button-content-wrapper\">\n\t\t\t\t\t\t\t\t\t<span class=\"elementor-button-text\">Carte<\/span>\n\t\t\t\t\t<\/span>\n\t\t\t\t\t<\/a>\n\t\t\t\t<\/div>\n\t\t\t\t\t\t\t\t<\/div>\n\t\t\t\t<\/div>\n\t\t\t\t<\/div>\n\t\t<div class=\"elementor-element elementor-element-4ab9589 e-con-full e-flex e-con e-child\" data-id=\"4ab9589\" data-element_type=\"container\" data-e-type=\"container\">\n\t\t\t\t<div class=\"elementor-element elementor-element-23e53eb elementor-align-center elementor-widget elementor-widget-button\" data-id=\"23e53eb\" data-element_type=\"widget\" data-e-type=\"widget\" data-widget_type=\"button.default\">\n\t\t\t\t<div class=\"elementor-widget-container\">\n\t\t\t\t\t\t\t\t\t<div class=\"elementor-button-wrapper\">\n\t\t\t\t\t<a class=\"elementor-button elementor-button-link elementor-size-sm\" href=\"https:\/\/carole-pascal.fr\/WORDPRESS\/arkansas-usa-03-au-05-juillet-2004-photos\/\">\n\t\t\t\t\t\t<span class=\"elementor-button-content-wrapper\">\n\t\t\t\t\t\t\t\t\t<span class=\"elementor-button-text\">Photos<\/span>\n\t\t\t\t\t<\/span>\n\t\t\t\t\t<\/a>\n\t\t\t\t<\/div>\n\t\t\t\t\t\t\t\t<\/div>\n\t\t\t\t<\/div>\n\t\t\t\t<\/div>\n\t\t\t\t\t<\/div>\n\t\t\t\t<\/div>\n\t\t<div class=\"elementor-element elementor-element-6a8da9a9 e-flex e-con-boxed e-con e-parent\" data-id=\"6a8da9a9\" data-element_type=\"container\" data-e-type=\"container\">\n\t\t\t\t\t<div class=\"e-con-inner\">\n\t\t<div class=\"elementor-element elementor-element-1817747f e-con-full e-flex e-con e-child\" data-id=\"1817747f\" data-element_type=\"container\" data-e-type=\"container\">\n\t\t\t\t<div class=\"elementor-element elementor-element-2063b7de elementor-widget-divider--separator-type-pattern elementor-widget-divider--no-spacing elementor-widget-divider--view-line elementor-widget elementor-widget-divider\" data-id=\"2063b7de\" data-element_type=\"widget\" data-e-type=\"widget\" data-widget_type=\"divider.default\">\n\t\t\t\t<div class=\"elementor-widget-container\">\n\t\t\t\t\t\t\t<div class=\"elementor-divider\" style=\"--divider-pattern-url: url(&quot;data:image\/svg+xml,%3Csvg xmlns=&#039;http:\/\/www.w3.org\/2000\/svg&#039; preserveAspectRatio=&#039;xMidYMid meet&#039; overflow=&#039;visible&#039; height=&#039;100%&#039; viewBox=&#039;0 0 121 26&#039; fill=&#039;black&#039; stroke=&#039;none&#039;%3E%3Cpath d=&#039;M29.6,10.3l2.1,2.2l-3.6,3.3h7v2.9h-7l3.6,3.5l-2.1,1.7l-5.2-5.2h-5.8v-2.9h5.8L29.6,10.3z M70.9,9.6l2.1,1.7l-3.6,3.5h7v2.9h-7l3.6,3.3l-2.1,2.2l-5.2-5.5h-5.8v-2.9h5.8L70.9,9.6z M111.5,9.6l2.1,1.7l-3.6,3.5h7v2.9h-7l3.6,3.3l-2.1,2.2l-5.2-5.5h-5.8v-2.9h5.8L111.5,9.6z M50.2,2.7l2.1,1.7l-3.6,3.5h7v2.9h-7l3.6,3.3l-2.1,2.2L45,10.7h-5.8V7.9H45L50.2,2.7z M11,2l2.1,1.7L9.6,7.2h7V10h-7l3.6,3.3L11,15.5L5.8,10H0V7.2h5.8L11,2z M91.5,2l2.1,2.2l-3.6,3.3h7v2.9h-7l3.6,3.5l-2.1,1.7l-5.2-5.2h-5.8V7.5h5.8L91.5,2z&#039;\/%3E%3C\/svg%3E&quot;);\">\n\t\t\t<span class=\"elementor-divider-separator\">\n\t\t\t\t\t\t<\/span>\n\t\t<\/div>\n\t\t\t\t\t\t<\/div>\n\t\t\t\t<\/div>\n\t\t\t\t<\/div>\n\t\t<div class=\"elementor-element elementor-element-10878cbb e-con-full e-flex e-con e-child\" data-id=\"10878cbb\" data-element_type=\"container\" data-e-type=\"container\">\n\t\t\t\t<div class=\"elementor-element elementor-element-15a1fe18 elementor-widget elementor-widget-text-editor\" data-id=\"15a1fe18\" data-element_type=\"widget\" data-e-type=\"widget\" data-widget_type=\"text-editor.default\">\n\t\t\t\t<div class=\"elementor-widget-container\">\n\t\t\t\t\t\t\t\t\t<p>Au cours de notre s\u00e9jour en Arkansas, nous avons visit\u00e9s:<\/p><p><span style=\"text-decoration: underline;\">Old Washington Historic State Park<\/span> ( <strong>1<\/strong> ) : Ce parc historique situ\u00e9 \u00e0 Washington dans l&rsquo;Arkansas, propose un voyage dans le temps dans une communaut\u00e9 du 19\u00e8me si\u00e8cle. Le parc inclus des batiments restaur\u00e9s tels des batiments d&rsquo;habitation, des \u00e9glises, \u00e9cole, tribunal. Il y aussi un mus\u00e9e de pistolets et fusils (<a href=\"https:\/\/carole-pascal.fr\/WORDPRESS\/wp-content\/uploads\/2025\/01\/OldWashington_SP.pdf\" target=\"_blank\" rel=\"noopener\">brochure<\/a> &#8211; <a href=\"https:\/\/carole-pascal.fr\/WORDPRESS\/wp-content\/uploads\/2025\/01\/OldWashington_SP2.pdf\" target=\"_blank\" rel=\"noopener\">brochure<\/a>)<\/p><p><span style=\"text-decoration: underline;\">Ouachita National Forest<\/span> ( <strong>2<\/strong> ).<\/p><p><span style=\"text-decoration: underline;\">Mount magazine state park<\/span> (Ozark National Forest) ( <strong>3<\/strong> ) : Le mont Magazine est situ\u00e9 dans la for\u00eat nationale Ozark et c&rsquo;est le point culminant de l&rsquo;Arkansas avec 917 m\u00e8tres. Il y a plusieurs sentiers de randonn\u00e9e qui sillonnent le parc. On domine la vall\u00e9e de l&rsquo;Arkansas (<a href=\"https:\/\/carole-pascal.fr\/WORDPRESS\/wp-content\/uploads\/2025\/01\/MtMagazine_SP.pdf\" target=\"_blank\" rel=\"noopener\">brochure<\/a> &#8211; <a href=\"https:\/\/carole-pascal.fr\/WORDPRESS\/wp-content\/uploads\/2025\/01\/MtMagazine_HilingTrails.pdf\" target=\"_blank\" rel=\"noopener\">sentiers<\/a>)<\/p><p><span style=\"text-decoration: underline;\">Buffalo national river<\/span> ( <strong>4<\/strong> ) : Ce parc national suit la rivi\u00e8re Buffalo sur 100 km au coeur de la chaine des Ozarks dans le nord de l&rsquo;Arkansas. Par endroit, il a des falaises atteignant 140 m\u00e8tres de haut. La rivi\u00e8re est propice pour les ballades en cano\u00ebs.<\/p><p><span style=\"text-decoration: underline;\">Prairie Grove Battlefield State Park<\/span> ( <strong>5<\/strong> ) : Ce parc historique est situ\u00e9 sur le site de la bataille de Prairie Grove qui eu lieu au cours de la guerre de s\u00e9cession le 7 d\u00e9cembre 1862. A cette date, l&rsquo;arm\u00e9e conf\u00e9d\u00e9r\u00e9e dirig\u00e9e par le major Thomas Hindman engagea la bataille contre les arm\u00e9es de l&rsquo;union des brigadiers g\u00e9n\u00e9rals Francis Herron et James Blunt. La bataille commenca par des tirs d&rsquo;artillerie et les soldats s&rsquo;affront\u00e8rent toute la journ\u00e9e. A cours de munitions, l&rsquo;arm\u00e9e conf\u00e9d\u00e9r\u00e9e se retira au sud. 2700 hommes furent tu\u00e9s, bless\u00e9s ou port\u00e9s disparus. Ce fut la derni\u00e8re grande bataille du nord de l&rsquo;Arkansas.<br \/>Le parc abrite un mus\u00e9e qui retrace la bataille et des batiments d&rsquo;\u00e9poque (<a href=\"https:\/\/carole-pascal.fr\/WORDPRESS\/wp-content\/uploads\/2025\/01\/PrairieGroveBattlefield_SP.pdf\" target=\"_blank\" rel=\"noopener\">brochure<\/a> &#8211; <a href=\"https:\/\/carole-pascal.fr\/WORDPRESS\/wp-content\/uploads\/2025\/01\/PrairieGroveBattlefield_Route.pdf\" target=\"_blank\" rel=\"noopener\">route<\/a> &#8211; <a href=\"https:\/\/carole-pascal.fr\/WORDPRESS\/wp-content\/uploads\/2025\/01\/PrairieGroveBattlefield_trail.pdf\" target=\"_blank\" rel=\"noopener\">sentiers<\/a>)<\/p>\t\t\t\t\t\t\t\t<\/div>\n\t\t\t\t<\/div>\n\t\t\t\t<\/div>\n\t\t<div class=\"elementor-element elementor-element-2838e5e e-con-full e-flex e-con e-child\" data-id=\"2838e5e\" data-element_type=\"container\" data-e-type=\"container\">\n\t\t\t\t<div class=\"elementor-element elementor-element-22144bc5 elementor-widget-divider--separator-type-pattern elementor-widget-divider--no-spacing elementor-widget-divider--view-line elementor-widget elementor-widget-divider\" data-id=\"22144bc5\" data-element_type=\"widget\" data-e-type=\"widget\" data-widget_type=\"divider.default\">\n\t\t\t\t<div class=\"elementor-widget-container\">\n\t\t\t\t\t\t\t<div class=\"elementor-divider\" style=\"--divider-pattern-url: url(&quot;data:image\/svg+xml,%3Csvg xmlns=&#039;http:\/\/www.w3.org\/2000\/svg&#039; preserveAspectRatio=&#039;xMidYMid meet&#039; overflow=&#039;visible&#039; height=&#039;100%&#039; viewBox=&#039;0 0 121 26&#039; fill=&#039;black&#039; stroke=&#039;none&#039;%3E%3Cpath d=&#039;M29.6,10.3l2.1,2.2l-3.6,3.3h7v2.9h-7l3.6,3.5l-2.1,1.7l-5.2-5.2h-5.8v-2.9h5.8L29.6,10.3z M70.9,9.6l2.1,1.7l-3.6,3.5h7v2.9h-7l3.6,3.3l-2.1,2.2l-5.2-5.5h-5.8v-2.9h5.8L70.9,9.6z M111.5,9.6l2.1,1.7l-3.6,3.5h7v2.9h-7l3.6,3.3l-2.1,2.2l-5.2-5.5h-5.8v-2.9h5.8L111.5,9.6z M50.2,2.7l2.1,1.7l-3.6,3.5h7v2.9h-7l3.6,3.3l-2.1,2.2L45,10.7h-5.8V7.9H45L50.2,2.7z M11,2l2.1,1.7L9.6,7.2h7V10h-7l3.6,3.3L11,15.5L5.8,10H0V7.2h5.8L11,2z M91.5,2l2.1,2.2l-3.6,3.3h7v2.9h-7l3.6,3.5l-2.1,1.7l-5.2-5.2h-5.8V7.5h5.8L91.5,2z&#039;\/%3E%3C\/svg%3E&quot;);\">\n\t\t\t<span class=\"elementor-divider-separator\">\n\t\t\t\t\t\t<\/span>\n\t\t<\/div>\n\t\t\t\t\t\t<\/div>\n\t\t\t\t<\/div>\n\t\t\t\t<\/div>\n\t\t\t\t\t<\/div>\n\t\t\t\t<\/div>\n\t\t\t\t<\/div>\n\t\t","protected":false},"excerpt":{"rendered":"<p>Carte Photos Au cours de notre s\u00e9jour en Arkansas, nous avons visit\u00e9s: Old Washington Historic State Park ( 1 ) : Ce parc historique situ\u00e9 \u00e0 Washington dans l&rsquo;Arkansas, propose un voyage dans le temps dans une communaut\u00e9 du 19\u00e8me si\u00e8cle. Le parc inclus des batiments restaur\u00e9s tels des batiments d&rsquo;habitation, des \u00e9glises, \u00e9cole, tribunal. [&hellip;]<\/p>\n","protected":false},"author":1,"featured_media":0,"parent":0,"menu_order":0,"comment_status":"closed","ping_status":"closed","template":"","meta":{"ocean_post_layout":"","ocean_both_sidebars_style":"","ocean_both_sidebars_content_width":0,"ocean_both_sidebars_sidebars_width":0,"ocean_sidebar":"","ocean_second_sidebar":"","ocean_disable_margins":"enable","ocean_add_body_class":"","ocean_shortcode_before_top_bar":"","ocean_shortcode_after_top_bar":"","ocean_shortcode_before_header":"","ocean_shortcode_after_header":"","ocean_has_shortcode":"","ocean_shortcode_after_title":"","ocean_shortcode_before_footer_widgets":"","ocean_shortcode_after_footer_widgets":"","ocean_shortcode_before_footer_bottom":"","ocean_shortcode_after_footer_bottom":"","ocean_display_top_bar":"default","ocean_display_header":"default","ocean_header_style":"","ocean_center_header_left_menu":"","ocean_custom_header_template":"","ocean_custom_logo":0,"ocean_custom_retina_logo":0,"ocean_custom_logo_max_width":0,"ocean_custom_logo_tablet_max_width":0,"ocean_custom_logo_mobile_max_width":0,"ocean_custom_logo_max_height":0,"ocean_custom_logo_tablet_max_height":0,"ocean_custom_logo_mobile_max_height":0,"ocean_header_custom_menu":"","ocean_menu_typo_font_family":"","ocean_menu_typo_font_subset":"","ocean_menu_typo_font_size":0,"ocean_menu_typo_font_size_tablet":0,"ocean_menu_typo_font_size_mobile":0,"ocean_menu_typo_font_size_unit":"px","ocean_menu_typo_font_weight":"","ocean_menu_typo_font_weight_tablet":"","ocean_menu_typo_font_weight_mobile":"","ocean_menu_typo_transform":"","ocean_menu_typo_transform_tablet":"","ocean_menu_typo_transform_mobile":"","ocean_menu_typo_line_height":0,"ocean_menu_typo_line_height_tablet":0,"ocean_menu_typo_line_height_mobile":0,"ocean_menu_typo_line_height_unit":"","ocean_menu_typo_spacing":0,"ocean_menu_typo_spacing_tablet":0,"ocean_menu_typo_spacing_mobile":0,"ocean_menu_typo_spacing_unit":"","ocean_menu_link_color":"","ocean_menu_link_color_hover":"","ocean_menu_link_color_active":"","ocean_menu_link_background":"","ocean_menu_link_hover_background":"","ocean_menu_link_active_background":"","ocean_menu_social_links_bg":"","ocean_menu_social_hover_links_bg":"","ocean_menu_social_links_color":"","ocean_menu_social_hover_links_color":"","ocean_disable_title":"default","ocean_disable_heading":"default","ocean_post_title":"","ocean_post_subheading":"","ocean_post_title_style":"","ocean_post_title_background_color":"","ocean_post_title_background":0,"ocean_post_title_bg_image_position":"","ocean_post_title_bg_image_attachment":"","ocean_post_title_bg_image_repeat":"","ocean_post_title_bg_image_size":"","ocean_post_title_height":0,"ocean_post_title_bg_overlay":0.5,"ocean_post_title_bg_overlay_color":"","ocean_disable_breadcrumbs":"default","ocean_breadcrumbs_color":"","ocean_breadcrumbs_separator_color":"","ocean_breadcrumbs_links_color":"","ocean_breadcrumbs_links_hover_color":"","ocean_display_footer_widgets":"default","ocean_display_footer_bottom":"default","ocean_custom_footer_template":"","footnotes":""},"class_list":["post-54394","page","type-page","status-publish","hentry","entry"],"_links":{"self":[{"href":"https:\/\/carole-pascal.fr\/WORDPRESS\/wp-json\/wp\/v2\/pages\/54394","targetHints":{"allow":["GET"]}}],"collection":[{"href":"https:\/\/carole-pascal.fr\/WORDPRESS\/wp-json\/wp\/v2\/pages"}],"about":[{"href":"https:\/\/carole-pascal.fr\/WORDPRESS\/wp-json\/wp\/v2\/types\/page"}],"author":[{"embeddable":true,"href":"https:\/\/carole-pascal.fr\/WORDPRESS\/wp-json\/wp\/v2\/users\/1"}],"replies":[{"embeddable":true,"href":"https:\/\/carole-pascal.fr\/WORDPRESS\/wp-json\/wp\/v2\/comments?post=54394"}],"version-history":[{"count":0,"href":"https:\/\/carole-pascal.fr\/WORDPRESS\/wp-json\/wp\/v2\/pages\/54394\/revisions"}],"wp:attachment":[{"href":"https:\/\/carole-pascal.fr\/WORDPRESS\/wp-json\/wp\/v2\/media?parent=54394"}],"curies":[{"name":"wp","href":"https:\/\/api.w.org\/{rel}","templated":true}]}}