{"id":54904,"date":"2025-01-27T14:43:17","date_gmt":"2025-01-27T13:43:17","guid":{"rendered":"https:\/\/carole-pascal.fr\/WORDPRESS\/?page_id=54904"},"modified":"2026-03-19T15:30:46","modified_gmt":"2026-03-19T14:30:46","slug":"grand-teton-yellowstone-national-park-wyoming-usa-24-septembre-au-08-octobre-2011-photos","status":"publish","type":"page","link":"https:\/\/carole-pascal.fr\/WORDPRESS\/grand-teton-yellowstone-national-park-wyoming-usa-24-septembre-au-08-octobre-2011-photos\/","title":{"rendered":"Grand Teton &amp; Yellowstone national park (Wyoming, USA) \u2013 24 septembre au 08 octobre 2011 &#8211; Photos"},"content":{"rendered":"\t\t<div data-elementor-type=\"wp-page\" data-elementor-id=\"54904\" class=\"elementor elementor-54904\">\n\t\t\t\t<div class=\"elementor-element elementor-element-116b32b6 e-flex e-con-boxed e-con e-parent\" data-id=\"116b32b6\" data-element_type=\"container\" data-e-type=\"container\">\n\t\t\t\t\t<div class=\"e-con-inner\">\n\t\t\t\t<div class=\"elementor-element elementor-element-5e0bb954 elementor-align-center elementor-widget elementor-widget-button\" data-id=\"5e0bb954\" data-element_type=\"widget\" data-e-type=\"widget\" data-widget_type=\"button.default\">\n\t\t\t\t<div class=\"elementor-widget-container\">\n\t\t\t\t\t\t\t\t\t<div class=\"elementor-button-wrapper\">\n\t\t\t\t\t<a class=\"elementor-button elementor-button-link elementor-size-sm\" href=\"https:\/\/carole-pascal.fr\/WORDPRESS\/grand-teton-yellowstone-national-park-wyoming-usa-24-septembre-au-08-octobre-2011\/\">\n\t\t\t\t\t\t<span class=\"elementor-button-content-wrapper\">\n\t\t\t\t\t\t\t\t\t<span class=\"elementor-button-text\">Revenir au menu pr\u00e9c\u00e9dent<\/span>\n\t\t\t\t\t<\/span>\n\t\t\t\t\t<\/a>\n\t\t\t\t<\/div>\n\t\t\t\t\t\t\t\t<\/div>\n\t\t\t\t<\/div>\n\t\t\t\t\t<\/div>\n\t\t\t\t<\/div>\n\t\t<div class=\"elementor-element elementor-element-1358fdd3 e-flex e-con-boxed e-con e-parent\" data-id=\"1358fdd3\" data-element_type=\"container\" data-e-type=\"container\">\n\t\t\t\t\t<div class=\"e-con-inner\">\n\t\t<div class=\"elementor-element elementor-element-4c9479fc e-con-full e-flex e-con e-child\" data-id=\"4c9479fc\" data-element_type=\"container\" data-e-type=\"container\">\n\t\t\t\t<div class=\"elementor-element elementor-element-3f94f5a5 elementor-widget elementor-widget-image\" data-id=\"3f94f5a5\" data-element_type=\"widget\" data-e-type=\"widget\" data-widget_type=\"image.default\">\n\t\t\t\t<div class=\"elementor-widget-container\">\n\t\t\t\t\t\t\t\t\t\t\t\t<figure class=\"wp-caption\">\n\t\t\t\t\t\t\t\t\t\t\t<a href=\"https:\/\/carole-pascal.fr\/WORDPRESS\/grand-teton-yellowstone-2011-arbres\/\">\n\t\t\t\t\t\t\t<img fetchpriority=\"high\" width=\"768\" height=\"510\"  class=\"attachment-medium_large size-medium_large wp-image-69124 lws-optimize-lazyload\" alt=\"\" srcset=\"https:\/\/carole-pascal.fr\/WORDPRESS\/wp-content\/uploads\/2026\/03\/003_201110_Arbres-768x510.jpg 768w, https:\/\/carole-pascal.fr\/WORDPRESS\/wp-content\/uploads\/2026\/03\/003_201110_Arbres-300x199.jpg 300w, https:\/\/carole-pascal.fr\/WORDPRESS\/wp-content\/uploads\/2026\/03\/003_201110_Arbres-1024x680.jpg 1024w, https:\/\/carole-pascal.fr\/WORDPRESS\/wp-content\/uploads\/2026\/03\/003_201110_Arbres-1536x1020.jpg 1536w, https:\/\/carole-pascal.fr\/WORDPRESS\/wp-content\/uploads\/2026\/03\/003_201110_Arbres-2048x1360.jpg 2048w\" sizes=\"(max-width: 768px) 100vw, 768px\" \/ data-src=\"https:\/\/carole-pascal.fr\/WORDPRESS\/wp-content\/uploads\/2026\/03\/003_201110_Arbres-768x510.jpg\">\t\t\t\t\t\t\t\t<\/a>\n\t\t\t\t\t\t\t\t\t\t\t<figcaption class=\"widget-image-caption wp-caption-text\">Arbres: troncs et \u00e9corces<\/figcaption>\n\t\t\t\t\t\t\t\t\t\t<\/figure>\n\t\t\t\t\t\t\t\t\t<\/div>\n\t\t\t\t<\/div>\n\t\t\t\t<\/div>\n\t\t<div class=\"elementor-element elementor-element-2545689f e-con-full e-flex e-con e-child\" data-id=\"2545689f\" data-element_type=\"container\" data-e-type=\"container\">\n\t\t\t\t<div class=\"elementor-element elementor-element-56a1be25 elementor-widget elementor-widget-image\" data-id=\"56a1be25\" data-element_type=\"widget\" data-e-type=\"widget\" data-widget_type=\"image.default\">\n\t\t\t\t<div class=\"elementor-widget-container\">\n\t\t\t\t\t\t\t\t\t\t\t\t<figure class=\"wp-caption\">\n\t\t\t\t\t\t\t\t\t\t\t<a href=\"https:\/\/carole-pascal.fr\/WORDPRESS\/grand-teton-yellowstone-2011-automne\/\">\n\t\t\t\t\t\t\t<img width=\"768\" height=\"510\"  class=\"attachment-medium_large size-medium_large wp-image-69151 lws-optimize-lazyload\" alt=\"\" srcset=\"https:\/\/carole-pascal.fr\/WORDPRESS\/wp-content\/uploads\/2026\/03\/007_201110_Automne-768x510.jpg 768w, https:\/\/carole-pascal.fr\/WORDPRESS\/wp-content\/uploads\/2026\/03\/007_201110_Automne-300x199.jpg 300w, https:\/\/carole-pascal.fr\/WORDPRESS\/wp-content\/uploads\/2026\/03\/007_201110_Automne-1024x680.jpg 1024w, https:\/\/carole-pascal.fr\/WORDPRESS\/wp-content\/uploads\/2026\/03\/007_201110_Automne-1536x1020.jpg 1536w, https:\/\/carole-pascal.fr\/WORDPRESS\/wp-content\/uploads\/2026\/03\/007_201110_Automne-2048x1360.jpg 2048w\" sizes=\"(max-width: 768px) 100vw, 768px\" \/ data-src=\"https:\/\/carole-pascal.fr\/WORDPRESS\/wp-content\/uploads\/2026\/03\/007_201110_Automne-768x510.jpg\">\t\t\t\t\t\t\t\t<\/a>\n\t\t\t\t\t\t\t\t\t\t\t<figcaption class=\"widget-image-caption wp-caption-text\">Couleurs d'automne<\/figcaption>\n\t\t\t\t\t\t\t\t\t\t<\/figure>\n\t\t\t\t\t\t\t\t\t<\/div>\n\t\t\t\t<\/div>\n\t\t\t\t<\/div>\n\t\t<div class=\"elementor-element elementor-element-4f79a352 e-con-full e-flex e-con e-child\" data-id=\"4f79a352\" data-element_type=\"container\" data-e-type=\"container\">\n\t\t\t\t<div class=\"elementor-element elementor-element-2eedae95 elementor-widget elementor-widget-image\" data-id=\"2eedae95\" data-element_type=\"widget\" data-e-type=\"widget\" data-widget_type=\"image.default\">\n\t\t\t\t<div class=\"elementor-widget-container\">\n\t\t\t\t\t\t\t\t\t\t\t\t<figure class=\"wp-caption\">\n\t\t\t\t\t\t\t\t\t\t\t<a href=\"https:\/\/carole-pascal.fr\/WORDPRESS\/grand-teton-yellowstone-2011-bacteries\/\">\n\t\t\t\t\t\t\t<img width=\"768\" height=\"576\"  class=\"attachment-medium_large size-medium_large wp-image-69177 lws-optimize-lazyload\" alt=\"\" srcset=\"https:\/\/carole-pascal.fr\/WORDPRESS\/wp-content\/uploads\/2026\/03\/014_201110_Bacteries-768x576.jpg 768w, https:\/\/carole-pascal.fr\/WORDPRESS\/wp-content\/uploads\/2026\/03\/014_201110_Bacteries-300x225.jpg 300w, https:\/\/carole-pascal.fr\/WORDPRESS\/wp-content\/uploads\/2026\/03\/014_201110_Bacteries-1024x768.jpg 1024w, https:\/\/carole-pascal.fr\/WORDPRESS\/wp-content\/uploads\/2026\/03\/014_201110_Bacteries-1536x1152.jpg 1536w, https:\/\/carole-pascal.fr\/WORDPRESS\/wp-content\/uploads\/2026\/03\/014_201110_Bacteries-2048x1536.jpg 2048w\" sizes=\"(max-width: 768px) 100vw, 768px\" \/ data-src=\"https:\/\/carole-pascal.fr\/WORDPRESS\/wp-content\/uploads\/2026\/03\/014_201110_Bacteries-768x576.jpg\">\t\t\t\t\t\t\t\t<\/a>\n\t\t\t\t\t\t\t\t\t\t\t<figcaption class=\"widget-image-caption wp-caption-text\">Bact\u00e9ries et Algues<\/figcaption>\n\t\t\t\t\t\t\t\t\t\t<\/figure>\n\t\t\t\t\t\t\t\t\t<\/div>\n\t\t\t\t<\/div>\n\t\t\t\t<\/div>\n\t\t<div class=\"elementor-element elementor-element-27c6fbd e-con-full e-flex e-con e-child\" data-id=\"27c6fbd\" data-element_type=\"container\" data-e-type=\"container\">\n\t\t\t\t<div class=\"elementor-element elementor-element-d57ff4b elementor-widget elementor-widget-image\" data-id=\"d57ff4b\" data-element_type=\"widget\" data-e-type=\"widget\" data-widget_type=\"image.default\">\n\t\t\t\t<div class=\"elementor-widget-container\">\n\t\t\t\t\t\t\t\t\t\t\t\t<figure class=\"wp-caption\">\n\t\t\t\t\t\t\t\t\t\t\t<a href=\"https:\/\/carole-pascal.fr\/WORDPRESS\/grand-teton-yellowstone-2011-faune\/\">\n\t\t\t\t\t\t\t<img loading=\"lazy\" width=\"768\" height=\"510\"  class=\"attachment-medium_large size-medium_large wp-image-69210 lws-optimize-lazyload\" alt=\"\" srcset=\"https:\/\/carole-pascal.fr\/WORDPRESS\/wp-content\/uploads\/2026\/03\/023_201110_Faune-768x510.jpg 768w, https:\/\/carole-pascal.fr\/WORDPRESS\/wp-content\/uploads\/2026\/03\/023_201110_Faune-300x199.jpg 300w, https:\/\/carole-pascal.fr\/WORDPRESS\/wp-content\/uploads\/2026\/03\/023_201110_Faune-1024x680.jpg 1024w, https:\/\/carole-pascal.fr\/WORDPRESS\/wp-content\/uploads\/2026\/03\/023_201110_Faune-1536x1020.jpg 1536w, https:\/\/carole-pascal.fr\/WORDPRESS\/wp-content\/uploads\/2026\/03\/023_201110_Faune-2048x1360.jpg 2048w\" sizes=\"(max-width: 768px) 100vw, 768px\" \/ data-src=\"https:\/\/carole-pascal.fr\/WORDPRESS\/wp-content\/uploads\/2026\/03\/023_201110_Faune-768x510.jpg\">\t\t\t\t\t\t\t\t<\/a>\n\t\t\t\t\t\t\t\t\t\t\t<figcaption class=\"widget-image-caption wp-caption-text\">Faune<\/figcaption>\n\t\t\t\t\t\t\t\t\t\t<\/figure>\n\t\t\t\t\t\t\t\t\t<\/div>\n\t\t\t\t<\/div>\n\t\t\t\t<\/div>\n\t\t<div class=\"elementor-element elementor-element-793863c e-con-full e-flex e-con e-child\" data-id=\"793863c\" data-element_type=\"container\" data-e-type=\"container\">\n\t\t\t\t<div class=\"elementor-element elementor-element-ae6cfc2 elementor-widget elementor-widget-image\" data-id=\"ae6cfc2\" data-element_type=\"widget\" data-e-type=\"widget\" data-widget_type=\"image.default\">\n\t\t\t\t<div class=\"elementor-widget-container\">\n\t\t\t\t\t\t\t\t\t\t\t\t<figure class=\"wp-caption\">\n\t\t\t\t\t\t\t\t\t\t\t<a href=\"https:\/\/carole-pascal.fr\/WORDPRESS\/grand-teton-yellowstone-2011-pool-sources-deau-chaudes\/\">\n\t\t\t\t\t\t\t<img loading=\"lazy\" width=\"768\" height=\"510\"  class=\"attachment-medium_large size-medium_large wp-image-69225 lws-optimize-lazyload\" alt=\"\" srcset=\"https:\/\/carole-pascal.fr\/WORDPRESS\/wp-content\/uploads\/2026\/03\/014_201110_Pools-768x510.jpg 768w, https:\/\/carole-pascal.fr\/WORDPRESS\/wp-content\/uploads\/2026\/03\/014_201110_Pools-300x199.jpg 300w, https:\/\/carole-pascal.fr\/WORDPRESS\/wp-content\/uploads\/2026\/03\/014_201110_Pools-1024x680.jpg 1024w, https:\/\/carole-pascal.fr\/WORDPRESS\/wp-content\/uploads\/2026\/03\/014_201110_Pools-1536x1020.jpg 1536w, https:\/\/carole-pascal.fr\/WORDPRESS\/wp-content\/uploads\/2026\/03\/014_201110_Pools-2048x1360.jpg 2048w\" sizes=\"(max-width: 768px) 100vw, 768px\" \/ data-src=\"https:\/\/carole-pascal.fr\/WORDPRESS\/wp-content\/uploads\/2026\/03\/014_201110_Pools-768x510.jpg\">\t\t\t\t\t\t\t\t<\/a>\n\t\t\t\t\t\t\t\t\t\t\t<figcaption class=\"widget-image-caption wp-caption-text\">\"Pool\" (sources d'eau chaudes)<\/figcaption>\n\t\t\t\t\t\t\t\t\t\t<\/figure>\n\t\t\t\t\t\t\t\t\t<\/div>\n\t\t\t\t<\/div>\n\t\t\t\t<\/div>\n\t\t\t\t\t<\/div>\n\t\t\t\t<\/div>\n\t\t\t\t<\/div>\n\t\t","protected":false},"excerpt":{"rendered":"<p>Revenir au menu pr\u00e9c\u00e9dent Arbres: troncs et \u00e9corces Couleurs d&rsquo;automne Bact\u00e9ries et Algues Faune \u00ab\u00a0Pool\u00a0\u00bb (sources d&rsquo;eau chaudes)<\/p>\n","protected":false},"author":1,"featured_media":0,"parent":0,"menu_order":0,"comment_status":"closed","ping_status":"closed","template":"","meta":{"ocean_post_layout":"","ocean_both_sidebars_style":"","ocean_both_sidebars_content_width":0,"ocean_both_sidebars_sidebars_width":0,"ocean_sidebar":"","ocean_second_sidebar":"","ocean_disable_margins":"enable","ocean_add_body_class":"","ocean_shortcode_before_top_bar":"","ocean_shortcode_after_top_bar":"","ocean_shortcode_before_header":"","ocean_shortcode_after_header":"","ocean_has_shortcode":"","ocean_shortcode_after_title":"","ocean_shortcode_before_footer_widgets":"","ocean_shortcode_after_footer_widgets":"","ocean_shortcode_before_footer_bottom":"","ocean_shortcode_after_footer_bottom":"","ocean_display_top_bar":"default","ocean_display_header":"default","ocean_header_style":"","ocean_center_header_left_menu":"","ocean_custom_header_template":"","ocean_custom_logo":0,"ocean_custom_retina_logo":0,"ocean_custom_logo_max_width":0,"ocean_custom_logo_tablet_max_width":0,"ocean_custom_logo_mobile_max_width":0,"ocean_custom_logo_max_height":0,"ocean_custom_logo_tablet_max_height":0,"ocean_custom_logo_mobile_max_height":0,"ocean_header_custom_menu":"","ocean_menu_typo_font_family":"","ocean_menu_typo_font_subset":"","ocean_menu_typo_font_size":0,"ocean_menu_typo_font_size_tablet":0,"ocean_menu_typo_font_size_mobile":0,"ocean_menu_typo_font_size_unit":"px","ocean_menu_typo_font_weight":"","ocean_menu_typo_font_weight_tablet":"","ocean_menu_typo_font_weight_mobile":"","ocean_menu_typo_transform":"","ocean_menu_typo_transform_tablet":"","ocean_menu_typo_transform_mobile":"","ocean_menu_typo_line_height":0,"ocean_menu_typo_line_height_tablet":0,"ocean_menu_typo_line_height_mobile":0,"ocean_menu_typo_line_height_unit":"","ocean_menu_typo_spacing":0,"ocean_menu_typo_spacing_tablet":0,"ocean_menu_typo_spacing_mobile":0,"ocean_menu_typo_spacing_unit":"","ocean_menu_link_color":"","ocean_menu_link_color_hover":"","ocean_menu_link_color_active":"","ocean_menu_link_background":"","ocean_menu_link_hover_background":"","ocean_menu_link_active_background":"","ocean_menu_social_links_bg":"","ocean_menu_social_hover_links_bg":"","ocean_menu_social_links_color":"","ocean_menu_social_hover_links_color":"","ocean_disable_title":"default","ocean_disable_heading":"default","ocean_post_title":"","ocean_post_subheading":"","ocean_post_title_style":"","ocean_post_title_background_color":"","ocean_post_title_background":0,"ocean_post_title_bg_image_position":"","ocean_post_title_bg_image_attachment":"","ocean_post_title_bg_image_repeat":"","ocean_post_title_bg_image_size":"","ocean_post_title_height":0,"ocean_post_title_bg_overlay":0.5,"ocean_post_title_bg_overlay_color":"","ocean_disable_breadcrumbs":"default","ocean_breadcrumbs_color":"","ocean_breadcrumbs_separator_color":"","ocean_breadcrumbs_links_color":"","ocean_breadcrumbs_links_hover_color":"","ocean_display_footer_widgets":"default","ocean_display_footer_bottom":"default","ocean_custom_footer_template":"","footnotes":""},"class_list":["post-54904","page","type-page","status-publish","hentry","entry"],"_links":{"self":[{"href":"https:\/\/carole-pascal.fr\/WORDPRESS\/wp-json\/wp\/v2\/pages\/54904","targetHints":{"allow":["GET"]}}],"collection":[{"href":"https:\/\/carole-pascal.fr\/WORDPRESS\/wp-json\/wp\/v2\/pages"}],"about":[{"href":"https:\/\/carole-pascal.fr\/WORDPRESS\/wp-json\/wp\/v2\/types\/page"}],"author":[{"embeddable":true,"href":"https:\/\/carole-pascal.fr\/WORDPRESS\/wp-json\/wp\/v2\/users\/1"}],"replies":[{"embeddable":true,"href":"https:\/\/carole-pascal.fr\/WORDPRESS\/wp-json\/wp\/v2\/comments?post=54904"}],"version-history":[{"count":0,"href":"https:\/\/carole-pascal.fr\/WORDPRESS\/wp-json\/wp\/v2\/pages\/54904\/revisions"}],"wp:attachment":[{"href":"https:\/\/carole-pascal.fr\/WORDPRESS\/wp-json\/wp\/v2\/media?parent=54904"}],"curies":[{"name":"wp","href":"https:\/\/api.w.org\/{rel}","templated":true}]}}