{"id":58936,"date":"2025-03-17T12:01:26","date_gmt":"2025-03-17T11:01:26","guid":{"rendered":"https:\/\/carole-pascal.fr\/WORDPRESS\/?page_id=58936"},"modified":"2025-07-13T14:59:16","modified_gmt":"2025-07-13T12:59:16","slug":"thailande-sejour-ornithologique-02-au-13-mars-2025-sites-visites","status":"publish","type":"page","link":"https:\/\/carole-pascal.fr\/WORDPRESS\/thailande-sejour-ornithologique-02-au-13-mars-2025-sites-visites\/","title":{"rendered":"Thailande \u2013 S\u00e9jour ornithologique \u2013 02 au 13 mars 2025 &#8211; Sites visit\u00e9s"},"content":{"rendered":"\t\t<div data-elementor-type=\"wp-page\" data-elementor-id=\"58936\" class=\"elementor elementor-58936\">\n\t\t\t\t<div class=\"elementor-element elementor-element-790dbb85 e-flex e-con-boxed e-con e-parent\" data-id=\"790dbb85\" data-element_type=\"container\" data-e-type=\"container\">\n\t\t\t\t\t<div class=\"e-con-inner\">\n\t\t\t\t<div class=\"elementor-element elementor-element-3a1e111c elementor-align-center elementor-widget elementor-widget-button\" data-id=\"3a1e111c\" data-element_type=\"widget\" data-e-type=\"widget\" data-widget_type=\"button.default\">\n\t\t\t\t<div class=\"elementor-widget-container\">\n\t\t\t\t\t\t\t\t\t<div class=\"elementor-button-wrapper\">\n\t\t\t\t\t<a class=\"elementor-button elementor-button-link elementor-size-sm\" href=\"https:\/\/carole-pascal.fr\/WORDPRESS\/thailande-sejour-ornithologique-02-au-13-mars-2025\/\">\n\t\t\t\t\t\t<span class=\"elementor-button-content-wrapper\">\n\t\t\t\t\t\t\t\t\t<span class=\"elementor-button-text\">Revenir au menu pr\u00e9c\u00e9dent<\/span>\n\t\t\t\t\t<\/span>\n\t\t\t\t\t<\/a>\n\t\t\t\t<\/div>\n\t\t\t\t\t\t\t\t<\/div>\n\t\t\t\t<\/div>\n\t\t\t\t\t<\/div>\n\t\t\t\t<\/div>\n\t\t<div class=\"elementor-element elementor-element-8c32048 e-flex e-con-boxed e-con e-parent\" data-id=\"8c32048\" data-element_type=\"container\" data-e-type=\"container\">\n\t\t\t\t\t<div class=\"e-con-inner\">\n\t\t\t\t<div class=\"elementor-element elementor-element-eb511a9 elementor-widget elementor-widget-text-editor\" data-id=\"eb511a9\" data-element_type=\"widget\" data-e-type=\"widget\" data-widget_type=\"text-editor.default\">\n\t\t\t\t<div class=\"elementor-widget-container\">\n\t\t\t\t\t\t\t\t\t<p><span style=\"text-decoration: underline;\"><strong>Laem Pak Bia\/Pak Thale<\/strong><\/span> est une vaste zone de marais salants, de vasi\u00e8res, de vestiges de mangroves et d&rsquo;une langue de sable, dans la province de Petchaburi. C&rsquo;est sans conteste le premier site d&rsquo;observation des oiseaux de rivage en Tha\u00eflande, avec de nombreux oiseaux et de nombreuses esp\u00e8ces rares qui y apparaissent chaque ann\u00e9e.<br \/>Cette r\u00e9gion, tr\u00e8s ouverte et expos\u00e9e, offre de belles observations des oiseaux, mais comme pour toute observation d&rsquo;oiseaux de rivage, un t\u00e9lescope est fortement recommand\u00e9, voire indispensable. Outre la langue de sable, les vasi\u00e8res et les marais salants, on y trouve de nombreux foss\u00e9s, des bassins \u00e0 art\u00e9mias, ainsi que de plus petites zones de zones humides d&rsquo;eau douce et de broussailles, ce qui permet d&rsquo;y d\u00e9couvrir une grande vari\u00e9t\u00e9 d&rsquo;esp\u00e8ces ; ce site a bien plus \u00e0 offrir que la simple observation des oiseaux de rivage.<br \/>Laem Pak Bia\/Pak Thale se trouve \u00e0 2 \u00e0 2,5 heures de Bangkok, ce qui en fait une destination id\u00e9ale pour des excursions d&rsquo;une journ\u00e9e depuis la capitale ou comme lieu de s\u00e9jour d&rsquo;un jour ou deux avant de se rendre au parc national de Kaeng Krachan ou d&rsquo;en revenir, faisant de la province de Petchaburi probablement la meilleure r\u00e9gion pour l&rsquo;observation des oiseaux dans tout le pays.<br \/>Laem Pak Bia\/Pak Thale est un endroit id\u00e9al pour observer une grande vari\u00e9t\u00e9 d&rsquo;oiseaux aquatiques. Pendant la saison s\u00e8che, entre fin septembre et avril, de nombreux \u00e9chassiers, go\u00e9lands et sternes \u00e9chappent \u00e0 l&rsquo;hiver bor\u00e9al en s&rsquo;y installant. Le B\u00e9casseau spatule, esp\u00e8ce en danger critique d&rsquo;extinction, est de loin l&rsquo;oiseau le plus recherch\u00e9. On l&rsquo;observe r\u00e9guli\u00e8rement dans les marais salants de Pak Thale entre fin octobre et fin mars. Le Chevalier tachet\u00e9 de Nordmann est \u00e9galement un visiteur hivernal annuel, tout comme de nombreux B\u00e9casseaux de l&rsquo;Anadyr et de petits groupes de B\u00e9cassins asiatiques.<br \/>Ces esp\u00e8ces, menac\u00e9es ou en voie de disparition \u00e0 l&rsquo;\u00e9chelle mondiale, ne sont que quelques-unes des esp\u00e8ces d&rsquo;oiseaux fascinantes que l&rsquo;on peut observer ici. Parmi les autres points forts, on peut citer la petite population de Pluviers de P\u00e9ron r\u00e9sidant sur la fl\u00e8che de sable de Laem Pak Bia, ainsi que quelques Aigrettes chinoises et des Pluviers de Swinho\u00e9. Cependant, les grands go\u00e9lands hivernants se sont rar\u00e9fi\u00e9s ces derni\u00e8res ann\u00e9es, probablement en raison des perturbations accrues sur le sable.<br \/>Une visite \u00e0 Laem Pak Bia\/Pak Thale ne vous d\u00e9cevra pas et la possibilit\u00e9 de trouver une raret\u00e9, ou m\u00eame un nouvel oiseau pour la liste tha\u00eflandaise, est \u00e9lev\u00e9e ici, avec la Glar\u00e9ole \u00e0 collier, plusieurs esp\u00e8ces de Go\u00e9lands, le Phalarope \u00e0 bec large ajout\u00e9s ces derni\u00e8res ann\u00e9es.<br \/><span style=\"text-decoration: underline;\">Source<\/span>: https:\/\/www.thaibirding.com\/locations\/central\/lpb.htm<\/p>\t\t\t\t\t\t\t\t<\/div>\n\t\t\t\t<\/div>\n\t\t\t\t\t<\/div>\n\t\t\t\t<\/div>\n\t\t<div class=\"elementor-element elementor-element-37f69b7 e-con-full e-flex e-con e-parent\" data-id=\"37f69b7\" data-element_type=\"container\" data-e-type=\"container\">\n\t\t\t\t<div class=\"elementor-element elementor-element-e2a888f elementor-widget__width-initial elementor-widget elementor-widget-image\" data-id=\"e2a888f\" data-element_type=\"widget\" data-e-type=\"widget\" data-widget_type=\"image.default\">\n\t\t\t\t<div class=\"elementor-widget-container\">\n\t\t\t\t\t\t\t\t\t\t\t\t\t\t\t<img fetchpriority=\"high\" width=\"494\" height=\"582\"  class=\"attachment-large size-large wp-image-58920 lws-optimize-lazyload\" alt=\"\" \/ data-src=\"https:\/\/carole-pascal.fr\/WORDPRESS\/wp-content\/uploads\/2025\/03\/LaemPakBia_Map.gif\">\t\t\t\t\t\t\t\t\t\t\t\t\t\t\t<\/div>\n\t\t\t\t<\/div>\n\t\t\t\t<\/div>\n\t\t<div class=\"elementor-element elementor-element-2f0e3ac e-flex e-con-boxed e-con e-parent\" data-id=\"2f0e3ac\" data-element_type=\"container\" data-e-type=\"container\">\n\t\t\t\t\t<div class=\"e-con-inner\">\n\t\t\t\t<div class=\"elementor-element elementor-element-3419a51 elementor-widget elementor-widget-text-editor\" data-id=\"3419a51\" data-element_type=\"widget\" data-e-type=\"widget\" data-widget_type=\"text-editor.default\">\n\t\t\t\t<div class=\"elementor-widget-container\">\n\t\t\t\t\t\t\t\t\t<p><span style=\"text-decoration: underline;\"><strong>Le parc national de Kaeng Krachan<\/strong><\/span> est situ\u00e9 dans les provinces de Phetchaburi et Prachuap Khiri Khan, \u00e0 environ 60 km de Phetchaburi et 75 km de Hua Hin. D&rsquo;une superficie de 2 914 km\u00b2, c&rsquo;est le plus grand parc national de Tha\u00eflande. Il fait partie du Western Forex Complex, qui couvre 18 730 km\u00b2 et s&rsquo;\u00e9tend sur 19 sites prot\u00e9g\u00e9s entre la Birmanie et la Tha\u00eflande, d\u00e9limit\u00e9s par la r\u00e9serve naturelle de Tanintharyi, le long de la fronti\u00e8re ouest de la Birmanie.<br \/>D\u00e9clar\u00e9 parc national le 12 juin 1981 et inscrit au patrimoine mondial en juillet 2021, le parc national de Kaeng Krachan est l&rsquo;un des plus beaux parcs nationaux du pays. Aucun autre site prot\u00e9g\u00e9 du pays ne pr\u00e9sente une telle diversit\u00e9 animale.<br \/>Le parc est tr\u00e8s pris\u00e9 pour l&rsquo;observation de la faune, le camping, la randonn\u00e9e et ses points de vue impressionnants sur la mer de brume. Le parc abrite \u00e9galement quelques cascades de taille moyenne et quelques grottes plus petites. Le parc compte deux rivi\u00e8res principales : Phetchaburi et Pran Buri. Toutes deux prennent leur source dans la cha\u00eene de montagnes Tanaosri. Au nord, la Phetchaburi se jette dans le barrage de Kaeng Krachan et s&rsquo;\u00e9coule plus \u00e0 l&rsquo;est jusqu&rsquo;au golfe de Tha\u00eflande. La Pran Buri coule vers le sud jusqu&rsquo;\u00e0 la province de Prachuap Khiri Khan, puis dans le r\u00e9servoir de Pran Buri et se jette dans le golfe de Tha\u00eflande.<br \/>Le point culminant du parc est un pic situ\u00e9 le long de la fronti\u00e8re birmane, \u00e0 environ 1 500 m\u00e8tres d&rsquo;altitude. Le deuxi\u00e8me plus haut sommet est le mont Phanoen Thung, \u00e0 1 207 m\u00e8tres d&rsquo;altitude.<br \/>La saison des pluies s&rsquo;\u00e9tend de mai\/juin \u00e0 octobre, avec des pr\u00e9cipitations maximales en septembre et octobre. De novembre \u00e0 d\u00e9but f\u00e9vrier, la temp\u00e9rature est g\u00e9n\u00e9ralement plus fra\u00eeche, avec des temp\u00e9ratures nocturnes fra\u00eeches. La saison s\u00e8che s&rsquo;\u00e9tend de f\u00e9vrier \u00e0 mai environ.<br \/>Faune<br \/>Le fait que le parc soit populaire pour l&rsquo;observation de la faune ne signifie pas n\u00e9cessairement que l&rsquo;observation de la faune est facile. Bien que l&rsquo;observation des oiseaux soit facile, un peu plus d&rsquo;efforts est n\u00e9cessaire pour observer davantage de mammif\u00e8res impressionnants du parc. Les possibilit\u00e9s d&rsquo;observation de la faune varient \u00e9galement selon les conditions saisonni\u00e8res du parc.<br \/>Le parc, l&rsquo;un des deux meilleurs sites d&rsquo;observation ornithologique du pays, compte environ 480 esp\u00e8ces recens\u00e9es. En Tha\u00eflande, les T\u00e9mias temnures ne se trouvent que dans le parc national de Kaeng Krachan. Les sept esp\u00e8ces d&rsquo;Eurylaimes et sept des 14 esp\u00e8ces de calaos de Tha\u00eflande ont \u00e9t\u00e9 recens\u00e9es dans le parc.<br \/>L&rsquo;observation des oiseaux est possible le long de la route principale et des sentiers. Les gardes forestiers et les ornithologues connaissent souvent les activit\u00e9s quotidiennes et les endroits o\u00f9 observer certains oiseaux int\u00e9ressants. En se renseignant autour de soi, il est facile d&rsquo;obtenir des informations sur les endroits int\u00e9ressants. La plupart des gens sont assez amicaux pour partager leurs \u00ab secrets \u00bb apr\u00e8s un bref \u00e9change.<br \/>Il existe quelques endroits dans la for\u00eat o\u00f9 il est possible d&rsquo;installer des aff\u00fbts. L&rsquo;un d&rsquo;eux se trouve au d\u00e9part d&rsquo;un sentier, \u00e0 quelques centaines de m\u00e8tres du petit barrage, au km 18, o\u00f9 l&rsquo;on peut observer des pittas bleus. Le long de ce m\u00eame sentier, on peut observer des perdrix \u00e0 poitrine \u00e9cailleuse (perdrix vertes) et des faisans-paons gris. <br \/>Visiter divers habitats augmentera vos chances d&rsquo;observer une plus grande vari\u00e9t\u00e9 d&rsquo;oiseaux, notamment le long des ruisseaux, des sentiers, des arbres fruitiers le long des routes, des \u00e9tangs et \u00e0 diff\u00e9rentes altitudes. Pendant les mois les plus secs, une bonne option est d&rsquo;installer des aff\u00fbts pr\u00e8s des points d&rsquo;eau, le long des petits ruisseaux ass\u00e9ch\u00e9s.<br \/><span style=\"text-decoration: underline;\">Source<\/span>: https:\/\/www.thainationalparks.com\/kaeng-krachan-national-park<\/p>\t\t\t\t\t\t\t\t<\/div>\n\t\t\t\t<\/div>\n\t\t\t\t\t<\/div>\n\t\t\t\t<\/div>\n\t\t<div class=\"elementor-element elementor-element-45cb0e3 e-con-full e-flex e-con e-parent\" data-id=\"45cb0e3\" data-element_type=\"container\" data-e-type=\"container\">\n\t\t\t\t<div class=\"elementor-element elementor-element-689608e elementor-widget elementor-widget-image\" data-id=\"689608e\" data-element_type=\"widget\" data-e-type=\"widget\" data-widget_type=\"image.default\">\n\t\t\t\t<div class=\"elementor-widget-container\">\n\t\t\t\t\t\t\t\t\t\t\t\t\t\t\t<img width=\"900\" height=\"600\"  class=\"attachment-large size-large wp-image-58915 lws-optimize-lazyload\" alt=\"\" srcset=\"https:\/\/carole-pascal.fr\/WORDPRESS\/wp-content\/uploads\/2025\/03\/KaengKrachan_Map.png 900w, https:\/\/carole-pascal.fr\/WORDPRESS\/wp-content\/uploads\/2025\/03\/KaengKrachan_Map-300x200.png 300w, https:\/\/carole-pascal.fr\/WORDPRESS\/wp-content\/uploads\/2025\/03\/KaengKrachan_Map-768x512.png 768w\" sizes=\"(max-width: 900px) 100vw, 900px\" \/ data-src=\"https:\/\/carole-pascal.fr\/WORDPRESS\/wp-content\/uploads\/2025\/03\/KaengKrachan_Map.png\">\t\t\t\t\t\t\t\t\t\t\t\t\t\t\t<\/div>\n\t\t\t\t<\/div>\n\t\t\t\t<\/div>\n\t\t<div class=\"elementor-element elementor-element-835ea66 e-flex e-con-boxed e-con e-parent\" data-id=\"835ea66\" data-element_type=\"container\" data-e-type=\"container\">\n\t\t\t\t\t<div class=\"e-con-inner\">\n\t\t\t\t<div class=\"elementor-element elementor-element-a7c68a5 elementor-widget elementor-widget-text-editor\" data-id=\"a7c68a5\" data-element_type=\"widget\" data-e-type=\"widget\" data-widget_type=\"text-editor.default\">\n\t\t\t\t<div class=\"elementor-widget-container\">\n\t\t\t\t\t\t\t\t\t<p><span style=\"text-decoration: underline;\"><strong>Le parc national de Khao Yai<\/strong><\/span> est sans conteste le meilleur parc national de Tha\u00eflande pour les visiteurs r\u00e9guliers, o\u00f9 il est relativement facile d&rsquo;observer des animaux impressionnants.<br \/>Cr\u00e9\u00e9 en 1962 en tant que premier parc national de Tha\u00eflande, il est le troisi\u00e8me plus grand parc national du pays. Situ\u00e9 principalement dans la province de Nakhon Ratchasima, Khao Yai s&rsquo;\u00e9tend sur les provinces de Prachinburi, Saraburi et Nakhon Nayok. Le principal point de contr\u00f4le du parc se trouve \u00e0 180 km de Bangkok.<br \/>Le parc couvre une superficie de 2 168 km\u00b2, comprenant des for\u00eats tropicales et sempervirentes ainsi que des prairies. Le Khao Rom, culminant \u00e0 1 351 m\u00e8tres, est le point culminant du parc. L&rsquo;altitude moyenne du parc national varie de 400 \u00e0 1 000 m\u00e8tres.<br \/>Khao Yai fait partie du complexe forestier de Dong Phayayen-Khao Yai, un site class\u00e9 au patrimoine mondial de l&rsquo;UNESCO, qui couvre cinq zones prot\u00e9g\u00e9es de Khao Yai \u00e0 la fronti\u00e8re cambodgienne. Les autres zones prot\u00e9g\u00e9es sont : Parc national de Pang Sida, parc national de Thap Lan, parc national de Ta Phraya et r\u00e9serve naturelle de Dong Yai.<br \/>La saison des pluies s&rsquo;\u00e9tend de mai \u00e0 octobre, avec une forte humidit\u00e9 et des pr\u00e9cipitations maximales en septembre. Le reste de l&rsquo;ann\u00e9e est plut\u00f4t sec. De novembre \u00e0 f\u00e9vrier, les mois d&rsquo;hiver sont plus frais et les temp\u00e9ratures moyennes oscillent entre 22 \u00b0C le jour et 9-10 \u00b0C la nuit.<br \/>Il existe sans doute peu de parcs dans le pays offrant une faune aussi impressionnante, mais parmi les parcs nationaux facilement accessibles de Tha\u00eflande, Khao Yai est sans conteste la meilleure option pour observer les mammif\u00e8res. Apr\u00e8s le parc national de Kui Buri, Khao Yai est le deuxi\u00e8me meilleur parc du pays, o\u00f9 il est relativement facile d&rsquo;apercevoir des \u00e9l\u00e9phants avec un peu de chance.<br \/>Parmi les autres mammif\u00e8res fr\u00e9quemment observ\u00e9s, on trouve des macaques \u00e0 queue de cochon, des muntjacs indiens, des cerfs sambars, des gibbons, des porcs-\u00e9pics et des civettes. D&rsquo;autres esp\u00e8ces plus insaisissables sont observ\u00e9es de temps \u00e0 autre, comme les ours malais, les ours noirs d&rsquo;Asie, les gaurs, les loutres, les dholes et les chacals.<br \/>Bien que certaines observations soient peut-\u00eatre fortuites, environ 440 esp\u00e8ces d&rsquo;oiseaux ont \u00e9t\u00e9 recens\u00e9es \u00e0 Khao Yai. Le parc abrite l&rsquo;une des plus grandes populations de calaos de Tha\u00eflande. On peut observer des calaos bicornes et des calaos pie-orientaux survolant le centre d&rsquo;accueil des visiteurs presque quotidiennement.<br \/>Le rossignol siffleur est une esp\u00e8ce rare en Tha\u00eflande, signal\u00e9 uniquement dans le parc national de Khao Yai. Parmi les autres esp\u00e8ces rares, on trouve le calao brun d&rsquo;Austen, le rhipidure \u00e0 grands sourcils, le pipit de Blyth, le marabout argala, le merle du Japon, le calobate d&rsquo;Annam et l&rsquo;autour des palombes.<br \/>Le calao bicorne est assez commun dans le parc national de Khao Yai et peut \u00eatre observ\u00e9 presque quotidiennement autour du si\u00e8ge.<br \/>Le coq de jungle est un coq sauvage, tr\u00e8s commun, que l&rsquo;on peut observer presque quotidiennement le long des routes. Parmi les autres oiseaux terrestres relativement communs, on trouve le faisan argent\u00e9, la torqu\u00e9ole des bois et le faisan pr\u00e9lat. Le meilleur moment pour visiter Khao Yai pour observer les oiseaux est pendant les mois secs et de mars \u00e0 avril, lorsque se produit la grande migration des oiseaux vers la Tha\u00eflande.<br \/><span style=\"text-decoration: underline;\">Source<\/span>: https:\/\/www.thainationalparks.com\/khao-yai-national-park<\/p>\t\t\t\t\t\t\t\t<\/div>\n\t\t\t\t<\/div>\n\t\t\t\t\t<\/div>\n\t\t\t\t<\/div>\n\t\t<div class=\"elementor-element elementor-element-7618713 e-con-full e-flex e-con e-parent\" data-id=\"7618713\" data-element_type=\"container\" data-e-type=\"container\">\n\t\t\t\t<div class=\"elementor-element elementor-element-2728cdf elementor-widget elementor-widget-image\" data-id=\"2728cdf\" data-element_type=\"widget\" data-e-type=\"widget\" data-widget_type=\"image.default\">\n\t\t\t\t<div class=\"elementor-widget-container\">\n\t\t\t\t\t\t\t\t\t\t\t\t\t\t\t<img width=\"900\" height=\"600\"  class=\"attachment-large size-large wp-image-58917 lws-optimize-lazyload\" alt=\"\" srcset=\"https:\/\/carole-pascal.fr\/WORDPRESS\/wp-content\/uploads\/2025\/03\/KhaoYai_Map.png 900w, https:\/\/carole-pascal.fr\/WORDPRESS\/wp-content\/uploads\/2025\/03\/KhaoYai_Map-300x200.png 300w, https:\/\/carole-pascal.fr\/WORDPRESS\/wp-content\/uploads\/2025\/03\/KhaoYai_Map-768x512.png 768w\" sizes=\"(max-width: 900px) 100vw, 900px\" \/ data-src=\"https:\/\/carole-pascal.fr\/WORDPRESS\/wp-content\/uploads\/2025\/03\/KhaoYai_Map.png\">\t\t\t\t\t\t\t\t\t\t\t\t\t\t\t<\/div>\n\t\t\t\t<\/div>\n\t\t\t\t<\/div>\n\t\t\t\t<\/div>\n\t\t","protected":false},"excerpt":{"rendered":"<p>Revenir au menu pr\u00e9c\u00e9dent Laem Pak Bia\/Pak Thale est une vaste zone de marais salants, de vasi\u00e8res, de vestiges de mangroves et d&rsquo;une langue de sable, dans la province de Petchaburi. C&rsquo;est sans conteste le premier site d&rsquo;observation des oiseaux de rivage en Tha\u00eflande, avec de nombreux oiseaux et de nombreuses esp\u00e8ces rares qui y [&hellip;]<\/p>\n","protected":false},"author":1,"featured_media":0,"parent":0,"menu_order":0,"comment_status":"closed","ping_status":"closed","template":"","meta":{"ocean_post_layout":"","ocean_both_sidebars_style":"","ocean_both_sidebars_content_width":0,"ocean_both_sidebars_sidebars_width":0,"ocean_sidebar":"","ocean_second_sidebar":"","ocean_disable_margins":"enable","ocean_add_body_class":"","ocean_shortcode_before_top_bar":"","ocean_shortcode_after_top_bar":"","ocean_shortcode_before_header":"","ocean_shortcode_after_header":"","ocean_has_shortcode":"","ocean_shortcode_after_title":"","ocean_shortcode_before_footer_widgets":"","ocean_shortcode_after_footer_widgets":"","ocean_shortcode_before_footer_bottom":"","ocean_shortcode_after_footer_bottom":"","ocean_display_top_bar":"default","ocean_display_header":"default","ocean_header_style":"","ocean_center_header_left_menu":"","ocean_custom_header_template":"","ocean_custom_logo":0,"ocean_custom_retina_logo":0,"ocean_custom_logo_max_width":0,"ocean_custom_logo_tablet_max_width":0,"ocean_custom_logo_mobile_max_width":0,"ocean_custom_logo_max_height":0,"ocean_custom_logo_tablet_max_height":0,"ocean_custom_logo_mobile_max_height":0,"ocean_header_custom_menu":"","ocean_menu_typo_font_family":"","ocean_menu_typo_font_subset":"","ocean_menu_typo_font_size":0,"ocean_menu_typo_font_size_tablet":0,"ocean_menu_typo_font_size_mobile":0,"ocean_menu_typo_font_size_unit":"px","ocean_menu_typo_font_weight":"","ocean_menu_typo_font_weight_tablet":"","ocean_menu_typo_font_weight_mobile":"","ocean_menu_typo_transform":"","ocean_menu_typo_transform_tablet":"","ocean_menu_typo_transform_mobile":"","ocean_menu_typo_line_height":0,"ocean_menu_typo_line_height_tablet":0,"ocean_menu_typo_line_height_mobile":0,"ocean_menu_typo_line_height_unit":"","ocean_menu_typo_spacing":0,"ocean_menu_typo_spacing_tablet":0,"ocean_menu_typo_spacing_mobile":0,"ocean_menu_typo_spacing_unit":"","ocean_menu_link_color":"","ocean_menu_link_color_hover":"","ocean_menu_link_color_active":"","ocean_menu_link_background":"","ocean_menu_link_hover_background":"","ocean_menu_link_active_background":"","ocean_menu_social_links_bg":"","ocean_menu_social_hover_links_bg":"","ocean_menu_social_links_color":"","ocean_menu_social_hover_links_color":"","ocean_disable_title":"default","ocean_disable_heading":"default","ocean_post_title":"","ocean_post_subheading":"","ocean_post_title_style":"","ocean_post_title_background_color":"","ocean_post_title_background":0,"ocean_post_title_bg_image_position":"","ocean_post_title_bg_image_attachment":"","ocean_post_title_bg_image_repeat":"","ocean_post_title_bg_image_size":"","ocean_post_title_height":0,"ocean_post_title_bg_overlay":0.5,"ocean_post_title_bg_overlay_color":"","ocean_disable_breadcrumbs":"default","ocean_breadcrumbs_color":"","ocean_breadcrumbs_separator_color":"","ocean_breadcrumbs_links_color":"","ocean_breadcrumbs_links_hover_color":"","ocean_display_footer_widgets":"default","ocean_display_footer_bottom":"default","ocean_custom_footer_template":"","footnotes":""},"class_list":["post-58936","page","type-page","status-publish","hentry","entry"],"_links":{"self":[{"href":"https:\/\/carole-pascal.fr\/WORDPRESS\/wp-json\/wp\/v2\/pages\/58936","targetHints":{"allow":["GET"]}}],"collection":[{"href":"https:\/\/carole-pascal.fr\/WORDPRESS\/wp-json\/wp\/v2\/pages"}],"about":[{"href":"https:\/\/carole-pascal.fr\/WORDPRESS\/wp-json\/wp\/v2\/types\/page"}],"author":[{"embeddable":true,"href":"https:\/\/carole-pascal.fr\/WORDPRESS\/wp-json\/wp\/v2\/users\/1"}],"replies":[{"embeddable":true,"href":"https:\/\/carole-pascal.fr\/WORDPRESS\/wp-json\/wp\/v2\/comments?post=58936"}],"version-history":[{"count":0,"href":"https:\/\/carole-pascal.fr\/WORDPRESS\/wp-json\/wp\/v2\/pages\/58936\/revisions"}],"wp:attachment":[{"href":"https:\/\/carole-pascal.fr\/WORDPRESS\/wp-json\/wp\/v2\/media?parent=58936"}],"curies":[{"name":"wp","href":"https:\/\/api.w.org\/{rel}","templated":true}]}}