{"id":67414,"date":"2026-02-02T14:06:09","date_gmt":"2026-02-02T13:06:09","guid":{"rendered":"https:\/\/carole-pascal.fr\/WORDPRESS\/?page_id=67414"},"modified":"2026-03-31T15:44:25","modified_gmt":"2026-03-31T13:44:25","slug":"2026-2","status":"publish","type":"page","link":"https:\/\/carole-pascal.fr\/WORDPRESS\/","title":{"rendered":"2026"},"content":{"rendered":"\t\t<div data-elementor-type=\"wp-page\" data-elementor-id=\"67414\" class=\"elementor elementor-67414\">\n\t\t\t\t<div class=\"elementor-element elementor-element-c497597 e-flex e-con-boxed e-con e-parent\" data-id=\"c497597\" data-element_type=\"container\" data-e-type=\"container\">\n\t\t\t\t\t<div class=\"e-con-inner\">\n\t\t\t\t<div class=\"elementor-element elementor-element-3e5a2ad elementor-widget elementor-widget-text-editor\" data-id=\"3e5a2ad\" data-element_type=\"widget\" data-e-type=\"widget\" data-widget_type=\"text-editor.default\">\n\t\t\t\t<div class=\"elementor-widget-container\">\n\t\t\t\t\t\t\t\t\t<p>Promenade dans le 5\u00e8me arrondissement de Paris, <a href=\"https:\/\/carole-pascal.fr\/WORDPRESS\/berlin-allemagne-14-au-16-mars-2026\/\" target=\"_blank\" rel=\"noopener\">Berlin (Allemagne)<\/a>, M\u00e9nagerie du jardin des plantes, Neige sur Saint-Quentin-en-Yvelines, Nature en Ile-de-France et Deux-S\u00e8vres au fil des mois<\/p>\t\t\t\t\t\t\t\t<\/div>\n\t\t\t\t<\/div>\n\t\t\t\t\t<\/div>\n\t\t\t\t<\/div>\n\t\t<div class=\"elementor-element elementor-element-4fbcbd7c e-flex e-con-boxed e-con e-parent\" data-id=\"4fbcbd7c\" data-element_type=\"container\" data-e-type=\"container\">\n\t\t\t\t\t<div class=\"e-con-inner\">\n\t\t<div class=\"elementor-element elementor-element-55fdde6f e-con-full e-flex e-con e-child\" data-id=\"55fdde6f\" data-element_type=\"container\" data-e-type=\"container\">\n\t\t\t\t<div class=\"elementor-element elementor-element-8ad1f00 elementor-widget elementor-widget-image\" data-id=\"8ad1f00\" data-element_type=\"widget\" data-e-type=\"widget\" data-widget_type=\"image.default\">\n\t\t\t\t<div class=\"elementor-widget-container\">\n\t\t\t\t\t\t\t\t\t\t\t\t<figure class=\"wp-caption\">\n\t\t\t\t\t\t\t\t\t\t\t<a href=\"https:\/\/carole-pascal.fr\/WORDPRESS\/nature-en-yvelines-et-deux-sevres-mars-2026\/\">\n\t\t\t\t\t\t\t<img fetchpriority=\"high\" width=\"768\" height=\"512\"  class=\"attachment-medium_large size-medium_large wp-image-70769 lws-optimize-lazyload\" alt=\"\" srcset=\"https:\/\/carole-pascal.fr\/WORDPRESS\/wp-content\/uploads\/2026\/03\/013_202603_Nature-768x512.jpg 768w, https:\/\/carole-pascal.fr\/WORDPRESS\/wp-content\/uploads\/2026\/03\/013_202603_Nature-300x200.jpg 300w, https:\/\/carole-pascal.fr\/WORDPRESS\/wp-content\/uploads\/2026\/03\/013_202603_Nature-1024x683.jpg 1024w, https:\/\/carole-pascal.fr\/WORDPRESS\/wp-content\/uploads\/2026\/03\/013_202603_Nature-1536x1024.jpg 1536w, https:\/\/carole-pascal.fr\/WORDPRESS\/wp-content\/uploads\/2026\/03\/013_202603_Nature-2048x1365.jpg 2048w\" sizes=\"(max-width: 768px) 100vw, 768px\" \/ data-src=\"https:\/\/carole-pascal.fr\/WORDPRESS\/wp-content\/uploads\/2026\/03\/013_202603_Nature-768x512.jpg\">\t\t\t\t\t\t\t\t<\/a>\n\t\t\t\t\t\t\t\t\t\t\t<figcaption class=\"widget-image-caption wp-caption-text\">Nature en Yvelines et Deux-S\u00e8vres - Mars 2026<\/figcaption>\n\t\t\t\t\t\t\t\t\t\t<\/figure>\n\t\t\t\t\t\t\t\t\t<\/div>\n\t\t\t\t<\/div>\n\t\t\t\t<\/div>\n\t\t<div class=\"elementor-element elementor-element-700e6085 e-con-full e-flex e-con e-child\" data-id=\"700e6085\" data-element_type=\"container\" data-e-type=\"container\">\n\t\t\t\t<div class=\"elementor-element elementor-element-254d70c elementor-widget elementor-widget-image\" data-id=\"254d70c\" data-element_type=\"widget\" data-e-type=\"widget\" data-widget_type=\"image.default\">\n\t\t\t\t<div class=\"elementor-widget-container\">\n\t\t\t\t\t\t\t\t\t\t\t\t<figure class=\"wp-caption\">\n\t\t\t\t\t\t\t\t\t\t\t<a href=\"https:\/\/carole-pascal.fr\/WORDPRESS\/promenade-dans-le-5eme-arrondissement-de-paris-26-mars-2026\/\">\n\t\t\t\t\t\t\t<img width=\"768\" height=\"512\"  class=\"attachment-medium_large size-medium_large wp-image-70708 lws-optimize-lazyload\" alt=\"\" srcset=\"https:\/\/carole-pascal.fr\/WORDPRESS\/wp-content\/uploads\/2026\/03\/078_20260326_Paris-768x512.jpg 768w, https:\/\/carole-pascal.fr\/WORDPRESS\/wp-content\/uploads\/2026\/03\/078_20260326_Paris-300x200.jpg 300w, https:\/\/carole-pascal.fr\/WORDPRESS\/wp-content\/uploads\/2026\/03\/078_20260326_Paris-1024x683.jpg 1024w, https:\/\/carole-pascal.fr\/WORDPRESS\/wp-content\/uploads\/2026\/03\/078_20260326_Paris-1536x1024.jpg 1536w, https:\/\/carole-pascal.fr\/WORDPRESS\/wp-content\/uploads\/2026\/03\/078_20260326_Paris-2048x1365.jpg 2048w\" sizes=\"(max-width: 768px) 100vw, 768px\" \/ data-src=\"https:\/\/carole-pascal.fr\/WORDPRESS\/wp-content\/uploads\/2026\/03\/078_20260326_Paris-768x512.jpg\">\t\t\t\t\t\t\t\t<\/a>\n\t\t\t\t\t\t\t\t\t\t\t<figcaption class=\"widget-image-caption wp-caption-text\">Promenade dans le 5\u00e8me arrondissement de Paris - 26 mars 2026<\/figcaption>\n\t\t\t\t\t\t\t\t\t\t<\/figure>\n\t\t\t\t\t\t\t\t\t<\/div>\n\t\t\t\t<\/div>\n\t\t\t\t<\/div>\n\t\t<div class=\"elementor-element elementor-element-444329a4 e-con-full e-flex e-con e-child\" data-id=\"444329a4\" data-element_type=\"container\" data-e-type=\"container\">\n\t\t\t\t<div class=\"elementor-element elementor-element-2eb0c79 elementor-widget elementor-widget-image\" data-id=\"2eb0c79\" data-element_type=\"widget\" data-e-type=\"widget\" data-widget_type=\"image.default\">\n\t\t\t\t<div class=\"elementor-widget-container\">\n\t\t\t\t\t\t\t\t\t\t\t\t<figure class=\"wp-caption\">\n\t\t\t\t\t\t\t\t\t\t\t<a href=\"https:\/\/carole-pascal.fr\/WORDPRESS\/berlin-allemagne-14-au-16-mars-2026\/\">\n\t\t\t\t\t\t\t<img width=\"768\" height=\"512\"  class=\"attachment-medium_large size-medium_large wp-image-70216 lws-optimize-lazyload\" alt=\"\" srcset=\"https:\/\/carole-pascal.fr\/WORDPRESS\/wp-content\/uploads\/2026\/03\/062_20260314_Berlin-768x512.jpg 768w, https:\/\/carole-pascal.fr\/WORDPRESS\/wp-content\/uploads\/2026\/03\/062_20260314_Berlin-300x200.jpg 300w, https:\/\/carole-pascal.fr\/WORDPRESS\/wp-content\/uploads\/2026\/03\/062_20260314_Berlin-1024x683.jpg 1024w, https:\/\/carole-pascal.fr\/WORDPRESS\/wp-content\/uploads\/2026\/03\/062_20260314_Berlin-1536x1024.jpg 1536w, https:\/\/carole-pascal.fr\/WORDPRESS\/wp-content\/uploads\/2026\/03\/062_20260314_Berlin-2048x1365.jpg 2048w\" sizes=\"(max-width: 768px) 100vw, 768px\" \/ data-src=\"https:\/\/carole-pascal.fr\/WORDPRESS\/wp-content\/uploads\/2026\/03\/062_20260314_Berlin-768x512.jpg\">\t\t\t\t\t\t\t\t<\/a>\n\t\t\t\t\t\t\t\t\t\t\t<figcaption class=\"widget-image-caption wp-caption-text\">Berlin (Allemagne) - 14 au 16 mars 2026<\/figcaption>\n\t\t\t\t\t\t\t\t\t\t<\/figure>\n\t\t\t\t\t\t\t\t\t<\/div>\n\t\t\t\t<\/div>\n\t\t\t\t<\/div>\n\t\t<div class=\"elementor-element elementor-element-172a54d e-con-full e-flex e-con e-child\" data-id=\"172a54d\" data-element_type=\"container\" data-e-type=\"container\">\n\t\t\t\t<div class=\"elementor-element elementor-element-a509351 elementor-widget elementor-widget-image\" data-id=\"a509351\" data-element_type=\"widget\" data-e-type=\"widget\" data-widget_type=\"image.default\">\n\t\t\t\t<div class=\"elementor-widget-container\">\n\t\t\t\t\t\t\t\t\t\t\t\t<figure class=\"wp-caption\">\n\t\t\t\t\t\t\t\t\t\t\t<a href=\"https:\/\/carole-pascal.fr\/WORDPRESS\/autours-des-palombes-a-berlin-14-mars-2026\/\">\n\t\t\t\t\t\t\t<img loading=\"lazy\" width=\"768\" height=\"512\"  class=\"attachment-medium_large size-medium_large wp-image-70023 lws-optimize-lazyload\" alt=\"\" srcset=\"https:\/\/carole-pascal.fr\/WORDPRESS\/wp-content\/uploads\/2026\/03\/010_20260314_Autours_Berlin-768x512.jpg 768w, https:\/\/carole-pascal.fr\/WORDPRESS\/wp-content\/uploads\/2026\/03\/010_20260314_Autours_Berlin-300x200.jpg 300w, https:\/\/carole-pascal.fr\/WORDPRESS\/wp-content\/uploads\/2026\/03\/010_20260314_Autours_Berlin-1024x682.jpg 1024w, https:\/\/carole-pascal.fr\/WORDPRESS\/wp-content\/uploads\/2026\/03\/010_20260314_Autours_Berlin.jpg 1517w\" sizes=\"(max-width: 768px) 100vw, 768px\" \/ data-src=\"https:\/\/carole-pascal.fr\/WORDPRESS\/wp-content\/uploads\/2026\/03\/010_20260314_Autours_Berlin-768x512.jpg\">\t\t\t\t\t\t\t\t<\/a>\n\t\t\t\t\t\t\t\t\t\t\t<figcaption class=\"widget-image-caption wp-caption-text\">Autours des palombes \u00e0 Berlin - 14 mars 2026<\/figcaption>\n\t\t\t\t\t\t\t\t\t\t<\/figure>\n\t\t\t\t\t\t\t\t\t<\/div>\n\t\t\t\t<\/div>\n\t\t\t\t<\/div>\n\t\t<div class=\"elementor-element elementor-element-de8977b e-con-full e-flex e-con e-child\" data-id=\"de8977b\" data-element_type=\"container\" data-e-type=\"container\">\n\t\t\t\t<div class=\"elementor-element elementor-element-2e9759d elementor-widget elementor-widget-image\" data-id=\"2e9759d\" data-element_type=\"widget\" data-e-type=\"widget\" data-widget_type=\"image.default\">\n\t\t\t\t<div class=\"elementor-widget-container\">\n\t\t\t\t\t\t\t\t\t\t\t\t<figure class=\"wp-caption\">\n\t\t\t\t\t\t\t\t\t\t\t<a href=\"https:\/\/carole-pascal.fr\/WORDPRESS\/nature-en-yvelines-fevrier-2026\/\">\n\t\t\t\t\t\t\t<img loading=\"lazy\" width=\"768\" height=\"512\"  class=\"attachment-medium_large size-medium_large wp-image-68334 lws-optimize-lazyload\" alt=\"\" srcset=\"https:\/\/carole-pascal.fr\/WORDPRESS\/wp-content\/uploads\/2026\/03\/036_202602_Nature-768x512.jpg 768w, https:\/\/carole-pascal.fr\/WORDPRESS\/wp-content\/uploads\/2026\/03\/036_202602_Nature-300x200.jpg 300w, https:\/\/carole-pascal.fr\/WORDPRESS\/wp-content\/uploads\/2026\/03\/036_202602_Nature-1024x683.jpg 1024w, https:\/\/carole-pascal.fr\/WORDPRESS\/wp-content\/uploads\/2026\/03\/036_202602_Nature-1536x1024.jpg 1536w, https:\/\/carole-pascal.fr\/WORDPRESS\/wp-content\/uploads\/2026\/03\/036_202602_Nature-2048x1366.jpg 2048w\" sizes=\"(max-width: 768px) 100vw, 768px\" \/ data-src=\"https:\/\/carole-pascal.fr\/WORDPRESS\/wp-content\/uploads\/2026\/03\/036_202602_Nature-768x512.jpg\">\t\t\t\t\t\t\t\t<\/a>\n\t\t\t\t\t\t\t\t\t\t\t<figcaption class=\"widget-image-caption wp-caption-text\">Nature en Yvelines - F\u00e9vrier 2026<\/figcaption>\n\t\t\t\t\t\t\t\t\t\t<\/figure>\n\t\t\t\t\t\t\t\t\t<\/div>\n\t\t\t\t<\/div>\n\t\t\t\t<\/div>\n\t\t<div class=\"elementor-element elementor-element-13e7cc1 e-con-full e-flex e-con e-child\" data-id=\"13e7cc1\" data-element_type=\"container\" data-e-type=\"container\">\n\t\t\t\t<div class=\"elementor-element elementor-element-4d0f3cac elementor-widget elementor-widget-image\" data-id=\"4d0f3cac\" data-element_type=\"widget\" data-e-type=\"widget\" data-widget_type=\"image.default\">\n\t\t\t\t<div class=\"elementor-widget-container\">\n\t\t\t\t\t\t\t\t\t\t\t\t<figure class=\"wp-caption\">\n\t\t\t\t\t\t\t\t\t\t\t<a href=\"https:\/\/carole-pascal.fr\/WORDPRESS\/nature-en-ile-de-france-janvier-2026\/\">\n\t\t\t\t\t\t\t<img loading=\"lazy\" width=\"768\" height=\"512\"  class=\"attachment-medium_large size-medium_large wp-image-67285 lws-optimize-lazyload\" alt=\"\" srcset=\"https:\/\/carole-pascal.fr\/WORDPRESS\/wp-content\/uploads\/2026\/02\/084_202601-768x512.jpg 768w, https:\/\/carole-pascal.fr\/WORDPRESS\/wp-content\/uploads\/2026\/02\/084_202601-300x200.jpg 300w, https:\/\/carole-pascal.fr\/WORDPRESS\/wp-content\/uploads\/2026\/02\/084_202601-1024x683.jpg 1024w, https:\/\/carole-pascal.fr\/WORDPRESS\/wp-content\/uploads\/2026\/02\/084_202601-1536x1024.jpg 1536w, https:\/\/carole-pascal.fr\/WORDPRESS\/wp-content\/uploads\/2026\/02\/084_202601.jpg 1855w\" sizes=\"(max-width: 768px) 100vw, 768px\" \/ data-src=\"https:\/\/carole-pascal.fr\/WORDPRESS\/wp-content\/uploads\/2026\/02\/084_202601-768x512.jpg\">\t\t\t\t\t\t\t\t<\/a>\n\t\t\t\t\t\t\t\t\t\t\t<figcaption class=\"widget-image-caption wp-caption-text\">Nature en Yvelines - Janvier 2026<\/figcaption>\n\t\t\t\t\t\t\t\t\t\t<\/figure>\n\t\t\t\t\t\t\t\t\t<\/div>\n\t\t\t\t<\/div>\n\t\t\t\t<\/div>\n\t\t<div class=\"elementor-element elementor-element-aba3fa8 e-con-full e-flex e-con e-child\" data-id=\"aba3fa8\" data-element_type=\"container\" data-e-type=\"container\">\n\t\t\t\t<div class=\"elementor-element elementor-element-24c92031 elementor-widget elementor-widget-image\" data-id=\"24c92031\" data-element_type=\"widget\" data-e-type=\"widget\" data-widget_type=\"image.default\">\n\t\t\t\t<div class=\"elementor-widget-container\">\n\t\t\t\t\t\t\t\t\t\t\t\t<figure class=\"wp-caption\">\n\t\t\t\t\t\t\t\t\t\t\t<a href=\"https:\/\/carole-pascal.fr\/WORDPRESS\/menagerie-du-jardin-des-plantes-a-paris-20-janvier-2026\/\">\n\t\t\t\t\t\t\t<img loading=\"lazy\" width=\"768\" height=\"512\"  class=\"attachment-medium_large size-medium_large wp-image-67373 lws-optimize-lazyload\" alt=\"\" srcset=\"https:\/\/carole-pascal.fr\/WORDPRESS\/wp-content\/uploads\/2026\/02\/002_20260120-768x512.jpg 768w, https:\/\/carole-pascal.fr\/WORDPRESS\/wp-content\/uploads\/2026\/02\/002_20260120-300x200.jpg 300w, https:\/\/carole-pascal.fr\/WORDPRESS\/wp-content\/uploads\/2026\/02\/002_20260120-1024x683.jpg 1024w, https:\/\/carole-pascal.fr\/WORDPRESS\/wp-content\/uploads\/2026\/02\/002_20260120-1536x1024.jpg 1536w, https:\/\/carole-pascal.fr\/WORDPRESS\/wp-content\/uploads\/2026\/02\/002_20260120-2048x1366.jpg 2048w\" sizes=\"(max-width: 768px) 100vw, 768px\" \/ data-src=\"https:\/\/carole-pascal.fr\/WORDPRESS\/wp-content\/uploads\/2026\/02\/002_20260120-768x512.jpg\">\t\t\t\t\t\t\t\t<\/a>\n\t\t\t\t\t\t\t\t\t\t\t<figcaption class=\"widget-image-caption wp-caption-text\">M\u00e9nagerie du jardin des plantes \u00e0 Paris - 20 janvier 2026<\/figcaption>\n\t\t\t\t\t\t\t\t\t\t<\/figure>\n\t\t\t\t\t\t\t\t\t<\/div>\n\t\t\t\t<\/div>\n\t\t\t\t<\/div>\n\t\t<div class=\"elementor-element elementor-element-ba9c087 e-con-full e-flex e-con e-child\" data-id=\"ba9c087\" data-element_type=\"container\" data-e-type=\"container\">\n\t\t\t\t<div class=\"elementor-element elementor-element-b7a9435 elementor-widget elementor-widget-image\" data-id=\"b7a9435\" data-element_type=\"widget\" data-e-type=\"widget\" data-widget_type=\"image.default\">\n\t\t\t\t<div class=\"elementor-widget-container\">\n\t\t\t\t\t\t\t\t\t\t\t\t<figure class=\"wp-caption\">\n\t\t\t\t\t\t\t\t\t\t\t<a href=\"https:\/\/carole-pascal.fr\/WORDPRESS\/neige-sur-saint-quentin-en-yvelines-06-janvier-2026\/\">\n\t\t\t\t\t\t\t<img loading=\"lazy\" width=\"768\" height=\"512\"  class=\"attachment-medium_large size-medium_large wp-image-67352 lws-optimize-lazyload\" alt=\"\" srcset=\"https:\/\/carole-pascal.fr\/WORDPRESS\/wp-content\/uploads\/2026\/02\/011_20260106-768x512.jpg 768w, https:\/\/carole-pascal.fr\/WORDPRESS\/wp-content\/uploads\/2026\/02\/011_20260106-300x200.jpg 300w, https:\/\/carole-pascal.fr\/WORDPRESS\/wp-content\/uploads\/2026\/02\/011_20260106-1024x683.jpg 1024w, https:\/\/carole-pascal.fr\/WORDPRESS\/wp-content\/uploads\/2026\/02\/011_20260106-1536x1024.jpg 1536w, https:\/\/carole-pascal.fr\/WORDPRESS\/wp-content\/uploads\/2026\/02\/011_20260106-2048x1365.jpg 2048w\" sizes=\"(max-width: 768px) 100vw, 768px\" \/ data-src=\"https:\/\/carole-pascal.fr\/WORDPRESS\/wp-content\/uploads\/2026\/02\/011_20260106-768x512.jpg\">\t\t\t\t\t\t\t\t<\/a>\n\t\t\t\t\t\t\t\t\t\t\t<figcaption class=\"widget-image-caption wp-caption-text\">Neige sur Saint-Quentin-en-Yvelines - 06 janvier 2026<\/figcaption>\n\t\t\t\t\t\t\t\t\t\t<\/figure>\n\t\t\t\t\t\t\t\t\t<\/div>\n\t\t\t\t<\/div>\n\t\t\t\t<\/div>\n\t\t\t\t\t<\/div>\n\t\t\t\t<\/div>\n\t\t\t\t<\/div>\n\t\t","protected":false},"excerpt":{"rendered":"<p>Promenade dans le 5\u00e8me arrondissement de Paris, Berlin (Allemagne), M\u00e9nagerie du jardin des plantes, Neige sur Saint-Quentin-en-Yvelines, Nature en Ile-de-France et Deux-S\u00e8vres au fil des mois Nature en Yvelines et Deux-S\u00e8vres &#8211; Mars 2026 Promenade dans le 5\u00e8me arrondissement de Paris &#8211; 26 mars 2026 Berlin (Allemagne) &#8211; 14 au 16 mars 2026 Autours des [&hellip;]<\/p>\n","protected":false},"author":1,"featured_media":0,"parent":0,"menu_order":0,"comment_status":"closed","ping_status":"closed","template":"","meta":{"ocean_post_layout":"","ocean_both_sidebars_style":"","ocean_both_sidebars_content_width":0,"ocean_both_sidebars_sidebars_width":0,"ocean_sidebar":"","ocean_second_sidebar":"","ocean_disable_margins":"enable","ocean_add_body_class":"","ocean_shortcode_before_top_bar":"","ocean_shortcode_after_top_bar":"","ocean_shortcode_before_header":"","ocean_shortcode_after_header":"","ocean_has_shortcode":"","ocean_shortcode_after_title":"","ocean_shortcode_before_footer_widgets":"","ocean_shortcode_after_footer_widgets":"","ocean_shortcode_before_footer_bottom":"","ocean_shortcode_after_footer_bottom":"","ocean_display_top_bar":"default","ocean_display_header":"default","ocean_header_style":"","ocean_center_header_left_menu":"","ocean_custom_header_template":"","ocean_custom_logo":0,"ocean_custom_retina_logo":0,"ocean_custom_logo_max_width":0,"ocean_custom_logo_tablet_max_width":0,"ocean_custom_logo_mobile_max_width":0,"ocean_custom_logo_max_height":0,"ocean_custom_logo_tablet_max_height":0,"ocean_custom_logo_mobile_max_height":0,"ocean_header_custom_menu":"","ocean_menu_typo_font_family":"","ocean_menu_typo_font_subset":"","ocean_menu_typo_font_size":0,"ocean_menu_typo_font_size_tablet":0,"ocean_menu_typo_font_size_mobile":0,"ocean_menu_typo_font_size_unit":"px","ocean_menu_typo_font_weight":"","ocean_menu_typo_font_weight_tablet":"","ocean_menu_typo_font_weight_mobile":"","ocean_menu_typo_transform":"","ocean_menu_typo_transform_tablet":"","ocean_menu_typo_transform_mobile":"","ocean_menu_typo_line_height":0,"ocean_menu_typo_line_height_tablet":0,"ocean_menu_typo_line_height_mobile":0,"ocean_menu_typo_line_height_unit":"","ocean_menu_typo_spacing":0,"ocean_menu_typo_spacing_tablet":0,"ocean_menu_typo_spacing_mobile":0,"ocean_menu_typo_spacing_unit":"","ocean_menu_link_color":"","ocean_menu_link_color_hover":"","ocean_menu_link_color_active":"","ocean_menu_link_background":"","ocean_menu_link_hover_background":"","ocean_menu_link_active_background":"","ocean_menu_social_links_bg":"","ocean_menu_social_hover_links_bg":"","ocean_menu_social_links_color":"","ocean_menu_social_hover_links_color":"","ocean_disable_title":"default","ocean_disable_heading":"default","ocean_post_title":"","ocean_post_subheading":"","ocean_post_title_style":"","ocean_post_title_background_color":"","ocean_post_title_background":0,"ocean_post_title_bg_image_position":"","ocean_post_title_bg_image_attachment":"","ocean_post_title_bg_image_repeat":"","ocean_post_title_bg_image_size":"","ocean_post_title_height":0,"ocean_post_title_bg_overlay":0.5,"ocean_post_title_bg_overlay_color":"","ocean_disable_breadcrumbs":"default","ocean_breadcrumbs_color":"","ocean_breadcrumbs_separator_color":"","ocean_breadcrumbs_links_color":"","ocean_breadcrumbs_links_hover_color":"","ocean_display_footer_widgets":"default","ocean_display_footer_bottom":"default","ocean_custom_footer_template":"","footnotes":""},"class_list":["post-67414","page","type-page","status-publish","hentry","entry"],"_links":{"self":[{"href":"https:\/\/carole-pascal.fr\/WORDPRESS\/wp-json\/wp\/v2\/pages\/67414","targetHints":{"allow":["GET"]}}],"collection":[{"href":"https:\/\/carole-pascal.fr\/WORDPRESS\/wp-json\/wp\/v2\/pages"}],"about":[{"href":"https:\/\/carole-pascal.fr\/WORDPRESS\/wp-json\/wp\/v2\/types\/page"}],"author":[{"embeddable":true,"href":"https:\/\/carole-pascal.fr\/WORDPRESS\/wp-json\/wp\/v2\/users\/1"}],"replies":[{"embeddable":true,"href":"https:\/\/carole-pascal.fr\/WORDPRESS\/wp-json\/wp\/v2\/comments?post=67414"}],"version-history":[{"count":1,"href":"https:\/\/carole-pascal.fr\/WORDPRESS\/wp-json\/wp\/v2\/pages\/67414\/revisions"}],"predecessor-version":[{"id":70905,"href":"https:\/\/carole-pascal.fr\/WORDPRESS\/wp-json\/wp\/v2\/pages\/67414\/revisions\/70905"}],"wp:attachment":[{"href":"https:\/\/carole-pascal.fr\/WORDPRESS\/wp-json\/wp\/v2\/media?parent=67414"}],"curies":[{"name":"wp","href":"https:\/\/api.w.org\/{rel}","templated":true}]}}