{"id":69929,"date":"2026-03-20T11:37:56","date_gmt":"2026-03-20T10:37:56","guid":{"rendered":"https:\/\/carole-pascal.fr\/WORDPRESS\/?page_id=69929"},"modified":"2026-03-20T11:51:25","modified_gmt":"2026-03-20T10:51:25","slug":"pantanal-bresil-02-au-13-septembre-2012-videos","status":"publish","type":"page","link":"https:\/\/carole-pascal.fr\/WORDPRESS\/pantanal-bresil-02-au-13-septembre-2012-videos\/","title":{"rendered":"Pantanal (Br\u00e9sil) \u2013 02 au 13 septembre 2012 &#8211; Vid\u00e9os"},"content":{"rendered":"\t\t<div data-elementor-type=\"wp-page\" data-elementor-id=\"69929\" class=\"elementor elementor-69929\">\n\t\t\t\t<div class=\"elementor-element elementor-element-5b783809 e-flex e-con-boxed e-con e-parent\" data-id=\"5b783809\" data-element_type=\"container\" data-e-type=\"container\">\n\t\t\t\t\t<div class=\"e-con-inner\">\n\t\t\t\t<div class=\"elementor-element elementor-element-7bfb2867 elementor-align-center elementor-widget elementor-widget-button\" data-id=\"7bfb2867\" data-element_type=\"widget\" data-e-type=\"widget\" data-widget_type=\"button.default\">\n\t\t\t\t<div class=\"elementor-widget-container\">\n\t\t\t\t\t\t\t\t\t<div class=\"elementor-button-wrapper\">\n\t\t\t\t\t<a class=\"elementor-button elementor-button-link elementor-size-sm\" href=\"https:\/\/carole-pascal.fr\/WORDPRESS\/pantanal-bresil-02-au-13-septembre-2012\/\">\n\t\t\t\t\t\t<span class=\"elementor-button-content-wrapper\">\n\t\t\t\t\t\t\t\t\t<span class=\"elementor-button-text\">Revenir au menu pr\u00e9c\u00e9dent<\/span>\n\t\t\t\t\t<\/span>\n\t\t\t\t\t<\/a>\n\t\t\t\t<\/div>\n\t\t\t\t\t\t\t\t<\/div>\n\t\t\t\t<\/div>\n\t\t\t\t\t<\/div>\n\t\t\t\t<\/div>\n\t\t<div class=\"elementor-element elementor-element-164497f7 e-flex e-con-boxed e-con e-parent\" data-id=\"164497f7\" data-element_type=\"container\" data-e-type=\"container\">\n\t\t\t\t\t<div class=\"e-con-inner\">\n\t\t<div class=\"elementor-element elementor-element-24d4796f e-con-full e-flex e-con e-child\" data-id=\"24d4796f\" data-element_type=\"container\" data-e-type=\"container\">\n\t\t\t\t<div class=\"elementor-element elementor-element-7ad619f elementor-widget elementor-widget-wp-widget-media_video\" data-id=\"7ad619f\" data-element_type=\"widget\" data-e-type=\"widget\" data-widget_type=\"wp-widget-media_video.default\">\n\t\t\t\t<div class=\"elementor-widget-container\">\n\t\t\t\t\t<div style=\"width:100%;\" class=\"wp-video\"><video class=\"wp-video-shortcode lws-optimize-lazyload\" id=\"video-69929-1\" preload=\"metadata\" controls=\"controls\"><source type=\"video\/mp4\" \/ data-src=\"https:\/\/carole-pascal.fr\/WORDPRESS\/wp-content\/uploads\/2026\/03\/Marabouts.mp4?_=1\"><source type=\"video\/mp4\" \/ data-src=\"https:\/\/carole-pascal.fr\/WORDPRESS\/wp-content\/uploads\/2026\/03\/Marabouts.mp4?_=1\"><a href=\"https:\/\/carole-pascal.fr\/WORDPRESS\/wp-content\/uploads\/2026\/03\/Marabouts.mp4\">https:\/\/carole-pascal.fr\/WORDPRESS\/wp-content\/uploads\/2026\/03\/Marabouts.mp4<\/a><\/video><\/div>\t\t\t\t<\/div>\n\t\t\t\t<\/div>\n\t\t\t\t<div class=\"elementor-element elementor-element-1a22976 elementor-widget elementor-widget-text-editor\" data-id=\"1a22976\" data-element_type=\"widget\" data-e-type=\"widget\" data-widget_type=\"text-editor.default\">\n\t\t\t\t<div class=\"elementor-widget-container\">\n\t\t\t\t\t\t\t\t\t<p>Capibaras et Jabirus d&rsquo;Am\u00e9rique<\/p>\t\t\t\t\t\t\t\t<\/div>\n\t\t\t\t<\/div>\n\t\t\t\t<\/div>\n\t\t<div class=\"elementor-element elementor-element-43a41d25 e-con-full e-flex e-con e-child\" data-id=\"43a41d25\" data-element_type=\"container\" data-e-type=\"container\">\n\t\t\t\t<div class=\"elementor-element elementor-element-b83df74 elementor-widget elementor-widget-wp-widget-media_video\" data-id=\"b83df74\" data-element_type=\"widget\" data-e-type=\"widget\" data-widget_type=\"wp-widget-media_video.default\">\n\t\t\t\t<div class=\"elementor-widget-container\">\n\t\t\t\t\t<div style=\"width:100%;\" class=\"wp-video\"><video class=\"wp-video-shortcode lws-optimize-lazyload\" id=\"video-69929-2\" preload=\"metadata\" controls=\"controls\"><source type=\"video\/mp4\" \/ data-src=\"https:\/\/carole-pascal.fr\/WORDPRESS\/wp-content\/uploads\/2026\/03\/Loutres1.mp4?_=2\"><source type=\"video\/mp4\" \/ data-src=\"https:\/\/carole-pascal.fr\/WORDPRESS\/wp-content\/uploads\/2026\/03\/Loutres1.mp4?_=2\"><a href=\"https:\/\/carole-pascal.fr\/WORDPRESS\/wp-content\/uploads\/2026\/03\/Loutres1.mp4\">https:\/\/carole-pascal.fr\/WORDPRESS\/wp-content\/uploads\/2026\/03\/Loutres1.mp4<\/a><\/video><\/div>\t\t\t\t<\/div>\n\t\t\t\t<\/div>\n\t\t\t\t<div class=\"elementor-element elementor-element-db99120 elementor-widget elementor-widget-text-editor\" data-id=\"db99120\" data-element_type=\"widget\" data-e-type=\"widget\" data-widget_type=\"text-editor.default\">\n\t\t\t\t<div class=\"elementor-widget-container\">\n\t\t\t\t\t\t\t\t\t<p>Loutre g\u00e9ante<\/p>\t\t\t\t\t\t\t\t<\/div>\n\t\t\t\t<\/div>\n\t\t\t\t<\/div>\n\t\t<div class=\"elementor-element elementor-element-4ec455c3 e-con-full e-flex e-con e-child\" data-id=\"4ec455c3\" data-element_type=\"container\" data-e-type=\"container\">\n\t\t\t\t<div class=\"elementor-element elementor-element-3f3b3d2 elementor-widget elementor-widget-wp-widget-media_video\" data-id=\"3f3b3d2\" data-element_type=\"widget\" data-e-type=\"widget\" data-widget_type=\"wp-widget-media_video.default\">\n\t\t\t\t<div class=\"elementor-widget-container\">\n\t\t\t\t\t<div style=\"width:100%;\" class=\"wp-video\"><video class=\"wp-video-shortcode lws-optimize-lazyload\" id=\"video-69929-3\" preload=\"metadata\" controls=\"controls\"><source type=\"video\/mp4\" \/ data-src=\"https:\/\/carole-pascal.fr\/WORDPRESS\/wp-content\/uploads\/2026\/03\/Jaguar1.mp4?_=3\"><source type=\"video\/mp4\" \/ data-src=\"https:\/\/carole-pascal.fr\/WORDPRESS\/wp-content\/uploads\/2026\/03\/Jaguar1.mp4?_=3\"><a href=\"https:\/\/carole-pascal.fr\/WORDPRESS\/wp-content\/uploads\/2026\/03\/Jaguar1.mp4\">https:\/\/carole-pascal.fr\/WORDPRESS\/wp-content\/uploads\/2026\/03\/Jaguar1.mp4<\/a><\/video><\/div>\t\t\t\t<\/div>\n\t\t\t\t<\/div>\n\t\t\t\t<div class=\"elementor-element elementor-element-bded0ac elementor-widget elementor-widget-text-editor\" data-id=\"bded0ac\" data-element_type=\"widget\" data-e-type=\"widget\" data-widget_type=\"text-editor.default\">\n\t\t\t\t<div class=\"elementor-widget-container\">\n\t\t\t\t\t\t\t\t\t<p>Jaguar<\/p>\t\t\t\t\t\t\t\t<\/div>\n\t\t\t\t<\/div>\n\t\t\t\t<\/div>\n\t\t<div class=\"elementor-element elementor-element-66a8dd0 e-con-full e-flex e-con e-child\" data-id=\"66a8dd0\" data-element_type=\"container\" data-e-type=\"container\">\n\t\t\t\t<div class=\"elementor-element elementor-element-df663a2 elementor-widget elementor-widget-wp-widget-media_video\" data-id=\"df663a2\" data-element_type=\"widget\" data-e-type=\"widget\" data-widget_type=\"wp-widget-media_video.default\">\n\t\t\t\t<div class=\"elementor-widget-container\">\n\t\t\t\t\t<div style=\"width:100%;\" class=\"wp-video\"><video class=\"wp-video-shortcode lws-optimize-lazyload\" id=\"video-69929-4\" preload=\"metadata\" controls=\"controls\"><source type=\"video\/mp4\" \/ data-src=\"https:\/\/carole-pascal.fr\/WORDPRESS\/wp-content\/uploads\/2026\/03\/Loutres2.mp4?_=4\"><source type=\"video\/mp4\" \/ data-src=\"https:\/\/carole-pascal.fr\/WORDPRESS\/wp-content\/uploads\/2026\/03\/Loutres2.mp4?_=4\"><a href=\"https:\/\/carole-pascal.fr\/WORDPRESS\/wp-content\/uploads\/2026\/03\/Loutres2.mp4\">https:\/\/carole-pascal.fr\/WORDPRESS\/wp-content\/uploads\/2026\/03\/Loutres2.mp4<\/a><\/video><\/div>\t\t\t\t<\/div>\n\t\t\t\t<\/div>\n\t\t\t\t<div class=\"elementor-element elementor-element-3127138 elementor-widget elementor-widget-text-editor\" data-id=\"3127138\" data-element_type=\"widget\" data-e-type=\"widget\" data-widget_type=\"text-editor.default\">\n\t\t\t\t<div class=\"elementor-widget-container\">\n\t\t\t\t\t\t\t\t\t<p>Loutres g\u00e9antes<\/p>\t\t\t\t\t\t\t\t<\/div>\n\t\t\t\t<\/div>\n\t\t\t\t<\/div>\n\t\t<div class=\"elementor-element elementor-element-c677aff e-con-full e-flex e-con e-child\" data-id=\"c677aff\" data-element_type=\"container\" data-e-type=\"container\">\n\t\t\t\t<div class=\"elementor-element elementor-element-c85a7ad elementor-widget elementor-widget-wp-widget-media_video\" data-id=\"c85a7ad\" data-element_type=\"widget\" data-e-type=\"widget\" data-widget_type=\"wp-widget-media_video.default\">\n\t\t\t\t<div class=\"elementor-widget-container\">\n\t\t\t\t\t<div style=\"width:100%;\" class=\"wp-video\"><video class=\"wp-video-shortcode lws-optimize-lazyload\" id=\"video-69929-5\" preload=\"metadata\" controls=\"controls\"><source type=\"video\/mp4\" \/ data-src=\"https:\/\/carole-pascal.fr\/WORDPRESS\/wp-content\/uploads\/2026\/03\/Loutres3.mp4?_=5\"><source type=\"video\/mp4\" \/ data-src=\"https:\/\/carole-pascal.fr\/WORDPRESS\/wp-content\/uploads\/2026\/03\/Loutres3.mp4?_=5\"><a href=\"https:\/\/carole-pascal.fr\/WORDPRESS\/wp-content\/uploads\/2026\/03\/Loutres3.mp4\">https:\/\/carole-pascal.fr\/WORDPRESS\/wp-content\/uploads\/2026\/03\/Loutres3.mp4<\/a><\/video><\/div>\t\t\t\t<\/div>\n\t\t\t\t<\/div>\n\t\t\t\t<div class=\"elementor-element elementor-element-f458317 elementor-widget elementor-widget-text-editor\" data-id=\"f458317\" data-element_type=\"widget\" data-e-type=\"widget\" data-widget_type=\"text-editor.default\">\n\t\t\t\t<div class=\"elementor-widget-container\">\n\t\t\t\t\t\t\t\t\t<p>Loutre g\u00e9ante<\/p>\t\t\t\t\t\t\t\t<\/div>\n\t\t\t\t<\/div>\n\t\t\t\t<\/div>\n\t\t<div class=\"elementor-element elementor-element-5aff98b e-con-full e-flex e-con e-child\" data-id=\"5aff98b\" data-element_type=\"container\" data-e-type=\"container\">\n\t\t\t\t<div class=\"elementor-element elementor-element-544d61e elementor-widget elementor-widget-wp-widget-media_video\" data-id=\"544d61e\" data-element_type=\"widget\" data-e-type=\"widget\" data-widget_type=\"wp-widget-media_video.default\">\n\t\t\t\t<div class=\"elementor-widget-container\">\n\t\t\t\t\t<div style=\"width:100%;\" class=\"wp-video\"><video class=\"wp-video-shortcode lws-optimize-lazyload\" id=\"video-69929-6\" preload=\"metadata\" controls=\"controls\"><source type=\"video\/mp4\" \/ data-src=\"https:\/\/carole-pascal.fr\/WORDPRESS\/wp-content\/uploads\/2026\/03\/Singe.mp4?_=6\"><source type=\"video\/mp4\" \/ data-src=\"https:\/\/carole-pascal.fr\/WORDPRESS\/wp-content\/uploads\/2026\/03\/Singe.mp4?_=6\"><a href=\"https:\/\/carole-pascal.fr\/WORDPRESS\/wp-content\/uploads\/2026\/03\/Singe.mp4\">https:\/\/carole-pascal.fr\/WORDPRESS\/wp-content\/uploads\/2026\/03\/Singe.mp4<\/a><\/video><\/div>\t\t\t\t<\/div>\n\t\t\t\t<\/div>\n\t\t\t\t<div class=\"elementor-element elementor-element-5a3e04e elementor-widget elementor-widget-text-editor\" data-id=\"5a3e04e\" data-element_type=\"widget\" data-e-type=\"widget\" data-widget_type=\"text-editor.default\">\n\t\t\t\t<div class=\"elementor-widget-container\">\n\t\t\t\t\t\t\t\t\t<p>Singe<\/p>\t\t\t\t\t\t\t\t<\/div>\n\t\t\t\t<\/div>\n\t\t\t\t<\/div>\n\t\t<div class=\"elementor-element elementor-element-8679179 e-con-full e-flex e-con e-child\" data-id=\"8679179\" data-element_type=\"container\" data-e-type=\"container\">\n\t\t\t\t<div class=\"elementor-element elementor-element-635adea elementor-widget elementor-widget-wp-widget-media_video\" data-id=\"635adea\" data-element_type=\"widget\" data-e-type=\"widget\" data-widget_type=\"wp-widget-media_video.default\">\n\t\t\t\t<div class=\"elementor-widget-container\">\n\t\t\t\t\t<div style=\"width:100%;\" class=\"wp-video\"><video class=\"wp-video-shortcode lws-optimize-lazyload\" id=\"video-69929-7\" preload=\"metadata\" controls=\"controls\"><source type=\"video\/mp4\" \/ data-src=\"https:\/\/carole-pascal.fr\/WORDPRESS\/wp-content\/uploads\/2026\/03\/Heron.mp4?_=7\"><source type=\"video\/mp4\" \/ data-src=\"https:\/\/carole-pascal.fr\/WORDPRESS\/wp-content\/uploads\/2026\/03\/Heron.mp4?_=7\"><a href=\"https:\/\/carole-pascal.fr\/WORDPRESS\/wp-content\/uploads\/2026\/03\/Heron.mp4\">https:\/\/carole-pascal.fr\/WORDPRESS\/wp-content\/uploads\/2026\/03\/Heron.mp4<\/a><\/video><\/div>\t\t\t\t<\/div>\n\t\t\t\t<\/div>\n\t\t\t\t<div class=\"elementor-element elementor-element-8792861 elementor-widget elementor-widget-text-editor\" data-id=\"8792861\" data-element_type=\"widget\" data-e-type=\"widget\" data-widget_type=\"text-editor.default\">\n\t\t\t\t<div class=\"elementor-widget-container\">\n\t\t\t\t\t\t\t\t\t<p>H\u00e9ron agami<\/p>\t\t\t\t\t\t\t\t<\/div>\n\t\t\t\t<\/div>\n\t\t\t\t<\/div>\n\t\t<div class=\"elementor-element elementor-element-16d7651 e-con-full e-flex e-con e-child\" data-id=\"16d7651\" data-element_type=\"container\" data-e-type=\"container\">\n\t\t\t\t<div class=\"elementor-element elementor-element-60dce8a elementor-widget elementor-widget-wp-widget-media_video\" data-id=\"60dce8a\" data-element_type=\"widget\" data-e-type=\"widget\" data-widget_type=\"wp-widget-media_video.default\">\n\t\t\t\t<div class=\"elementor-widget-container\">\n\t\t\t\t\t<div style=\"width:100%;\" class=\"wp-video\"><video class=\"wp-video-shortcode lws-optimize-lazyload\" id=\"video-69929-8\" preload=\"metadata\" controls=\"controls\"><source type=\"video\/mp4\" \/ data-src=\"https:\/\/carole-pascal.fr\/WORDPRESS\/wp-content\/uploads\/2026\/03\/Capibaras.mp4?_=8\"><source type=\"video\/mp4\" \/ data-src=\"https:\/\/carole-pascal.fr\/WORDPRESS\/wp-content\/uploads\/2026\/03\/Capibaras.mp4?_=8\"><a href=\"https:\/\/carole-pascal.fr\/WORDPRESS\/wp-content\/uploads\/2026\/03\/Capibaras.mp4\">https:\/\/carole-pascal.fr\/WORDPRESS\/wp-content\/uploads\/2026\/03\/Capibaras.mp4<\/a><\/video><\/div>\t\t\t\t<\/div>\n\t\t\t\t<\/div>\n\t\t\t\t<div class=\"elementor-element elementor-element-c245885 elementor-widget elementor-widget-text-editor\" data-id=\"c245885\" data-element_type=\"widget\" data-e-type=\"widget\" data-widget_type=\"text-editor.default\">\n\t\t\t\t<div class=\"elementor-widget-container\">\n\t\t\t\t\t\t\t\t\t<p>Capibaras<\/p>\t\t\t\t\t\t\t\t<\/div>\n\t\t\t\t<\/div>\n\t\t\t\t<\/div>\n\t\t<div class=\"elementor-element elementor-element-de33bc9 e-con-full e-flex e-con e-child\" data-id=\"de33bc9\" data-element_type=\"container\" data-e-type=\"container\">\n\t\t\t\t<div class=\"elementor-element elementor-element-b6dcdb2 elementor-widget elementor-widget-wp-widget-media_video\" data-id=\"b6dcdb2\" data-element_type=\"widget\" data-e-type=\"widget\" data-widget_type=\"wp-widget-media_video.default\">\n\t\t\t\t<div class=\"elementor-widget-container\">\n\t\t\t\t\t<div style=\"width:100%;\" class=\"wp-video\"><video class=\"wp-video-shortcode lws-optimize-lazyload\" id=\"video-69929-9\" preload=\"metadata\" controls=\"controls\"><source type=\"video\/mp4\" \/ data-src=\"https:\/\/carole-pascal.fr\/WORDPRESS\/wp-content\/uploads\/2026\/03\/Cardinaux.mp4?_=9\"><source type=\"video\/mp4\" \/ data-src=\"https:\/\/carole-pascal.fr\/WORDPRESS\/wp-content\/uploads\/2026\/03\/Cardinaux.mp4?_=9\"><a href=\"https:\/\/carole-pascal.fr\/WORDPRESS\/wp-content\/uploads\/2026\/03\/Cardinaux.mp4\">https:\/\/carole-pascal.fr\/WORDPRESS\/wp-content\/uploads\/2026\/03\/Cardinaux.mp4<\/a><\/video><\/div>\t\t\t\t<\/div>\n\t\t\t\t<\/div>\n\t\t\t\t<div class=\"elementor-element elementor-element-26bb2c3 elementor-widget elementor-widget-text-editor\" data-id=\"26bb2c3\" data-element_type=\"widget\" data-e-type=\"widget\" data-widget_type=\"text-editor.default\">\n\t\t\t\t<div class=\"elementor-widget-container\">\n\t\t\t\t\t\t\t\t\t<p>Paroares \u00e0 bec jaune<\/p>\t\t\t\t\t\t\t\t<\/div>\n\t\t\t\t<\/div>\n\t\t\t\t<\/div>\n\t\t<div class=\"elementor-element elementor-element-0be5e00 e-con-full e-flex e-con e-child\" data-id=\"0be5e00\" data-element_type=\"container\" data-e-type=\"container\">\n\t\t\t\t<div class=\"elementor-element elementor-element-f975d87 elementor-widget elementor-widget-wp-widget-media_video\" data-id=\"f975d87\" data-element_type=\"widget\" data-e-type=\"widget\" data-widget_type=\"wp-widget-media_video.default\">\n\t\t\t\t<div class=\"elementor-widget-container\">\n\t\t\t\t\t<div style=\"width:100%;\" class=\"wp-video\"><video class=\"wp-video-shortcode lws-optimize-lazyload\" id=\"video-69929-10\" preload=\"metadata\" controls=\"controls\"><source type=\"video\/mp4\" \/ data-src=\"https:\/\/carole-pascal.fr\/WORDPRESS\/wp-content\/uploads\/2026\/03\/Caimans1.mp4?_=10\"><source type=\"video\/mp4\" \/ data-src=\"https:\/\/carole-pascal.fr\/WORDPRESS\/wp-content\/uploads\/2026\/03\/Caimans1.mp4?_=10\"><a href=\"https:\/\/carole-pascal.fr\/WORDPRESS\/wp-content\/uploads\/2026\/03\/Caimans1.mp4\">https:\/\/carole-pascal.fr\/WORDPRESS\/wp-content\/uploads\/2026\/03\/Caimans1.mp4<\/a><\/video><\/div>\t\t\t\t<\/div>\n\t\t\t\t<\/div>\n\t\t\t\t<div class=\"elementor-element elementor-element-f328f9b elementor-widget elementor-widget-text-editor\" data-id=\"f328f9b\" data-element_type=\"widget\" data-e-type=\"widget\" data-widget_type=\"text-editor.default\">\n\t\t\t\t<div class=\"elementor-widget-container\">\n\t\t\t\t\t\t\t\t\t<p>Caimans<\/p>\t\t\t\t\t\t\t\t<\/div>\n\t\t\t\t<\/div>\n\t\t\t\t<\/div>\n\t\t<div class=\"elementor-element elementor-element-4e5a7b9 e-con-full e-flex e-con e-child\" data-id=\"4e5a7b9\" data-element_type=\"container\" data-e-type=\"container\">\n\t\t\t\t<div class=\"elementor-element elementor-element-3340e5f elementor-widget elementor-widget-wp-widget-media_video\" data-id=\"3340e5f\" data-element_type=\"widget\" data-e-type=\"widget\" data-widget_type=\"wp-widget-media_video.default\">\n\t\t\t\t<div class=\"elementor-widget-container\">\n\t\t\t\t\t<div style=\"width:100%;\" class=\"wp-video\"><video class=\"wp-video-shortcode lws-optimize-lazyload\" id=\"video-69929-11\" preload=\"metadata\" controls=\"controls\"><source type=\"video\/mp4\" \/ data-src=\"https:\/\/carole-pascal.fr\/WORDPRESS\/wp-content\/uploads\/2026\/03\/Caimans2.mp4?_=11\"><source type=\"video\/mp4\" \/ data-src=\"https:\/\/carole-pascal.fr\/WORDPRESS\/wp-content\/uploads\/2026\/03\/Caimans2.mp4?_=11\"><a href=\"https:\/\/carole-pascal.fr\/WORDPRESS\/wp-content\/uploads\/2026\/03\/Caimans2.mp4\">https:\/\/carole-pascal.fr\/WORDPRESS\/wp-content\/uploads\/2026\/03\/Caimans2.mp4<\/a><\/video><\/div>\t\t\t\t<\/div>\n\t\t\t\t<\/div>\n\t\t\t\t<div class=\"elementor-element elementor-element-9ce1a00 elementor-widget elementor-widget-text-editor\" data-id=\"9ce1a00\" data-element_type=\"widget\" data-e-type=\"widget\" data-widget_type=\"text-editor.default\">\n\t\t\t\t<div class=\"elementor-widget-container\">\n\t\t\t\t\t\t\t\t\t<p>Caimans<\/p>\t\t\t\t\t\t\t\t<\/div>\n\t\t\t\t<\/div>\n\t\t\t\t<\/div>\n\t\t<div class=\"elementor-element elementor-element-29e5c0e e-con-full e-flex e-con e-child\" data-id=\"29e5c0e\" data-element_type=\"container\" data-e-type=\"container\">\n\t\t\t\t<div class=\"elementor-element elementor-element-47124af elementor-widget elementor-widget-wp-widget-media_video\" data-id=\"47124af\" data-element_type=\"widget\" data-e-type=\"widget\" data-widget_type=\"wp-widget-media_video.default\">\n\t\t\t\t<div class=\"elementor-widget-container\">\n\t\t\t\t\t<div style=\"width:100%;\" class=\"wp-video\"><video class=\"wp-video-shortcode lws-optimize-lazyload\" id=\"video-69929-12\" preload=\"metadata\" controls=\"controls\"><source type=\"video\/mp4\" \/ data-src=\"https:\/\/carole-pascal.fr\/WORDPRESS\/wp-content\/uploads\/2026\/03\/Caimans3.mp4?_=12\"><source type=\"video\/mp4\" \/ data-src=\"https:\/\/carole-pascal.fr\/WORDPRESS\/wp-content\/uploads\/2026\/03\/Caimans3.mp4?_=12\"><a href=\"https:\/\/carole-pascal.fr\/WORDPRESS\/wp-content\/uploads\/2026\/03\/Caimans3.mp4\">https:\/\/carole-pascal.fr\/WORDPRESS\/wp-content\/uploads\/2026\/03\/Caimans3.mp4<\/a><\/video><\/div>\t\t\t\t<\/div>\n\t\t\t\t<\/div>\n\t\t\t\t<div class=\"elementor-element elementor-element-9340ef1 elementor-widget elementor-widget-text-editor\" data-id=\"9340ef1\" data-element_type=\"widget\" data-e-type=\"widget\" data-widget_type=\"text-editor.default\">\n\t\t\t\t<div class=\"elementor-widget-container\">\n\t\t\t\t\t\t\t\t\t<p>Caimans<\/p>\t\t\t\t\t\t\t\t<\/div>\n\t\t\t\t<\/div>\n\t\t\t\t<\/div>\n\t\t\t\t\t<\/div>\n\t\t\t\t<\/div>\n\t\t\t\t<\/div>\n\t\t","protected":false},"excerpt":{"rendered":"<p>Revenir au menu pr\u00e9c\u00e9dent Capibaras et Jabirus d&rsquo;Am\u00e9rique Loutre g\u00e9ante Jaguar Loutres g\u00e9antes Loutre g\u00e9ante Singe H\u00e9ron agami Capibaras Paroares \u00e0 bec jaune Caimans Caimans Caimans<\/p>\n","protected":false},"author":1,"featured_media":0,"parent":0,"menu_order":0,"comment_status":"closed","ping_status":"closed","template":"","meta":{"ocean_post_layout":"","ocean_both_sidebars_style":"","ocean_both_sidebars_content_width":0,"ocean_both_sidebars_sidebars_width":0,"ocean_sidebar":"","ocean_second_sidebar":"","ocean_disable_margins":"enable","ocean_add_body_class":"","ocean_shortcode_before_top_bar":"","ocean_shortcode_after_top_bar":"","ocean_shortcode_before_header":"","ocean_shortcode_after_header":"","ocean_has_shortcode":"","ocean_shortcode_after_title":"","ocean_shortcode_before_footer_widgets":"","ocean_shortcode_after_footer_widgets":"","ocean_shortcode_before_footer_bottom":"","ocean_shortcode_after_footer_bottom":"","ocean_display_top_bar":"default","ocean_display_header":"default","ocean_header_style":"","ocean_center_header_left_menu":"","ocean_custom_header_template":"","ocean_custom_logo":0,"ocean_custom_retina_logo":0,"ocean_custom_logo_max_width":0,"ocean_custom_logo_tablet_max_width":0,"ocean_custom_logo_mobile_max_width":0,"ocean_custom_logo_max_height":0,"ocean_custom_logo_tablet_max_height":0,"ocean_custom_logo_mobile_max_height":0,"ocean_header_custom_menu":"","ocean_menu_typo_font_family":"","ocean_menu_typo_font_subset":"","ocean_menu_typo_font_size":0,"ocean_menu_typo_font_size_tablet":0,"ocean_menu_typo_font_size_mobile":0,"ocean_menu_typo_font_size_unit":"px","ocean_menu_typo_font_weight":"","ocean_menu_typo_font_weight_tablet":"","ocean_menu_typo_font_weight_mobile":"","ocean_menu_typo_transform":"","ocean_menu_typo_transform_tablet":"","ocean_menu_typo_transform_mobile":"","ocean_menu_typo_line_height":0,"ocean_menu_typo_line_height_tablet":0,"ocean_menu_typo_line_height_mobile":0,"ocean_menu_typo_line_height_unit":"","ocean_menu_typo_spacing":0,"ocean_menu_typo_spacing_tablet":0,"ocean_menu_typo_spacing_mobile":0,"ocean_menu_typo_spacing_unit":"","ocean_menu_link_color":"","ocean_menu_link_color_hover":"","ocean_menu_link_color_active":"","ocean_menu_link_background":"","ocean_menu_link_hover_background":"","ocean_menu_link_active_background":"","ocean_menu_social_links_bg":"","ocean_menu_social_hover_links_bg":"","ocean_menu_social_links_color":"","ocean_menu_social_hover_links_color":"","ocean_disable_title":"default","ocean_disable_heading":"default","ocean_post_title":"","ocean_post_subheading":"","ocean_post_title_style":"","ocean_post_title_background_color":"","ocean_post_title_background":0,"ocean_post_title_bg_image_position":"","ocean_post_title_bg_image_attachment":"","ocean_post_title_bg_image_repeat":"","ocean_post_title_bg_image_size":"","ocean_post_title_height":0,"ocean_post_title_bg_overlay":0.5,"ocean_post_title_bg_overlay_color":"","ocean_disable_breadcrumbs":"default","ocean_breadcrumbs_color":"","ocean_breadcrumbs_separator_color":"","ocean_breadcrumbs_links_color":"","ocean_breadcrumbs_links_hover_color":"","ocean_display_footer_widgets":"default","ocean_display_footer_bottom":"default","ocean_custom_footer_template":"","footnotes":""},"class_list":["post-69929","page","type-page","status-publish","hentry","entry"],"_links":{"self":[{"href":"https:\/\/carole-pascal.fr\/WORDPRESS\/wp-json\/wp\/v2\/pages\/69929","targetHints":{"allow":["GET"]}}],"collection":[{"href":"https:\/\/carole-pascal.fr\/WORDPRESS\/wp-json\/wp\/v2\/pages"}],"about":[{"href":"https:\/\/carole-pascal.fr\/WORDPRESS\/wp-json\/wp\/v2\/types\/page"}],"author":[{"embeddable":true,"href":"https:\/\/carole-pascal.fr\/WORDPRESS\/wp-json\/wp\/v2\/users\/1"}],"replies":[{"embeddable":true,"href":"https:\/\/carole-pascal.fr\/WORDPRESS\/wp-json\/wp\/v2\/comments?post=69929"}],"version-history":[{"count":0,"href":"https:\/\/carole-pascal.fr\/WORDPRESS\/wp-json\/wp\/v2\/pages\/69929\/revisions"}],"wp:attachment":[{"href":"https:\/\/carole-pascal.fr\/WORDPRESS\/wp-json\/wp\/v2\/media?parent=69929"}],"curies":[{"name":"wp","href":"https:\/\/api.w.org\/{rel}","templated":true}]}}